{"id":10522,"date":"2020-03-16T16:41:19","date_gmt":"2020-03-16T22:41:19","guid":{"rendered":"https:\/\/advancedsofttissuerelease.com\/?post_type=product&#038;p=10522"},"modified":"2024-10-05T12:08:20","modified_gmt":"2024-10-05T16:08:20","slug":"kit-de-support-osseux-2","status":"publish","type":"product","link":"https:\/\/advancedsofttissuerelease.com\/fr\/product\/bone-support-kit\/","title":{"rendered":"Kit de soutien osseux"},"content":{"rendered":"<h1><span style=\"font-size: 12pt; color: #333333;\"><strong>Kit de suppl\u00e9ment de soutien osseux<\/strong><\/span><\/h1>\n<p>Dans ce programme \u00e9tape par \u00e9tape, le Dr Jacobs vous montrera comment augmenter efficacement le soutien osseux en mettant en \u0153uvre le r\u00e9gime ASTR avec notre kit de suppl\u00e9ment de soutien osseux. Si vous rencontrez des probl\u00e8mes osseux, ce kit vous permettra de d\u00e9marrer votre voyage pour am\u00e9liorer et renforcer vos os\u00a0!<\/p>\n<p><span style=\"color: #333333;\"><strong>Le kit de suppl\u00e9ment de soutien osseux comprend<\/strong><\/span><\/p>\n<ol>\n<li>Collag\u00e8ne actif<\/li>\n<li><span style=\"color: #333333;\">Magn\u00e9sium actif<\/span><\/li>\n<li><span style=\"color: #333333;\">K2 et D3 complets<\/span><\/li>\n<li><span style=\"color: #333333;\">R\u00e9gime anti-inflammatoire, y compris les recettes<\/span><\/li>\n<\/ol>\n<p><span style=\"color: #0000ff;\"><a style=\"color: #0000ff;\" href=\"https:\/\/advancedsofttissuerelease.com\/fr\/produit\/collagene-actif-2\/\"><strong>Collag\u00e8ne Actif &gt;<\/strong><\/a><\/span><\/p>\n<ul>\n<li>Soutient le processus d&#039;auto-r\u00e9paration du cartilage<\/li>\n<li>Prend en charge le processus d&#039;auto-r\u00e9paration des tendons<\/li>\n<li>Soutient le processus d&#039;auto-r\u00e9paration ligamentaire<\/li>\n<li>Prend en charge le processus d&#039;auto-r\u00e9paration du fascia<\/li>\n<li>Soutient des cheveux sains<\/li>\n<li>Soutient une peau saine<\/li>\n<li>Soutient des ongles sains<\/li>\n<li>Soutient des os sains<\/li>\n<li>Prend en charge la lubrification des articulations<\/li>\n<li>Soutient l&#039;amortissement des articulations<\/li>\n<li>Favorise la biosynth\u00e8se du tissu conjonctif<\/li>\n<\/ul>\n<div class=\"page\" title=\"Page 1\">\n<div class=\"section\">\n<div class=\"layoutArea\">\n<div class=\"column\">\n<p>Le collag\u00e8ne est un \u00e9l\u00e9ment crucial de la peau, des cheveux, des ongles, des articulations et du tissu conjonctif. Collag\u00e8ne Contenu actif : vitamine c, magn\u00e9sium, collag\u00e8ne de type 1, acide hyaluronique, hydrolysat de g\u00e9latine. Le collag\u00e8ne actif soutient le fonctionnement sain du cartilage, des tendons, des ligaments, des fascias et des articulations.<\/p>\n<\/div>\n<\/div>\n<\/div>\n<\/div>\n<p><span style=\"color: #0000ff;\"><a style=\"color: #0000ff;\" href=\"https:\/\/advancedsofttissuerelease.com\/fr\/produit\/magnesium-actif\/\"><strong><span style=\"font-size: 12pt;\">Magn\u00e9sium Actif &gt;<\/span><\/strong><\/a><\/span><\/p>\n<ul>\n<li><span style=\"color: #333333;\">Fournit 3 formes de magn\u00e9sium hautement absorb\u00e9<\/span><\/li>\n<li><span style=\"color: #333333;\">Magn\u00e9sium \u00e0 haute concentration pour le soutien cardiovasculaire<\/span><\/li>\n<li><span style=\"color: #333333;\">Le magn\u00e9sium joue un r\u00f4le vital dans des centaines d&#039;activit\u00e9s m\u00e9taboliques<\/span><\/li>\n<li><span style=\"color: #333333;\">Aide \u00e0 maintenir une tension art\u00e9rielle saine<\/span><\/li>\n<li><span style=\"color: #333333;\">Aide \u00e0 maintenir une glyc\u00e9mie saine<\/span><\/li>\n<li><span style=\"color: #333333;\">Favorise la production d&#039;\u00e9nergie<\/span><\/li>\n<li><span style=\"color: #333333;\">Favorise la relaxation musculaire<\/span><\/li>\n<li><span style=\"color: #333333;\">Soutient la fonction musculaire<\/span><\/li>\n<li><span style=\"color: #333333;\">Soutenir la fonction nerveuse<\/span><\/li>\n<\/ul>\n<div class=\"page\" title=\"Page 1\">\n<div class=\"section\">\n<div class=\"layoutArea\">\n<div class=\"column\">\n<p><span style=\"color: #0000ff;\"><a style=\"color: #0000ff;\" href=\"https:\/\/advancedsofttissuerelease.com\/fr\/produit\/k2-d3-complet-2\/\"><strong>K2 &amp; D3 Complet &gt;<\/strong><\/a><\/span><\/p>\n<ul>\n<li><span style=\"color: #333333;\">Favorise une circulation sanguine saine<\/span><\/li>\n<li><span style=\"color: #333333;\">Favorise une sant\u00e9 osseuse optimale<\/span><\/li>\n<li><span style=\"color: #333333;\">Favorise un bon stockage du calcium<\/span><\/li>\n<li><span style=\"color: #333333;\">Maintient une fonction cardiom\u00e9tabolique saine<\/span><\/li>\n<li><span style=\"color: #333333;\">Soutient l&#039;\u00e9lasticit\u00e9 art\u00e9rielle<\/span><\/li>\n<li><span style=\"color: #333333;\">Stimule la fonction immunitaire<\/span><\/li>\n<li><span style=\"color: #333333;\">Soutient un \u00e9quilibre calcique sain<\/span><\/li>\n<li><span style=\"color: #333333;\">Soutient l&#039;\u00e9quilibre de la glyc\u00e9mie<\/span><\/li>\n<\/ul>\n<p><span style=\"color: #333333;\">Les recherches actuelles ont montr\u00e9 qu&#039;une suppl\u00e9mentation \u00e0 haute concentration de K2, \u00e0 180 mcg\/jour, entra\u00eene de meilleurs r\u00e9sultats cliniques par rapport \u00e0 une suppl\u00e9mentation \u00e0 faible dose*. K2 &amp; D3 complete fournit 180 mcg de MenaQ7\u00ae PRO, la forme de vitamine K2 la plus \u00e9tudi\u00e9e sous forme de MK-7, ainsi que 5 000 UI de vitamine D3 pour un soutien optimal de la sant\u00e9 osseuse et cardiovasculaire.<\/span><\/p>\n<\/div>\n<\/div>\n<\/div>\n<\/div>\n<p style=\"text-align: center;\"><span style=\"font-size: 8pt; color: #333333;\">*Ces d\u00e9clarations n&#039;ont pas \u00e9t\u00e9 \u00e9valu\u00e9es par la Food and Drug Administration. Ce produit n&#039;est pas destin\u00e9 \u00e0 diagnostiquer, traiter, gu\u00e9rir ou pr\u00e9venir toute maladie.\u00a0<\/span><\/p>","protected":false},"excerpt":{"rendered":"<p><span class=\"\">Programme \u00e9tape par \u00e9tape comprenant des conseils de soutien osseux,\u00a0<\/span><span class=\"\">r\u00e9gime alimentaire, <\/span><span class=\"\">des recettes, des listes de courses et des suppl\u00e9ments qui vous aideront \u00e0 traiter la source de vos probl\u00e8mes de sant\u00e9 sous-jacents.<\/span><\/p>","protected":false},"featured_media":29833,"template":"","meta":{"_analytify_skip_tracking":false},"product_brand":[],"product_cat":[1782],"product_tag":[1913,1914,1809,1808,1792],"woo-feed-brand":[],"class_list":{"0":"post-10522","1":"product","2":"type-product","3":"status-publish","4":"has-post-thumbnail","6":"product_cat-health-supplement-kits","7":"product_tag-bone-support-supplement","8":"product_tag-calcium","9":"product_tag-d3-vitamin","10":"product_tag-k2-vitamin","11":"product_tag-magnesium-active","12":"product_shipping_class-regular-shipping","14":"first","15":"instock","16":"sale","17":"taxable","18":"shipping-taxable","19":"purchasable","20":"product-type-simple"},"exclude_global_add_ons":[],"addons":[],"_links":{"self":[{"href":"https:\/\/advancedsofttissuerelease.com\/fr\/wp-json\/wp\/v2\/product\/10522","targetHints":{"allow":["GET"]}}],"collection":[{"href":"https:\/\/advancedsofttissuerelease.com\/fr\/wp-json\/wp\/v2\/product"}],"about":[{"href":"https:\/\/advancedsofttissuerelease.com\/fr\/wp-json\/wp\/v2\/types\/product"}],"version-history":[{"count":0,"href":"https:\/\/advancedsofttissuerelease.com\/fr\/wp-json\/wp\/v2\/product\/10522\/revisions"}],"wp:featuredmedia":[{"embeddable":true,"href":"https:\/\/advancedsofttissuerelease.com\/fr\/wp-json\/wp\/v2\/media\/29833"}],"wp:attachment":[{"href":"https:\/\/advancedsofttissuerelease.com\/fr\/wp-json\/wp\/v2\/media?parent=10522"}],"wp:term":[{"taxonomy":"product_brand","embeddable":true,"href":"https:\/\/advancedsofttissuerelease.com\/fr\/wp-json\/wp\/v2\/product_brand?post=10522"},{"taxonomy":"product_cat","embeddable":true,"href":"https:\/\/advancedsofttissuerelease.com\/fr\/wp-json\/wp\/v2\/product_cat?post=10522"},{"taxonomy":"product_tag","embeddable":true,"href":"https:\/\/advancedsofttissuerelease.com\/fr\/wp-json\/wp\/v2\/product_tag?post=10522"},{"taxonomy":"woo-feed-brand","embeddable":true,"href":"https:\/\/advancedsofttissuerelease.com\/fr\/wp-json\/wp\/v2\/woo-feed-brand?post=10522"}],"curies":[{"name":"wp","href":"https:\/\/api.w.org\/{rel}","templated":true}]}}