{"id":10557,"date":"2020-03-17T11:01:01","date_gmt":"2020-03-17T17:01:01","guid":{"rendered":"https:\/\/advancedsofttissuerelease.com\/?post_type=product&#038;p=10557"},"modified":"2025-09-23T20:43:49","modified_gmt":"2025-09-24T00:43:49","slug":"kit-detox-2","status":"publish","type":"product","link":"https:\/\/advancedsofttissuerelease.com\/fr\/product\/detox-kit\/","title":{"rendered":"Kit D\u00e9tox"},"content":{"rendered":"<div dir=\"ltr\">\n<h1><strong><span class=\"\" style=\"font-size: 12pt; color: #333333;\">Kit Suppl\u00e9ment D\u00e9tox<\/span><\/strong><\/h1>\n<p>Dans ce programme \u00e9tape par \u00e9tape, le Dr Jacobs vous montrera comment mettre en \u0153uvre le r\u00e9gime de d\u00e9sintoxication d&#039;ASTR avec notre kit de suppl\u00e9ments de d\u00e9sintoxication pour \u00e9liminer les toxines de votre corps. Le Dr Jacobs recommande une d\u00e9sintoxication une ou deux fois par an pour \u00e9liminer les expositions quotidiennes aux toxines telles que les pesticides, les herbicides, la pollution de l&#039;air, la pollution de l&#039;eau, les produits chimiques m\u00e9nagers, etc. Le kit de suppl\u00e9ment de d\u00e9sintoxication va d\u00e9marrer votre voyage pour nettoyer votre corps des toxines d\u00e9sagr\u00e9ables. qui pourraient entra\u00eener des probl\u00e8mes de sant\u00e9 tels que le d\u00e9s\u00e9quilibre du syst\u00e8me endocrinien, la fatigue, l&#039;insomnie, les maux de t\u00eate, la douleur chronique, l&#039;inflammation constante, etc.<\/p>\n<p><span style=\"color: #333333;\"><strong>Le kit de suppl\u00e9ment de d\u00e9sintoxication comprend<\/strong><\/span><\/p>\n<ol>\n<li>Collag\u00e8ne actif<\/li>\n<li>N-ac\u00e9tyl-L-cyst\u00e9ine (NAC)<\/li>\n<li>Iode Actif<\/li>\n<li><span style=\"color: #333333;\">Vitamine C &amp; Bioflavono\u00efdes\u00a0<\/span><\/li>\n<li><span style=\"color: #333333;\">ASTR \u00a0diet, including recipes<\/span><\/li>\n<\/ol>\n<p><span style=\"color: #0000ff;\"><a style=\"color: #0000ff;\" href=\"https:\/\/advancedsofttissuerelease.com\/fr\/produit\/collagene-actif-2\/\"><strong>Collag\u00e8ne Actif &gt;<\/strong><\/a><\/span><\/p>\n<\/div>\n<ul>\n<li>Supports detox process<\/li>\n<li>Soutient le processus d&#039;auto-r\u00e9paration du cartilage<\/li>\n<li>Prend en charge le processus d&#039;auto-r\u00e9paration des tendons<\/li>\n<li>Soutient le processus d&#039;auto-r\u00e9paration ligamentaire<\/li>\n<li>Prend en charge le processus d&#039;auto-r\u00e9paration du fascia<\/li>\n<li>Soutient des cheveux sains<\/li>\n<li>Soutient une peau saine<\/li>\n<li>Soutient des ongles sains<\/li>\n<li>Prend en charge la lubrification des articulations<\/li>\n<li>Soutient l&#039;amortissement des articulations<\/li>\n<li>Favorise la biosynth\u00e8se du tissu conjonctif<\/li>\n<\/ul>\n<p><a href=\"https:\/\/advancedsofttissuerelease.com\/fr\/produit\/nac-n-acetyl-l-cysteine\/\"><span style=\"color: #0000ff;\"><strong>N-Ac\u00e9tyl-L-Cyst\u00e9ine (NAC) &gt;<\/strong><\/span><\/a><\/p>\n<div class=\"page\" title=\"Page 1\">\n<div class=\"section\">\n<div class=\"layoutArea\">\n<div class=\"column\">\n<ul>\n<li>Prend en charge la synth\u00e8se du glutathion<\/li>\n<li>Prend en charge la d\u00e9toxification des toxines et des polluants environnementaux<\/li>\n<li>Soutient la fonction immunitaire<\/li>\n<li>Soutient la fonction h\u00e9patique<\/li>\n<li>Soutient l&#039;activit\u00e9 antioxydante dans toutes les cellules du corps<\/li>\n<li>Soutient une fonction respiratoire saine<\/li>\n<\/ul>\n<p><a href=\"https:\/\/advancedsofttissuerelease.com\/fr\/produit\/vitamine-c-et-bioflavonoides\/\"><strong><span style=\"color: #0000ff;\">Vitamine C &amp;\u00a0<span style=\"caret-color: #0000ff;\">Bioflavono\u00efdes<\/span>\u00a0 &gt;\u00a0<\/span><\/strong><\/a><\/p>\n<ul>\n<li>Formule \u00e0 haute teneur en vitamine C<\/li>\n<li>Soutient le syst\u00e8me immunitaire<\/li>\n<li>Soutient les syst\u00e8mes antioxydants<\/li>\n<li>Soutenir la synth\u00e8se des vaisseaux sanguins<\/li>\n<li>Soutient la production de collag\u00e8ne<\/li>\n<li>Soutient la production de carnitine<\/li>\n<li>Soutient la production de neurotransmetteurs<\/li>\n<\/ul>\n<p>La vitamine C et les bioflavono\u00efdes combinent de la vitamine C \u00e0 haute puissance avec un complexe de bioflavono\u00efdes d&#039;agrumes standardis\u00e9 \u00e0 spectre complet. La vitamine C et les bioflavono\u00efdes ont fait l&#039;objet de recherches approfondies pour leur r\u00f4le dans le soutien des fonctions antioxydantes et immunitaires. De plus, les recherches indiquent que la vitamine C est n\u00e9cessaire \u00e0 la synth\u00e8se du collag\u00e8ne, des neurotransmetteurs et de la carnitine. Les bioflavono\u00efdes semblent soutenir un m\u00e9tabolisme et une cognition sains en fonctionnant comme des agents de signalisation cellulaire.*<\/p>\n<\/div>\n<\/div>\n<\/div>\n<\/div>\n<p><span style=\"color: #0000ff;\"><a style=\"color: #0000ff;\" href=\"https:\/\/advancedsofttissuerelease.com\/fr\/produit\/iode-actif-2\/\"><strong>Iode Actif &gt;<\/strong><\/a><\/span><\/p>\n<ul>\n<li>Soutient la sant\u00e9 de la thyro\u00efde<\/li>\n<li>Supports detox process<\/li>\n<li>Aide \u00e0 maintenir un tissu mammaire sain<\/li>\n<li>Soutient la synth\u00e8se saine des hormones thyro\u00efdiennes<\/li>\n<li>R\u00e9duire le stress oxydatif<\/li>\n<li>Soutient des yeux sains<\/li>\n<li>Soutient une muqueuse gastro-intestinale saine<\/li>\n<li>Antioxydant<\/li>\n<\/ul>\n<p><span style=\"color: #333333;\">Le suppl\u00e9ment ASTR Essential soutient la protection antioxydante et la d\u00e9toxification tout en aidant \u00e0 am\u00e9liorer la sant\u00e9 des personnes ayant de faibles apports nutritionnels. Le profil nutritionnel complet d&#039;Essential soutient le bien-\u00eatre fondamental ; activit\u00e9 antioxydante avec les vitamines C et E, le s\u00e9l\u00e9nium et le b\u00eata-carot\u00e8ne\u00a0; et d\u00e9sintoxication de phase I.*<\/span><\/p>\n<p style=\"text-align: center;\"><span style=\"font-size: 8pt; color: #333333;\">Ces d\u00e9clarations n&#039;ont pas \u00e9t\u00e9 \u00e9valu\u00e9es par la Food and Drug Administration. Ce produit n&#039;est pas destin\u00e9 \u00e0 diagnostiquer, traiter, gu\u00e9rir ou pr\u00e9venir toute maladie.<\/span><\/p>","protected":false},"excerpt":{"rendered":"<p><span class=\"\">Programme \u00e9tape par \u00e9tape comprenant des conseils de d\u00e9sintoxication,\u00a0<\/span><span class=\"\">r\u00e9gime alimentaire, <\/span><span class=\"\">des recettes, des listes de courses et des suppl\u00e9ments qui vous aideront \u00e0 traiter la source de vos probl\u00e8mes de sant\u00e9 sous-jacents.<\/span><\/p>","protected":false},"featured_media":29581,"template":"","meta":{"_analytify_skip_tracking":false},"product_brand":[],"product_cat":[1782],"product_tag":[1042,1928,1929,1898,529],"woo-feed-brand":[],"class_list":{"0":"post-10557","1":"product","2":"type-product","3":"status-publish","4":"has-post-thumbnail","6":"product_cat-health-supplement-kits","7":"product_tag-detox","8":"product_tag-detox-diet","9":"product_tag-detox-supplements","10":"product_tag-fiber","11":"product_tag-vitamin-c","12":"product_shipping_class-regular-shipping","14":"first","15":"instock","16":"sale","17":"featured","18":"taxable","19":"shipping-taxable","20":"purchasable","21":"product-type-simple"},"exclude_global_add_ons":[],"addons":[],"_links":{"self":[{"href":"https:\/\/advancedsofttissuerelease.com\/fr\/wp-json\/wp\/v2\/product\/10557","targetHints":{"allow":["GET"]}}],"collection":[{"href":"https:\/\/advancedsofttissuerelease.com\/fr\/wp-json\/wp\/v2\/product"}],"about":[{"href":"https:\/\/advancedsofttissuerelease.com\/fr\/wp-json\/wp\/v2\/types\/product"}],"version-history":[{"count":0,"href":"https:\/\/advancedsofttissuerelease.com\/fr\/wp-json\/wp\/v2\/product\/10557\/revisions"}],"wp:featuredmedia":[{"embeddable":true,"href":"https:\/\/advancedsofttissuerelease.com\/fr\/wp-json\/wp\/v2\/media\/29581"}],"wp:attachment":[{"href":"https:\/\/advancedsofttissuerelease.com\/fr\/wp-json\/wp\/v2\/media?parent=10557"}],"wp:term":[{"taxonomy":"product_brand","embeddable":true,"href":"https:\/\/advancedsofttissuerelease.com\/fr\/wp-json\/wp\/v2\/product_brand?post=10557"},{"taxonomy":"product_cat","embeddable":true,"href":"https:\/\/advancedsofttissuerelease.com\/fr\/wp-json\/wp\/v2\/product_cat?post=10557"},{"taxonomy":"product_tag","embeddable":true,"href":"https:\/\/advancedsofttissuerelease.com\/fr\/wp-json\/wp\/v2\/product_tag?post=10557"},{"taxonomy":"woo-feed-brand","embeddable":true,"href":"https:\/\/advancedsofttissuerelease.com\/fr\/wp-json\/wp\/v2\/woo-feed-brand?post=10557"}],"curies":[{"name":"wp","href":"https:\/\/api.w.org\/{rel}","templated":true}]}}