{"id":10561,"date":"2020-03-17T11:32:46","date_gmt":"2020-03-17T18:32:46","guid":{"rendered":"https:\/\/advancedsofttissuerelease.com\/?post_type=product&#038;p=10561"},"modified":"2024-11-06T21:32:36","modified_gmt":"2024-11-07T02:32:36","slug":"nac-n-acetyl-l-cysteine-2","status":"publish","type":"product","link":"https:\/\/advancedsofttissuerelease.com\/fr\/product\/nac-n-acetyl-l-cysteine-active\/","title":{"rendered":"NAC Active"},"content":{"rendered":"<h1><strong><span style=\"font-size: 12pt;\">NAC Active (N-Acetyl-L-Cysteine)<\/span><\/strong><\/h1>\n<div class=\"page\" title=\"Page 1\">\n<div class=\"section\">\n<div class=\"layoutArea\">\n<div class=\"column\">\n<ul>\n<li>Prend en charge la synth\u00e8se du glutathion<\/li>\n<li>Prend en charge la d\u00e9toxification des toxines et des polluants environnementaux<\/li>\n<li>Soutient la fonction immunitaire<\/li>\n<li>Soutient la fonction h\u00e9patique<\/li>\n<li>Soutient l&#039;activit\u00e9 antioxydante dans toutes les cellules du corps<\/li>\n<li>Soutient une fonction respiratoire saine<\/li>\n<\/ul>\n<\/div>\n<\/div>\n<\/div>\n<\/div>\n<p><strong>NE CONTIENT PAS:<\/strong> Bl\u00e9, gluten, levure, soja, produits laitiers, poisson, crustac\u00e9s, cacahu\u00e8tes, noix, hors, ingr\u00e9dients d\u00e9riv\u00e9s d&#039;organismes g\u00e9n\u00e9tiquement modifi\u00e9s, colorants artificiels, \u00e9dulcorants artificiels ou conservateurs artificiels.<\/p>\n<p style=\"text-align: center;\"><span style=\"font-size: 8pt;\">*Ces d\u00e9clarations n&#039;ont pas \u00e9t\u00e9 \u00e9valu\u00e9es par la Food and Drug Administration. Ce produit n&#039;est pas destin\u00e9 \u00e0 diagnostiquer, traiter, gu\u00e9rir ou pr\u00e9venir toute maladie.\u00a0<\/span><\/p>","protected":false},"excerpt":{"rendered":"<p>NAC Active (N-Acetyl-L-Cysteine) Supports glutathione synthesis Supports detoxification of environmental toxins and pollutants Supports immune function Supports liver function Supports antioxidant activity in all Body Cells Supports healthy respiratory function DOES NOT CONTAIN: Wheat, gluten, yeast, soy, dairy products, fish, shellfish, peanuts, tree nuts, off, ingredients derived from genetically modified organisms, artificial colors, artificial sweeteners, [&hellip;]<\/p>\n","protected":false},"featured_media":10563,"template":"","meta":{"_analytify_skip_tracking":false},"product_brand":[],"product_cat":[515],"product_tag":[629,1042,590,1933,1885],"woo-feed-brand":[],"class_list":{"0":"post-10561","1":"product","2":"type-product","3":"status-publish","4":"has-post-thumbnail","6":"product_cat-supplements","7":"product_tag-antioxidant","8":"product_tag-detox","9":"product_tag-glutathione","10":"product_tag-n-acetyl-l-cysteine","11":"product_tag-nac","12":"product_shipping_class-regular-shipping","14":"first","15":"instock","16":"taxable","17":"shipping-taxable","18":"purchasable","19":"product-type-variable-subscription"},"exclude_global_add_ons":[],"addons":[],"_links":{"self":[{"href":"https:\/\/advancedsofttissuerelease.com\/fr\/wp-json\/wp\/v2\/product\/10561","targetHints":{"allow":["GET"]}}],"collection":[{"href":"https:\/\/advancedsofttissuerelease.com\/fr\/wp-json\/wp\/v2\/product"}],"about":[{"href":"https:\/\/advancedsofttissuerelease.com\/fr\/wp-json\/wp\/v2\/types\/product"}],"version-history":[{"count":0,"href":"https:\/\/advancedsofttissuerelease.com\/fr\/wp-json\/wp\/v2\/product\/10561\/revisions"}],"wp:featuredmedia":[{"embeddable":true,"href":"https:\/\/advancedsofttissuerelease.com\/fr\/wp-json\/wp\/v2\/media\/10563"}],"wp:attachment":[{"href":"https:\/\/advancedsofttissuerelease.com\/fr\/wp-json\/wp\/v2\/media?parent=10561"}],"wp:term":[{"taxonomy":"product_brand","embeddable":true,"href":"https:\/\/advancedsofttissuerelease.com\/fr\/wp-json\/wp\/v2\/product_brand?post=10561"},{"taxonomy":"product_cat","embeddable":true,"href":"https:\/\/advancedsofttissuerelease.com\/fr\/wp-json\/wp\/v2\/product_cat?post=10561"},{"taxonomy":"product_tag","embeddable":true,"href":"https:\/\/advancedsofttissuerelease.com\/fr\/wp-json\/wp\/v2\/product_tag?post=10561"},{"taxonomy":"woo-feed-brand","embeddable":true,"href":"https:\/\/advancedsofttissuerelease.com\/fr\/wp-json\/wp\/v2\/woo-feed-brand?post=10561"}],"curies":[{"name":"wp","href":"https:\/\/api.w.org\/{rel}","templated":true}]}}