{"id":13391,"date":"2020-04-23T16:28:40","date_gmt":"2020-04-23T22:28:40","guid":{"rendered":"https:\/\/advancedsofttissuerelease.com\/?post_type=product&#038;p=13391"},"modified":"2024-10-14T11:50:11","modified_gmt":"2024-10-14T15:50:11","slug":"kit-de-soulagement-des-sinus-2","status":"publish","type":"product","link":"https:\/\/advancedsofttissuerelease.com\/fr\/product\/sinus-relief-kit\/","title":{"rendered":"Trousse de soulagement des sinus"},"content":{"rendered":"<p><span style=\"font-size: 12pt; color: #333333;\"><strong>Trousse de soulagement des sinus<\/strong><\/span><\/p>\n<p><span style=\"color: #333333;\">Dans ce programme \u00e9tape par \u00e9tape, le Dr Jacobs vous montrera comment contr\u00f4ler ou \u00e9liminer rapidement et efficacement les sympt\u00f4mes des sinus en mettant en \u0153uvre le r\u00e9gime anti-inflammatoire d&#039;ASTR avec notre kit de suppl\u00e9ments de soulagement des sinus. Si vous rencontrez un probl\u00e8me de sinus \u00e0 court terme ou chronique, ce kit vous permettra de d\u00e9marrer votre voyage pour soulager votre douleur aux sinus\u00a0!<\/span><\/p>\n<p><span style=\"color: #333333;\"><strong>Le kit de soulagement des sinus comprend<\/strong><\/span><\/p>\n<ol>\n<li><span style=\"color: #333333;\">Probiotique Max<\/span><\/li>\n<li>Flavonoid\u00a0<span style=\"font-size: 16px;\">Active<\/span><\/li>\n<li>CNA<\/li>\n<li><span style=\"color: #333333;\">K2 et D3 complets<\/span><\/li>\n<li>Niacin Active<\/li>\n<li><span style=\"color: #333333;\">Zinc actif<\/span><\/li>\n<li><span style=\"color: #333333;\">R\u00e9gime anti-inflammatoire, y compris les recettes<\/span><\/li>\n<\/ol>\n<p><strong><a href=\"https:\/\/advancedsofttissuerelease.com\/fr\/produit\/probiotique-max-2\/\">Probiotic Max \u2013 18 souches &gt;<\/a><\/strong><\/p>\n<ul>\n<li>Soutient un microbiote sain<\/li>\n<li>Soutient la r\u00e9ponse immunitaire naturelle<\/li>\n<li>Favorise la digestion du lactose<\/li>\n<li>Soutient la r\u00e9gularit\u00e9 intestinale<\/li>\n<li>Soutient un microbiome intestinal sain<\/li>\n<li>S\u00e9lectionn\u00e9 pour sa viabilit\u00e9 et sa stabilit\u00e9<\/li>\n<\/ul>\n<div class=\"page\" title=\"Page 1\">\n<div class=\"section\">\n<div class=\"layoutArea\">\n<div class=\"column\">\n<p><a href=\"https:\/\/advancedsofttissuerelease.com\/fr\/produit\/infla-facilite-4\/\"><strong>Flavonoid Active &gt;\u00a0<\/strong><\/a><\/p>\n<ul>\n<li>Formule \u00e0 haute teneur en vitamine C<\/li>\n<li>Soutient le syst\u00e8me immunitaire<\/li>\n<li>Soutient les syst\u00e8mes antioxydants<\/li>\n<li>Soutenir la synth\u00e8se des vaisseaux sanguins<\/li>\n<li>Soutient la production de collag\u00e8ne<\/li>\n<li>Soutient la production de neurotransmetteurs<\/li>\n<\/ul>\n<p>Flavonoid Active combines high-potency vitamin C with a standardized, full-spectrum, citrus bioflavonoid complex. Both vitamin C and bioflavonoids have been extensively researched for their roles in supporting antioxidant and immune function. In addition, research indicates that vitamin C is required for the synthesis of collagen, neurotransmitters, and carnitine. flavonoids appear to support healthy metabolism and cognition by functioning as cell-signaling agents.*<\/p>\n<\/div>\n<p><a href=\"https:\/\/advancedsofttissuerelease.com\/fr\/produit\/nac-n-acetyl-l-cysteine\/\"><strong>N-Ac\u00e9tyl-L-Cyst\u00e9ine (NAC) &gt;<\/strong><\/a><\/p>\n<div class=\"page\" title=\"Page 1\">\n<div class=\"section\">\n<div class=\"layoutArea\">\n<div class=\"column\">\n<ul>\n<li>Prend en charge la synth\u00e8se du glutathion<\/li>\n<li>Prend en charge la d\u00e9toxification des toxines et des polluants environnementaux<\/li>\n<li>Soutient la fonction immunitaire<\/li>\n<li>Soutient la fonction h\u00e9patique<\/li>\n<li>Soutient l&#039;activit\u00e9 antioxydante dans toutes les cellules du corps<\/li>\n<li>Soutient une fonction respiratoire saine<\/li>\n<\/ul>\n<\/div>\n<\/div>\n<\/div>\n<\/div>\n<\/div>\n<\/div>\n<\/div>\n<div class=\"page\" title=\"Page 2\">\n<div class=\"layoutArea\">\n<div class=\"column\">\n<div class=\"page\" title=\"Page 1\">\n<div class=\"section\">\n<div class=\"layoutArea\">\n<div class=\"page\" title=\"Page 1\">\n<div class=\"section\">\n<div class=\"layoutArea\">\n<p><span style=\"color: #0000ff;\"><a style=\"color: #0000ff;\" href=\"https:\/\/advancedsofttissuerelease.com\/fr\/produit\/zinc-actif-2\/\"><strong>Zinc Actif &gt;<\/strong><\/a><\/span><\/p>\n<ul>\n<li>Soutient le syst\u00e8me immunitaire<\/li>\n<li>Soutient la fonction neurologique<\/li>\n<li>Soutient le m\u00e9tabolisme des nutriments<\/li>\n<li>Soutient la sant\u00e9 reproductive<\/li>\n<li>Soutient l&#039;\u00e9quilibre hormonal<\/li>\n<li>Soutenir la perception sensorielle<\/li>\n<li>Soutient l&#039;activit\u00e9 antioxydante<\/li>\n<li>Prend en charge les r\u00e9actions enzymatiques<\/li>\n<li>Soutient le m\u00e9tabolisme des prot\u00e9ines<\/li>\n<\/ul>\n<p><a href=\"https:\/\/advancedsofttissuerelease.com\/fr\/produit\/niacine-a-liberation-prolongee-2\/\"><strong>Niacin Active &gt;<\/strong><\/a><\/p>\n<ul>\n<li>Soutient des lipides sanguins sains<\/li>\n<li>Soutient le cholest\u00e9rol des lipoprot\u00e9ines de haute densit\u00e9 (HDL) pour la sant\u00e9<\/li>\n<li>Formule \u00e0 lib\u00e9ration prolong\u00e9e qui est compl\u00e8te en sept \u00e0 huit heures<\/li>\n<li>Prend en charge l&#039;\u00e9paisseur normale de l&#039;intima-m\u00e9dia carotidienne (CIMT)<\/li>\n<li>A un effet de rin\u00e7age moindre par rapport \u00e0 la niacine \u00e0 lib\u00e9ration instantan\u00e9e<\/li>\n<\/ul>\n<p><span style=\"color: #0000ff;\"><a style=\"color: #0000ff;\" href=\"https:\/\/advancedsofttissuerelease.com\/fr\/produit\/k2-d3-complet-2\/\"><strong>K2 &amp; D3 Complet &gt;<\/strong><\/a><\/span><\/p>\n<ul>\n<li><span style=\"color: #333333;\">Favorise une circulation sanguine saine<\/span><\/li>\n<li><span style=\"color: #333333;\">Favorise une sant\u00e9 osseuse optimale<\/span><\/li>\n<li><span style=\"color: #333333;\">Favorise un bon stockage du calcium<\/span><\/li>\n<li><span style=\"color: #333333;\">Maintient une fonction cardiom\u00e9tabolique saine<\/span><\/li>\n<li><span style=\"color: #333333;\">Soutient l&#039;\u00e9lasticit\u00e9 art\u00e9rielle<\/span><\/li>\n<li><span style=\"color: #333333;\">Stimule la fonction immunitaire<\/span><\/li>\n<li><span style=\"color: #333333;\">Soutient un \u00e9quilibre calcique sain<\/span><\/li>\n<li><span style=\"color: #333333;\">Soutient l&#039;\u00e9quilibre de la glyc\u00e9mie<\/span><\/li>\n<\/ul>\n<p><span style=\"color: #333333;\">Les recherches actuelles ont montr\u00e9 qu&#039;une suppl\u00e9mentation \u00e0 haute concentration de K2, \u00e0 180 mcg\/jour, entra\u00eene de meilleurs r\u00e9sultats cliniques par rapport \u00e0 une suppl\u00e9mentation \u00e0 faible dose*. K2 &amp; D3 complete fournit 180 mcg de MenaQ7\u00ae PRO, la forme de vitamine K2 la plus \u00e9tudi\u00e9e sous forme de MK-7, ainsi que 5 000 UI de vitamine D3 pour un soutien optimal de la sant\u00e9 osseuse et cardiovasculaire.<\/span><\/p>\n<\/div>\n<\/div>\n<\/div>\n<\/div>\n<\/div>\n<\/div>\n<p><span style=\"color: #333333;\"><strong>Ne contient pas:\u00a0<\/strong>Gluten, ma\u00efs, levure, colorants et ar\u00f4mes artificiels.<\/span><\/p>\n<\/div>\n<\/div>\n<\/div>\n<p style=\"text-align: center;\"><span style=\"font-size: 8pt; color: #333333;\">*Ces d\u00e9clarations n&#039;ont pas \u00e9t\u00e9 \u00e9valu\u00e9es par la Food and Drug Administration. Ce produit n&#039;est pas destin\u00e9 \u00e0 diagnostiquer, traiter, gu\u00e9rir ou pr\u00e9venir toute maladie.\u00a0<\/span><\/p>","protected":false},"excerpt":{"rendered":"<p>Programme \u00e9tape par \u00e9tape comprenant des conseils de soulagement des sinus, un plan nutritionnel, des recettes, des listes de courses et des suppl\u00e9ments qui vous aideront \u00e0 traiter la source de vos probl\u00e8mes de sant\u00e9 sous-jacents.<\/p>","protected":false},"featured_media":37362,"template":"","meta":{"_analytify_skip_tracking":false},"product_brand":[],"product_cat":[1782],"product_tag":[521,2134,1414,2133,1907],"woo-feed-brand":[],"class_list":{"0":"post-13391","1":"product","2":"type-product","3":"status-publish","4":"has-post-thumbnail","6":"product_cat-health-supplement-kits","7":"product_tag-astr-supplement","8":"product_tag-breakdown-and-clear-mucus","9":"product_tag-immune-support","10":"product_tag-sinus-relief","11":"product_tag-zinc","12":"product_shipping_class-regular-shipping","14":"first","15":"instock","16":"sale","17":"taxable","18":"shipping-taxable","19":"purchasable","20":"product-type-simple"},"exclude_global_add_ons":false,"addons":[{"name":"Cr\u00e8me anti-douleur pour la douleur, l&#039;inflammation et acc\u00e9l\u00e9rer la gu\u00e9rison","type":"checkbox","position":0,"required":true,"title_format":"heading","default":"","description_enable":false,"description":"","placeholder_enable":false,"placeholder":"","display":"radiobutton","restrictions_type":"any_text","adjust_price":false,"price":"","price_type":"flat_fee","restrictions":false,"min":"0","max":"0","options":[{"label":"Yes (save $10)","price":"39","price_type":"flat_fee","image":0,"visibility":true},{"label":"No","price":"","price_type":"flat_fee","image":0,"visibility":true}],"id":1714236870},{"name":"Do you own our tool kit? (A1, A2, A3, A4 & A5)","type":"multiple_choice","position":0,"required":true,"title_format":"heading","default":"","description_enable":false,"description":"","placeholder_enable":false,"placeholder":"","display":"radiobutton","restrictions_type":"any_text","adjust_price":false,"price":"","price_type":"flat_fee","restrictions":false,"min":"0","max":"0","options":[{"label":"Yes","price":"0","price_type":"flat_fee","image":0,"visibility":true},{"label":"No","price":"399","price_type":"flat_fee","image":0,"visibility":true}]}],"_links":{"self":[{"href":"https:\/\/advancedsofttissuerelease.com\/fr\/wp-json\/wp\/v2\/product\/13391","targetHints":{"allow":["GET"]}}],"collection":[{"href":"https:\/\/advancedsofttissuerelease.com\/fr\/wp-json\/wp\/v2\/product"}],"about":[{"href":"https:\/\/advancedsofttissuerelease.com\/fr\/wp-json\/wp\/v2\/types\/product"}],"version-history":[{"count":0,"href":"https:\/\/advancedsofttissuerelease.com\/fr\/wp-json\/wp\/v2\/product\/13391\/revisions"}],"wp:featuredmedia":[{"embeddable":true,"href":"https:\/\/advancedsofttissuerelease.com\/fr\/wp-json\/wp\/v2\/media\/37362"}],"wp:attachment":[{"href":"https:\/\/advancedsofttissuerelease.com\/fr\/wp-json\/wp\/v2\/media?parent=13391"}],"wp:term":[{"taxonomy":"product_brand","embeddable":true,"href":"https:\/\/advancedsofttissuerelease.com\/fr\/wp-json\/wp\/v2\/product_brand?post=13391"},{"taxonomy":"product_cat","embeddable":true,"href":"https:\/\/advancedsofttissuerelease.com\/fr\/wp-json\/wp\/v2\/product_cat?post=13391"},{"taxonomy":"product_tag","embeddable":true,"href":"https:\/\/advancedsofttissuerelease.com\/fr\/wp-json\/wp\/v2\/product_tag?post=13391"},{"taxonomy":"woo-feed-brand","embeddable":true,"href":"https:\/\/advancedsofttissuerelease.com\/fr\/wp-json\/wp\/v2\/woo-feed-brand?post=13391"}],"curies":[{"name":"wp","href":"https:\/\/api.w.org\/{rel}","templated":true}]}}