{"id":14504,"date":"2020-06-24T19:18:16","date_gmt":"2020-06-25T01:18:16","guid":{"rendered":"https:\/\/advancedsofttissuerelease.com\/?post_type=product&#038;p=14504"},"modified":"2025-09-23T20:18:41","modified_gmt":"2025-09-24T00:18:41","slug":"kit-sport-performance","status":"publish","type":"product","link":"https:\/\/advancedsofttissuerelease.com\/fr\/product\/sport-performance-kit\/","title":{"rendered":"Ensemble de performances sportives"},"content":{"rendered":"<p>Dans ce programme \u00e9tape par \u00e9tape, le Dr Jacobs vous montrera comment mettre en \u0153uvre rapidement et efficacement le r\u00e9gime ASTR avec notre kit de performance sportive pour une sant\u00e9, une \u00e9nergie, un bien-\u00eatre et des performances sportives optimales. Si vous souhaitez maintenir des performances sportives optimales, ce kit est un bon d\u00e9but !<\/p>\n<p><strong>Le kit de performance sportive comprend<\/strong><\/p>\n<ol>\n<li>Joint &amp; Muscle Repair<\/li>\n<li>Collag\u00e8ne actif<\/li>\n<li>Niacin Active<\/li>\n<li>B Actif<\/li>\n<li>Magn\u00e9sium actif<\/li>\n<li>Coq 10 Actif<\/li>\n<li>Om\u00e9ga Actif<\/li>\n<li>ASTR diet, including recipes<\/li>\n<\/ol>\n<p><span style=\"color: #0000ff;\"><a style=\"color: #0000ff;\" href=\"https:\/\/advancedsofttissuerelease.com\/fr\/produit\/infla-facilite-3\/\"><strong><span style=\"font-size: 12pt;\">Joint &amp; Muscle Repair Pack &gt;<\/span><\/strong><\/a><\/span><\/p>\n<ul>\n<li>Supports joint and muscle repair<\/li>\n<li>Soutient une r\u00e9ponse inflammatoire saine<\/li>\n<li>Am\u00e9liorer la sant\u00e9 musculo-squelettique<\/li>\n<li>B\u00e9n\u00e9ficie de la sant\u00e9 des articulations<\/li>\n<li>Stimule le mouvement articulaire<\/li>\n<li>Stimule la fonction physique<\/li>\n<li>Am\u00e9liore le temps de r\u00e9cup\u00e9ration de l&#039;entra\u00eenement<\/li>\n<\/ul>\n<p><a href=\"https:\/\/advancedsofttissuerelease.com\/fr\/produit\/niacine-a-liberation-prolongee-3\/\"><strong>Niacine<\/strong><strong>\u00a0Active &gt;<\/strong><\/a><\/p>\n<ul>\n<li>Soutient des lipides sanguins sains<\/li>\n<li>Soutient le cholest\u00e9rol des lipoprot\u00e9ines de haute densit\u00e9 (HDL) pour la sant\u00e9<\/li>\n<li>Formule \u00e0 lib\u00e9ration prolong\u00e9e qui est compl\u00e8te en sept \u00e0 huit heures<\/li>\n<li>Prend en charge l&#039;\u00e9paisseur normale de l&#039;intima-m\u00e9dia carotidienne (CIMT)<\/li>\n<li>A un effet de rin\u00e7age moindre par rapport \u00e0 la niacine \u00e0 lib\u00e9ration instantan\u00e9e<\/li>\n<\/ul>\n<p><a href=\"https:\/\/advancedsofttissuerelease.com\/fr\/produit\/b-actif-2\/\"><strong>B Actif &gt;<\/strong><\/a><\/p>\n<ul>\n<li>Soutient le m\u00e9tabolisme des glucides<\/li>\n<li>Soutient le fonctionnement du syst\u00e8me nerveux<\/li>\n<li>Prend en charge le fonctionnement du syst\u00e8me surr\u00e9nalien<\/li>\n<li>Soutient le fonctionnement du syst\u00e8me immunitaire<\/li>\n<li>Soutient la sant\u00e9 cardiovasculaire<\/li>\n<li>Prot\u00e8ge contre les carences alimentaires<\/li>\n<li>Prot\u00e8ge contre l&#039;\u00e9puisement des nutriments induit par le stress<\/li>\n<li>Soutient une fonction mentale et une humeur saines<\/li>\n<\/ul>\n<p>Le suppl\u00e9ment actif ASTR B aide \u00e0 soutenir le m\u00e9tabolisme des glucides, le fonctionnement du syst\u00e8me nerveux\/surr\u00e9nalien\/immunitaire, la sant\u00e9 cardiovasculaire, ainsi que le fonctionnement mental et l&#039;humeur sains. B Active contient tout le spectre des vitamines B ; les formes activ\u00e9es de B2, B6 et B12\u00a0; et folate.*<\/p>\n<p><span style=\"color: #0000ff;\"><a style=\"color: #0000ff;\" href=\"https:\/\/advancedsofttissuerelease.com\/fr\/produit\/collagene-actif-2\/\"><strong>Collag\u00e8ne Actif &gt;<\/strong><\/a><\/span><\/p>\n<ul>\n<li>Soutient le processus d&#039;auto-r\u00e9paration du cartilage<\/li>\n<li>Prend en charge le processus d&#039;auto-r\u00e9paration des tendons<\/li>\n<li>Soutient le processus d&#039;auto-r\u00e9paration ligamentaire<\/li>\n<li>Prend en charge le processus d&#039;auto-r\u00e9paration du fascia<\/li>\n<li>Soutient des cheveux sains<\/li>\n<li>Soutient une peau saine<\/li>\n<li>Soutient des ongles sains<\/li>\n<li>Prend en charge la lubrification des articulations<\/li>\n<li>Soutient l&#039;amortissement des articulations<\/li>\n<li>Favorise la biosynth\u00e8se du tissu conjonctif<\/li>\n<\/ul>\n<div class=\"page\" title=\"Page 1\">\n<div class=\"section\">\n<div class=\"layoutArea\">\n<div class=\"column\">\n<p>Le collag\u00e8ne est un \u00e9l\u00e9ment crucial de la peau, des cheveux, des ongles, des articulations et du tissu conjonctif. Collag\u00e8ne Contenu actif : vitamine c, magn\u00e9sium, collag\u00e8ne de type 1, acide hyaluronique, hydrolysat de g\u00e9latine. Le collag\u00e8ne actif soutient le fonctionnement sain du cartilage, des tendons, des ligaments, des fascias et des articulations.<\/p>\n<\/div>\n<\/div>\n<\/div>\n<\/div>\n<p><span style=\"color: #3366ff;\"><a style=\"color: #3366ff;\" href=\"https:\/\/advancedsofttissuerelease.com\/fr\/produit\/magnesium-actif\/\"><strong>Magn\u00e9sium Actif &gt;<\/strong><\/a><\/span><\/p>\n<ul>\n<li>Fournit 3 formes de magn\u00e9sium hautement absorb\u00e9<\/li>\n<li>Magn\u00e9sium \u00e0 haute concentration pour le soutien cardiovasculaire<\/li>\n<li>Le magn\u00e9sium joue un r\u00f4le vital dans des centaines d&#039;activit\u00e9s m\u00e9taboliques<\/li>\n<li>Aide \u00e0 maintenir une tension art\u00e9rielle saine<\/li>\n<li>Aide \u00e0 maintenir une glyc\u00e9mie saine<\/li>\n<li>Favorise la production d&#039;\u00e9nergie<\/li>\n<li>Favorise la relaxation musculaire<\/li>\n<li>Soutient la fonction musculaire<\/li>\n<li>Soutenir la fonction nerveuse<\/li>\n<\/ul>\n<p><span style=\"color: #3366ff;\"><a style=\"color: #3366ff;\" href=\"https:\/\/advancedsofttissuerelease.com\/fr\/produit\/coq-10-actif-2\/\"><strong>CoQ 10 actif &gt;<\/strong><\/a><\/span><\/p>\n<ul>\n<li>Prend en charge la production d&#039;\u00e9nergie naturelle<\/li>\n<li>Prend en charge le fonctionnement mitochondrial<\/li>\n<li>Soutient la sant\u00e9 du plasma et des tissus<\/li>\n<li>Soutient la sant\u00e9 et le fonctionnement du syst\u00e8me cardiovasculaire<\/li>\n<li>Soutient la sant\u00e9 neuromusculaire<\/li>\n<li>Soutient le fonctionnement du syst\u00e8me nerveux central<\/li>\n<\/ul>\n<p>Le suppl\u00e9ment ASTR CoQ 10 soutient la production d&#039;\u00e9nergie naturelle et la sant\u00e9 mitochondriale, le bon fonctionnement du syst\u00e8me cardiovasculaire et la sant\u00e9 du syst\u00e8me neuromusculaire et nerveux central. Il a \u00e9t\u00e9 cliniquement d\u00e9montr\u00e9 que l&#039;ASTR CoQ 10 est plus absorbable pour une utilisation optimale dans le soutien des besoins de sant\u00e9 cardiovasculaires et \u00e9nerg\u00e9tiques.<\/p>\n<p><span style=\"color: #0000ff;\"><a style=\"color: #0000ff;\" href=\"https:\/\/advancedsofttissuerelease.com\/fr\/produit\/omega-actif-2\/\"><strong><span style=\"font-size: 12pt;\">Om\u00e9ga Actif &gt;<\/span><\/strong><\/a><\/span><\/p>\n<ul>\n<li>Soutient la sant\u00e9 cardiovasculaire<\/li>\n<li>Soutient le m\u00e9tabolisme du sucre dans le sang<\/li>\n<li>Soutient la fonction cognitive<\/li>\n<li>Soutient le d\u00e9veloppement cognitif<\/li>\n<li>Soutient une peau saine<\/li>\n<li>Soutient des articulations saines<\/li>\n<li>Soutient les tissus conjonctifs sains<\/li>\n<li>Am\u00e9liore la sant\u00e9 visuelle et oculaire<\/li>\n<li>Maintient un \u00e9quilibre inflammatoire normal<\/li>\n<\/ul>\n<p><span style=\"color: #0000ff;\"><a style=\"color: #0000ff;\" href=\"https:\/\/advancedsofttissuerelease.com\/fr\/produit\/creme-anti-douleur-2\/\"><strong><span style=\"font-size: 12pt;\">Cr\u00e8me anti-douleur &gt;<\/span><\/strong><\/a><\/span><\/p>\n<div class=\"page\" title=\"Page 1\">\n<div class=\"section\">\n<p><strong>Pour adultes et enfants<\/strong><\/p>\n<ul>\n<li>Soutient le soulagement des douleurs musculaires et articulaires<\/li>\n<li>Favorise la cicatrisation des plaies<\/li>\n<li>Soutient la sant\u00e9 normale de la peau et des ongles<\/li>\n<li>Soutient une r\u00e9ponse inflammatoire saine<\/li>\n<li>Am\u00e9liore la sant\u00e9 musculo-squelettique<\/li>\n<li>B\u00e9n\u00e9ficie de la sant\u00e9 des articulations<\/li>\n<li>Stimule le mouvement articulaire<\/li>\n<\/ul>\n<p><strong>La cr\u00e8me anti-douleur est utilis\u00e9e pour :<\/strong><\/p>\n<ul>\n<li>Soulagement de la douleur<\/li>\n<li>Diminuer l&#039;inflammation<\/li>\n<li>Arthrite<\/li>\n<li>Soins des plaies<\/li>\n<li>Ecz\u00e9ma<\/li>\n<li>Acn\u00e9<\/li>\n<li>Dermatite<\/li>\n<li>Psoriasis<\/li>\n<\/ul>\n<\/div>\n<\/div>\n<p style=\"text-align: center;\"><span style=\"font-size: 8pt;\">*Ces d\u00e9clarations n&#039;ont pas \u00e9t\u00e9 \u00e9valu\u00e9es par la Food and Drug Administration. Ce produit n&#039;est pas destin\u00e9 \u00e0 diagnostiquer, traiter, gu\u00e9rir ou pr\u00e9venir toute maladie.<\/span><\/p>","protected":false},"excerpt":{"rendered":"<p><span class=\"\">Programme \u00e9tape par \u00e9tape comprenant des conseils pour am\u00e9liorer les performances sportives,\u00a0<\/span><span class=\"\">r\u00e9gime alimentaire, <\/span><span class=\"\">des recettes, des listes de courses et des suppl\u00e9ments qui vous aideront \u00e0 traiter la source de vos probl\u00e8mes de sant\u00e9 sous-jacents.<\/span><\/p>","protected":false},"featured_media":41491,"template":"","meta":{"_analytify_skip_tracking":false},"product_brand":[],"product_cat":[1782],"product_tag":[2252,2326,2253,1329,2250],"woo-feed-brand":[],"class_list":{"0":"post-14504","1":"product","2":"type-product","3":"status-publish","4":"has-post-thumbnail","6":"product_cat-health-supplement-kits","7":"product_tag-boosts-physical-function","8":"product_tag-collagen","9":"product_tag-enhances-workout-recovery-time","10":"product_tag-magnesium","11":"product_tag-sport-performance-kit","13":"first","14":"instock","15":"sale","16":"taxable","17":"shipping-taxable","18":"purchasable","19":"product-type-simple"},"exclude_global_add_ons":false,"addons":[{"name":"Cr\u00e8me anti-douleur pour la douleur, l&#039;inflammation et acc\u00e9l\u00e9rer la gu\u00e9rison","type":"checkbox","position":0,"required":true,"title_format":"heading","default":"","description_enable":false,"description":"","placeholder_enable":false,"placeholder":"","display":"select","restrictions_type":"any_text","adjust_price":false,"price":"","price_type":"flat_fee","restrictions":false,"min":"0","max":"0","options":[{"label":"Yes (save $10)","price":"39","price_type":"flat_fee","image":0,"visibility":true},{"label":"No","price":"","price_type":"flat_fee","image":0,"visibility":true}],"id":1714237321},{"name":"Do you own our tool kit? (A1, A2, A3, A4 & A5)","type":"multiple_choice","position":0,"required":true,"title_format":"heading","default":"","description_enable":false,"description":"","placeholder_enable":false,"placeholder":"","display":"radiobutton","restrictions_type":"any_text","adjust_price":false,"price":"","price_type":"flat_fee","restrictions":false,"min":"0","max":"0","options":[{"label":"Yes","price":"0","price_type":"flat_fee","image":0,"visibility":true},{"label":"No","price":"399","price_type":"flat_fee","image":0,"visibility":true}]}],"_links":{"self":[{"href":"https:\/\/advancedsofttissuerelease.com\/fr\/wp-json\/wp\/v2\/product\/14504","targetHints":{"allow":["GET"]}}],"collection":[{"href":"https:\/\/advancedsofttissuerelease.com\/fr\/wp-json\/wp\/v2\/product"}],"about":[{"href":"https:\/\/advancedsofttissuerelease.com\/fr\/wp-json\/wp\/v2\/types\/product"}],"version-history":[{"count":0,"href":"https:\/\/advancedsofttissuerelease.com\/fr\/wp-json\/wp\/v2\/product\/14504\/revisions"}],"wp:featuredmedia":[{"embeddable":true,"href":"https:\/\/advancedsofttissuerelease.com\/fr\/wp-json\/wp\/v2\/media\/41491"}],"wp:attachment":[{"href":"https:\/\/advancedsofttissuerelease.com\/fr\/wp-json\/wp\/v2\/media?parent=14504"}],"wp:term":[{"taxonomy":"product_brand","embeddable":true,"href":"https:\/\/advancedsofttissuerelease.com\/fr\/wp-json\/wp\/v2\/product_brand?post=14504"},{"taxonomy":"product_cat","embeddable":true,"href":"https:\/\/advancedsofttissuerelease.com\/fr\/wp-json\/wp\/v2\/product_cat?post=14504"},{"taxonomy":"product_tag","embeddable":true,"href":"https:\/\/advancedsofttissuerelease.com\/fr\/wp-json\/wp\/v2\/product_tag?post=14504"},{"taxonomy":"woo-feed-brand","embeddable":true,"href":"https:\/\/advancedsofttissuerelease.com\/fr\/wp-json\/wp\/v2\/woo-feed-brand?post=14504"}],"curies":[{"name":"wp","href":"https:\/\/api.w.org\/{rel}","templated":true}]}}