{"id":1560,"date":"2019-01-09T21:30:29","date_gmt":"2019-01-10T05:30:29","guid":{"rendered":"https:\/\/advancedsofttissuerelease.com\/?post_type=product&#038;p=1560"},"modified":"2025-05-18T07:27:29","modified_gmt":"2025-05-18T11:27:29","slug":"formation-privee-2","status":"publish","type":"product","link":"https:\/\/advancedsofttissuerelease.com\/fr\/product\/private-training\/","title":{"rendered":"Formation priv\u00e9e\u00a0"},"content":{"rendered":"<p><strong>Formation priv\u00e9e ASTR\u00a0<\/strong><\/p>\n<p>Si vous souhaitez recevoir des instructions pratiques suppl\u00e9mentaires du cr\u00e9ateur d&#039;ASTR, inscrivez-vous d\u00e8s aujourd&#039;hui\u00a0! C&#039;est une excellente occasion de recevoir des commentaires instantan\u00e9s et de d\u00e9velopper votre compr\u00e9hension et votre application des principes ASTR.<\/p>\n<p>Nous avons deux options de formation priv\u00e9e pour votre commodit\u00e9. Veuillez choisir l&#039;une des options suivantes\u00a0:<\/p>\n<p>1. S\u00e9ance Zoom priv\u00e9e d&#039;une heure<span class=\"Apple-converted-space\">\u00a0<\/span><\/p>\n<p>2. 1 hour private training in our office in Clermont, FL<\/p>\n<p>Apr\u00e8s avoir pay\u00e9, veuillez nous envoyer votre choix par e-mail afin que nous puissions vous ajouter \u00e0 l&#039;horaire.<span class=\"Apple-converted-space\">\u00a0<\/span><\/p>\n<p>Avant la session, assurez-vous de pr\u00e9parer toutes les questions que vous pourriez avoir concernant le cours d&#039;ASTR et d&#039;avoir vos outils avec vous. Pour les sessions Skype, veuillez avoir un partenaire disponible pour vous entra\u00eener pendant la session.<\/p>","protected":false},"excerpt":{"rendered":"<p>ASTR Private Training\u00a0 If you would like to receive additional hands on instruction from the creator of ASTR, sign up today! \u00a0This is a great opportunity to receive instant feedback and grow in your understanding and application of ASTR principles. We have two options for private training for your convenience. Please choose one of the [&hellip;]<\/p>\n","protected":false},"featured_media":9846,"template":"","meta":{"_analytify_skip_tracking":false},"product_brand":[],"product_cat":[221],"product_tag":[256,386,389,259,248,253,255,283],"woo-feed-brand":[],"class_list":{"0":"post-1560","1":"product","2":"type-product","3":"status-publish","4":"has-post-thumbnail","6":"product_cat-provider-courses-tools","7":"product_tag-advanced-soft-tissue-release","8":"product_tag-astr-online-course","9":"product_tag-continue-education-course","10":"product_tag-iastm","11":"product_tag-instruments","12":"product_tag-massage-therapy","13":"product_tag-myofascial-release","14":"product_tag-soft-tissue-release-tool","15":"product_shipping_class-no-shipping","17":"first","18":"instock","19":"virtual","20":"purchasable","21":"product-type-simple"},"exclude_global_add_ons":[],"addons":[],"_links":{"self":[{"href":"https:\/\/advancedsofttissuerelease.com\/fr\/wp-json\/wp\/v2\/product\/1560","targetHints":{"allow":["GET"]}}],"collection":[{"href":"https:\/\/advancedsofttissuerelease.com\/fr\/wp-json\/wp\/v2\/product"}],"about":[{"href":"https:\/\/advancedsofttissuerelease.com\/fr\/wp-json\/wp\/v2\/types\/product"}],"version-history":[{"count":0,"href":"https:\/\/advancedsofttissuerelease.com\/fr\/wp-json\/wp\/v2\/product\/1560\/revisions"}],"wp:featuredmedia":[{"embeddable":true,"href":"https:\/\/advancedsofttissuerelease.com\/fr\/wp-json\/wp\/v2\/media\/9846"}],"wp:attachment":[{"href":"https:\/\/advancedsofttissuerelease.com\/fr\/wp-json\/wp\/v2\/media?parent=1560"}],"wp:term":[{"taxonomy":"product_brand","embeddable":true,"href":"https:\/\/advancedsofttissuerelease.com\/fr\/wp-json\/wp\/v2\/product_brand?post=1560"},{"taxonomy":"product_cat","embeddable":true,"href":"https:\/\/advancedsofttissuerelease.com\/fr\/wp-json\/wp\/v2\/product_cat?post=1560"},{"taxonomy":"product_tag","embeddable":true,"href":"https:\/\/advancedsofttissuerelease.com\/fr\/wp-json\/wp\/v2\/product_tag?post=1560"},{"taxonomy":"woo-feed-brand","embeddable":true,"href":"https:\/\/advancedsofttissuerelease.com\/fr\/wp-json\/wp\/v2\/woo-feed-brand?post=1560"}],"curies":[{"name":"wp","href":"https:\/\/api.w.org\/{rel}","templated":true}]}}