{"id":2671,"date":"2019-02-04T18:37:51","date_gmt":"2019-02-05T01:37:51","guid":{"rendered":"https:\/\/advancedsofttissuerelease.com\/?post_type=product&#038;p=2671"},"modified":"2026-01-16T14:59:53","modified_gmt":"2026-01-16T19:59:53","slug":"certification-de-membre-astr","status":"publish","type":"product","link":"https:\/\/advancedsofttissuerelease.com\/fr\/product\/astr-membership-certification\/","title":{"rendered":"Adh\u00e9sion et certification ASTR"},"content":{"rendered":"<h1 style=\"text-align: center;\"><span style=\"color: #000000;\"><b>Abonnement annuel du fournisseur\u00a0:<\/b><\/span><\/h1>\n<h2><span style=\"color: #000000;\"><b>Pourquoi devenir membre ?<\/b><\/span><\/h2>\n<p>La sp\u00e9cialit\u00e9 d&#039;ASTR est dynamique et \u00e9volue et progresse constamment pour mieux r\u00e9pondre aux besoins de la soci\u00e9t\u00e9 en mati\u00e8re de soulagement rapide, non invasif et \u00e0 long terme de la douleur.<\/p>\n<p>Chez ASTR, notre \u00e9quipe travaille sans rel\u00e2che pour maintenir sa position de sp\u00e9cialit\u00e9 la plus avant-gardiste dans l&#039;industrie des soins de sant\u00e9. Gr\u00e2ce \u00e0 la recherche et \u00e0 l&#039;exp\u00e9rimentation, notre \u00e9quipe d\u00e9veloppe constamment de nouvelles th\u00e9ories, m\u00e9thodologies, outils et dispositifs afin que les prestataires de soins de sant\u00e9 puissent apprendre les approches les plus rapides et les plus efficaces pour traiter la douleur des patients.<\/p>\n<h2><span style=\"color: #000000;\"><b>Avantages de l&#039;adh\u00e9sion annuelle\u00a0:<\/b><\/span><\/h2>\n<ul>\n<li>Acc\u00e8s au cours en ligne complet d&#039;ASTR\u00a0: vid\u00e9os, formulaires, protocoles et documents<\/li>\n<li>Acc\u00e8s \u00e0 de nouveaux produits, recherches et protocoles<\/li>\n<li>Acc\u00e8s \u00e0 18,5 \u00e0 27 UFC par an<\/li>\n<li>Recevez des remises suppl\u00e9mentaires <strong>jusqu&#039;\u00e0 15% d\u00e9sactiv\u00e9<\/strong> pour l&#039;achat de produits ASTR tels que : outils, appareils, suppl\u00e9ments, cours, etc.<\/li>\n<\/ul>\n<h2><span style=\"color: #000000;\"><b>Avantages de la certification\u00a0:<\/b><\/span><\/h2>\n<ul>\n<li>Vous pourrez utiliser le titre d&#039;ASTR \u00e0 c\u00f4t\u00e9 de votre nom.<\/li>\n<li>Vous pourrez commercialiser que vous \u00eates certifi\u00e9 en ASTR.<\/li>\n<li>Vous recevrez un certificat mural ASTR \u00e0 afficher dans votre clinique.<\/li>\n<\/ul>\n<h2><span style=\"color: #000000;\"><b>Conditions pr\u00e9alables:<\/b><\/span><\/h2>\n<p style=\"padding-left: 40px;\"><span style=\"color: #000000;\"><b>Adh\u00e9sion<\/b>:<\/span> Achat pr\u00e9c\u00e9dent d&#039;un cours en ligne complet ASTR ou suivi d&#039;un cours physique et d&#039;un ensemble d&#039;outils achet\u00e9s.<\/p>\n<p style=\"padding-left: 40px;\"><span style=\"color: #000000;\"><b>Certificat<\/b>:<\/span><\/p>\n<ul>\n<li style=\"list-style-type: none;\">\n<ul>\n<li>Achat pr\u00e9c\u00e9dent d&#039;un ensemble d&#039;outils complet et de MagnaHeal<\/li>\n<li>Termin\u00e9 et r\u00e9ussi les tests de cours complets d&#039;ASTR<\/li>\n<li>A suivi le cours physique ou re\u00e7u <a href=\"https:\/\/advancedsofttissuerelease.com\/fr\/produit\/formation-privee-2\/\"><span style=\"color: #0000ff;\">1 heure<\/span> <\/a><a href=\"https:\/\/advancedsofttissuerelease.com\/fr\/produit\/formation-privee-2\/\"><span style=\"color: #0000ff;\">formation priv\u00e9e &gt;<\/span><\/a><\/li>\n<li><span style=\"color: #0000ff;\"><a style=\"color: #0000ff;\" href=\"https:\/\/advancedsofttissuerelease.com\/fr\/quest-ce-quun-fournisseur-astr-2\/admissibilite-2\/\" target=\"_blank\" rel=\"noopener\">Exigences &gt;<\/a><\/span><\/li>\n<\/ul>\n<\/li>\n<\/ul>","protected":false},"excerpt":{"rendered":"<p>Annual Provider Subscription: Why Become a Member? ASTR\u2019s specialty is dynamic and is constantly changing and advancing to better meet society&#8217;s need for fast, non-invasive, long-term pain relief. At ASTR, our team works tirelessly to maintain its position as the most cutting-edge specialty in the healthcare industry. Through research and experimentation, our team is constantly [&hellip;]<\/p>\n","protected":false},"featured_media":3330,"template":"","meta":{"_analytify_skip_tracking":false},"product_brand":[],"product_cat":[221],"product_tag":[256,386,414,388,389,2010,387,247],"woo-feed-brand":[],"class_list":{"0":"post-2671","1":"product","2":"type-product","3":"status-publish","4":"has-post-thumbnail","6":"product_cat-provider-courses-tools","7":"product_tag-advanced-soft-tissue-release","8":"product_tag-astr-online-course","9":"product_tag-astr-tools","10":"product_tag-ceus","11":"product_tag-continue-education-course","12":"product_tag-diy-home-pain-relief","13":"product_tag-online-certification","14":"product_tag-online-courses","15":"product_shipping_class-no-shipping","17":"first","18":"instock","19":"featured","20":"purchasable","21":"product-type-variable-subscription"},"exclude_global_add_ons":[],"addons":[],"_links":{"self":[{"href":"https:\/\/advancedsofttissuerelease.com\/fr\/wp-json\/wp\/v2\/product\/2671","targetHints":{"allow":["GET"]}}],"collection":[{"href":"https:\/\/advancedsofttissuerelease.com\/fr\/wp-json\/wp\/v2\/product"}],"about":[{"href":"https:\/\/advancedsofttissuerelease.com\/fr\/wp-json\/wp\/v2\/types\/product"}],"version-history":[{"count":0,"href":"https:\/\/advancedsofttissuerelease.com\/fr\/wp-json\/wp\/v2\/product\/2671\/revisions"}],"wp:featuredmedia":[{"embeddable":true,"href":"https:\/\/advancedsofttissuerelease.com\/fr\/wp-json\/wp\/v2\/media\/3330"}],"wp:attachment":[{"href":"https:\/\/advancedsofttissuerelease.com\/fr\/wp-json\/wp\/v2\/media?parent=2671"}],"wp:term":[{"taxonomy":"product_brand","embeddable":true,"href":"https:\/\/advancedsofttissuerelease.com\/fr\/wp-json\/wp\/v2\/product_brand?post=2671"},{"taxonomy":"product_cat","embeddable":true,"href":"https:\/\/advancedsofttissuerelease.com\/fr\/wp-json\/wp\/v2\/product_cat?post=2671"},{"taxonomy":"product_tag","embeddable":true,"href":"https:\/\/advancedsofttissuerelease.com\/fr\/wp-json\/wp\/v2\/product_tag?post=2671"},{"taxonomy":"woo-feed-brand","embeddable":true,"href":"https:\/\/advancedsofttissuerelease.com\/fr\/wp-json\/wp\/v2\/woo-feed-brand?post=2671"}],"curies":[{"name":"wp","href":"https:\/\/api.w.org\/{rel}","templated":true}]}}