{"id":29250,"date":"2021-09-23T14:12:16","date_gmt":"2021-09-23T20:12:16","guid":{"rendered":"https:\/\/advancedsofttissuerelease.com\/?post_type=product&#038;p=29250"},"modified":"2024-11-06T12:09:25","modified_gmt":"2024-11-06T17:09:25","slug":"collagene-actif-2","status":"publish","type":"product","link":"https:\/\/advancedsofttissuerelease.com\/fr\/product\/collagen-active\/","title":{"rendered":"Collag\u00e8ne actif"},"content":{"rendered":"<h1>Collag\u00e8ne actif<\/h1>\n<ul>\n<li>Soutient le processus d&#039;auto-r\u00e9paration du cartilage<\/li>\n<li>Prend en charge le processus d&#039;auto-r\u00e9paration des tendons<\/li>\n<li>Soutient le processus d&#039;auto-r\u00e9paration ligamentaire<\/li>\n<li>Prend en charge le processus d&#039;auto-r\u00e9paration du fascia<\/li>\n<li>Soutient des cheveux sains<\/li>\n<li>Soutient une peau saine<\/li>\n<li>Soutient des ongles sains<\/li>\n<li>Prend en charge la lubrification des articulations<\/li>\n<li>Soutient l&#039;amortissement des articulations<\/li>\n<li>Favorise la biosynth\u00e8se du tissu conjonctif<\/li>\n<\/ul>\n<div class=\"page\" title=\"Page 1\">\n<div class=\"section\">\n<div class=\"layoutArea\">\n<div class=\"column\">\n<p>Le collag\u00e8ne est un \u00e9l\u00e9ment crucial de la peau, des cheveux, des ongles, des articulations et du tissu conjonctif. Collag\u00e8ne Contenu actif : vitamine c, magn\u00e9sium, collag\u00e8ne de type 1, acide hyaluronique, hydrolysat de g\u00e9latine. Le collag\u00e8ne actif soutient le fonctionnement sain du cartilage, des tendons, des ligaments, des fascias et des articulations.<\/p>\n<\/div>\n<\/div>\n<\/div>\n<\/div>\n<p><strong>NE CONTIENT PAS<\/strong>\u00a0colorants artificiels, \u00e9dulcorants artificiels ou conservateurs artificiels.<\/p>\n<p style=\"text-align: center;\"><span style=\"font-size: 8pt;\">*Ces d\u00e9clarations n&#039;ont pas \u00e9t\u00e9 \u00e9valu\u00e9es par la Food and Drug Administration. Ce produit n&#039;est pas destin\u00e9 \u00e0 diagnostiquer, traiter, gu\u00e9rir ou pr\u00e9venir toute maladie.\u00a0<\/span><\/p>","protected":false},"excerpt":{"rendered":"<p>Collagen Active Supports the process of cartilage self-repair Supports the process of tendon self-repair Supports the process of ligament self-repair Supports the process of fascia self-repair Supports healthy hair Supports healthy skin Supports healthy nails Supports joint lubrication Supports joint cushioning Promotes connective tissue biosynthesis Collagen is a crucial element of skin, hair, nails, joints [&hellip;]<\/p>\n","protected":false},"featured_media":29566,"template":"","meta":{"_analytify_skip_tracking":false},"product_brand":[],"product_cat":[515],"product_tag":[2320,521,2317,2319,2318],"woo-feed-brand":[],"class_list":{"0":"post-29250","1":"product","2":"type-product","3":"status-publish","4":"has-post-thumbnail","6":"product_cat-supplements","7":"product_tag-arthritis-relief","8":"product_tag-astr-supplement","9":"product_tag-collagen-active","10":"product_tag-gelatin-hydrolysate","11":"product_tag-hyaluronic-acid","12":"product_shipping_class-regular-shipping","14":"first","15":"instock","16":"taxable","17":"shipping-taxable","18":"purchasable","19":"product-type-variable-subscription"},"exclude_global_add_ons":[],"addons":[],"_links":{"self":[{"href":"https:\/\/advancedsofttissuerelease.com\/fr\/wp-json\/wp\/v2\/product\/29250","targetHints":{"allow":["GET"]}}],"collection":[{"href":"https:\/\/advancedsofttissuerelease.com\/fr\/wp-json\/wp\/v2\/product"}],"about":[{"href":"https:\/\/advancedsofttissuerelease.com\/fr\/wp-json\/wp\/v2\/types\/product"}],"version-history":[{"count":0,"href":"https:\/\/advancedsofttissuerelease.com\/fr\/wp-json\/wp\/v2\/product\/29250\/revisions"}],"wp:featuredmedia":[{"embeddable":true,"href":"https:\/\/advancedsofttissuerelease.com\/fr\/wp-json\/wp\/v2\/media\/29566"}],"wp:attachment":[{"href":"https:\/\/advancedsofttissuerelease.com\/fr\/wp-json\/wp\/v2\/media?parent=29250"}],"wp:term":[{"taxonomy":"product_brand","embeddable":true,"href":"https:\/\/advancedsofttissuerelease.com\/fr\/wp-json\/wp\/v2\/product_brand?post=29250"},{"taxonomy":"product_cat","embeddable":true,"href":"https:\/\/advancedsofttissuerelease.com\/fr\/wp-json\/wp\/v2\/product_cat?post=29250"},{"taxonomy":"product_tag","embeddable":true,"href":"https:\/\/advancedsofttissuerelease.com\/fr\/wp-json\/wp\/v2\/product_tag?post=29250"},{"taxonomy":"woo-feed-brand","embeddable":true,"href":"https:\/\/advancedsofttissuerelease.com\/fr\/wp-json\/wp\/v2\/woo-feed-brand?post=29250"}],"curies":[{"name":"wp","href":"https:\/\/api.w.org\/{rel}","templated":true}]}}