{"id":29259,"date":"2021-09-23T17:09:02","date_gmt":"2021-09-23T23:09:02","guid":{"rendered":"https:\/\/advancedsofttissuerelease.com\/?post_type=product&#038;p=29259"},"modified":"2024-10-05T12:08:17","modified_gmt":"2024-10-05T16:08:17","slug":"kit-sante-cheveux-peau-ongles-2","status":"publish","type":"product","link":"https:\/\/advancedsofttissuerelease.com\/fr\/product\/hair-skin-nail-health-kit\/","title":{"rendered":"Trousse de sant\u00e9 pour les cheveux, la peau et les ongles"},"content":{"rendered":"<h1><span style=\"color: #333333;\"><strong>Trousse de sant\u00e9 pour les cheveux, la peau et les ongles<\/strong><\/span><\/h1>\n<p>Dans ce programme \u00e9tape par \u00e9tape, le Dr Jacobs vous montrera comment mettre en \u0153uvre rapidement et efficacement le r\u00e9gime ASTR avec notre kit de sant\u00e9 des cheveux, de la peau et des ongles pour des cheveux, une peau et des ongles sains. Si vous souhaitez maintenir une sant\u00e9 optimale, ce kit est un bon d\u00e9but\u00a0!<\/p>\n<p><span style=\"color: #333333;\"><strong>Le kit de sant\u00e9 des cheveux, de la peau et des ongles comprend<\/strong><\/span><\/p>\n<ol>\n<li>Collag\u00e8ne actif<\/li>\n<li>Om\u00e9ga Actif<\/li>\n<li>B Actif<\/li>\n<li><span style=\"color: #333333;\">R\u00e9gime anti-inflammatoire, y compris les recettes<\/span><\/li>\n<\/ol>\n<p><span style=\"color: #0000ff;\"><a style=\"color: #0000ff;\" href=\"https:\/\/advancedsofttissuerelease.com\/fr\/produit\/collagene-actif-2\/\"><strong>Collag\u00e8ne Actif &gt;<\/strong><\/a><\/span><\/p>\n<ul>\n<li>Soutient le processus d&#039;auto-r\u00e9paration du cartilage<\/li>\n<li>Prend en charge le processus d&#039;auto-r\u00e9paration des tendons<\/li>\n<li>Soutient le processus d&#039;auto-r\u00e9paration ligamentaire<\/li>\n<li>Prend en charge le processus d&#039;auto-r\u00e9paration du fascia<\/li>\n<li>Soutient des cheveux sains<\/li>\n<li>Soutient une peau saine<\/li>\n<li>Soutient des ongles sains<\/li>\n<li>Prend en charge la lubrification des articulations<\/li>\n<li>Soutient l&#039;amortissement des articulations<\/li>\n<li>Favorise la biosynth\u00e8se du tissu conjonctif<\/li>\n<\/ul>\n<div class=\"page\" title=\"Page 1\">\n<div class=\"section\">\n<div class=\"layoutArea\">\n<div class=\"column\">\n<p>Le collag\u00e8ne est un \u00e9l\u00e9ment crucial de la peau, des cheveux, des ongles, des articulations et du tissu conjonctif. Collag\u00e8ne Contenu actif : vitamine c, magn\u00e9sium, collag\u00e8ne de type 1, acide hyaluronique, hydrolysat de g\u00e9latine. Le collag\u00e8ne actif soutient le fonctionnement sain du cartilage, des tendons, des ligaments, des fascias et des articulations.<\/p>\n<p><span style=\"color: #0000ff;\"><a style=\"color: #0000ff;\" href=\"https:\/\/advancedsofttissuerelease.com\/fr\/produit\/omega-actif-2\/\"><strong><span style=\"font-size: 12pt;\">Om\u00e9ga Actif &gt;<\/span><\/strong><\/a><\/span><\/p>\n<ul>\n<li>Soutient la sant\u00e9 cardiovasculaire<\/li>\n<li>Soutient le m\u00e9tabolisme du sucre dans le sang<\/li>\n<li>Soutient la fonction cognitive<\/li>\n<li>Soutient le d\u00e9veloppement cognitif<\/li>\n<li>Soutient une peau saine<\/li>\n<li>Soutient des articulations saines<\/li>\n<li>Soutient les tissus conjonctifs sains<\/li>\n<li>Am\u00e9liore la sant\u00e9 visuelle et oculaire<\/li>\n<li>Maintient un \u00e9quilibre inflammatoire normal<\/li>\n<\/ul>\n<\/div>\n<\/div>\n<\/div>\n<\/div>\n<p><span style=\"color: #0000ff;\"><a style=\"color: #0000ff;\" href=\"https:\/\/advancedsofttissuerelease.com\/fr\/produit\/b-actif-2\/\"><strong>B Actif &gt;<\/strong><\/a><\/span><\/p>\n<ul>\n<li>Soutient le m\u00e9tabolisme des glucides<\/li>\n<li>Soutient le fonctionnement du syst\u00e8me nerveux<\/li>\n<li>Prend en charge le fonctionnement du syst\u00e8me surr\u00e9nalien<\/li>\n<li>Soutient le fonctionnement du syst\u00e8me immunitaire<\/li>\n<li>Soutient la sant\u00e9 cardiovasculaire<\/li>\n<li>Prot\u00e8ge contre les carences alimentaires<\/li>\n<li>Prot\u00e8ge contre l&#039;\u00e9puisement des nutriments induit par le stress<\/li>\n<li>Soutient une fonction mentale et une humeur saines<\/li>\n<\/ul>\n<p><strong><a href=\"https:\/\/advancedsofttissuerelease.com\/fr\/produit\/creme-anti-douleur-2\/\">Cr\u00e8me anti-douleur &gt;<\/a><\/strong><\/p>\n<div class=\"page\" title=\"Page 1\">\n<div class=\"section\">\n<p><strong>Pour adultes et enfants<\/strong><\/p>\n<ul>\n<li>Soutient le soulagement des douleurs musculaires et articulaires<\/li>\n<li>Favorise la cicatrisation des plaies<\/li>\n<li>Soutient la sant\u00e9 normale de la peau et des ongles<\/li>\n<li>Soutient une r\u00e9ponse inflammatoire saine<\/li>\n<li>Am\u00e9liore la sant\u00e9 musculo-squelettique<\/li>\n<li>B\u00e9n\u00e9ficie de la sant\u00e9 des articulations<\/li>\n<li>Stimule le mouvement articulaire<\/li>\n<\/ul>\n<p><strong>La cr\u00e8me anti-douleur est utilis\u00e9e pour :<\/strong><\/p>\n<ul>\n<li>Soulagement de la douleur<\/li>\n<li>Diminuer l&#039;inflammation<\/li>\n<li>Arthrite<\/li>\n<li>Soins des plaies<\/li>\n<li>Ecz\u00e9ma<\/li>\n<li>Acn\u00e9<\/li>\n<li>Dermatite<\/li>\n<li>Psoriasis<\/li>\n<\/ul>\n<\/div>\n<\/div>\n<p>Le suppl\u00e9ment actif ASTR B aide \u00e0 soutenir le m\u00e9tabolisme des glucides, le fonctionnement du syst\u00e8me nerveux\/surr\u00e9nalien\/immunitaire, la sant\u00e9 cardiovasculaire, ainsi que le fonctionnement mental et l&#039;humeur sains. B Active contient tout le spectre des vitamines B ; les formes activ\u00e9es de B2, B6 et B12\u00a0; et folate.*<\/p>\n<div class=\"page\" title=\"Page 1\">\n<div class=\"section\">\n<div class=\"layoutArea\">\n<div class=\"column\">\n<p>&nbsp;<\/p>\n<\/div>\n<\/div>\n<\/div>\n<\/div>\n<p style=\"text-align: center;\"><span style=\"font-size: 8pt; color: #333333;\">*Ces d\u00e9clarations n&#039;ont pas \u00e9t\u00e9 \u00e9valu\u00e9es par la Food and Drug Administration. Ce produit n&#039;est pas destin\u00e9 \u00e0 diagnostiquer, traiter, gu\u00e9rir ou pr\u00e9venir toute maladie.\u00a0<\/span><\/p>","protected":false},"excerpt":{"rendered":"<p>Programme \u00e9tape par \u00e9tape comprenant des conseils, un plan nutritionnel, des recettes, des listes de courses et des suppl\u00e9ments qui vous aideront \u00e0 traiter la source de vos probl\u00e8mes de sant\u00e9 sous-jacents.<\/p>","protected":false},"featured_media":36737,"template":"","meta":{"_analytify_skip_tracking":false},"product_brand":[],"product_cat":[1782],"product_tag":[2321,2322,2323,2324],"woo-feed-brand":[],"class_list":{"0":"post-29259","1":"product","2":"type-product","3":"status-publish","4":"has-post-thumbnail","6":"product_cat-health-supplement-kits","7":"product_tag-hair","8":"product_tag-skin-nail-health","9":"product_tag-skin-nail-supplements","10":"product_tag-skin-nail-vitmains","11":"product_shipping_class-regular-shipping","13":"first","14":"instock","15":"sale","16":"taxable","17":"shipping-taxable","18":"purchasable","19":"product-type-simple"},"exclude_global_add_ons":false,"addons":[{"name":"Pain Relief Cream for skin & nail health","type":"checkbox","position":0,"required":true,"title_format":"heading","default":"","description_enable":false,"description":"","placeholder_enable":false,"placeholder":"","display":"select","restrictions_type":"any_text","adjust_price":false,"price":"","price_type":"flat_fee","restrictions":false,"min":"0","max":"0","options":[{"label":"Yes (save $10)","price":"39","price_type":"flat_fee","image":0,"visibility":true},{"label":"No","price":"","price_type":"flat_fee","image":0,"visibility":true}],"id":1723734336},{"name":"Do you own our tool kit? (A1, A2, A3, A4 & A5)","type":"multiple_choice","position":0,"required":true,"title_format":"heading","default":"","description_enable":false,"description":"","placeholder_enable":false,"placeholder":"","display":"radiobutton","restrictions_type":"any_text","adjust_price":false,"price":"","price_type":"flat_fee","restrictions":false,"min":"0","max":"0","options":[{"label":"Yes","price":"0","price_type":"flat_fee","image":0,"visibility":true},{"label":"No","price":"399","price_type":"flat_fee","image":0,"visibility":true}]}],"_links":{"self":[{"href":"https:\/\/advancedsofttissuerelease.com\/fr\/wp-json\/wp\/v2\/product\/29259","targetHints":{"allow":["GET"]}}],"collection":[{"href":"https:\/\/advancedsofttissuerelease.com\/fr\/wp-json\/wp\/v2\/product"}],"about":[{"href":"https:\/\/advancedsofttissuerelease.com\/fr\/wp-json\/wp\/v2\/types\/product"}],"version-history":[{"count":0,"href":"https:\/\/advancedsofttissuerelease.com\/fr\/wp-json\/wp\/v2\/product\/29259\/revisions"}],"wp:featuredmedia":[{"embeddable":true,"href":"https:\/\/advancedsofttissuerelease.com\/fr\/wp-json\/wp\/v2\/media\/36737"}],"wp:attachment":[{"href":"https:\/\/advancedsofttissuerelease.com\/fr\/wp-json\/wp\/v2\/media?parent=29259"}],"wp:term":[{"taxonomy":"product_brand","embeddable":true,"href":"https:\/\/advancedsofttissuerelease.com\/fr\/wp-json\/wp\/v2\/product_brand?post=29259"},{"taxonomy":"product_cat","embeddable":true,"href":"https:\/\/advancedsofttissuerelease.com\/fr\/wp-json\/wp\/v2\/product_cat?post=29259"},{"taxonomy":"product_tag","embeddable":true,"href":"https:\/\/advancedsofttissuerelease.com\/fr\/wp-json\/wp\/v2\/product_tag?post=29259"},{"taxonomy":"woo-feed-brand","embeddable":true,"href":"https:\/\/advancedsofttissuerelease.com\/fr\/wp-json\/wp\/v2\/woo-feed-brand?post=29259"}],"curies":[{"name":"wp","href":"https:\/\/api.w.org\/{rel}","templated":true}]}}