{"id":3058,"date":"2019-03-07T22:19:07","date_gmt":"2019-03-08T06:19:07","guid":{"rendered":"https:\/\/advancedsofttissuerelease.com\/?post_type=product&#038;p=3058"},"modified":"2024-11-06T21:33:22","modified_gmt":"2024-11-07T02:33:22","slug":"enzymes-2","status":"publish","type":"product","link":"https:\/\/advancedsofttissuerelease.com\/fr\/product\/enzymes\/","title":{"rendered":"Enzymes"},"content":{"rendered":"<h1>Enzymes<\/h1>\n<ul>\n<li>Favorise une digestion saine des macronutriments<\/li>\n<li>Am\u00e9liore l&#039;absorption des nutriments<\/li>\n<li>Prend en charge la d\u00e9gradation des polysaccharides<\/li>\n<li>Soutient le fonctionnement pancr\u00e9atique<\/li>\n<li>Favorise la d\u00e9gradation du lactose<\/li>\n<\/ul>\n<p>Les suppl\u00e9ments d&#039;enzymes ASTR favorisent \u00e0 la fois une digestion saine et l&#039;absorption des macronutriments. Enzymes est con\u00e7u pour faciliter la digestion des graisses, des prot\u00e9ines, des glucides, des fibres et du lactose. ASTR a cr\u00e9\u00e9 des enzymes en utilisant une myriade d&#039;enzymes digestives cl\u00e9s diff\u00e9rentes afin de fonctionner dans une large plage de pH.*<\/p>\n<p><strong>NE CONTIENT PAS:<\/strong>\u00a0 gluten, colorants artificiels, conservateurs artificiels ou \u00e9dulcorants artificiels.<\/p>\n<p style=\"text-align: center;\"><span style=\"font-size: 8pt;\">*Ces d\u00e9clarations n&#039;ont pas \u00e9t\u00e9 \u00e9valu\u00e9es par la Food and Drug Administration. Ce produit n&#039;est pas destin\u00e9 \u00e0 diagnostiquer, traiter, gu\u00e9rir ou pr\u00e9venir toute maladie.\u00a0<\/span><\/p>","protected":false},"excerpt":{"rendered":"<p>Enzymes Supports healthy digestion of macronutrients Enhances nutrient absorption Supports the breakdown of polysaccharides Supports pancreatic functioning Supports the breakdown of lactose The ASTR Enzymes Supplements supports both healthy digestion and absorption of macronutrients. Enzymes is designed to assist the digestion of fat, protein, carbohydrate, fiber, and lactose. ASTR created Enzymes using a myriad of [&hellip;]<\/p>\n","protected":false},"featured_media":10312,"template":"","meta":{"_analytify_skip_tracking":false},"product_brand":[],"product_cat":[515],"product_tag":[646,521,645,2209,644,648],"woo-feed-brand":[],"class_list":{"0":"post-3058","1":"product","2":"type-product","3":"status-publish","4":"has-post-thumbnail","6":"product_cat-supplements","7":"product_tag-absorption","8":"product_tag-astr-supplement","9":"product_tag-digestion","10":"product_tag-digestive-enzymes","11":"product_tag-enzymes","12":"product_tag-ph","13":"product_shipping_class-regular-shipping","15":"first","16":"instock","17":"taxable","18":"shipping-taxable","19":"purchasable","20":"product-type-variable-subscription"},"exclude_global_add_ons":[],"addons":[],"_links":{"self":[{"href":"https:\/\/advancedsofttissuerelease.com\/fr\/wp-json\/wp\/v2\/product\/3058","targetHints":{"allow":["GET"]}}],"collection":[{"href":"https:\/\/advancedsofttissuerelease.com\/fr\/wp-json\/wp\/v2\/product"}],"about":[{"href":"https:\/\/advancedsofttissuerelease.com\/fr\/wp-json\/wp\/v2\/types\/product"}],"version-history":[{"count":0,"href":"https:\/\/advancedsofttissuerelease.com\/fr\/wp-json\/wp\/v2\/product\/3058\/revisions"}],"wp:featuredmedia":[{"embeddable":true,"href":"https:\/\/advancedsofttissuerelease.com\/fr\/wp-json\/wp\/v2\/media\/10312"}],"wp:attachment":[{"href":"https:\/\/advancedsofttissuerelease.com\/fr\/wp-json\/wp\/v2\/media?parent=3058"}],"wp:term":[{"taxonomy":"product_brand","embeddable":true,"href":"https:\/\/advancedsofttissuerelease.com\/fr\/wp-json\/wp\/v2\/product_brand?post=3058"},{"taxonomy":"product_cat","embeddable":true,"href":"https:\/\/advancedsofttissuerelease.com\/fr\/wp-json\/wp\/v2\/product_cat?post=3058"},{"taxonomy":"product_tag","embeddable":true,"href":"https:\/\/advancedsofttissuerelease.com\/fr\/wp-json\/wp\/v2\/product_tag?post=3058"},{"taxonomy":"woo-feed-brand","embeddable":true,"href":"https:\/\/advancedsofttissuerelease.com\/fr\/wp-json\/wp\/v2\/woo-feed-brand?post=3058"}],"curies":[{"name":"wp","href":"https:\/\/api.w.org\/{rel}","templated":true}]}}