{"id":42079,"date":"2023-02-25T13:02:07","date_gmt":"2023-02-25T20:02:07","guid":{"rendered":"https:\/\/advancedsofttissuerelease.com\/?post_type=product&#038;p=42079"},"modified":"2025-09-23T20:07:39","modified_gmt":"2025-09-24T00:07:39","slug":"programme-lean-3","status":"publish","type":"product","link":"https:\/\/advancedsofttissuerelease.com\/fr\/product\/period-menstrual-pain-relief-kit\/","title":{"rendered":"Period Pain Relief Kit"},"content":{"rendered":"<div dir=\"ltr\">\n<h1>Period Pain Relief Kit<\/h1>\n<p><span class=\"\" style=\"color: #333333;\">ASTR\u2019s Period\/ menstrual pain relief Program is an up to date, scientific approach based on hundreds of studies focused on the best way to relief period pain naturally utilizing supplementation, diet and behavior modification. This is a step-by-step dietary plan that includes creating a shopping list, recipe samples, self-care recipes, video instructions on how to implement the program and a step by step manual.<\/span><\/p>\n<\/div>\n<h2><span class=\"\" style=\"font-size: 12pt; color: #333333;\"><b class=\"\">Which conditions\/patients would benefit most from ASTR\u2019s period pain relief?<\/b><\/span><\/h2>\n<ul>\n<li>Period \/ menstrual cramps<\/li>\n<li>Period symptoms relief<\/li>\n<li>Menstrual pain relief<\/li>\n<\/ul>\n<p><span style=\"color: #333333;\"><b>Ce qui est inclu:<\/b><\/span><\/p>\n<ul>\n<li><span style=\"color: #333333;\">Vid\u00e9o d&#039;instructions<\/span><\/li>\n<li><span style=\"color: #333333;\">ASTR diet<\/span><\/li>\n<li><span style=\"color: #333333;\">Exemples de recettes<span class=\"Apple-converted-space\">\u00a0<\/span><\/span><\/li>\n<li><span style=\"color: #333333;\">Plans de repas<\/span><\/li>\n<li><span style=\"color: #333333;\">Suppl\u00e9ments<\/span>\n<ul>\n<li><span style=\"color: #333333;\">Joint &amp; Muscle Repair<\/span><\/li>\n<li>Magn\u00e9sium actif<\/li>\n<\/ul>\n<\/li>\n<\/ul>\n<p><span style=\"color: #333333;\"><b>Suppl\u00e9ments\u00a0:<span class=\"Apple-converted-space\">\u00a0<\/span><\/b><\/span><\/p>\n<p><a href=\"https:\/\/advancedsofttissuerelease.com\/fr\/produit\/infla-facilite-3\/\"><strong>Joint &amp; Muscle Repair Pack &gt;<\/strong><\/a><\/p>\n<ul>\n<li>Supports joint &amp; muscle repair<\/li>\n<li>Soutient une r\u00e9ponse inflammatoire saine<\/li>\n<li>Am\u00e9liorer la sant\u00e9 musculo-squelettique<\/li>\n<li>B\u00e9n\u00e9ficie de la sant\u00e9 des articulations<\/li>\n<li>Stimule le mouvement articulaire<\/li>\n<li>Stimule la fonction physique<\/li>\n<li>Am\u00e9liore le temps de r\u00e9cup\u00e9ration de l&#039;entra\u00eenement<\/li>\n<\/ul>\n<p><a href=\"https:\/\/advancedsofttissuerelease.com\/fr\/produit\/magnesium-actif\/\"><strong>Magn\u00e9sium Actif &gt;<\/strong><\/a><\/p>\n<ul>\n<li>Fournit 3 formes de magn\u00e9sium hautement absorb\u00e9<\/li>\n<li>Magn\u00e9sium \u00e0 haute concentration pour le soutien cardiovasculaire<\/li>\n<li>Le magn\u00e9sium joue un r\u00f4le vital dans des centaines d&#039;activit\u00e9s m\u00e9taboliques<\/li>\n<li>Aide \u00e0 maintenir une tension art\u00e9rielle saine<\/li>\n<li>Aide \u00e0 maintenir une glyc\u00e9mie saine<\/li>\n<li>Favorise la production d&#039;\u00e9nergie<\/li>\n<li>Favorise la relaxation musculaire<\/li>\n<li>Soutient la fonction musculaire<\/li>\n<li>Soutenir la fonction nerveuse<\/li>\n<\/ul>\n<p>&nbsp;<\/p>\n<p style=\"text-align: center;\"><span style=\"color: #333333; font-size: 8pt;\">Ces d\u00e9clarations n&#039;ont pas \u00e9t\u00e9 \u00e9valu\u00e9es par la Food and Drug Administration. Ce produit n&#039;est pas destin\u00e9 \u00e0 diagnostiquer, traiter, gu\u00e9rir ou pr\u00e9venir toute maladie.<\/span><\/p>","protected":false},"excerpt":{"rendered":"<p><span class=\"\">Step-by-step program including \u00a0support tips,\u00a0<\/span><span class=\"\">r\u00e9gime alimentaire, <\/span><span class=\"\">des recettes, des listes de courses et des suppl\u00e9ments qui vous aideront \u00e0 traiter la source de vos probl\u00e8mes de sant\u00e9 sous-jacents.<\/span><\/p>","protected":false},"featured_media":42082,"template":"","meta":{"_analytify_skip_tracking":false},"product_brand":[],"product_cat":[1782],"product_tag":[2371,2373,2372,2370],"woo-feed-brand":[],"class_list":{"0":"post-42079","1":"product","2":"type-product","3":"status-publish","4":"has-post-thumbnail","6":"product_cat-health-supplement-kits","7":"product_tag-menstrual-pain-relief","8":"product_tag-natural-period-pain-relief","9":"product_tag-period-cramps-relief","10":"product_tag-period-pain-relief","11":"product_shipping_class-regular-shipping","13":"first","14":"instock","15":"sale","16":"featured","17":"taxable","18":"shipping-taxable","19":"purchasable","20":"product-type-simple"},"exclude_global_add_ons":[],"addons":[],"_links":{"self":[{"href":"https:\/\/advancedsofttissuerelease.com\/fr\/wp-json\/wp\/v2\/product\/42079","targetHints":{"allow":["GET"]}}],"collection":[{"href":"https:\/\/advancedsofttissuerelease.com\/fr\/wp-json\/wp\/v2\/product"}],"about":[{"href":"https:\/\/advancedsofttissuerelease.com\/fr\/wp-json\/wp\/v2\/types\/product"}],"version-history":[{"count":0,"href":"https:\/\/advancedsofttissuerelease.com\/fr\/wp-json\/wp\/v2\/product\/42079\/revisions"}],"wp:featuredmedia":[{"embeddable":true,"href":"https:\/\/advancedsofttissuerelease.com\/fr\/wp-json\/wp\/v2\/media\/42082"}],"wp:attachment":[{"href":"https:\/\/advancedsofttissuerelease.com\/fr\/wp-json\/wp\/v2\/media?parent=42079"}],"wp:term":[{"taxonomy":"product_brand","embeddable":true,"href":"https:\/\/advancedsofttissuerelease.com\/fr\/wp-json\/wp\/v2\/product_brand?post=42079"},{"taxonomy":"product_cat","embeddable":true,"href":"https:\/\/advancedsofttissuerelease.com\/fr\/wp-json\/wp\/v2\/product_cat?post=42079"},{"taxonomy":"product_tag","embeddable":true,"href":"https:\/\/advancedsofttissuerelease.com\/fr\/wp-json\/wp\/v2\/product_tag?post=42079"},{"taxonomy":"woo-feed-brand","embeddable":true,"href":"https:\/\/advancedsofttissuerelease.com\/fr\/wp-json\/wp\/v2\/woo-feed-brand?post=42079"}],"curies":[{"name":"wp","href":"https:\/\/api.w.org\/{rel}","templated":true}]}}