{"id":4733,"date":"2019-06-12T11:34:29","date_gmt":"2019-06-12T17:34:29","guid":{"rendered":"https:\/\/advancedsofttissuerelease.com\/?post_type=product&#038;p=4733"},"modified":"2025-09-23T20:47:35","modified_gmt":"2025-09-24T00:47:35","slug":"programme-lean-2","status":"publish","type":"product","link":"https:\/\/advancedsofttissuerelease.com\/fr\/product\/lean-program\/","title":{"rendered":"Programme Lean et suppl\u00e9ments"},"content":{"rendered":"<div dir=\"ltr\">\n<h1><strong><span class=\"\" style=\"font-size: 12pt; color: #333333;\">Programme Lean et Suppl\u00e9ments<\/span><\/strong><\/h1>\n<p><span class=\"\" style=\"color: #333333;\">Le programme Lean d&#039;ASTR est une approche scientifique \u00e0 jour bas\u00e9e sur des centaines d&#039;\u00e9tudes ax\u00e9es sur la meilleure fa\u00e7on de perdre du poids gr\u00e2ce \u00e0 la suppl\u00e9mentation, \u00e0 l&#039;alimentation et \u00e0 la modification du comportement. Il s&#039;agit d&#039;un plan di\u00e9t\u00e9tique \u00e9tape par \u00e9tape qui comprend la cr\u00e9ation d&#039;une liste de courses, des exemples de recettes, des recettes d&#039;auto-soins, des instructions vid\u00e9o sur la fa\u00e7on de mettre en \u0153uvre le programme maigre et un manuel \u00e9tape par \u00e9tape.<\/span><\/p>\n<\/div>\n<h2><span class=\"\" style=\"font-size: 12pt; color: #333333;\"><b class=\"\">Quelles conditions\/patients b\u00e9n\u00e9ficieraient le plus du programme Lean d&#039;ASTR\u00a0?<\/b><\/span><\/h2>\n<ul>\n<li><span class=\"\" style=\"color: #333333;\">Diab\u00e9tique\/pr\u00e9-diab\u00e9tique\/r\u00e9sistant \u00e0 l&#039;insuline<\/span><\/li>\n<li><span class=\"\" style=\"color: #333333;\">Fatigue chronique\/ manque d&#039;\u00e9nergie<\/span><\/li>\n<li><span class=\"\" style=\"color: #333333;\">Surpoids<\/span><\/li>\n<li><span class=\"\" style=\"color: #333333;\">Hypertension art\u00e9rielle<\/span><\/li>\n<li><span class=\"\" style=\"color: #333333;\">Niveaux \u00e9lev\u00e9s de triglyc\u00e9rides<\/span><\/li>\n<li><span class=\"\" style=\"color: #333333;\">Taux de cholest\u00e9rol \u00e9lev\u00e9<\/span><\/li>\n<li><span style=\"color: #333333;\">Syndrome X<\/span><\/li>\n<\/ul>\n<p><span style=\"color: #333333;\"><b>Ce qui est inclu:<\/b><\/span><\/p>\n<ul>\n<li><span style=\"color: #333333;\">Vid\u00e9o d&#039;instructions<\/span><\/li>\n<li><span style=\"color: #333333;\">Exemples de recettes<span class=\"Apple-converted-space\">\u00a0<\/span><\/span><\/li>\n<li><span style=\"color: #333333;\">Plans de repas<\/span><\/li>\n<li><span style=\"color: #333333;\">Manuel maigre ASTR<\/span><\/li>\n<li><span style=\"color: #333333;\">Suppl\u00e9ments<\/span>\n<ul>\n<li><span style=\"color: #333333;\">Collag\u00e8ne actif<\/span><\/li>\n<li><span style=\"color: #333333;\">B-actif<\/span><\/li>\n<li><span style=\"color: #333333;\">Iode Actif<\/span><\/li>\n<li><span style=\"color: #333333;\">Probiotique Max<\/span><\/li>\n<\/ul>\n<\/li>\n<\/ul>\n<p><span style=\"color: #333333;\"><b>Suppl\u00e9ments\u00a0:<span class=\"Apple-converted-space\">\u00a0<\/span><\/b><\/span><\/p>\n<p><a href=\"https:\/\/advancedsofttissuerelease.com\/fr\/produit\/collagene-actif-2\/\"><strong>Collag\u00e8ne Actif &gt;<\/strong><\/a><\/p>\n<ul>\n<li>Soutient le processus d&#039;auto-r\u00e9paration du cartilage<\/li>\n<li>Prend en charge le processus d&#039;auto-r\u00e9paration des tendons<\/li>\n<li>Soutient le processus d&#039;auto-r\u00e9paration ligamentaire<\/li>\n<li>Prend en charge le processus d&#039;auto-r\u00e9paration du fascia<\/li>\n<li>Soutient des cheveux sains<\/li>\n<li>Soutient une peau saine<\/li>\n<li>Soutient des ongles sains<\/li>\n<li>Prend en charge la lubrification des articulations<\/li>\n<li>Soutient l&#039;amortissement des articulations<\/li>\n<li>Favorise la biosynth\u00e8se du tissu conjonctif<\/li>\n<\/ul>\n<div class=\"page\" title=\"Page 1\">\n<div class=\"section\">\n<div class=\"layoutArea\">\n<div class=\"column\">\n<p>Le collag\u00e8ne est un \u00e9l\u00e9ment crucial de la peau, des cheveux, des ongles, des articulations et du tissu conjonctif. Collag\u00e8ne Contenu actif : vitamine c, magn\u00e9sium, collag\u00e8ne de type 1, acide hyaluronique, hydrolysat de g\u00e9latine. Le collag\u00e8ne actif soutient le fonctionnement sain du cartilage, des tendons, des ligaments, des fascias et des articulations.<\/p>\n<\/div>\n<\/div>\n<\/div>\n<\/div>\n<p><a href=\"https:\/\/advancedsofttissuerelease.com\/fr\/produit\/b-actif-2\/\"><strong>B Actif &gt;<\/strong><\/a><\/p>\n<ul>\n<li><span style=\"color: #333333;\">Soutient le m\u00e9tabolisme des glucides<\/span><\/li>\n<li><span style=\"color: #333333;\">Soutient le fonctionnement du syst\u00e8me nerveux<\/span><\/li>\n<li><span style=\"color: #333333;\">Prend en charge le fonctionnement du syst\u00e8me surr\u00e9nalien<\/span><\/li>\n<li><span style=\"color: #333333;\">Soutient le fonctionnement du syst\u00e8me immunitaire<\/span><\/li>\n<li><span style=\"color: #333333;\">Soutient la sant\u00e9 cardiovasculaire<\/span><\/li>\n<li><span style=\"color: #333333;\">Soutient une fonction mentale et une humeur saines<\/span><\/li>\n<\/ul>\n<p><span style=\"color: #333333;\">Le suppl\u00e9ment actif ASTR B aide \u00e0 soutenir le m\u00e9tabolisme des glucides, le fonctionnement du syst\u00e8me nerveux\/surr\u00e9nalien\/immunitaire, la sant\u00e9 cardiovasculaire, ainsi que le fonctionnement mental et l&#039;humeur sains. B Active contient tout le spectre des vitamines B ; les formes activ\u00e9es de B2, B6 et B12\u00a0; benfotiamine; et folate.*<\/span><\/p>\n<p><a href=\"https:\/\/advancedsofttissuerelease.com\/fr\/produit\/iode-actif-2\/\"><strong>Iode Actif &gt;<\/strong><\/a><\/p>\n<ul>\n<li>Soutient la sant\u00e9 de la thyro\u00efde<\/li>\n<li>Aide \u00e0 maintenir un tissu mammaire sain<\/li>\n<li>Soutient la synth\u00e8se saine des hormones thyro\u00efdiennes<\/li>\n<li>R\u00e9duire le stress oxydatif<\/li>\n<li>Soutient des yeux sains<\/li>\n<li>Soutient le syst\u00e8me immunitaire<\/li>\n<li>Prend en charge le processus de d\u00e9sintoxication<\/li>\n<li>Soutient une muqueuse gastro-intestinale saine<\/li>\n<li>Antioxydant<\/li>\n<\/ul>\n<p><a href=\"https:\/\/advancedsofttissuerelease.com\/fr\/produit\/probiotique-max-2\/\"><strong>Probiotic Max \u2013 18 souches&gt;<\/strong><\/a><\/p>\n<ul>\n<li><span style=\"color: #333333;\">Soutient un microbiote sain<\/span><\/li>\n<li><span style=\"color: #333333;\">Soutient la r\u00e9ponse immunitaire naturelle<\/span><\/li>\n<li><span style=\"color: #333333;\">Favorise la digestion du lactose<\/span><\/li>\n<li><span style=\"color: #333333;\">Soutient la r\u00e9gularit\u00e9 intestinale<\/span><\/li>\n<li><span style=\"color: #333333;\">Soutient un microbiome intestinal sain<\/span><\/li>\n<li><span style=\"color: #333333;\">S\u00e9lectionn\u00e9 pour sa viabilit\u00e9 et sa stabilit\u00e9<\/span><\/li>\n<\/ul>\n<p><span style=\"color: #333333;\">Le suppl\u00e9ment ASTR Probiotic Max soutient un microbiote sain, la r\u00e9ponse immunitaire naturelle, la digestion du lactose et la r\u00e9gularit\u00e9 intestinale. Probiotic Max Strain contient diverses souches probiotiques pour soutenir un microbiome intestinal sain. Ces souches ont \u00e9t\u00e9 s\u00e9lectionn\u00e9es non seulement pour leurs bienfaits pour la sant\u00e9 et leurs actions compl\u00e9mentaires, mais aussi pour leur viabilit\u00e9 et leur stabilit\u00e9. Pour prot\u00e9ger les bact\u00e9ries de la lumi\u00e8re et de l&#039;humidit\u00e9, des emballages opaques et doubl\u00e9s d&#039;aluminium sont utilis\u00e9s pour les deux formules.*<\/span><\/p>\n<p style=\"text-align: center;\"><span style=\"color: #333333; font-size: 8pt;\">Ces d\u00e9clarations n&#039;ont pas \u00e9t\u00e9 \u00e9valu\u00e9es par la Food and Drug Administration. Ce produit n&#039;est pas destin\u00e9 \u00e0 diagnostiquer, traiter, gu\u00e9rir ou pr\u00e9venir toute maladie.<\/span><\/p>","protected":false},"excerpt":{"rendered":"<p><span class=\"\">Programme \u00e9tape par \u00e9tape comprenant des conseils de support Lean,\u00a0<\/span><span class=\"\">r\u00e9gime alimentaire, <\/span><span class=\"\">des recettes, des listes de courses et des suppl\u00e9ments qui vous aideront \u00e0 traiter la source de vos probl\u00e8mes de sant\u00e9 sous-jacents.<\/span><\/p>","protected":false},"featured_media":44089,"template":"","meta":{"_analytify_skip_tracking":false},"product_brand":[],"product_cat":[1782],"product_tag":[1247,1246,1938,1939],"woo-feed-brand":[],"class_list":{"0":"post-4733","1":"product","2":"type-product","3":"status-publish","4":"has-post-thumbnail","6":"product_cat-health-supplement-kits","7":"product_tag-lean-program","8":"product_tag-weight-loss","9":"product_tag-weight-loss-supplements","10":"product_tag-weight-management-program","11":"product_shipping_class-regular-shipping","13":"first","14":"instock","15":"sale","16":"featured","17":"taxable","18":"shipping-taxable","19":"purchasable","20":"product-type-simple"},"exclude_global_add_ons":[],"addons":[],"_links":{"self":[{"href":"https:\/\/advancedsofttissuerelease.com\/fr\/wp-json\/wp\/v2\/product\/4733","targetHints":{"allow":["GET"]}}],"collection":[{"href":"https:\/\/advancedsofttissuerelease.com\/fr\/wp-json\/wp\/v2\/product"}],"about":[{"href":"https:\/\/advancedsofttissuerelease.com\/fr\/wp-json\/wp\/v2\/types\/product"}],"version-history":[{"count":0,"href":"https:\/\/advancedsofttissuerelease.com\/fr\/wp-json\/wp\/v2\/product\/4733\/revisions"}],"wp:featuredmedia":[{"embeddable":true,"href":"https:\/\/advancedsofttissuerelease.com\/fr\/wp-json\/wp\/v2\/media\/44089"}],"wp:attachment":[{"href":"https:\/\/advancedsofttissuerelease.com\/fr\/wp-json\/wp\/v2\/media?parent=4733"}],"wp:term":[{"taxonomy":"product_brand","embeddable":true,"href":"https:\/\/advancedsofttissuerelease.com\/fr\/wp-json\/wp\/v2\/product_brand?post=4733"},{"taxonomy":"product_cat","embeddable":true,"href":"https:\/\/advancedsofttissuerelease.com\/fr\/wp-json\/wp\/v2\/product_cat?post=4733"},{"taxonomy":"product_tag","embeddable":true,"href":"https:\/\/advancedsofttissuerelease.com\/fr\/wp-json\/wp\/v2\/product_tag?post=4733"},{"taxonomy":"woo-feed-brand","embeddable":true,"href":"https:\/\/advancedsofttissuerelease.com\/fr\/wp-json\/wp\/v2\/woo-feed-brand?post=4733"}],"curies":[{"name":"wp","href":"https:\/\/api.w.org\/{rel}","templated":true}]}}