{"id":5296,"date":"2019-08-05T15:50:29","date_gmt":"2019-08-05T22:50:29","guid":{"rendered":"https:\/\/advancedsofttissuerelease.com\/?post_type=product&#038;p=5296"},"modified":"2024-11-06T19:51:47","modified_gmt":"2024-11-07T00:51:47","slug":"magnesium-actif","status":"publish","type":"product","link":"https:\/\/advancedsofttissuerelease.com\/fr\/product\/magnesium-active\/","title":{"rendered":"Magn\u00e9sium actif"},"content":{"rendered":"<h1>Magn\u00e9sium actif<\/h1>\n<ul>\n<li>Fournit 3 formes de magn\u00e9sium hautement absorb\u00e9<\/li>\n<li>Magn\u00e9sium \u00e0 haute concentration pour le soutien cardiovasculaire<\/li>\n<li>Le magn\u00e9sium joue un r\u00f4le vital dans des centaines d&#039;activit\u00e9s m\u00e9taboliques<\/li>\n<li>Aide \u00e0 maintenir une tension art\u00e9rielle saine<\/li>\n<li>Aide \u00e0 maintenir une glyc\u00e9mie saine<\/li>\n<li>Favorise la production d&#039;\u00e9nergie<\/li>\n<li>Favorise la relaxation musculaire<\/li>\n<li>Soutient la fonction musculaire<\/li>\n<li>Soutenir la fonction nerveuse<\/li>\n<\/ul>\n<p>&nbsp;<\/p>\n<p><strong>NE CONTIENT PAS\u00a0<\/strong>\u00a0colorants artificiels, \u00e9dulcorants artificiels ou conservateurs artificiels.<\/p>\n<p style=\"text-align: center;\"><span style=\"font-size: 8pt;\">*Ces d\u00e9clarations n&#039;ont pas \u00e9t\u00e9 \u00e9valu\u00e9es par la Food and Drug Administration. Ce produit n&#039;est pas destin\u00e9 \u00e0 diagnostiquer, traiter, gu\u00e9rir ou pr\u00e9venir toute maladie.\u00a0<\/span><\/p>","protected":false},"excerpt":{"rendered":"<p>Magnesium Active Provides 3 forms of highly-absorbed magnesium High-concentration magnesium for cardiovascular support Magnesium plays vital role in hundreds of metabolic activities Help maintain healthy blood pressure Helps maintain healthy glucose levels Promotes energy production Promotes muscle relaxation Supports muscle function Support nerve function &nbsp; DOES NOT CONTAIN\u00a0\u00a0artificial colors, artificial sweeteners, or artificial preservatives. *These [&hellip;]<\/p>\n","protected":false},"featured_media":9619,"template":"","meta":{"_analytify_skip_tracking":false},"product_brand":[],"product_cat":[515],"product_tag":[521,1329,1330,1331],"woo-feed-brand":[],"class_list":{"0":"post-5296","1":"product","2":"type-product","3":"status-publish","4":"has-post-thumbnail","6":"product_cat-supplements","7":"product_tag-astr-supplement","8":"product_tag-magnesium","9":"product_tag-mineral","10":"product_tag-support-bowel-movement","11":"product_shipping_class-regular-shipping","13":"first","14":"instock","15":"taxable","16":"shipping-taxable","17":"purchasable","18":"product-type-variable-subscription"},"exclude_global_add_ons":[],"addons":[],"_links":{"self":[{"href":"https:\/\/advancedsofttissuerelease.com\/fr\/wp-json\/wp\/v2\/product\/5296","targetHints":{"allow":["GET"]}}],"collection":[{"href":"https:\/\/advancedsofttissuerelease.com\/fr\/wp-json\/wp\/v2\/product"}],"about":[{"href":"https:\/\/advancedsofttissuerelease.com\/fr\/wp-json\/wp\/v2\/types\/product"}],"version-history":[{"count":0,"href":"https:\/\/advancedsofttissuerelease.com\/fr\/wp-json\/wp\/v2\/product\/5296\/revisions"}],"wp:featuredmedia":[{"embeddable":true,"href":"https:\/\/advancedsofttissuerelease.com\/fr\/wp-json\/wp\/v2\/media\/9619"}],"wp:attachment":[{"href":"https:\/\/advancedsofttissuerelease.com\/fr\/wp-json\/wp\/v2\/media?parent=5296"}],"wp:term":[{"taxonomy":"product_brand","embeddable":true,"href":"https:\/\/advancedsofttissuerelease.com\/fr\/wp-json\/wp\/v2\/product_brand?post=5296"},{"taxonomy":"product_cat","embeddable":true,"href":"https:\/\/advancedsofttissuerelease.com\/fr\/wp-json\/wp\/v2\/product_cat?post=5296"},{"taxonomy":"product_tag","embeddable":true,"href":"https:\/\/advancedsofttissuerelease.com\/fr\/wp-json\/wp\/v2\/product_tag?post=5296"},{"taxonomy":"woo-feed-brand","embeddable":true,"href":"https:\/\/advancedsofttissuerelease.com\/fr\/wp-json\/wp\/v2\/woo-feed-brand?post=5296"}],"curies":[{"name":"wp","href":"https:\/\/api.w.org\/{rel}","templated":true}]}}