{"id":5987,"date":"2019-10-01T13:54:40","date_gmt":"2019-10-01T20:54:40","guid":{"rendered":"https:\/\/advancedsofttissuerelease.com\/?post_type=product&#038;p=5987"},"modified":"2024-11-06T12:11:22","modified_gmt":"2024-11-06T17:11:22","slug":"niacine-a-liberation-prolongee-2","status":"publish","type":"product","link":"https:\/\/advancedsofttissuerelease.com\/fr\/product\/niacin-active-time-release\/","title":{"rendered":"Niacin Active -Time Release"},"content":{"rendered":"<h1>Niacin Active &#8211; Time Release<\/h1>\n<ul>\n<li>Soutient des lipides sanguins sains<\/li>\n<li>Soutient le cholest\u00e9rol des lipoprot\u00e9ines de haute densit\u00e9 (HDL) pour la sant\u00e9<\/li>\n<li>Formule \u00e0 lib\u00e9ration prolong\u00e9e qui est compl\u00e8te en sept \u00e0 huit heures<\/li>\n<li>Prend en charge l&#039;\u00e9paisseur normale de l&#039;intima-m\u00e9dia carotidienne (CIMT)<\/li>\n<li>A un effet de rin\u00e7age moindre par rapport \u00e0 la niacine \u00e0 lib\u00e9ration instantan\u00e9e<\/li>\n<\/ul>\n<p><strong>NE CONTIENT PAS\u00a0<\/strong>Bl\u00e9, gluten, levure, soja, produits animaux ou laitiers, poisson, crustac\u00e9s, cacahu\u00e8tes, noix, \u0153uf, ingr\u00e9dients d\u00e9riv\u00e9s d&#039;organismes g\u00e9n\u00e9tiquement modifi\u00e9s (OGM), colorants artificiels, \u00e9dulcorants artificiels ou conservateurs artificiels.<\/p>\n<p style=\"text-align: center;\"><span style=\"font-size: 8pt;\">*Ces d\u00e9clarations n&#039;ont pas \u00e9t\u00e9 \u00e9valu\u00e9es par la Food and Drug Administration. Ce produit n&#039;est pas destin\u00e9 \u00e0 diagnostiquer, traiter, gu\u00e9rir ou pr\u00e9venir toute maladie.\u00a0<\/span><\/p>","protected":false},"excerpt":{"rendered":"<p>Niacin Active &#8211; Time Release Supports healthy blood lipids Supports health high-density liporprotein cholesterol (HDL) Time-release formula that is complete in seven to eight hours Supports normal carotid intima-media thickness (CIMT) Has lesser flushing effect compared with instant-release niacin DOES NOT CONTAIN\u00a0Wheat, gluten, yeast, soy, animal or dairy products, fish, shellfish, peanuts, tree nuts, egg, [&hellip;]<\/p>\n","protected":false},"featured_media":9772,"template":"","meta":{"_analytify_skip_tracking":false},"product_brand":[],"product_cat":[515],"product_tag":[521,536,1831,2206,1044],"woo-feed-brand":[],"class_list":{"0":"post-5987","1":"product","2":"type-product","3":"status-publish","4":"has-post-thumbnail","6":"product_cat-supplements","7":"product_tag-astr-supplement","8":"product_tag-cardiovascular-health","9":"product_tag-niacin","10":"product_tag-niacin-sustained-release","11":"product_tag-toxins","12":"product_shipping_class-regular-shipping","14":"first","15":"instock","16":"taxable","17":"shipping-taxable","18":"purchasable","19":"product-type-variable-subscription"},"exclude_global_add_ons":[],"addons":[],"_links":{"self":[{"href":"https:\/\/advancedsofttissuerelease.com\/fr\/wp-json\/wp\/v2\/product\/5987","targetHints":{"allow":["GET"]}}],"collection":[{"href":"https:\/\/advancedsofttissuerelease.com\/fr\/wp-json\/wp\/v2\/product"}],"about":[{"href":"https:\/\/advancedsofttissuerelease.com\/fr\/wp-json\/wp\/v2\/types\/product"}],"version-history":[{"count":0,"href":"https:\/\/advancedsofttissuerelease.com\/fr\/wp-json\/wp\/v2\/product\/5987\/revisions"}],"wp:featuredmedia":[{"embeddable":true,"href":"https:\/\/advancedsofttissuerelease.com\/fr\/wp-json\/wp\/v2\/media\/9772"}],"wp:attachment":[{"href":"https:\/\/advancedsofttissuerelease.com\/fr\/wp-json\/wp\/v2\/media?parent=5987"}],"wp:term":[{"taxonomy":"product_brand","embeddable":true,"href":"https:\/\/advancedsofttissuerelease.com\/fr\/wp-json\/wp\/v2\/product_brand?post=5987"},{"taxonomy":"product_cat","embeddable":true,"href":"https:\/\/advancedsofttissuerelease.com\/fr\/wp-json\/wp\/v2\/product_cat?post=5987"},{"taxonomy":"product_tag","embeddable":true,"href":"https:\/\/advancedsofttissuerelease.com\/fr\/wp-json\/wp\/v2\/product_tag?post=5987"},{"taxonomy":"woo-feed-brand","embeddable":true,"href":"https:\/\/advancedsofttissuerelease.com\/fr\/wp-json\/wp\/v2\/woo-feed-brand?post=5987"}],"curies":[{"name":"wp","href":"https:\/\/api.w.org\/{rel}","templated":true}]}}