{"id":6312,"date":"2019-10-16T14:44:47","date_gmt":"2019-10-16T21:44:47","guid":{"rendered":"https:\/\/advancedsofttissuerelease.com\/?post_type=product&#038;p=6312"},"modified":"2024-11-06T21:29:15","modified_gmt":"2024-11-07T02:29:15","slug":"infla-facilite-2","status":"publish","type":"product","link":"https:\/\/advancedsofttissuerelease.com\/fr\/product\/turmeric-active\/","title":{"rendered":"Turmeric Active"},"content":{"rendered":"<h1>Turmeric Active<\/h1>\n<ul>\n<li>Soutient une r\u00e9ponse inflammatoire saine<\/li>\n<li>Am\u00e9liorer la sant\u00e9 musculo-squelettique<\/li>\n<li>B\u00e9n\u00e9ficie de la sant\u00e9 des articulations<\/li>\n<li>Stimule le mouvement articulaire<\/li>\n<li>Stimule la fonction physique<\/li>\n<li>Am\u00e9liore le temps de r\u00e9cup\u00e9ration de l&#039;entra\u00eenement<\/li>\n<\/ul>\n<p>Turmeric Active contains highly potent ingredients to help decrease inflammation, such as turmeric root extract, vitamin C, rutin, bromelain, and quercetin.<\/p>\n<p><strong>NE CONTIENT PAS:\u00a0<\/strong>\u00a0colorants artificiels, \u00e9dulcorants artificiels ou conservateurs artificiels.<\/p>\n<p style=\"text-align: center;\"><span style=\"font-size: 8pt;\">*Ces d\u00e9clarations n&#039;ont pas \u00e9t\u00e9 \u00e9valu\u00e9es par la Food and Drug Administration. Ce produit n&#039;est pas destin\u00e9 \u00e0 diagnostiquer, traiter, gu\u00e9rir ou pr\u00e9venir toute maladie.\u00a0<\/span><\/p>","protected":false},"excerpt":{"rendered":"<p>Turmeric Active Supports a healthy inflammatory response Improve musculoskeletal health Boasts joint health Boosts joint movement Boosts physical function Enhances workout recovery time Turmeric Active contains highly potent ingredients to help decrease inflammation, such as turmeric root extract, vitamin C, rutin, bromelain, and quercetin. DOES NOT CONTAIN:\u00a0\u00a0artificial colors, artificial sweeteners, or artificial preservatives. *These statements [&hellip;]<\/p>\n","protected":false},"featured_media":6313,"template":"","meta":{"_analytify_skip_tracking":false},"product_brand":[],"product_cat":[515],"product_tag":[521,1410,1409,560,1411],"woo-feed-brand":[],"class_list":{"0":"post-6312","1":"product","2":"type-product","3":"status-publish","4":"has-post-thumbnail","6":"product_cat-supplements","7":"product_tag-astr-supplement","8":"product_tag-decrease-inflammation","9":"product_tag-healthy-inflammatory-response","10":"product_tag-joint-health","11":"product_tag-workout","12":"product_shipping_class-regular-shipping","14":"first","15":"instock","16":"taxable","17":"shipping-taxable","18":"purchasable","19":"product-type-variable-subscription"},"exclude_global_add_ons":[],"addons":[],"_links":{"self":[{"href":"https:\/\/advancedsofttissuerelease.com\/fr\/wp-json\/wp\/v2\/product\/6312","targetHints":{"allow":["GET"]}}],"collection":[{"href":"https:\/\/advancedsofttissuerelease.com\/fr\/wp-json\/wp\/v2\/product"}],"about":[{"href":"https:\/\/advancedsofttissuerelease.com\/fr\/wp-json\/wp\/v2\/types\/product"}],"version-history":[{"count":0,"href":"https:\/\/advancedsofttissuerelease.com\/fr\/wp-json\/wp\/v2\/product\/6312\/revisions"}],"wp:featuredmedia":[{"embeddable":true,"href":"https:\/\/advancedsofttissuerelease.com\/fr\/wp-json\/wp\/v2\/media\/6313"}],"wp:attachment":[{"href":"https:\/\/advancedsofttissuerelease.com\/fr\/wp-json\/wp\/v2\/media?parent=6312"}],"wp:term":[{"taxonomy":"product_brand","embeddable":true,"href":"https:\/\/advancedsofttissuerelease.com\/fr\/wp-json\/wp\/v2\/product_brand?post=6312"},{"taxonomy":"product_cat","embeddable":true,"href":"https:\/\/advancedsofttissuerelease.com\/fr\/wp-json\/wp\/v2\/product_cat?post=6312"},{"taxonomy":"product_tag","embeddable":true,"href":"https:\/\/advancedsofttissuerelease.com\/fr\/wp-json\/wp\/v2\/product_tag?post=6312"},{"taxonomy":"woo-feed-brand","embeddable":true,"href":"https:\/\/advancedsofttissuerelease.com\/fr\/wp-json\/wp\/v2\/woo-feed-brand?post=6312"}],"curies":[{"name":"wp","href":"https:\/\/api.w.org\/{rel}","templated":true}]}}