{"id":6334,"date":"2019-10-16T15:33:01","date_gmt":"2019-10-16T22:33:01","guid":{"rendered":"https:\/\/advancedsofttissuerelease.com\/?post_type=product&#038;p=6334"},"modified":"2024-11-06T21:26:30","modified_gmt":"2024-11-07T02:26:30","slug":"probiotique-max-2","status":"publish","type":"product","link":"https:\/\/advancedsofttissuerelease.com\/fr\/product\/probiotic-max\/","title":{"rendered":"Probiotique Max"},"content":{"rendered":"<h1>Probiotique Max<\/h1>\n<h2>18 souches<\/h2>\n<ul>\n<li>Soutient un microbiome intestinal sain<\/li>\n<li>Reconstitue les bonnes bact\u00e9ries dans l&#039;intestin<\/li>\n<li>Soutient la r\u00e9ponse immunitaire naturelle<\/li>\n<li>Favorise la digestion du lactose<\/li>\n<li>Soutient la r\u00e9gularit\u00e9 intestinale<\/li>\n<li>Favorise la digestion<\/li>\n<li>Favorise l&#039;absorption des micronutriments<\/li>\n<li>Augmente l&#039;IgA s\u00e9cr\u00e9toire pour une meilleure immunit\u00e9 intestinale<\/li>\n<li>S\u00e9lectionn\u00e9 pour sa viabilit\u00e9 et sa stabilit\u00e9<\/li>\n<\/ul>\n<div class=\"page\" title=\"Page 2\">\n<div class=\"layoutArea\">\n<div class=\"column\">\n<p>Probiotique max - 18 souches : contient un m\u00e9lange probiotique diversifi\u00e9 pour soutenir le microbiome intestinal sain, reconstitue les bonnes bact\u00e9ries dans l&#039;intestin, soutient le syst\u00e8me immunitaire, soutient la r\u00e9gularit\u00e9 intestinale, soutient la digestion. Probiotique max totalisant 45 milliards d&#039;UFC par dose. Livr\u00e9 en g\u00e9lules gastro-r\u00e9sistantes. Le conditionnement sous blister purg\u00e9 \u00e0 l&#039;azote assure en outre la viabilit\u00e9 de ces souches, qui ont \u00e9t\u00e9 s\u00e9lectionn\u00e9es non seulement pour leurs bienfaits pour la sant\u00e9 et leurs actions compl\u00e9mentaires, mais \u00e9galement pour leur viabilit\u00e9 et leur stabilit\u00e9.<\/p>\n<p><strong>Ne contient pas<\/strong>\u00a0colorants artificiels, \u00e9dulcorants artificiels ou conservateurs artificiels.<\/p>\n<\/div>\n<\/div>\n<\/div>\n<p style=\"text-align: center;\"><span style=\"font-size: 8pt;\">*Ces d\u00e9clarations n&#039;ont pas \u00e9t\u00e9 \u00e9valu\u00e9es par la Food and Drug Administration. Ce produit n&#039;est pas destin\u00e9 \u00e0 diagnostiquer, traiter, gu\u00e9rir ou pr\u00e9venir toute maladie.\u00a0<\/span><\/p>","protected":false},"excerpt":{"rendered":"<p><strong>18 souches<\/strong> (Nouvelle Forumle)<\/p>","protected":false},"featured_media":37347,"template":"","meta":{"_analytify_skip_tracking":false},"product_brand":[],"product_cat":[515],"product_tag":[521,1415,637,1054,1053,574],"woo-feed-brand":[],"class_list":{"0":"post-6334","1":"product","2":"type-product","3":"status-publish","4":"has-post-thumbnail","6":"product_cat-supplements","7":"product_tag-astr-supplement","8":"product_tag-bowel","9":"product_tag-immune","10":"product_tag-lactose","11":"product_tag-microbiota","12":"product_tag-probiotic","13":"product_shipping_class-regular-shipping","15":"first","16":"instock","17":"taxable","18":"shipping-taxable","19":"purchasable","20":"product-type-variable-subscription"},"exclude_global_add_ons":[],"addons":[],"_links":{"self":[{"href":"https:\/\/advancedsofttissuerelease.com\/fr\/wp-json\/wp\/v2\/product\/6334","targetHints":{"allow":["GET"]}}],"collection":[{"href":"https:\/\/advancedsofttissuerelease.com\/fr\/wp-json\/wp\/v2\/product"}],"about":[{"href":"https:\/\/advancedsofttissuerelease.com\/fr\/wp-json\/wp\/v2\/types\/product"}],"version-history":[{"count":0,"href":"https:\/\/advancedsofttissuerelease.com\/fr\/wp-json\/wp\/v2\/product\/6334\/revisions"}],"wp:featuredmedia":[{"embeddable":true,"href":"https:\/\/advancedsofttissuerelease.com\/fr\/wp-json\/wp\/v2\/media\/37347"}],"wp:attachment":[{"href":"https:\/\/advancedsofttissuerelease.com\/fr\/wp-json\/wp\/v2\/media?parent=6334"}],"wp:term":[{"taxonomy":"product_brand","embeddable":true,"href":"https:\/\/advancedsofttissuerelease.com\/fr\/wp-json\/wp\/v2\/product_brand?post=6334"},{"taxonomy":"product_cat","embeddable":true,"href":"https:\/\/advancedsofttissuerelease.com\/fr\/wp-json\/wp\/v2\/product_cat?post=6334"},{"taxonomy":"product_tag","embeddable":true,"href":"https:\/\/advancedsofttissuerelease.com\/fr\/wp-json\/wp\/v2\/product_tag?post=6334"},{"taxonomy":"woo-feed-brand","embeddable":true,"href":"https:\/\/advancedsofttissuerelease.com\/fr\/wp-json\/wp\/v2\/woo-feed-brand?post=6334"}],"curies":[{"name":"wp","href":"https:\/\/api.w.org\/{rel}","templated":true}]}}