{"id":7118,"date":"2019-11-26T14:11:50","date_gmt":"2019-11-26T22:11:50","guid":{"rendered":"https:\/\/advancedsofttissuerelease.com\/?post_type=product&#038;p=7118"},"modified":"2024-11-06T21:32:09","modified_gmt":"2024-11-07T02:32:09","slug":"gi-immunise-2","status":"publish","type":"product","link":"https:\/\/advancedsofttissuerelease.com\/fr\/product\/gi-immune\/","title":{"rendered":"GI et immunitaire"},"content":{"rendered":"<h1>GI et immunitaire<\/h1>\n<ul>\n<li>Favorise l&#039;\u00e9quilibre microbien<\/li>\n<li>Aide \u00e0 maintenir le confort gastro-intestinal<\/li>\n<li>Soutient un fonctionnement immunitaire sain<\/li>\n<li>Fournit des nutriments qui augmentent la protection antioxydante<\/li>\n<li>Am\u00e9liore la fonction immunitaire<\/li>\n<li>Soutient la r\u00e9ponse immunitaire naturelle<\/li>\n<\/ul>\n<div class=\"page\" title=\"Page 2\">\n<div class=\"layoutArea\">\n<div class=\"column\">\n<p><strong>Ne contient pas<\/strong>\u00a0 colorants artificiels, \u00e9dulcorants artificiels ou conservateurs artificiels.<\/p>\n<\/div>\n<\/div>\n<\/div>\n<p><em>*Ces d\u00e9clarations n&#039;ont pas \u00e9t\u00e9 \u00e9valu\u00e9es par la Food and Drug Administration. Ce produit n&#039;est pas destin\u00e9 \u00e0 diagnostiquer, traiter, gu\u00e9rir ou pr\u00e9venir toute maladie.\u00a0<\/em><\/p>","protected":false},"excerpt":{"rendered":"<p>GI &amp; Immune Promotes microbial balance Helps maintain gastrointestinal comfort Supports healthy immune functioning Provides nutrients that increase antioxidant protection Enhances immune function Supports the natural immune response Does Not Contain\u00a0 artificial colors, artificial sweeteners, or artificial preservatives. *These statements have not been evaluated by the Food and Drug Administration. \u00a0This product is not intended [&hellip;]<\/p>\n","protected":false},"featured_media":9790,"template":"","meta":{"_analytify_skip_tracking":false},"product_brand":[],"product_cat":[515],"product_tag":[521,1415,637,1054,1053,574],"woo-feed-brand":[],"class_list":{"0":"post-7118","1":"product","2":"type-product","3":"status-publish","4":"has-post-thumbnail","6":"product_cat-supplements","7":"product_tag-astr-supplement","8":"product_tag-bowel","9":"product_tag-immune","10":"product_tag-lactose","11":"product_tag-microbiota","12":"product_tag-probiotic","13":"product_shipping_class-regular-shipping","15":"first","16":"instock","17":"taxable","18":"shipping-taxable","19":"purchasable","20":"product-type-variable-subscription"},"exclude_global_add_ons":[],"addons":[],"_links":{"self":[{"href":"https:\/\/advancedsofttissuerelease.com\/fr\/wp-json\/wp\/v2\/product\/7118","targetHints":{"allow":["GET"]}}],"collection":[{"href":"https:\/\/advancedsofttissuerelease.com\/fr\/wp-json\/wp\/v2\/product"}],"about":[{"href":"https:\/\/advancedsofttissuerelease.com\/fr\/wp-json\/wp\/v2\/types\/product"}],"version-history":[{"count":0,"href":"https:\/\/advancedsofttissuerelease.com\/fr\/wp-json\/wp\/v2\/product\/7118\/revisions"}],"wp:featuredmedia":[{"embeddable":true,"href":"https:\/\/advancedsofttissuerelease.com\/fr\/wp-json\/wp\/v2\/media\/9790"}],"wp:attachment":[{"href":"https:\/\/advancedsofttissuerelease.com\/fr\/wp-json\/wp\/v2\/media?parent=7118"}],"wp:term":[{"taxonomy":"product_brand","embeddable":true,"href":"https:\/\/advancedsofttissuerelease.com\/fr\/wp-json\/wp\/v2\/product_brand?post=7118"},{"taxonomy":"product_cat","embeddable":true,"href":"https:\/\/advancedsofttissuerelease.com\/fr\/wp-json\/wp\/v2\/product_cat?post=7118"},{"taxonomy":"product_tag","embeddable":true,"href":"https:\/\/advancedsofttissuerelease.com\/fr\/wp-json\/wp\/v2\/product_tag?post=7118"},{"taxonomy":"woo-feed-brand","embeddable":true,"href":"https:\/\/advancedsofttissuerelease.com\/fr\/wp-json\/wp\/v2\/woo-feed-brand?post=7118"}],"curies":[{"name":"wp","href":"https:\/\/api.w.org\/{rel}","templated":true}]}}