{"id":8431,"date":"2019-12-24T09:22:46","date_gmt":"2019-12-24T17:22:46","guid":{"rendered":"https:\/\/advancedsofttissuerelease.com\/?post_type=product&#038;p=8431"},"modified":"2024-11-06T12:12:28","modified_gmt":"2024-11-06T17:12:28","slug":"zinc-actif-2","status":"publish","type":"product","link":"https:\/\/advancedsofttissuerelease.com\/fr\/product\/zinc-active\/","title":{"rendered":"Zinc actif"},"content":{"rendered":"<h1><span style=\"font-size: 12pt;\">Zinc actif<\/span><\/h1>\n<ul>\n<li>Soutient le syst\u00e8me immunitaire<\/li>\n<li>Soutient la fonction neurologique<\/li>\n<li>Soutient le m\u00e9tabolisme des nutriments<\/li>\n<li>Soutient la sant\u00e9 reproductive<\/li>\n<li>Soutient l&#039;\u00e9quilibre hormonal<\/li>\n<li>Soutenir la perception sensorielle<\/li>\n<li>Soutient l&#039;activit\u00e9 antioxydante<\/li>\n<li>Prend en charge les r\u00e9actions enzymatiques<\/li>\n<li>Soutient le m\u00e9tabolisme des prot\u00e9ines<\/li>\n<\/ul>\n<div class=\"page\" title=\"Page 2\">\n<div class=\"layoutArea\">\n<div class=\"column\">\n<div class=\"page\" title=\"Page 1\">\n<div class=\"section\">\n<div class=\"layoutArea\">\n<div class=\"column\">\n<p>&nbsp;<\/p>\n<\/div>\n<\/div>\n<\/div>\n<\/div>\n<p><strong>Ne contient pas<\/strong>\u00a0 Bl\u00e9, gluten, ma\u00efs, levure, soja, produits animaux ou laitiers, poisson, crustac\u00e9s, cacahu\u00e8tes, noix, \u0153uf, ingr\u00e9dients d\u00e9riv\u00e9s d&#039;organismes g\u00e9n\u00e9tiquement modifi\u00e9s (OGM), colorants artificiels, \u00e9dulcorants artificiels ou conservateurs artificiels.<\/p>\n<\/div>\n<\/div>\n<\/div>\n<p style=\"text-align: center;\"><span style=\"font-size: 8pt;\">*Ces d\u00e9clarations n&#039;ont pas \u00e9t\u00e9 \u00e9valu\u00e9es par la Food and Drug Administration. Ce produit n&#039;est pas destin\u00e9 \u00e0 diagnostiquer, traiter, gu\u00e9rir ou pr\u00e9venir toute maladie.\u00a0<\/span><\/p>","protected":false},"excerpt":{"rendered":"<p>Zinc Active Supports immune system Supports neurological function Supports nutrients metabolism Supports reproductive health Supports hormonal balance Support sensory perception Supports antioxidant activity Supports enzymatic reactions Supports protein metabolism &nbsp; Does Not Contain\u00a0 Wheat, gluten, corn, yeast, soy, animal or dairy products, fish, shellfish, peanuts, tree nuts, egg, ingredients derived from genetically modified organisms (GMOs), [&hellip;]<\/p>\n","protected":false},"featured_media":28588,"template":"","meta":{"_analytify_skip_tracking":false},"product_brand":[],"product_cat":[515],"product_tag":[629,521,1524,637,1525,1522,1523],"woo-feed-brand":[],"class_list":{"0":"post-8431","1":"product","2":"type-product","3":"status-publish","4":"has-post-thumbnail","6":"product_cat-supplements","7":"product_tag-antioxidant","8":"product_tag-astr-supplement","9":"product_tag-enzymatic-reactions","10":"product_tag-immune","11":"product_tag-protein-metabolism","12":"product_tag-reproductive","13":"product_tag-sensory","14":"product_shipping_class-regular-shipping","16":"first","17":"instock","18":"taxable","19":"shipping-taxable","20":"purchasable","21":"product-type-variable-subscription"},"exclude_global_add_ons":[],"addons":[],"_links":{"self":[{"href":"https:\/\/advancedsofttissuerelease.com\/fr\/wp-json\/wp\/v2\/product\/8431","targetHints":{"allow":["GET"]}}],"collection":[{"href":"https:\/\/advancedsofttissuerelease.com\/fr\/wp-json\/wp\/v2\/product"}],"about":[{"href":"https:\/\/advancedsofttissuerelease.com\/fr\/wp-json\/wp\/v2\/types\/product"}],"version-history":[{"count":0,"href":"https:\/\/advancedsofttissuerelease.com\/fr\/wp-json\/wp\/v2\/product\/8431\/revisions"}],"wp:featuredmedia":[{"embeddable":true,"href":"https:\/\/advancedsofttissuerelease.com\/fr\/wp-json\/wp\/v2\/media\/28588"}],"wp:attachment":[{"href":"https:\/\/advancedsofttissuerelease.com\/fr\/wp-json\/wp\/v2\/media?parent=8431"}],"wp:term":[{"taxonomy":"product_brand","embeddable":true,"href":"https:\/\/advancedsofttissuerelease.com\/fr\/wp-json\/wp\/v2\/product_brand?post=8431"},{"taxonomy":"product_cat","embeddable":true,"href":"https:\/\/advancedsofttissuerelease.com\/fr\/wp-json\/wp\/v2\/product_cat?post=8431"},{"taxonomy":"product_tag","embeddable":true,"href":"https:\/\/advancedsofttissuerelease.com\/fr\/wp-json\/wp\/v2\/product_tag?post=8431"},{"taxonomy":"woo-feed-brand","embeddable":true,"href":"https:\/\/advancedsofttissuerelease.com\/fr\/wp-json\/wp\/v2\/woo-feed-brand?post=8431"}],"curies":[{"name":"wp","href":"https:\/\/api.w.org\/{rel}","templated":true}]}}