{"id":115,"date":"2015-08-17T15:00:35","date_gmt":"2015-08-17T15:00:35","guid":{"rendered":"https:\/\/advancedsofttissuerelease.com\/our-team\/"},"modified":"2022-03-16T12:27:47","modified_gmt":"2022-03-16T18:27:47","slug":"la-nostra-squadra","status":"publish","type":"page","link":"https:\/\/advancedsofttissuerelease.com\/it\/our-team\/","title":{"rendered":"La nostra squadra"},"content":{"rendered":"<div data-elementor-type=\"wp-page\" data-elementor-id=\"115\" class=\"elementor elementor-115\" data-elementor-post-type=\"page\">\n\t\t\t\t\t\t<section class=\"elementor-section elementor-top-section elementor-element elementor-element-88158d1 elementor-section-stretched elementor-section-boxed elementor-section-height-default elementor-section-height-default\" data-id=\"88158d1\" data-element_type=\"section\" data-e-type=\"section\" data-settings=\"{&quot;stretch_section&quot;:&quot;section-stretched&quot;}\">\n\t\t\t\t\t\t<div class=\"elementor-container elementor-column-gap-default\">\n\t\t\t\t\t<div class=\"elementor-column elementor-col-100 elementor-top-column elementor-element elementor-element-eb18aef\" data-id=\"eb18aef\" data-element_type=\"column\" data-e-type=\"column\">\n\t\t\t<div class=\"elementor-widget-wrap elementor-element-populated\">\n\t\t\t\t\t\t<div class=\"elementor-element elementor-element-90eebb7 elementor-widget elementor-widget-uael-advanced-heading\" data-id=\"90eebb7\" data-element_type=\"widget\" data-e-type=\"widget\" data-widget_type=\"uael-advanced-heading.default\">\n\t\t\t\t<div class=\"elementor-widget-container\">\n\t\t\t\t\t\n\t\t<div class=\"uael-module-content uael-heading-wrapper\">\n\t\t\t\t\t\t\n\t\t\t<h1 class=\"uael-heading\">\n\t\t\t\t\t\t\t\t\t\t<span class=\"uael-heading-text elementor-inline-editing uael-size--default\" data-elementor-setting-key=\"heading_title\" data-elementor-inline-editing-toolbar=\"basic\">La nostra squadra<\/span>\n\t\t\t\t\t\t\t<\/h1>\n\n\t\t\t\n\t\t\t\n\t\t\t\n\t\t\t\t\t\t<\/div>\n\t\t\t\t\t\t<\/div>\n\t\t\t\t<\/div>\n\t\t\t\t\t<\/div>\n\t\t<\/div>\n\t\t\t\t\t<\/div>\n\t\t<\/section>\n\t\t\t\t<section class=\"elementor-section elementor-top-section elementor-element elementor-element-80f1693 elementor-section-stretched elementor-section-boxed elementor-section-height-default elementor-section-height-default\" data-id=\"80f1693\" data-element_type=\"section\" data-e-type=\"section\" data-settings=\"{&quot;stretch_section&quot;:&quot;section-stretched&quot;}\">\n\t\t\t\t\t\t<div class=\"elementor-container elementor-column-gap-default\">\n\t\t\t\t\t<div class=\"elementor-column elementor-col-50 elementor-top-column elementor-element elementor-element-5c9f04d\" data-id=\"5c9f04d\" data-element_type=\"column\" data-e-type=\"column\">\n\t\t\t<div class=\"elementor-widget-wrap elementor-element-populated\">\n\t\t\t\t\t\t<div class=\"elementor-element elementor-element-4a5a57e elementor-widget elementor-widget-image\" data-id=\"4a5a57e\" data-element_type=\"widget\" data-e-type=\"widget\" data-widget_type=\"image.default\">\n\t\t\t\t<div class=\"elementor-widget-container\">\n\t\t\t\t\t\t\t\t\t\t\t\t\t\t\t<img fetchpriority=\"high\" decoding=\"async\" width=\"2086\" height=\"2560\" src=\"https:\/\/advancedsofttissuerelease.com\/wp-content\/uploads\/2019\/01\/Dr-Joseph-Jacobs-DPT-ASTR-ACN-scaled.jpg\" class=\"attachment-full size-full wp-image-1630\" alt=\"Dr-Joseph-Jacobs-DPT-ASTR-ACN\" srcset=\"https:\/\/advancedsofttissuerelease.com\/wp-content\/uploads\/2019\/01\/Dr-Joseph-Jacobs-DPT-ASTR-ACN-scaled.jpg 2086w, https:\/\/advancedsofttissuerelease.com\/wp-content\/uploads\/2019\/01\/Dr-Joseph-Jacobs-DPT-ASTR-ACN-1251x1536.jpg 1251w, https:\/\/advancedsofttissuerelease.com\/wp-content\/uploads\/2019\/01\/Dr-Joseph-Jacobs-DPT-ASTR-ACN-1668x2048.jpg 1668w, https:\/\/advancedsofttissuerelease.com\/wp-content\/uploads\/2019\/01\/Dr-Joseph-Jacobs-DPT-ASTR-ACN-10x12.jpg 10w, https:\/\/advancedsofttissuerelease.com\/wp-content\/uploads\/2019\/01\/Dr-Joseph-Jacobs-DPT-ASTR-ACN-1024x1257.jpg 1024w\" sizes=\"(max-width: 2086px) 100vw, 2086px\" \/>\t\t\t\t\t\t\t\t\t\t\t\t\t\t\t<\/div>\n\t\t\t\t<\/div>\n\t\t\t\t\t<\/div>\n\t\t<\/div>\n\t\t\t\t<div class=\"elementor-column elementor-col-50 elementor-top-column elementor-element elementor-element-2b7dd4d\" data-id=\"2b7dd4d\" data-element_type=\"column\" data-e-type=\"column\">\n\t\t\t<div class=\"elementor-widget-wrap elementor-element-populated\">\n\t\t\t\t\t\t<div class=\"elementor-element elementor-element-ac13155 elementor-widget elementor-widget-heading\" data-id=\"ac13155\" data-element_type=\"widget\" data-e-type=\"widget\" data-widget_type=\"heading.default\">\n\t\t\t\t<div class=\"elementor-widget-container\">\n\t\t\t\t\t<h1 class=\"elementor-heading-title elementor-size-default\">Joseph Jacobs, DPT, ACN, ASTR<\/h1>\t\t\t\t<\/div>\n\t\t\t\t<\/div>\n\t\t\t\t<div class=\"elementor-element elementor-element-b1ae527 elementor-icon-list--layout-traditional elementor-list-item-link-full_width elementor-widget elementor-widget-icon-list\" data-id=\"b1ae527\" data-element_type=\"widget\" data-e-type=\"widget\" data-widget_type=\"icon-list.default\">\n\t\t\t\t<div class=\"elementor-widget-container\">\n\t\t\t\t\t\t\t<ul class=\"elementor-icon-list-items\">\n\t\t\t\t\t\t\t<li class=\"elementor-icon-list-item\">\n\t\t\t\t\t\t\t\t\t\t\t<span class=\"elementor-icon-list-icon\">\n\t\t\t\t\t\t\t<i aria-hidden=\"true\" class=\"auxicon auxicon-primitive-dot\"><\/i>\t\t\t\t\t\t<\/span>\n\t\t\t\t\t\t\t\t\t\t<span class=\"elementor-icon-list-text\">Dottore in Fisioterapia<\/span>\n\t\t\t\t\t\t\t\t\t<\/li>\n\t\t\t\t\t\t\t\t<li class=\"elementor-icon-list-item\">\n\t\t\t\t\t\t\t\t\t\t\t<span class=\"elementor-icon-list-icon\">\n\t\t\t\t\t\t\t<i aria-hidden=\"true\" class=\"auxicon auxicon-primitive-dot\"><\/i>\t\t\t\t\t\t<\/span>\n\t\t\t\t\t\t\t\t\t\t<span class=\"elementor-icon-list-text\">Nutrizionista clinico avanzato<\/span>\n\t\t\t\t\t\t\t\t\t<\/li>\n\t\t\t\t\t\t\t\t<li class=\"elementor-icon-list-item\">\n\t\t\t\t\t\t\t\t\t\t\t<span class=\"elementor-icon-list-icon\">\n\t\t\t\t\t\t\t<i aria-hidden=\"true\" class=\"auxicon auxicon-primitive-dot\"><\/i>\t\t\t\t\t\t<\/span>\n\t\t\t\t\t\t\t\t\t\t<span class=\"elementor-icon-list-text\">Functional Medicine Practitioner &amp; Instructor<\/span>\n\t\t\t\t\t\t\t\t\t<\/li>\n\t\t\t\t\t\t\t\t<li class=\"elementor-icon-list-item\">\n\t\t\t\t\t\t\t\t\t\t\t<span class=\"elementor-icon-list-icon\">\n\t\t\t\t\t\t\t<i aria-hidden=\"true\" class=\"auxicon auxicon-primitive-dot\"><\/i>\t\t\t\t\t\t<\/span>\n\t\t\t\t\t\t\t\t\t\t<span class=\"elementor-icon-list-text\">Inventore di ASTR<\/span>\n\t\t\t\t\t\t\t\t\t<\/li>\n\t\t\t\t\t\t\t\t<li class=\"elementor-icon-list-item\">\n\t\t\t\t\t\t\t\t\t\t\t<span class=\"elementor-icon-list-icon\">\n\t\t\t\t\t\t\t<i aria-hidden=\"true\" class=\"auxicon auxicon-primitive-dot\"><\/i>\t\t\t\t\t\t<\/span>\n\t\t\t\t\t\t\t\t\t\t<span class=\"elementor-icon-list-text\">Ha ricevuto l&#039;approvazione per 8 brevetti<\/span>\n\t\t\t\t\t\t\t\t\t<\/li>\n\t\t\t\t\t\t\t\t<li class=\"elementor-icon-list-item\">\n\t\t\t\t\t\t\t\t\t\t\t<span class=\"elementor-icon-list-icon\">\n\t\t\t\t\t\t\t<i aria-hidden=\"true\" class=\"auxicon auxicon-primitive-dot\"><\/i>\t\t\t\t\t\t<\/span>\n\t\t\t\t\t\t\t\t\t\t<span class=\"elementor-icon-list-text\">Educare i medici in tutto il mondo<\/span>\n\t\t\t\t\t\t\t\t\t<\/li>\n\t\t\t\t\t\t\t\t<li class=\"elementor-icon-list-item\">\n\t\t\t\t\t\t\t\t\t\t\t<span class=\"elementor-icon-list-icon\">\n\t\t\t\t\t\t\t<i aria-hidden=\"true\" class=\"auxicon auxicon-primitive-dot\"><\/i>\t\t\t\t\t\t<\/span>\n\t\t\t\t\t\t\t\t\t\t<span class=\"elementor-icon-list-text\">Sopravvissuto al cancro<\/span>\n\t\t\t\t\t\t\t\t\t<\/li>\n\t\t\t\t\t\t<\/ul>\n\t\t\t\t\t\t<\/div>\n\t\t\t\t<\/div>\n\t\t\t\t\t<\/div>\n\t\t<\/div>\n\t\t\t\t\t<\/div>\n\t\t<\/section>\n\t\t\t\t<section class=\"elementor-section elementor-top-section elementor-element elementor-element-64e73f8 elementor-section-stretched elementor-section-boxed elementor-section-height-default elementor-section-height-default\" data-id=\"64e73f8\" data-element_type=\"section\" data-e-type=\"section\" data-settings=\"{&quot;stretch_section&quot;:&quot;section-stretched&quot;}\">\n\t\t\t\t\t\t<div class=\"elementor-container elementor-column-gap-default\">\n\t\t\t\t\t<div class=\"elementor-column elementor-col-50 elementor-top-column elementor-element elementor-element-f172cb9\" data-id=\"f172cb9\" data-element_type=\"column\" data-e-type=\"column\">\n\t\t\t<div class=\"elementor-widget-wrap elementor-element-populated\">\n\t\t\t\t\t\t<div class=\"elementor-element elementor-element-67ab3fc elementor-widget elementor-widget-text-editor\" data-id=\"67ab3fc\" data-element_type=\"widget\" data-e-type=\"widget\" data-widget_type=\"text-editor.default\">\n\t\t\t\t<div class=\"elementor-widget-container\">\n\t\t\t\t\t\t\t\t\t<p>Il dottor Joseph Jacobs \u00e8 un sopravvissuto al cancro. Soffriva di emicrania cronica, mal di testa, affaticamento e dolore prima di inventare la specialit\u00e0 ASTR. Ha conseguito un dottorato in terapia fisica presso il Dominican College di New York e una laurea in gestione di hotel e ristoranti presso la Fairleigh Dickinson University nel New Jersey.<\/p><p>Il dottor Jacobs inizi\u00f2 a ricercare e sviluppare la sua nuova specialit\u00e0 per trattare il dolore dei pazienti in modo pi\u00f9 efficace rispetto ai metodi che aveva imparato a scuola. Dal 2011 al 2021 ha continuato a sviluppare le manovre, gli strumenti e le metodologie di cui si compone ASTR e continua ad affinare gli elementi di ASTR attraverso la ricerca continua. Advanced Soft Tissue Release (ASTR) \u00e8 stato registrato dall&#039;Ufficio brevetti e marchi degli Stati Uniti.<\/p><p><strong>\u00a0<\/strong><strong style=\"color: var( --e-global-color-text ); font-family: var( --e-global-typography-text-font-family ), verdana;\">Le tecniche e gli strumenti inventati dal dottor Jacobs includono:\u00a0<\/strong><\/p><p>\u2013 Rilascio avanzato dei tessuti molli\u00ae (ASTR\u00ae)<\/p><p>\u2013 Tecnica di rilascio della tensioneTM<\/p><p>\u2013 Strumenti ASTR I, II, III, IV, V e VI (Brevettati)<\/p><p>\u2013 Scala di fasciaTM<\/p><p>\u2013 Scala fibrosi (cicatrice)TM<\/p><p>\u2013 Scala dei punti triggerTM<\/p><p>\u2013 Muscle Spasm ScaleTM<\/p><p>\u2013 Rilascio di BioPsycho (BPR)TM<\/p><p>\u00a0<\/p><p>L&#039;ambizione della vita del Dr. Jacobs \u00e8 sviluppare e ricercare continuamente nuovi strumenti, teorie e metodologie per rivoluzionare l&#039;industria medica al fine di alleviare il dolore in modo pi\u00f9 rapido ed efficace.<\/p><p>Il Dr. Jacobs continua a diffondere le sue conoscenze e ricerche insegnando a medici e operatori sanitari in tutto il mondo attraverso una variet\u00e0 di piattaforme, incluso parlare in TedX Talks ed essere presente in diverse riviste. Il Dr. Jacobs \u00e8 considerato affidabile per offrire sollievo dal dolore a lungo termine e un&#039;efficace terapia ASTR a pazienti di tutto il mondo.<\/p><p><strong>Il Dr. Jacobs crede fermamente nella formazione continua e ha letto libri e preso lezioni sui seguenti argomenti:<\/strong><\/p><p>\u2013 Medicina Funzionale<\/p><p>\u2013 Nutrizione<\/p><p>\u2013 Rilascio miofasciale<\/p><p>\u2013 Sforzo-contraffazione<\/p><p>\u2013 Tecnica dell&#039;energia muscolare (MET)<\/p><p>\u2013 Mobilitazione dei tessuti molli<\/p><p>\u2013 Mobilitazione congiunta (incluso Mulligan Concept)<\/p><p>\u2013 Rilascio del punto di innesco<\/p><p>\u2013 Tecnica di rilascio dei riflessi primari (PRRT)<\/p><p>\u2013 Facilitazione Neuromuscolare Propriocettiva (PNF)<\/p><p>\u2013 Rieducazione neuromuscolare<\/p><p>\u2013 Mobilitazione del tessuto connettivo<\/p><p>\u2013 Rilascio cranioscarale<\/p><p>\u2013 Distorsione fasciale<\/p><p>\u2013 Mobilitazione viscerale<\/p><p>\u2013 Terapia Bowen<\/p><p>\u2013 Rolfing<\/p><p>\u2013 Massaggio<\/p><p>- Terapia comportamentale cognitiva<\/p><p>\u2013 Tecnica della libert\u00e0 emotiva<\/p><p>\u2013 Terapia della conversazione<\/p><p>- E altro ancora<\/p>\t\t\t\t\t\t\t\t<\/div>\n\t\t\t\t<\/div>\n\t\t\t\t\t<\/div>\n\t\t<\/div>\n\t\t\t\t<div class=\"elementor-column elementor-col-50 elementor-top-column elementor-element elementor-element-79fd9f0\" data-id=\"79fd9f0\" data-element_type=\"column\" data-e-type=\"column\">\n\t\t\t<div class=\"elementor-widget-wrap elementor-element-populated\">\n\t\t\t\t\t\t<div class=\"elementor-element elementor-element-f888a15 uael-heading-align-center elementor-widget elementor-widget-uael-advanced-heading\" data-id=\"f888a15\" data-element_type=\"widget\" data-e-type=\"widget\" data-widget_type=\"uael-advanced-heading.default\">\n\t\t\t\t<div class=\"elementor-widget-container\">\n\t\t\t\t\t\n\t\t<div class=\"uael-module-content uael-heading-wrapper\">\n\t\t\t\t\t\t\n\t\t\t<h2 class=\"uael-heading\">\n\t\t\t\t\t\t\t\t\t\t<span class=\"uael-heading-text elementor-inline-editing uael-size--default\" data-elementor-setting-key=\"heading_title\" data-elementor-inline-editing-toolbar=\"basic\">Prospettive tradizionali sfidanti sul sollievo dal dolore | Dr. Jacobs TEDx Talk<\/span>\n\t\t\t\t\t\t\t<\/h2>\n\n\t\t\t\n\t\t\t\n\t\t\t\n\t\t\t\t\t\t<\/div>\n\t\t\t\t\t\t<\/div>\n\t\t\t\t<\/div>\n\t\t\t\t<div class=\"elementor-element elementor-element-0358da1 uael-aspect-ratio-16_9 uael-youtube-subscribe-no elementor-widget elementor-widget-uael-video\" data-id=\"0358da1\" data-element_type=\"widget\" data-e-type=\"widget\" data-widget_type=\"uael-video.default\">\n\t\t\t\t<div class=\"elementor-widget-container\">\n\t\t\t\t\t\t\t\t\t\t\t<div class=\"uael-video__outer-wrap  uael-video-type-youtube uael-video-play-lightbox\" data-device=\"false\" data-vsticky=\"no\" data-hidedesktop=\"\" data-hidetablet=\"\" data-hidemobile=\"\" data-vsticky-viewport=\"0\" data-elementor-open-lightbox=\"yes\" data-elementor-lightbox=\"{&quot;type&quot;:&quot;video&quot;,&quot;videoType&quot;:&quot;youtube&quot;,&quot;url&quot;:&quot;https:\\\/\\\/www.youtube.com\\\/embed\\\/aO3ZEcULNco?rel=0&amp;start&amp;end&amp;controls=1&amp;mute=0&amp;modestbranding=0&amp;&quot;,&quot;modalOptions&quot;:{&quot;id&quot;:&quot;elementor-lightbox-0358da1&quot;,&quot;entranceAnimation&quot;:&quot;&quot;,&quot;entranceAnimation_tablet&quot;:&quot;&quot;,&quot;entranceAnimation_mobile&quot;:&quot;&quot;,&quot;videoAspectRatio&quot;:&quot;169&quot;}}\">\n\t\t\t\t\t\t<div class=\"uael-video-inner-wrap\">\n\t\t\t\t<div class=\"uael-video__play\" data-src=\"https:\/\/www.youtube.com\/embed\/aO3ZEcULNco?rel=0&amp;start&amp;end&amp;controls=1&amp;mute=0&amp;modestbranding=0&amp;\">\n\t\t\t\t\t<img decoding=\"async\" class=\"uael-video__thumb\" src=\"https:\/\/i.ytimg.com\/vi\/aO3ZEcULNco\/maxresdefault.jpg\" alt=\"\"><\/img>\n\t\t\t\t\t<div class=\"uael-video__play-icon uael-animation-\">\n\t\t\t\t\t\t<i aria-hidden=\"true\" class=\"fas fa-play-circle\"><\/i>\t\t\t\t\t<\/div>\n\t\t\t\t<\/div>\n\t\t\t\t\t\t\t\t\t\t\t<\/div>\n\t\t<\/div>\n\t\t\t\t\t\t\t<\/div>\n\t\t\t\t<\/div>\n\t\t\t\t\t<\/div>\n\t\t<\/div>\n\t\t\t\t\t<\/div>\n\t\t<\/section>\n\t\t\t\t<\/div>","protected":false},"excerpt":{"rendered":"<p>Our Team Joseph Jacobs, DPT, ACN, ASTRs Doctor of Physical Therapy Advanced Clinical Nutritionist Functional Medicine Practitioner &#038; Instructor Inventor of ASTR Received approval for 8 patents Educate doctors worldwide Cancer survivor Doctor Joseph Jacobs is a cancer survivor. He used to suffer from chronic migraines, headaches, fatigue and pain before he invented ASTR speciality. [&hellip;]<\/p>\n","protected":false},"author":2447,"featured_media":503,"parent":0,"menu_order":7,"comment_status":"closed","ping_status":"closed","template":"","meta":{"_analytify_skip_tracking":false,"footnotes":""},"class_list":["post-115","page","type-page","status-publish","has-post-thumbnail","hentry"],"_links":{"self":[{"href":"https:\/\/advancedsofttissuerelease.com\/it\/wp-json\/wp\/v2\/pages\/115","targetHints":{"allow":["GET"]}}],"collection":[{"href":"https:\/\/advancedsofttissuerelease.com\/it\/wp-json\/wp\/v2\/pages"}],"about":[{"href":"https:\/\/advancedsofttissuerelease.com\/it\/wp-json\/wp\/v2\/types\/page"}],"author":[{"embeddable":true,"href":"https:\/\/advancedsofttissuerelease.com\/it\/wp-json\/wp\/v2\/users\/2447"}],"replies":[{"embeddable":true,"href":"https:\/\/advancedsofttissuerelease.com\/it\/wp-json\/wp\/v2\/comments?post=115"}],"version-history":[{"count":0,"href":"https:\/\/advancedsofttissuerelease.com\/it\/wp-json\/wp\/v2\/pages\/115\/revisions"}],"wp:featuredmedia":[{"embeddable":true,"href":"https:\/\/advancedsofttissuerelease.com\/it\/wp-json\/wp\/v2\/media\/503"}],"wp:attachment":[{"href":"https:\/\/advancedsofttissuerelease.com\/it\/wp-json\/wp\/v2\/media?parent=115"}],"curies":[{"name":"wp","href":"https:\/\/api.w.org\/{rel}","templated":true}]}}