{"id":120,"date":"2015-09-15T19:32:08","date_gmt":"2015-09-16T01:32:08","guid":{"rendered":"https:\/\/advancedsofttissuerelease.com\/manual-therapy\/"},"modified":"2022-02-20T18:59:15","modified_gmt":"2022-02-21T01:59:15","slug":"terapia-manuale-definizione-tipi-scopi-stili-2","status":"publish","type":"page","link":"https:\/\/advancedsofttissuerelease.com\/it\/manual-therapy-definition-types-purposes-styles\/","title":{"rendered":"Terapia manuale: definizione, tipi, scopi e stili"},"content":{"rendered":"<h1 style=\"text-align: left;\"><strong>Terapia manuale: definizione, tipi, scopi e stili<\/strong><\/h1>\n<h2><strong>Cos&#039;\u00e8 la terapia manuale?<\/strong><\/h2>\n<p>La terapia manuale \u00e8 una forma di trattamento fisico e pratico che viene utilizzata da molti tipi di professionisti medici per affrontare disturbi e lesioni muscoloscheletrici. I tre tipi principali di terapia manuale sono la manipolazione, la mobilizzazione e il massaggio. I professionisti medici che utilizzano la terapia manuale includono massaggiatori, fisioterapisti, terapisti occupazionali, osteopati e medici osteopatici.<\/p>\n<h3><strong><u>1. Manipolazione:<\/u><\/strong><\/h3>\n<p>Applicazione rapida di forza in una direzione di rotazione, taglio o distrazione a un&#039;articolazione articolare. Ci\u00f2 si verifica spesso con un suono scoppiettante.<\/p>\n<h3><strong><u>2. Mobilitazione:<\/u><\/strong><\/h3>\n<p>Movimento passivo lento e controllato di un&#039;articolazione per ottenere un effetto terapeutico.<\/p>\n<h3><strong><u>3. Massoterapia:<\/u><\/strong><\/h3>\n<p>Impastamento, sfregamento o stripping ripetitivo dei tessuti miofasciali per migliorare la dinamica dei fluidi interstiziali.<\/p>\n<h2 style=\"text-align: left;\">Finalit\u00e0 della terapia manuale in terapia fisica<\/h2>\n<p>Gli scopi della terapia manuale nella terapia fisica includono:<\/p>\n<ol style=\"margin-left: 120px;\">\n<li>Dolore in diminuzione<\/li>\n<li>Aumenta la gamma di movimento<\/li>\n<li>Ridurre l&#039;infiammazione dei tessuti molli<\/li>\n<li>Indurre il rilassamento<\/li>\n<li>Miglioramento della riparazione, estensibilit\u00e0 e\/o stabilit\u00e0 dei tessuti contrattili e non contrattili<\/li>\n<li>Facilitare il movimento<\/li>\n<li>Miglioramento della funzione<\/li>\n<\/ol>\n<h2 style=\"text-align: left;\"><strong>Stili di terapia manuale\u00a0<\/strong><\/h2>\n<table style=\"width: 750px;\" border=\"1\" cellspacing=\"1\" cellpadding=\"1\">\n<tbody>\n<tr>\n<td style=\"width: 215px;\">Digitopressione<\/td>\n<td style=\"width: 264px;\">Mobilitazione congiunta<\/td>\n<td style=\"width: 253px;\">Fisioterapia<\/td>\n<\/tr>\n<tr>\n<td style=\"width: 215px;\">Anma<\/td>\n<td style=\"width: 264px;\">Massoterapia<\/td>\n<td style=\"width: 253px;\">Terapia della polarit\u00e0<\/td>\n<\/tr>\n<tr>\n<td style=\"width: 215px;\">ASTR<\/td>\n<td style=\"width: 264px;\">Energetica della Matrice<\/td>\n<td style=\"width: 253px;\">Rolfing Integrazione Strutturale<\/td>\n<\/tr>\n<tr>\n<td style=\"width: 215px;\">Carrozzeria<\/td>\n<td style=\"width: 264px;\">Drenaggio linfatico manuale<\/td>\n<td style=\"width: 253px;\">Seitai<\/td>\n<\/tr>\n<tr>\n<td style=\"width: 215px;\">Incastonatura ossea<\/td>\n<td style=\"width: 264px;\">Agopuntura medica<\/td>\n<td style=\"width: 253px;\">Manipolazione spinale<\/td>\n<\/tr>\n<tr>\n<td style=\"width: 215px;\">Tecnica Bowen<\/td>\n<td style=\"width: 264px;\">Tecniche di energia muscolare<\/td>\n<td style=\"width: 253px;\">Mobilitazione spinale<\/td>\n<\/tr>\n<tr>\n<td style=\"width: 215px;\">Chiropratica<\/td>\n<td style=\"width: 264px;\">Rilascio miofasciale<\/td>\n<td style=\"width: 253px;\">Sotai<\/td>\n<\/tr>\n<tr>\n<td style=\"width: 215px;\">Terapia cranio sacrale<\/td>\n<td style=\"width: 264px;\">Mioterapia<\/td>\n<td style=\"width: 253px;\">Shiatsu<\/td>\n<\/tr>\n<tr>\n<td style=\"width: 215px;\">Metodo Dorn<\/td>\n<td style=\"width: 264px;\">Naprapatia<\/td>\n<td style=\"width: 253px;\">Trazione<\/td>\n<\/tr>\n<tr>\n<td style=\"width: 215px;\">Terapia Manuale Integrativa<\/td>\n<td style=\"width: 264px;\">Medicina manipolativa osteopatica<\/td>\n<td style=\"width: 253px;\">Tui Na<\/td>\n<\/tr>\n<tr>\n<td style=\"width: 215px;\">Manipolazione articolare<\/td>\n<td style=\"width: 264px;\">Osteopatia<\/td>\n<td style=\"width: 253px;\">Zero Bilanciamento<\/td>\n<\/tr>\n<\/tbody>\n<\/table>\n<h1 style=\"text-align: left;\"><strong>Terapia Manuale e ASTR<\/strong><\/h1>\n<p>ASTR tratta il dolore in modo delicato, efficace e naturale rilasciando tessuto cicatriziale, punti trigger e restrizione della fascia. ASTR adotta un approccio olistico per affrontare le cause profonde del dolore, non solo i sintomi. La terapia manuale ASTR pu\u00f2 essere eseguita a casa.<\/p>\n<h1>Corso online di terapia manuale<\/h1>\n<p><iframe title=\"I 3 motivi principali per cui i medici scelgono il trattamento ASTR\" width=\"800\" height=\"450\" src=\"https:\/\/www.youtube.com\/embed\/2tVG_3-t9_Q?feature=oembed\" frameborder=\"0\" allow=\"accelerometer; autoplay; clipboard-write; encrypted-media; gyroscope; picture-in-picture; web-share\" allowfullscreen><\/iframe><\/p>\n<h3>Orologio<\/h3>\n<p>Trattare la causa principale del problema!<\/p>\n<h2><a href=\"https:\/\/advancedsofttissuerelease.com\/it\/astr-healthcare-provider-corso\/\">Minimizzare l'energia. Massimizzare i risultati.<\/a><\/h2>\n<ul>\n<li>Risultati veloci<\/li>\n<li>Facile da usare<\/li>\n<li>Design ergonomico<\/li>\n<li>Approccio olistico naturale<\/li>\n<li>Trattare la causa principale del problema<\/li>\n<li>Formazione online di autoapprendimento<\/li>\n<li>Inventato da un medico che aveva dolore cronico<\/li>\n<li>Sostenuto da oltre 45 studi<\/li>\n<\/ul>\n<p><a role=\"button\" href=\"https:\/\/advancedsofttissuerelease.com\/it\/astr-healthcare-provider-corso\/\"><br \/>\nDiventa fornitore ASTR<br \/>\n<\/a><\/p>\n<h2>I medici raccomandano ASTR<\/h2>\n<p><i>\ue934<\/i><i>\ue934<\/i><i>\ue934<\/i><i>\ue934<\/i><i>\ue934<\/i> 5\/5<br \/>\n<a role=\"button\" href=\"https:\/\/advancedsofttissuerelease.com\/it\/recensioni-medico\/\"><br \/>\nGuarda i video delle recensioni dei medici<br \/>\n<\/a><br \/>\n&#8220;<b>In genere, prima di ASTR vedevo i pazienti 2-3 mesi alla volta, per ottenere i risultati che ottengo con ASTR. Con il trattamento ASTR ottengo i risultati in meno di 5 visite<\/b>&#8221;<br \/>\n<img decoding=\"async\" src=\"https:\/\/advancedsofttissuerelease.com\/wp-content\/uploads\/2021\/05\/mq2-1.jpg\" alt=\"Derek Biesheuvel, PT\" \/><br \/>\n<cite>Derek Biesheuvel, terapista fisico PTP \u2013 20 anni di pratica<\/cite><br \/>\n\u201c\u00c8 diverso dagli altri corsi che ho seguito perch\u00e9 coinvolge tutto il corpo e <b>\u00e8 supportato dalla ricerca ed \u00e8 efficace, vedrai i risultati immediatamente<\/b>&#8221;<br \/>\n<img decoding=\"async\" src=\"https:\/\/advancedsofttissuerelease.com\/wp-content\/uploads\/2021\/05\/LisaKwan.jpg\" alt=\"Lisa Kwan, PT\" \/><br \/>\n<cite>Lisa Kwan, fisioterapista \u2013 18 anni di pratica<\/cite><br \/>\n&#8220;<b>La lezione ASTR \u00e8 solida e il trattamento cambier\u00e0 la tua pratica... Sento che ogni fisioterapista dovrebbe conoscere ASTR<\/b>\u2026 Fisioterapista, chiropratico e professionista del benessere si uniscono ai corsi ASTR.\u201d<br \/>\n<img decoding=\"async\" src=\"https:\/\/advancedsofttissuerelease.com\/wp-content\/uploads\/2021\/05\/mq3.jpg\" alt=\"Dr. Roland Samaniego, DPT\" \/><br \/>\n<cite>Dr. Roland Samaniego, DPTDoctor di Fisioterapia \u2013 16 anni di pratica<\/cite><br \/>\n&#8220;<b>Se cercate qualcosa che ottenga risultati veloci e soddisfacenti per i pazienti, questo \u00e8 sicuramente il corso che dovreste prendere<\/b>, imparalo e usalo subito sui tuoi pazienti. Lo consiglio assolutamente\u201d<br \/>\n<img decoding=\"async\" src=\"https:\/\/advancedsofttissuerelease.com\/wp-content\/uploads\/2021\/05\/mq1.jpg\" alt=\"Dr. Amin Nia, DC\" \/><br \/>\n<cite>Dr. Amin Nia, DCDoctor of Chiropractic \u2013 28 anni di pratica<\/cite><br \/>\n&#8220;<b>Ho cercato qualcosa come ASTR da allora, per 32 anni!\u2026.Devi seguire questo corso<\/b> dal dottor Jacobs, <b>questi sono i migliori risultati<\/b> e ho guardato tutto il resto e ho provato e alla fine niente ha funzionato e <b>questo \u00e8 stupefacente<\/b>!&#8221;<br \/>\n<img decoding=\"async\" src=\"https:\/\/advancedsofttissuerelease.com\/wp-content\/uploads\/2021\/05\/mq2.jpg\" alt=\"Dr. Charles Hough, DC\" \/><br \/>\n<cite>Dr. Charles Hough, DCDoctor of Chiropractic \u2013 32 anni di pratica<\/cite><br \/>\n\u201cDalla scuola di chiropratica abbiamo insegnato a trattare tutto il corpo e questo \u00e8 un sistema (ASTR) che lo fa in modo molto efficiente con <b>risultati immediati<\/b>&#8221;<br \/>\n<img decoding=\"async\" src=\"https:\/\/advancedsofttissuerelease.com\/wp-content\/uploads\/2021\/05\/mq2-2.jpg\" alt=\"Dr. Gary Wat, DC\" \/><br \/>\n<cite>Dr. Gary Wat, DCDoctor of Chiropractic \u2013 14 anni di pratica<\/cite><br \/>\n\u201cSono nel settore della terapia fisica da oltre 3 anni. 6 mesi fa, ho iniziato a lavorare con Dr.Jacobs e devo dirlo <b>Non sono mai stato testimone di un tasso di recupero dei pazienti cos\u00ec positivo come qui.<\/b>. Il dottor Joseph Jacobs sa sicuramente come arrivare alla radice della malattia del paziente con i suoi strumenti e metodi brevettati di terapia fisica. <b>All'inizio ero scettico, ma dopo aver assistito ripetutamente al recupero dei pazienti, sono arrivato a credere nella sua pratica.<\/b>. Sono orgoglioso di far parte dell&#039;aiuto ai pazienti nella loro guarigione&quot;.<br \/>\n<img decoding=\"async\" src=\"https:\/\/advancedsofttissuerelease.com\/wp-content\/uploads\/2021\/05\/148B0148-70-scaled.jpg\" alt=\"DeeAnn Pop\" \/><br \/>\n<cite>DeeAnn PopPreviews Collaboratore<\/cite><br \/>\n\u201cDott. Jacobs \u00e8 molto ben informato, lo rispetto molto\u2026.<b>Se vuoi migliorare la tua pratica, devi seguire il corso ASTR<\/b>. Questo qualcosa sar\u00e0 sempre pi\u00f9 grande in futuro\u201d<br \/>\n<img decoding=\"async\" src=\"https:\/\/advancedsofttissuerelease.com\/wp-content\/uploads\/2021\/05\/mq3-1.jpg\" alt=\"Dr. Niklas Fougner, DC\" \/><br \/>\n<cite>Dr. Niklas Fougner, DCDottore in Chiropratica \u2013 20 anni di pratica<\/cite><br \/>\n\u201cASTR \u00e8 un concetto e una disciplina davvero unici di per s\u00e9, non puoi impararlo da nessun&#039;altra parte. Non ho visto o praticato nulla di unico come ASTR. Non puoi dire che mi sono laureato e ho tutte le conoscenze di cui ho bisogno, <b>Dovete provare ASTR perch\u00e9 funziona e lo consiglio vivamente<\/b>&#8221;<br \/>\n<img decoding=\"async\" src=\"https:\/\/advancedsofttissuerelease.com\/wp-content\/uploads\/2021\/05\/mq3-2.jpg\" alt=\"Rabih Mezher, OT\" \/><br \/>\n<cite>Rabih Mezher, terapista occupazionale OT<\/cite><br \/>\n\u201cDott. Jacobs \u00e8 un pioniere, ha inventato applicazioni molto pi\u00f9 semplici che eseguono un rilascio miofasciale molto rapido. \u00c8 molto facile per il paziente e per il medico che lo applica. <b>Sono estremamente entusiasta della tecnica ASTR. Spero che tutti i praticanti di medicina fisica diano un'occhiata a questo.<\/b>&#8221;<br \/>\n<img decoding=\"async\" src=\"https:\/\/advancedsofttissuerelease.com\/wp-content\/uploads\/2021\/05\/mq3-1-1.jpg\" alt=\"Dr. Maria Angle, DC\" \/><br \/>\n<cite>Dott.ssa Maria Angle, DCChiropratica e dottore in medicina orientale \u2013 18 anni di pratica<\/cite><br \/>\n\u201cIncoraggio decisamente (gli operatori sanitari) a controllare questo programma e iscriversi e <b>essere parte di questo trattamento rivoluzionario. Questo \u00e8 il miglior corso di terapia manuale che abbia mai seguito<\/b>&#8221;<br \/>\n<img decoding=\"async\" src=\"https:\/\/advancedsofttissuerelease.com\/wp-content\/uploads\/2021\/05\/mq3-3.jpg\" alt=\"Sherwin Gagatam, PT\" \/><br \/>\n<cite>Sherwin Gagatam, PTPphysical Therapist \u2013 15 anni di pratica<\/cite><br \/>\nPrecedente<br \/>\nProssimo<br \/>\n<iframe title=\"Allevia il dolore cronico istantaneamente e facilmente!\" width=\"800\" height=\"450\" src=\"https:\/\/www.youtube.com\/embed\/07mLKtiiyBc?start=2&#038;feature=oembed\" frameborder=\"0\" allow=\"accelerometer; autoplay; clipboard-write; encrypted-media; gyroscope; picture-in-picture; web-share\" allowfullscreen><\/iframe><\/p>","protected":false},"excerpt":{"rendered":"<p>Manual Therapy: Definition, Types, Purposes &amp; Styles What is Manual Therapy? Manual therapy is a form of physical, hands-on treatment that is used by many types of medical professionals to address musculoskeletal ailments and injuries. The three main types of manual therapy are manipulation, mobilization, and massage. Medical professionals that utilize manual therapy include massage [&hellip;]<\/p>\n","protected":false},"author":1,"featured_media":0,"parent":0,"menu_order":227,"comment_status":"closed","ping_status":"closed","template":"","meta":{"_analytify_skip_tracking":false,"footnotes":""},"class_list":["post-120","page","type-page","status-publish","hentry"],"_links":{"self":[{"href":"https:\/\/advancedsofttissuerelease.com\/it\/wp-json\/wp\/v2\/pages\/120","targetHints":{"allow":["GET"]}}],"collection":[{"href":"https:\/\/advancedsofttissuerelease.com\/it\/wp-json\/wp\/v2\/pages"}],"about":[{"href":"https:\/\/advancedsofttissuerelease.com\/it\/wp-json\/wp\/v2\/types\/page"}],"author":[{"embeddable":true,"href":"https:\/\/advancedsofttissuerelease.com\/it\/wp-json\/wp\/v2\/users\/1"}],"replies":[{"embeddable":true,"href":"https:\/\/advancedsofttissuerelease.com\/it\/wp-json\/wp\/v2\/comments?post=120"}],"version-history":[{"count":0,"href":"https:\/\/advancedsofttissuerelease.com\/it\/wp-json\/wp\/v2\/pages\/120\/revisions"}],"wp:attachment":[{"href":"https:\/\/advancedsofttissuerelease.com\/it\/wp-json\/wp\/v2\/media?parent=120"}],"curies":[{"name":"wp","href":"https:\/\/api.w.org\/{rel}","templated":true}]}}