{"id":125,"date":"2015-12-06T03:03:19","date_gmt":"2015-12-06T03:03:19","guid":{"rendered":"https:\/\/advancedsofttissuerelease.com\/scar-tissue\/"},"modified":"2021-12-11T15:13:32","modified_gmt":"2021-12-11T22:13:32","slug":"cicatrici-tessuto-rilascio-sintomi-cause-trattamento-2","status":"publish","type":"page","link":"https:\/\/advancedsofttissuerelease.com\/it\/scar-tissue-release-symptoms-causes-treatment\/","title":{"rendered":"Rilascio di tessuto cicatriziale: sintomi, cause e trattamento"},"content":{"rendered":"<h1 style=\"text-align: left;\"><span style=\"color: #696969;\"><span style=\"font-family: verdana,geneva,sans-serif;\"><strong>Rilascio di tessuto cicatriziale: sintomi, cause e trattamento<\/strong><\/span><\/span><\/h1>\n<p><iframe title=\"Come sbarazzarsi di tessuto cicatriziale? TROVA TRUCCHI QUI!\" width=\"800\" height=\"450\" src=\"https:\/\/www.youtube.com\/embed\/mmL_sD0-_Bk?start=19&#038;feature=oembed\" frameborder=\"0\" allow=\"accelerometer; autoplay; clipboard-write; encrypted-media; gyroscope; picture-in-picture; web-share\" allowfullscreen><\/iframe><\/p>\n<p><span style=\"color: #696969;\"><span style=\"font-family: verdana,geneva,sans-serif;\">Il tessuto cicatriziale si forma in tutto il corpo in risposta al danno tissutale al fine di riparare temporaneamente un sito della lesione fino a quando non viene creato un tessuto pi\u00f9 forte e permanente. Pu\u00f2 formarsi quando il corpo \u00e8 soggetto a lesioni, stress, malattie, interventi chirurgici, incidenti, postura scorretta prolungata e meccanica del corpo impropria. Durante il normale processo di guarigione, la maggior parte del tessuto cicatriziale temporaneo viene riassorbito nel corpo dopo che il tessuto permanente \u00e8 stato creato. Occasionalmente, il processo di guarigione viene interrotto e si forma troppo tessuto cicatriziale, esercitando una pressione eccessiva sui muscoli, sui vasi sanguigni, sui nervi, sulle ossa e sugli organi circostanti. Ci\u00f2 pu\u00f2 causare dolore e\/o limitare il raggio di movimento di un&#039;articolazione.<\/span><\/span><\/p>\n<h2 style=\"text-align: left;\"><span style=\"color: #696969;\"><span style=\"font-family: verdana,geneva,sans-serif;\">Cause di tessuto cicatriziale\u00a0<\/span><\/span><\/h2>\n<p><span style=\"color: #696969;\"><span style=\"font-family: verdana,geneva,sans-serif;\">Le cause del tessuto cicatriziale includono:<\/span><\/span><\/p>\n<ol style=\"margin-left: 120px;\">\n<li><span style=\"color: #696969;\"><span style=\"font-family: verdana,geneva,sans-serif;\">Postura scorretta<\/span><\/span><\/li>\n<li><span style=\"color: #696969;\"><span style=\"font-family: verdana,geneva,sans-serif;\">Incidenti<\/span><\/span><\/li>\n<li><span style=\"color: #696969;\"><span style=\"font-family: verdana,geneva,sans-serif;\">Infiammazione<\/span><\/span><\/li>\n<li><span style=\"color: #696969;\"><span style=\"font-family: verdana,geneva,sans-serif;\">Infortunio<\/span><\/span><\/li>\n<li><span style=\"color: #696969;\"><span style=\"font-family: verdana,geneva,sans-serif;\">Chirurgia<\/span><\/span><\/li>\n<li><span style=\"color: #696969;\"><span style=\"font-family: verdana,geneva,sans-serif;\">Patologia<\/span><\/span><\/li>\n<li><span style=\"color: #696969;\"><span style=\"font-family: verdana,geneva,sans-serif;\">Fatica<\/span><\/span><\/li>\n<li><span style=\"color: #696969;\"><span style=\"font-family: verdana,geneva,sans-serif;\">Meccanica del corpo scadente<\/span><\/span><\/li>\n<\/ol>\n<h2 style=\"text-align: left;\"><span style=\"color: #696969;\"><span style=\"font-family: verdana,geneva,sans-serif;\">I sintomi del tessuto cicatriziale<\/span><\/span><\/h2>\n<p><span style=\"color: #696969;\"><span style=\"font-family: verdana,geneva,sans-serif;\">I sintomi del tessuto cicatriziale includono:<\/span><\/span><\/p>\n<ol style=\"margin-left: 120px;\">\n<li><span style=\"color: #696969;\"><span style=\"font-family: verdana,geneva,sans-serif;\">Gamma di movimento limitata a un&#039;articolazione<\/span><\/span><\/li>\n<li><span style=\"color: #696969;\"><span style=\"font-family: verdana,geneva,sans-serif;\">Dolore sordo e doloroso<\/span><\/span><\/li>\n<li><span style=\"color: #696969;\"><span style=\"font-family: verdana,geneva,sans-serif;\">Sensazioni di intorpidimento o formicolio<\/span><\/span><\/li>\n<li><span style=\"color: #696969;\"><span style=\"font-family: verdana,geneva,sans-serif;\">Rigidit\u00e0 in un&#039;articolazione<\/span><\/span><\/li>\n<li><span style=\"color: #696969;\"><span style=\"font-family: verdana,geneva,sans-serif;\">Tensione muscolare<\/span><\/span><\/li>\n<li><span style=\"color: #696969;\"><span style=\"font-family: verdana,geneva,sans-serif;\">Spasmi muscolari<\/span><\/span><\/li>\n<li><span style=\"color: #696969;\"><span style=\"font-family: verdana,geneva,sans-serif;\">Muscolo tenero al tatto<\/span><\/span><\/li>\n<\/ol>\n<h2 style=\"text-align: left;\"><span style=\"color: #696969;\"><span style=\"font-family: verdana,geneva,sans-serif;\"><strong>Come ASTR rilascia il tessuto cicatriziale<\/strong><\/span><\/span><\/h2>\n<p><span style=\"color: #696969;\"><span style=\"font-family: verdana,geneva,sans-serif;\">Advanced Soft Tissue Release (abbreviato in ASTR) \u00e8 una nuova specialit\u00e0 di terapia manuale che sta rivoluzionando il modo in cui i pazienti sperimentano\u00a0<strong>lungo termine\u00a0<\/strong>sollievo dal dolore. ASTR tratta il dolore in modo delicato, efficace e naturale rilasciando tessuto cicatriziale, punti trigger e restrizione della fascia. Gli strumenti brevettati di ASTR aiutano a rilasciare e rimuovere il tessuto cicatriziale e i medici ASTR sono formati su tecniche efficaci che non causano ulteriore dolore o stress al corpo del paziente.<a href=\"https:\/\/advancedsofttissuerelease.com\/it\/about-astr\/cose-astr\/\"> Scopri come ASTR pu\u00f2 aiutarti <\/a>o <a href=\"https:\/\/advancedsofttissuerelease.com\/it\/testimonianze\/\">guarda i video delle testimonianze<\/a> da pazienti che hanno sperimentato sollievo dal dolore attraverso il trattamento ASTR.<\/span><\/span><\/p>","protected":false},"excerpt":{"rendered":"<p>Scar Tissue Release : Symptoms, Causes &amp; Treatment Scar tissue forms throughout the body in response to tissue damage in order to temporarily repair an injury site until stronger, more permanent tissue is made. It can form when the body is subjected to injury, stress, disease, surgery, an accident, prolonged poor posture, and improper body [&hellip;]<\/p>\n","protected":false},"author":2447,"featured_media":0,"parent":0,"menu_order":223,"comment_status":"closed","ping_status":"closed","template":"","meta":{"_analytify_skip_tracking":false,"footnotes":""},"class_list":["post-125","page","type-page","status-publish","hentry"],"_links":{"self":[{"href":"https:\/\/advancedsofttissuerelease.com\/it\/wp-json\/wp\/v2\/pages\/125","targetHints":{"allow":["GET"]}}],"collection":[{"href":"https:\/\/advancedsofttissuerelease.com\/it\/wp-json\/wp\/v2\/pages"}],"about":[{"href":"https:\/\/advancedsofttissuerelease.com\/it\/wp-json\/wp\/v2\/types\/page"}],"author":[{"embeddable":true,"href":"https:\/\/advancedsofttissuerelease.com\/it\/wp-json\/wp\/v2\/users\/2447"}],"replies":[{"embeddable":true,"href":"https:\/\/advancedsofttissuerelease.com\/it\/wp-json\/wp\/v2\/comments?post=125"}],"version-history":[{"count":0,"href":"https:\/\/advancedsofttissuerelease.com\/it\/wp-json\/wp\/v2\/pages\/125\/revisions"}],"wp:attachment":[{"href":"https:\/\/advancedsofttissuerelease.com\/it\/wp-json\/wp\/v2\/media?parent=125"}],"curies":[{"name":"wp","href":"https:\/\/api.w.org\/{rel}","templated":true}]}}