{"id":129,"date":"2015-12-07T00:37:16","date_gmt":"2015-12-07T00:37:16","guid":{"rendered":"https:\/\/advancedsofttissuerelease.com\/soft-tissue\/"},"modified":"2015-12-07T00:37:16","modified_gmt":"2015-12-07T00:37:16","slug":"dei-tessuti-molli","status":"publish","type":"page","link":"https:\/\/advancedsofttissuerelease.com\/it\/soft-tissue\/","title":{"rendered":"Tessuto molle"},"content":{"rendered":"<p> \t&nbsp;<\/p>\n<h1 style=\"text-align: center;\"> \t<span style=\"color:#696969;\"><span style=\"font-family:verdana,geneva,sans-serif;\"><strong>Tessuto molle<\/strong><\/span><\/span><\/h1>\n<p> \t<span style=\"color:#696969;\"><span style=\"font-family:verdana,geneva,sans-serif;\">I tessuti molli circondano, collegano e supportano le ossa, le strutture e gli organi del corpo.<\/span><\/span><\/p>\n<h2 style=\"text-align: center;\"> \t<span style=\"color:#696969;\"><span style=\"font-family:verdana,geneva,sans-serif;\">I tessuti molli includono:<\/span><\/span><\/h2>\n<ul>\n<li> \t\t<span style=\"color:#696969;\"><span style=\"font-family:verdana,geneva,sans-serif;\">Tendini (collegano i muscoli alle ossa)<\/span><\/span><\/li>\n<li> \t\t<span style=\"color:#696969;\"><span style=\"font-family:verdana,geneva,sans-serif;\">Legamenti (collegano osso all&#039;osso)<\/span><\/span><\/li>\n<li> \t\t<span style=\"color:#696969;\"><span style=\"font-family:verdana,geneva,sans-serif;\">Fascia (strato connettivo che avvolge tutto il corpo, compresi muscoli e organi)<\/span><\/span><\/li>\n<li> \t\t<span style=\"color:#696969;\"><span style=\"font-family:verdana,geneva,sans-serif;\">Pelle<\/span><\/span><\/li>\n<li> \t\t<span style=\"color:#696969;\"><span style=\"font-family:verdana,geneva,sans-serif;\">Tessuti fibrosi<\/span><\/span><\/li>\n<li> \t\t<span style=\"color:#696969;\"><span style=\"font-family:verdana,geneva,sans-serif;\">Grasso<\/span><\/span><\/li>\n<li> \t\t<span style=\"color:#696969;\"><span style=\"font-family:verdana,geneva,sans-serif;\">Membrane sinoviali (compongono capsule articolari)<\/span><\/span><\/li>\n<li> \t\t<span style=\"color:#696969;\"><span style=\"font-family:verdana,geneva,sans-serif;\">Muscoli (elementi contrattili)<\/span><\/span><\/li>\n<li> \t\t<span style=\"color:#696969;\"><span style=\"font-family:verdana,geneva,sans-serif;\">Nervi (collega il corpo al cervello)<\/span><\/span><\/li>\n<li> \t\t<span style=\"color:#696969;\"><span style=\"font-family:verdana,geneva,sans-serif;\">Vasi sanguigni (trasporta sangue, ossigeno e sostanze nutritive in tutto il corpo)<\/span><\/span><\/li>\n<\/ul>\n<p> \t&nbsp;<\/p>\n<h2 style=\"text-align: center;\"> \t<span style=\"color:#696969;\"><span style=\"font-family:verdana,geneva,sans-serif;\">Disfunzioni dei tessuti molli<\/span><\/span><\/h2>\n<p> \t<span style=\"color:#696969;\"><span style=\"font-family:verdana,geneva,sans-serif;\">Quando questi tessuti molli non funzionano come dovrebbero, pu\u00f2 portare ai seguenti tipi di disfunzioni:<\/span><\/span><\/p>\n<ul>\n<li> \t\t<span style=\"color:#696969;\"><span style=\"font-family:verdana,geneva,sans-serif;\"><strong>Tessuto cicatriziale (fibrosi):<\/strong>&nbsp;Il tessuto cicatriziale esercita una pressione eccessiva sui muscoli, sui vasi sanguigni, sui nervi, sulle ossa e sugli organi circostanti. Ci\u00f2 pu\u00f2 causare dolore e\/o limitare il raggio di movimento di un&#039;articolazione. Con gli strumenti ASTR, il tessuto cicatriziale pu\u00f2 essere rilasciato in modo indolore ed efficiente, alleviando il dolore e ripristinando la gamma di movimento.<\/span><\/span><\/li>\n<li> \t\t<span style=\"color:#696969;\"><span style=\"font-family:verdana,geneva,sans-serif;\"><strong>Limitazione della fascia:<\/strong>&nbsp;Simile al modo in cui la tuta di Spiderman abbraccia il suo corpo, la fascia \u00e8 un tessuto connettivo forte che avvolge i nostri corpi dalla testa ai piedi. Normalmente, la fascia \u00e8 elastica e in grado di allungarsi e accorciarsi in risposta ai movimenti del corpo. Incidenti, traumi, interventi chirurgici, tessuto cicatriziale, stress, cattiva postura e scarsa meccanica del corpo possono ridurre l&#039;elasticit\u00e0 della fascia con conseguente dolore e una gamma limitata di movimento.<\/span><\/span><\/li>\n<li> \t\t<span style=\"color:#696969;\"><span style=\"font-family:verdana,geneva,sans-serif;\"><strong>Punti trigger e spasmi muscolari:<\/strong>&nbsp;I punti trigger sono nodi palpabili nel tessuto muscolare. La loro presenza pu\u00f2 causare dolore e accorciamento muscolare o spasmi muscolari.<\/span><\/span><\/li>\n<li> \t\t<span style=\"color:#696969;\"><span style=\"font-family:verdana,geneva,sans-serif;\"><strong>Spostamento articolare:<\/strong>&nbsp;Tutte le articolazioni del nostro corpo hanno un allineamento normale, descrivendo come due ossa adiacenti sono posizionate e si muovono l&#039;una rispetto all&#039;altra. Lo spostamento del giunto si riferisce a qualsiasi deviazione in quell&#039;allineamento normale. La restrizione nei tessuti molli pu\u00f2 spesso causare lo spostamento di un&#039;articolazione. Questo pu\u00f2 essere estremamente doloroso e pu\u00f2 sottoporre molto stress alle strutture articolari e circostanti.<\/span><\/span><\/li>\n<\/ul>\n<p> \t<span style=\"color:#696969;\"><span style=\"font-family:verdana,geneva,sans-serif;\">Questi tipi di disfunzioni sono comunemente osservati in dolore alla mascella, sciatica, artrite, mal di testa, dolore al collo e alla schiena, sindrome del tunnel carpale, tendinite, borsite e molte altre condizioni!<\/span><\/span><\/p>\n<h1 style=\"text-align: center;\"> \t<span style=\"color:#696969;\"><span style=\"font-family:verdana,geneva,sans-serif;\"><strong>Come ASTR tratta la disfunzione dei tessuti molli<\/strong><\/span><\/span><\/h1>\n<p> \t<span style=\"color:#696969;\"><span style=\"font-family:verdana,geneva,sans-serif;\">Advanced Soft Tissue Release (abbreviato in ASTR) \u00e8 una nuova specialit\u00e0 di terapia manuale che sta rivoluzionando il modo in cui i pazienti sperimentano&nbsp;<strong>lungo termine&nbsp;<\/strong>sollievo dal dolore. ASTR tratta il dolore in modo delicato, efficace e naturale rilasciando tessuto cicatriziale, punti trigger e restrizione della fascia. Gli strumenti brevettati di ASTR aiutano a rilasciare i tessuti molli e i medici ASTR sono formati su tecniche efficaci che non causano ulteriore dolore o stress al corpo del paziente. <a href=\"https:\/\/advancedsofttissuerelease.com\/it\/about-astr\/cose-astr\/\">Scopri come ASTR pu\u00f2 aiutarti<\/a> o <a href=\"https:\/\/advancedsofttissuerelease.com\/it\/testimonianze\/\">guarda i video delle testimonianze<\/a> da pazienti che hanno sperimentato sollievo dal dolore attraverso il trattamento ASTR.<\/span><\/span><\/p>","protected":false},"excerpt":{"rendered":"<p>&nbsp; Soft Tissue Soft tissue surrounds, connects, and supports bones, structures, and organs of the body. Soft Tissues Include: Tendons (connect muscles to bones) Ligaments (connect bone to bone) Fascia (connective layer that wraps around the entire body, including muscles and organs) Skin Fibrous Tissues Fat Synovial Membranes (compose joint capsules) Muscles (contractile elements) Nerves [&hellip;]<\/p>\n","protected":false},"author":2447,"featured_media":0,"parent":0,"menu_order":219,"comment_status":"closed","ping_status":"closed","template":"","meta":{"_analytify_skip_tracking":false,"footnotes":""},"class_list":["post-129","page","type-page","status-publish","hentry"],"_links":{"self":[{"href":"https:\/\/advancedsofttissuerelease.com\/it\/wp-json\/wp\/v2\/pages\/129","targetHints":{"allow":["GET"]}}],"collection":[{"href":"https:\/\/advancedsofttissuerelease.com\/it\/wp-json\/wp\/v2\/pages"}],"about":[{"href":"https:\/\/advancedsofttissuerelease.com\/it\/wp-json\/wp\/v2\/types\/page"}],"author":[{"embeddable":true,"href":"https:\/\/advancedsofttissuerelease.com\/it\/wp-json\/wp\/v2\/users\/2447"}],"replies":[{"embeddable":true,"href":"https:\/\/advancedsofttissuerelease.com\/it\/wp-json\/wp\/v2\/comments?post=129"}],"version-history":[{"count":0,"href":"https:\/\/advancedsofttissuerelease.com\/it\/wp-json\/wp\/v2\/pages\/129\/revisions"}],"wp:attachment":[{"href":"https:\/\/advancedsofttissuerelease.com\/it\/wp-json\/wp\/v2\/media?parent=129"}],"curies":[{"name":"wp","href":"https:\/\/api.w.org\/{rel}","templated":true}]}}