{"id":140,"date":"2015-12-11T23:51:55","date_gmt":"2015-12-11T23:51:55","guid":{"rendered":"https:\/\/advancedsofttissuerelease.com\/muscle-energy-technique\/"},"modified":"2022-02-19T20:54:16","modified_gmt":"2022-02-20T03:54:16","slug":"muscolo-energia-tecnica-met-definizione-usi-trattamento-2","status":"publish","type":"page","link":"https:\/\/advancedsofttissuerelease.com\/it\/muscle-energy-technique-met-definition-uses-treatment\/","title":{"rendered":"Muscle Energy Technique (MET): definizione, usi e trattamento"},"content":{"rendered":"<h1 style=\"text-align: left;\"><strong>Tecnica dell&#039;energia muscolare (MET): definizione,\u00a0<\/strong>Usi e trattamento<\/h1>\n<h2><strong>Cos&#039;\u00e8 la Tecnica dell&#039;Energia Muscolare (MET)?<\/strong><\/h2>\n<p>La tecnica dell&#039;energia muscolare (MET) \u00e8 un&#039;altra forma di terapia manuale comunemente utilizzata per aiutare le aree intorno alla colonna vertebrale e alle estremit\u00e0. Questa tecnica mira a trattare la debolezza all&#039;interno di un muscolo o di un gruppo di muscoli, viene utilizzata per correggere l&#039;asimmetria e aiuta con l&#039;immobilizzazione. Viene anche usato per allungare, rafforzare e rilassare i muscoli. La MET viene spesso utilizzata per correggere il dolore lombopelvico, la disfunzione somatica, la ridotta mobilit\u00e0 e l&#039;ipertono muscolare.<\/p>\n<h2 style=\"text-align: left;\">Chi usa la tecnica dell&#039;energia muscolare?<\/h2>\n<p>Fisioterapisti, terapisti sportivi, terapisti occupazionali, massaggiatori e medici osteopatici sono tra i professionisti che usano comunemente questa tecnica.<\/p>\n<h2 style=\"text-align: left;\">Come viene eseguita la tecnica dell&#039;energia muscolare?<\/h2>\n<p>In questa procedura, il medico istruir\u00e0 il paziente a contrarre un muscolo specifico in una direzione controllata mentre il medico applica una forza contraria distinta. Le contrazioni muscolari volontarie da parte del paziente verranno eseguite a intensit\u00e0 variabili su comando del medico.<\/p>\n<h2 style=\"text-align: left;\">Trattamento Tecnica Energetica Muscolare<\/h2>\n<p>Il trattamento che utilizza la tecnica dell&#039;energia muscolare valuta la gamma di movimento e la forza del muscolo. Quindi utilizza le contrazioni isometriche per alleviare l&#039;immobilit\u00e0 e aumentare la forza muscolare. Sebbene l&#039;efficacia del MET come trattamento isolato non sia stata determinata, afferma di aiutare immediatamente con la mobilizzazione delle articolazioni. Se utilizzato con l&#039;allenamento di resistenza, il dolore lombare pu\u00f2 diminuire.<\/p>\n<h1>Trattamento domiciliare per alleviare il dolore muscolare<\/h1>\n<p><iframe title=\"Vivi senza dolore\" width=\"800\" height=\"450\" src=\"https:\/\/www.youtube.com\/embed\/EWL3NHpDQQI?feature=oembed\" frameborder=\"0\" allow=\"accelerometer; autoplay; clipboard-write; encrypted-media; gyroscope; picture-in-picture; web-share\" allowfullscreen><\/iframe><\/p>\n<h1><a href=\"https:\/\/advancedsofttissuerelease.com\/it\/cura-il-tuo-dolore-a-casa-2-2\/\">Trattare il tuo dolore a casa<\/a><\/h1>\n<ul>\n<li>Risultati rapidi<\/li>\n<li>Il trattamento richiede circa 5 minuti al giorno<\/li>\n<li>Strumenti medici facili da usare<\/li>\n<li>Approccio olistico naturale<\/li>\n<li>Trattare la causa principale del problema<\/li>\n<li>Inventato da un medico che aveva dolore cronico<\/li>\n<li><a href=\"https:\/\/advancedsofttissuerelease.com\/it\/cose-astr\/ricerca\/\"><br \/>\nSostenuto da oltre 45 studi<br \/>\n<\/a><\/li>\n<\/ul>\n<p><a role=\"button\" href=\"https:\/\/advancedsofttissuerelease.com\/it\/cura-il-tuo-dolore-a-casa-2-2\/\"><br \/>\nInizia il tuo viaggio di guarigione oggi<br \/>\n<\/a><\/p>\n<h2><a href=\"https:\/\/advancedsofttissuerelease.com\/it\/prodotto\/tratta-il-tuo-dolore-a-casa-piano-di-pagamento-2\/\">Piani di pagamento disponibili<\/a><\/h2>\n<h2>ASTR eccezionalmente diverso<\/h2>\n<p>Recensioni raccolte da vari siti web<\/p>\n<p><i>\ue934<\/i><i>\ue934<\/i><i>\ue934<\/i><i>\ue934<\/i><i>\ue934<\/i> 5\/5<br \/>\n<a role=\"button\" href=\"https:\/\/advancedsofttissuerelease.com\/it\/video-trattamento-2-2\/\"><br \/>\nGuarda i video del trattamento e del follow-up<br \/>\n<\/a><br \/>\n\"Ho avuto problemi con il peggioramento degli effetti della spondilite anchilosante (artrite della colonna vertebrale, mal di schiena). Dopo aver avuto <b>ha vissuto con la malattia per oltre 40 anni<\/b>Ero scettico sul fatto che qualsiasi sollievo sarebbe stato possibile. Con mio grande stupore, ho sperimentato\u00a0<b>sollievo immediato dopo una sessione<\/b>. Sono molto riconoscente per il lavoro che fate\".<br \/>\n<cite>William KDolore alla schiena<\/cite><br \/>\n\"Dopo aver <b>18 mesi di terapia fisica tradizionale dopo due interventi al ginocchio<\/b> per sostituire il mio legamento crociato anteriore, ero scettico che qualcosa di pi\u00f9 potesse essere fatto per aiutare il mio dolore e la rigidit\u00e0 del ginocchio.\u00a0<b>Dopo una sola visita<\/b>, sono rimasto sbalordito dai risultati che il dottor Jacobs \u00e8 stato in grado di produrre con la sua tecnica Advanced Soft Tissue Release! \u2026. Sono rimasto molto colpito dal modo in cui il mio ginocchio ha risposto e si \u00e8 allentato, soprattutto perch\u00e9 sono passati due anni dal mio intervento chirurgico originale.\u00a0<b>Sono entrato come scettico e ora sono un credente!<\/b>\"<br \/>\n<cite>Mychal TKnee Pain<\/cite><br \/>\n\"Per <b>un anno<\/b>Non riuscivo ad aprire la mano. Il mio pollice aveva un movimento molto limitato senza molto dolore. Era difficile sollevare qualcosa, anche piccolo, o muovere la mano in un certo modo senza dolore. L'anno scorso ho fatto due iniezioni nella zona per la gestione del dolore. E prima ancora,<b> Ho fatto circa 5-6 mesi di chiropratica, ma il dolore tornava sempre<\/b>. A partire da oggi, ho avuto <b>3 trattamenti ASTR<\/b>. Posso aprire completamente la mano e non sento alcun dolore. <b>ASTR funziona! Senza dubbio, funziona!<\/b>\"<br \/>\n<cite>Carol Dolore alle mani<\/cite><br \/>\n&quot;Insieme con il <b>eliminazione dei farmaci<\/b>.\u00a0<b>La tecnica ASTR ha ridotto enormemente la frequenza e l'intensit\u00e0 delle mie emicranie<\/b>&#8221;<br \/>\n<cite>Jessica YMigraines<\/cite><br \/>\n\"Ho\u00a0<b>recuperato rapidamente<\/b>\u00a0Grazie al dottor Jacobs, il mio dolore non solo \u00e8 diminuito significativamente, ma \u00e8 stato eliminato completamente. La tecnica ASTR del dottor Jacob funziona rapidamente. La cosa che preferisco \u00e8 che \u00e8\u00a0<b>senza dolore<\/b>. Raccomanderei sicuramente la sua terapia a chiunque conosca con dolore cronico\".<br \/>\n<cite>Candace PJaw Pain<\/cite><br \/>\n\u201cHo potuto riprendere tutte le mie normali attivit\u00e0 dopo il suo trattamento e il\u00a0<b>il mal di testa non \u00e8 tornato<\/b>.\"<br \/>\n<cite>Jeremy R Mal di testa<\/cite><br \/>\n\"Ho avuto uno strappo muscolare all'avambraccio e al bicipite. Avevo un range di movimento limitato, non ero in grado di dormire e non ero in grado di estendere il mio braccio. Dopo <b>3 sessioni<\/b>, sono stato <b>senza dolore<\/b>. E dopo la mia quarta sessione avevo di nuovo una gamma completa di movimento, ero in grado di dormire, e sto effettivamente tornando indietro e iniziando ad allenarmi. <b>Sono molto contento della terapia e dei risultati!<\/b>\"<br \/>\n<cite>Kathy Dolore al gomito<\/cite><br \/>\n&quot;Stavo avendo <b>mal di testa circa 50% del tempo<\/b> da diversi mesi. Dopo diversi trattamenti i miei mal di testa hanno cominciato a diminuire e <b>Sono stato senza mal di testa negli ultimi due mesi<\/b>. \u00c8 meraviglioso non avere dolore\u201d.<br \/>\n<cite>Liz S Mal di testa<\/cite><br \/>\n\u201cSono nel settore della terapia fisica da oltre 3 anni. 6 mesi fa, ho iniziato a lavorare con Dr.Jacobs e devo dirlo <b>Non sono mai stato testimone di un tasso di recupero dei pazienti cos\u00ec positivo come qui.<\/b>. Il dottor Joseph Jacobs sa sicuramente come arrivare alla radice della malattia del paziente con i suoi strumenti e metodi brevettati di terapia fisica. <b>All'inizio ero scettico, ma dopo aver assistito ripetutamente al recupero dei pazienti, sono arrivato a credere nella sua pratica.<\/b>. Sono orgoglioso di far parte dell&#039;aiuto ai pazienti nella loro guarigione&quot;.<br \/>\n<cite>Dee Ann PopePrecedente collaboratore<\/cite><br \/>\n\u201cAvevo forti mal di testa quasi ogni giorno dopo il lavoro. Dopo appena il <b>prima visita<\/b> i miei mal di testa erano spariti e <b>non sono tornato<\/b>&#8221;<br \/>\n<cite>Drew A Mal di testa<\/cite><br \/>\n\"Per il passato <b>anno<\/b>Mi stavo intorpidendo e stringendo il piede. L'intorpidimento era orribile e non sapevo cosa fare. Dopo 7 trattamenti ASTR, <b>ora non sento alcun dolore<\/b>. \u00c8 stato tutto molto confortevole\".<br \/>\n<cite>Richard Dolore ai piedi<\/cite><br \/>\n\"Sono entrato con l'ATM, un'ampiezza di movimento limitata e dolore al collo e alle spalle (con un dolore lancinante sopra l'orecchio destro). Dopo appena\u00a0<b>un trattamento<\/b>il mio collo e le mie spalle hanno <b>sollievo immediato!<\/b> Dopo 3 trattamenti, il mio dolore acuto sopra l'orecchio era sparito. Sono sicuro che con \"Advanced Soft Tissue Release\" e la mia diligenza nel seguire il programma di esercizi fornito, mi sentir\u00f2 presto come nuovo\".<br \/>\n<cite>Margarete EJaw Pain<\/cite><br \/>\n\"Prima del trattamento, avevo un range di movimento molto limitato quando giravo il collo da un lato all'altro o mi piegavo in avanti. Dopo un trattamento, ho sentito un rilascio e ho potuto piegare e girare il collo con meno stress. Il trattamento \u00e8 stato <b>senza dolore<\/b>, non invasivo e migliore di qualsiasi massaggio che abbia mai avuto!\u201d<br \/>\n<cite>Dolore al collo di catino<\/cite><br \/>\n&#8220;<b>Mi sono sentito di nuovo normale dopo circa una settimana<\/b>. Il mio polso ha quasi recuperato tutta la sua gamma di movimento dopo due settimane e il dolore si \u00e8 ridotto sostanzialmente. <b>Consiglio vivamente ASTR a chiunque.<\/b>\"<br \/>\n<cite>Alex B. Dolore alla schiena e al polso<\/cite><br \/>\n\"Ho avuto uno spasmo al collo tre giorni fa e non potevo muovere il collo. Il mio collo era rigido e la mia spalla era davvero insensibile. Ora ho quasi <b>nessun dolore<\/b>. Ho avuto <b>tre trattamenti<\/b> e ora posso muovere il collo\".<br \/>\n<cite>Anthony Dolore al collo<\/cite><br \/>\n&#8221; <b>\u00c8 stato un processo frustrante ricevere 3 mesi di terapia fisica, 2 iniezioni di cortisone e 3 diversi plantari con un sollievo minimo<\/b>\u2026.Grazie mille Dr. Jacobs per aver sollevato il mio <b>dolore da fascite plantare cronica<\/b>. Ho deciso di seguire tutto il programma e in appena <b>3 visite<\/b> Sono stato in grado di fare un&#039;escursione di 3 miglia senza dolore. Conosci le tue cose e sei molto intelligente nell&#039;inventare strumenti e trattamenti ASTR. Spero che pi\u00f9 medici imparino da te&quot;.<br \/>\n<cite>Elsie JFascite plantare<\/cite><br \/>\n\u201cDa ultimo soffro di dolore cronico al collo, alle spalle e alle ginocchia dovuto alla fibromialgia <b>12 anni<\/b>.<b> Ho provato il massaggio, la fisioterapia, la chiropratica e i farmaci ma continuo a provare dolore<\/b>. Dopo aver seguito il piano alimentare del Dr. Jacobs, la modifica del comportamento, l'ergonomia e le raccomandazioni degli integratori, il mio <b>i sintomi della fibromialgia \u00e8 stato diminuito da 90%<\/b>.&#8221;<br \/>\n<cite> Liam MFibromialgia, dolore al collo, spalle e ginocchia<\/cite><br \/>\n\u201cUna tecnica straordinaria ha funzionato per aiutarmi a rompere il tessuto cicatriziale nella mascella, nel collo, nello stomaco e dopo l&#039;intervento di protesi mammaria. <b> Sono incredibilmente fuori dal dolore<\/b>&#8221;<br \/>\n<cite>Janice Salmon Mal di mascelle, collo e stomaco<\/cite><br \/>\n\u201cHo visto il dottor Jacobs 3 anni fa per <b>mal di testa da tensione quotidiano<\/b>. Ero infelice e prendevo <b>Advil tutti i giorni<\/b>. Dopo diversi trattamenti, il tessuto cicatriziale che non mi ero nemmeno accorto di avere sulla testa e sul collo ha finalmente iniziato a scomparire. Dopo circa 6 settimane, <b>Non avevo pi\u00f9 mal di testa<\/b>. Ancora oggi non lo faccio! Grazie!&quot;<br \/>\n<cite>Melissa K Mal di testa<\/cite><br \/>\n&quot;Il <b>Strumenti ASTR<\/b> sono stati <b>estremamente utile<\/b> per evitare il mal di testa o l&#039;emicrania mentre li sento arrivare, cos\u00ec come i muscoli contratti e altri dolori&quot;<br \/>\n<cite>Stacy H Emicrania<\/cite><br \/>\n\u201cNon \u00e8 la tua terapia fisica quotidiana, hanno una comprensione del tuo corpo e del tuo metodo di riabilitazione che non ho visto in altri posti. Consiglio vivamente questo posto perch\u00e9 sono cordiali e prendono provvedimenti extra<b> aiutarvi a tornare fisicamente integri<\/b>.&#8221;<br \/>\n<cite>Maher S Mal di schiena<\/cite><br \/>\n\u201cHo avuto un trattamento per il mio neuroma mortone di cui soffrivo da 2 anni. Ho avuto cure mediche ma non \u00e8 cambiato nulla. Il dottore mi ha chiesto di fare un intervento chirurgico. Non volevo. io <b>ha volato 24 ore<\/b> farsi curare dal dottor Jacob: ne \u00e8 valsa davvero la pena. Dopo il <b>primo trattamento<\/b> il risultato era ovvio: <b>pi\u00f9 nessun dolore<\/b> e potrei indossare di nuovo le scarpe. <b>Semplicemente stupefacente! 2 settimane dopo, non c'\u00e8 pi\u00f9 traccia di dolore<\/b>. Il mio piede non fa pi\u00f9 male. Posso camminare e correre. Posso dormire una notte intera senza essere svegliato dal dolore. \u00c8 ottimo!&quot;<br \/>\n<cite>Neuroma di Christine D Morton<\/cite><br \/>\nIl mio mal di schiena era stato presente per <b>7 anni<\/b> e dopo <b>un trattamento<\/b> era come se fosse un nuovo dorso. Posso spostarlo correttamente ora e non c&#039;\u00e8 pi\u00f9 dolore.<br \/>\nIl trattamento \u00e8 davvero buono, incredibile!\u201d<br \/>\n<cite>Christine Ddolore alla schiena e al collo<\/cite><br \/>\n\u201cSoffrivo da pi\u00f9 di un mal di schiena <b>5 anni<\/b>. Il mio mal di schiena stava peggiorando nell'ultimo anno, quindi <b>Ho provato la massoterapia, la cura chiropratica, la terapia fisica e i farmaci per il dolore, ma non ho provato sollievo<\/b>\u2026..l&#039;ho cucito <b>due volte e il mio dolore \u00e8 completamente sparito<\/b>. Ora sono in grado di camminare, dormire e guidare senza mal di schiena. Sono un sostenitore del trattamento inventivo del Dr.Jacobs chiamato ASTR. Consiglio vivamente il trattamento ASTR per il dolore alla schiena o ai muscoli.<br \/>\n<cite>Shea G Mal di schiena<\/cite><br \/>\n\u201cHo finalmente avuto sollievo dal dolore al ginocchio dopo essere andato dal dottor Jacobs\u2026.. Il suo approccio alla terapia fisica \u00e8 molto olistico. <b>Ho sprecato diversi mesi andando da medici tradizionali<\/b> che ha deciso che era la mia dieta o &quot;nella mia testa&quot; senza arrivare da nessuna parte prima di trovare il dottor Jacobs&quot;.<br \/>\n<cite>Norma FKnee Pain<\/cite><br \/>\n\u201c... Entro solo a <b>pochi minuti<\/b> del mio primo trattamento, i livelli di dolore e la tensione alla mascella e al collo sono passati da 8 a 2\u2033<br \/>\n<cite>Tiffany A Jaw Pain<\/cite><br \/>\n\u201d Sto andando alla grande dopo un <b>sessioni di coppia<\/b> con il dottor Jacobs. Ho poco da <b>nessun dolore<\/b> adesso. Che sollievo! La mia esperienza con il dottor Jacobs \u00e8 stata fantastica. Grazie!&quot;<br \/>\n<cite>Lola G Mal di schiena<\/cite><br \/>\n&quot;Ho sofferto di dolore all&#039;articolazione sacroiliaca in passato <b> 2 anni<\/b>. \u00c8 stato cos\u00ec brutto che ho dovuto smettere di ballare e ho persino dovuto prepararmi a qualcosa di semplice come uno starnuto... Dopo solo un <b>poche visite<\/b>Ho potuto gi\u00e0 dire che la tecnica ASTR stava funzionando!<br \/>\n<cite>Alexandra Gonzalez Mal di schiena<\/cite><br \/>\n\u201cNon potevo camminare, guidare o sedermi. Con il <b>2 prima visita<\/b>, ho sentito un&#039;enorme differenza, posso guidare e camminare, la 3a settimana la mia schiena \u00e8 quasi normale\u201d<br \/>\n<cite>Nayibe Rahim Sciatica<\/cite><br \/>\nPrecedente<br \/>\nProssimo<\/p>\n<h2><a href=\"https:\/\/advancedsofttissuerelease.com\/it\/prodotto\/crema-antidolorifica-2\/\">Crema antidolorifica<\/a><\/h2>\n<p style=\"text-align: center;\">Guarisci pi\u00f9 velocemente<\/p>\n<p><a role=\"button\" href=\"https:\/\/advancedsofttissuerelease.com\/it\/prodotto\/crema-antidolorifica-2\/\"><br \/>\nAcquista ora<br \/>\n<\/a><br \/>\n<a href=\"https:\/\/advancedsofttissuerelease.com\/it\/prodotto\/crema-antidolorifica-2\/\"><br \/>\n<img fetchpriority=\"high\" decoding=\"async\" src=\"https:\/\/advancedsofttissuerelease.com\/wp-content\/uploads\/2022\/02\/ASTR-pain-relief-cream-decrease-inflammation-cream-wound-care-cream-eczema-Psoriasis-dermatitis--300x300.jpg\" sizes=\"(max-width: 300px) 100vw, 300px\" srcset=\"https:\/\/advancedsofttissuerelease.com\/wp-content\/uploads\/2022\/02\/ASTR-pain-relief-cream-decrease-inflammation-cream-wound-care-cream-eczema-Psoriasis-dermatitis--300x300.jpg 300w, https:\/\/advancedsofttissuerelease.com\/wp-content\/uploads\/2022\/02\/ASTR-pain-relief-cream-decrease-inflammation-cream-wound-care-cream-eczema-Psoriasis-dermatitis--520x520.jpg 520w, https:\/\/advancedsofttissuerelease.com\/wp-content\/uploads\/2022\/02\/ASTR-pain-relief-cream-decrease-inflammation-cream-wound-care-cream-eczema-Psoriasis-dermatitis--1200x1200.jpg 1200w, https:\/\/advancedsofttissuerelease.com\/wp-content\/uploads\/2022\/02\/ASTR-pain-relief-cream-decrease-inflammation-cream-wound-care-cream-eczema-Psoriasis-dermatitis--768x768.jpg 768w, https:\/\/advancedsofttissuerelease.com\/wp-content\/uploads\/2022\/02\/ASTR-pain-relief-cream-decrease-inflammation-cream-wound-care-cream-eczema-Psoriasis-dermatitis--1000x1000.jpg 1000w\" alt=\"\" width=\"300\" height=\"300\" \/> <\/a><br \/>\n<iframe title=\"Allevia il dolore cronico istantaneamente e facilmente!\" width=\"800\" height=\"450\" src=\"https:\/\/www.youtube.com\/embed\/07mLKtiiyBc?start=2&#038;feature=oembed\" frameborder=\"0\" allow=\"accelerometer; autoplay; clipboard-write; encrypted-media; gyroscope; picture-in-picture; web-share\" allowfullscreen><\/iframe><\/p>","protected":false},"excerpt":{"rendered":"<p>Muscle Energy Technique (MET): Definition,\u00a0Uses &amp; Treatment What is Muscle Energy Technique (MET)? Muscle energy technique (MET) is another form of manual therapy that is commonly used to help the areas around the spine and the extremities. This technique aims to treat weakness within a muscle or a group of muscles, is used to correct [&hellip;]<\/p>\n","protected":false},"author":2447,"featured_media":0,"parent":0,"menu_order":208,"comment_status":"closed","ping_status":"closed","template":"","meta":{"_analytify_skip_tracking":false,"footnotes":""},"class_list":["post-140","page","type-page","status-publish","hentry"],"_links":{"self":[{"href":"https:\/\/advancedsofttissuerelease.com\/it\/wp-json\/wp\/v2\/pages\/140","targetHints":{"allow":["GET"]}}],"collection":[{"href":"https:\/\/advancedsofttissuerelease.com\/it\/wp-json\/wp\/v2\/pages"}],"about":[{"href":"https:\/\/advancedsofttissuerelease.com\/it\/wp-json\/wp\/v2\/types\/page"}],"author":[{"embeddable":true,"href":"https:\/\/advancedsofttissuerelease.com\/it\/wp-json\/wp\/v2\/users\/2447"}],"replies":[{"embeddable":true,"href":"https:\/\/advancedsofttissuerelease.com\/it\/wp-json\/wp\/v2\/comments?post=140"}],"version-history":[{"count":0,"href":"https:\/\/advancedsofttissuerelease.com\/it\/wp-json\/wp\/v2\/pages\/140\/revisions"}],"wp:attachment":[{"href":"https:\/\/advancedsofttissuerelease.com\/it\/wp-json\/wp\/v2\/media?parent=140"}],"curies":[{"name":"wp","href":"https:\/\/api.w.org\/{rel}","templated":true}]}}