{"id":1588,"date":"2019-01-10T03:09:56","date_gmt":"2019-01-10T03:09:56","guid":{"rendered":"https:\/\/advancedsofttissuerelease.com\/?page_id=1588"},"modified":"2021-01-17T15:13:09","modified_gmt":"2021-01-17T22:13:09","slug":"termini-condizioni-di-affiliazione","status":"publish","type":"page","link":"https:\/\/advancedsofttissuerelease.com\/it\/affiliate-terms-conditions\/","title":{"rendered":"Termini e condizioni di affiliazione"},"content":{"rendered":"<p><strong>Termini e condizioni di affiliazione<\/strong><\/p>\n\n\n\n<p>Il programma di affiliazione di ASTR Institute \u00e8 gratuito e consente ai membri di guadagnare inserendo uno o pi\u00f9 collegamenti sul proprio sito Web che pubblicizza ASTR Institute o prodotti specifici su di esso. Qualsiasi vendita effettuata ai clienti che hanno cliccato su quei link guadagner\u00e0 la commissione di affiliazione. <strong>Il tasso di commissione standard \u00e8 attualmente 20%.<\/strong><\/p>\n\n\n\n<p>Questo accordo descrive i termini e le condizioni per la partecipazione al programma di affiliazione dell&#039;ASTR Institute. In questo accordo, il termine &quot;Affiliato&quot; si riferisce a te (il richiedente). In questo accordo, &quot;ASTR Institute&quot; si riferisce ad ASTR Institute, una California Corporation, con la quale stai stipulando questo accordo. Candidandoti al programma di affiliazione ASTR Institute confermi di aver letto l&#039;accordo&nbsp;<\/p>\n\n\n\n<p><strong>Commissioni<\/strong><\/p>\n\n\n\n<p>Affinch\u00e9 una vendita generi una commissione per un affiliato, il cliente deve completare il modulo d&#039;ordine e versare l&#039;intero pagamento per il prodotto. Le commissioni verranno pagate solo sulle vendite effettuate quando il cliente fa clic su link di affiliazione qualificati e correttamente strutturati. I collegamenti correttamente codificati sono di esclusiva responsabilit\u00e0 dell&#039;affiliato. Le commissioni possono essere visualizzate sul dashboard di affiliazione. Se l&#039;affiliato ha un programma di pagamento ricorrente, continuer\u00e0 ad accumulare commissioni per ogni transazione pagata dal cliente finch\u00e9 il cliente rimane un cliente pagante. Per gli affiliati che partecipano al programma ricorrente, le commissioni si accumuleranno anche per gli aggiornamenti del piano e l&#039;aggiunta di utenti.<\/p>\n\n\n\n<p><strong>Pagamento<\/strong><\/p>\n\n\n\n<p>Un affiliato pu\u00f2 richiedere un pagamento quando il suo saldo raggiunge un saldo minimo di $25 USD. I pagamenti possono essere richiesti ogni 30 giorni. L&#039;elaborazione del pagamento pu\u00f2 richiedere fino a 30 giorni dalla data della richiesta. I pagamenti verranno generalmente effettuati tramite PayPal.<\/p>\n\n\n\n<p><strong>Rimborsi<\/strong><\/p>\n\n\n\n<p>Nel caso in cui un cliente richieda un rimborso per una transazione per la quale l&#039;Affiliato ha guadagnato commissioni, tutte le commissioni guadagnate sull&#039;importo del rimborso verranno detratte dal saldo dell&#039;Affiliato.<\/p>\n\n\n\n<p><strong>Utilizzo e obblighi<\/strong><\/p>\n\n\n\n<p>Gli affiliati possono utilizzare il marchio ASTR Institute e le risorse di marketing disponibili nella sezione Affiliati dell&#039;applicazione ASTR Institute o del sito web ASTR. I loghi e altre risorse non possono essere modificati. L&#039;Affiliato non ottiene alcun marchio, diritto d&#039;autore o altri diritti su questi materiali. L&#039;Affiliato non implicher\u00e0 mai di agire per conto dell&#039;istituto ASTR e non far\u00e0 mai pubblicit\u00e0 diretta all&#039;istituto ASTR. L&#039;Affiliato non far\u00e0 mai offerte per annunci che competono con l&#039;istituto ASTR. L&#039;Affiliato non rappresenter\u00e0 mai se stesso, l&#039;istituto ASTR o il loro rapporto con l&#039;istituto ASTR in modo falso o fuorviante. L&#039;Affiliato non si impegner\u00e0 nella distribuzione di un&#039;e-mail di massa non richiesta (spam ) citando o facendo riferimento all&#039;istituto ASTR.<\/p>\n\n\n\n<p><strong>Durata e cessazione<\/strong><\/p>\n\n\n\n<p>Ciascuna delle parti ha il diritto di risolvere il contratto immediatamente senza preavviso.Se l&#039;Affiliato risolve il contratto, non verranno pagate ulteriori commissioni dall&#039;istituto ASTR per le transazioni dei clienti passate o future.Se l&#039;istituto ASTR sceglie di risolvere il contratto, qualsiasi saldo maggiore di $25 USD verr\u00e0 pagato all&#039;affiliato entro 60 giorni dalla risoluzione. I saldi inferiori a $25 andranno persi.<\/p>\n\n\n\n<p>Se l&#039;Affiliato partecipa a un programma ricorrente, l&#039;istituto ASTR non sar\u00e0 obbligato per eventuali pagamenti futuri dopo la risoluzione. La tua domanda di affiliazione e lo stato nel Programma possono essere sospesi o annullati per uno dei seguenti motivi: Pubblicit\u00e0 inappropriata (dichiarazioni false, collegamenti ipertestuali fuorvianti , ecc.). Spamming (e-mail di massa, pubblicazione di newsgroup di massa, ecc.). Pubblicit\u00e0 su siti che contengono o promuovono attivit\u00e0 illegali. o qualsiasi legge statale applicabile. Violazione dei diritti di propriet\u00e0 intellettuale.<\/p>\n\n\n\n<p>L&#039;istituto ASTR si riserva il diritto di richiedere accordi di licenza a coloro che utilizzano marchi dell&#039;istituto ASTR al fine di proteggere i nostri diritti di propriet\u00e0 intellettuale. Offrendo sconti, coupon o altre forme di tangenti promesse dalla commissione di affiliazione come incentivo. L&#039;aggiunta di bonus o l&#039;unione di altri prodotti con l&#039;istituto ASTR, tuttavia, \u00e8 accettabile. Auto referral, transazioni fraudolente, sospetta frode di affiliazione. Oltre a quanto sopra, l&#039;istituto ASTR si riserva il diritto di chiudere qualsiasi account di affiliazione in qualsiasi momento, per qualsiasi violazione di questo Accordo o senza motivo.<\/p>\n\n\n\n<p><strong>Legge governativa<\/strong><\/p>\n\n\n\n<p>Il presente Accordo sar\u00e0 disciplinato, interpretato e applicato in conformit\u00e0 con le leggi dello Stato dell&#039;Idaho, indipendentemente dalle norme sul conflitto di leggi.<\/p>\n\n\n\n<p><strong>Arbitrato<\/strong><\/p>\n\n\n\n<p>Tutti i reclami e le controversie derivanti da o relativi al presente Accordo devono essere risolti mediante arbitrato vincolante nello Stato dell&#039;Idaho. Un lodo arbitrale pu\u00f2 essere confermato in un tribunale della giurisdizione competente.<\/p>\n\n\n\n<p><strong>Modifica<\/strong><\/p>\n\n\n\n<p>Possiamo modificare qualsiasi termine e condizione all&#039;interno del presente Accordo in qualsiasi momento ea nostra esclusiva discrezione. Queste modifiche possono includere, a titolo esemplificativo, modifiche nell&#039;ambito delle commissioni disponibili, programmi delle commissioni, procedure di pagamento e regole del Programma di affiliazione.<\/p>","protected":false},"excerpt":{"rendered":"<p>Affiliate Terms &amp; Conditions ASTR Institute affiliate program is free and enables members to earn revenue by placing a link or links on their web site which advertises ASTR Institute or specific products on it. Any sales made to customers who have clicked on those links will earn the affiliate commission. The standard commission rate [&hellip;]<\/p>\n","protected":false},"author":1,"featured_media":0,"parent":0,"menu_order":0,"comment_status":"closed","ping_status":"closed","template":"","meta":{"_analytify_skip_tracking":false,"footnotes":""},"class_list":["post-1588","page","type-page","status-publish","hentry"],"_links":{"self":[{"href":"https:\/\/advancedsofttissuerelease.com\/it\/wp-json\/wp\/v2\/pages\/1588","targetHints":{"allow":["GET"]}}],"collection":[{"href":"https:\/\/advancedsofttissuerelease.com\/it\/wp-json\/wp\/v2\/pages"}],"about":[{"href":"https:\/\/advancedsofttissuerelease.com\/it\/wp-json\/wp\/v2\/types\/page"}],"author":[{"embeddable":true,"href":"https:\/\/advancedsofttissuerelease.com\/it\/wp-json\/wp\/v2\/users\/1"}],"replies":[{"embeddable":true,"href":"https:\/\/advancedsofttissuerelease.com\/it\/wp-json\/wp\/v2\/comments?post=1588"}],"version-history":[{"count":0,"href":"https:\/\/advancedsofttissuerelease.com\/it\/wp-json\/wp\/v2\/pages\/1588\/revisions"}],"wp:attachment":[{"href":"https:\/\/advancedsofttissuerelease.com\/it\/wp-json\/wp\/v2\/media?parent=1588"}],"curies":[{"name":"wp","href":"https:\/\/api.w.org\/{rel}","templated":true}]}}