{"id":17080,"date":"2020-12-26T18:38:20","date_gmt":"2020-12-27T01:38:20","guid":{"rendered":"https:\/\/advancedsofttissuerelease.com\/?page_id=17080"},"modified":"2023-05-16T21:06:14","modified_gmt":"2023-05-17T03:06:14","slug":"disclaimer-2","status":"publish","type":"page","link":"https:\/\/advancedsofttissuerelease.com\/it\/disclaimer-2\/","title":{"rendered":"Disclaimer"},"content":{"rendered":"<p><strong>Disclaimer<\/strong><\/p>\r\n\r\n\r\n\r\n<p>Queste affermazioni non sono state valutate dalla Food and Drug Administration. Questi prodotti non sono destinati a diagnosticare, trattare, curare o prevenire alcuna malattia. I risultati possono variare da persona a persona e non possiamo garantire che sperimenterai gli stessi risultati trovati nelle nostre testimonianze e video di trattamento. Ogni individuo \u00e8 diverso e il successo di una persona non \u00e8 un risultato garantito.<\/p>\r\n\r\n\r\n\r\n<p>I video e le informazioni sul sito Web non hanno lo scopo di fornire diagnosi, trattamenti, opinioni, servizi o consigli agli spettatori. Attraverso i nostri social media, corsi e sito web ti presentiamo nuove idee per il trattamento, destinate a essere ricercate e ad ampliare le conoscenze generali. Il contenuto del nostro sito Web, eventuali video o post sui social media non possono essere sostituiti con un&#039;assistenza professionale. <strong>Se sei preoccupato per un problema medico, consulta il tuo medico, il tuo medico o altro professionista medico.<\/strong> <strong>SE PENSI DI AVERE UN&#039;EMERGENZA MEDICA, CHIAMA IMMEDIATAMENTE IL 911.\u00a0<\/strong><\/p>\r\n\r\n\r\n\r\n<p>Il Dr. Joseph Jacobs e l&#039;istituto ASTR non sono in alcun modo responsabili per azioni, servizi o prodotti acquisiti tramite questo sito Web, i nostri video o post sui social media. L&#039;istituto ASTR n\u00e9 le sue organizzazioni o persone associate non sono responsabili per eventuali lesioni o danni causati dall&#039;applicazione delle informazioni nei nostri corsi, sito Web e post sui social media. Si consiglia di rivedere le vostre domande e\/o dubbi con un medico. Usa le nostre informazioni a tuo rischio. Il contenuto dei nostri corsi, sito web, post sui social media non pu\u00f2 essere sostituito da un&#039;assistenza professionale. Se sei preoccupato per un problema medico, consulta il tuo medico, il tuo medico o altro professionista medico.<\/p>\r\n\r\n\r\n\r\n<p><strong>Chiedi a ASTR Disclaimer<\/strong><\/p>\r\n\r\n\r\n\r\n<p>Ask ASTR \u00e8 un software di intelligenza artificiale che aiuta gli utenti a capire la causa dei loro sintomi di salute. Ask ASTR \u00e8 un prodotto beta e in costante sviluppo e aggiornamenti. \u00c8 responsabilit\u00e0 degli utenti rispondere alle domande in modo accurato, al fine di ricevere i migliori consigli per la loro condizione. Risposte utente imprecise porteranno a consigli di sistema imprecisi.\u00a0<\/p>\r\n\r\n\r\n\r\n<p>Le affermazioni del nostro software non sono state valutate dalla Food and Drug Administration. Questi prodotti non sono destinati a diagnosticare, trattare, curare o prevenire alcuna malattia. Le raccomandazioni fornite non possono sostituire l&#039;assistenza professionale. Se sei preoccupato per un problema medico, consulta il tuo medico, il tuo medico o altro professionista medico. Il Dr. Joseph Jacobs e l&#039;istituto ASTR non sono in alcun modo responsabili per azioni, servizi o prodotti acquisiti tramite questo sito web. L&#039;istituto ASTR e le sue organizzazioni o persone associate non sono responsabili per eventuali lesioni o danni causati dall&#039;utilizzo del nostro sistema. Si consiglia di rivedere le vostre domande e\/o dubbi con un medico. Utilizzare a proprio rischio. <strong>Se sei preoccupato per un problema medico, consulta il tuo medico, il tuo medico o altro professionista medico.<\/strong> <strong>SE PENSI DI AVERE UN&#039;EMERGENZA MEDICA, CHIAMA IMMEDIATAMENTE IL 911.\u00a0<\/strong><\/p>\r\n\r\n\r\n\r\n<p><strong>Disclaimer corsi per operatori sanitari<\/strong><\/p>\r\n\r\n\r\n\r\n<p>L&#039;istituto ASTR e i corsi ASTR sono intesi come formazione avanzata per operatori sanitari e medici. Questi corsi da soli non conferiscono a un professionista senza licenza l&#039;autorit\u00e0 legale per implementare le informazioni in questi corsi su pazienti o clienti. Alcune delle informazioni in questi corsi potrebbero essere al di fuori dell&#039;ambito di uno studio medico privato che non \u00e8 autorizzato o supervisionato da un medico o da un altro professionista adeguatamente autorizzato. Prima di utilizzare le informazioni o le tecniche presentate in questi corsi su pazienti o clienti, un professionista senza licenza o un professionista con licenza restrittiva (come farmacista, fisioterapista, terapista occupazionale, chiropratico, infermiere, dietista, ecc.) dovrebbe verificare con il la pratica pertinente agisce nel suo stato per garantire che l&#039;uso da parte del professionista delle modalit\u00e0, delle terapie o delle tecniche stabilite in questi corsi sia coerente con la legge statale.<\/p>\r\n\r\n\r\n\r\n<p><strong>Disclaimer sui programmi di autotrattamento<\/strong><\/p>\r\n\r\n\r\n\r\n<p>Queste affermazioni non sono state valutate dalla Food and Drug Administration. Questi prodotti non sono destinati a diagnosticare, trattare, curare o prevenire alcuna malattia. I contenuti dei nostri corsi non possono sostituire l&#039;assistenza professionale. Se sei preoccupato per un problema medico, consulta il tuo medico, il tuo medico o altro professionista medico. Il Dr. Joseph Jacobs e l&#039;istituto ASTR non sono in alcun modo responsabili per azioni, servizi o prodotti acquisiti tramite questo sito web. L&#039;istituto ASTR e le sue organizzazioni o persone associate non sono responsabili per eventuali lesioni o danni causati dall&#039;applicazione degli strumenti ASTR. Gli strumenti ASTR sono generalmente sicuri se praticati con tecnica e cura adeguate. Si consiglia di rivedere le vostre domande e\/o dubbi con un medico. Interrompere l&#039;uso immediatamente se doloroso, se la condizione peggiora o se provoca lividi. Utilizzare a proprio rischio. <strong>Se sei preoccupato per un problema medico, consulta il tuo medico, il tuo medico o altro professionista medico.<\/strong> <strong>SE PENSI DI AVERE UN&#039;EMERGENZA MEDICA, CHIAMA IMMEDIATAMENTE IL 911.\u00a0<\/strong><\/p>\r\n\r\n\r\n\r\n<p><strong>Consultazione e valutazione di telemedicina<\/strong><\/p>\r\n<p>I suggerimenti forniti durante le consultazioni e le valutazioni in relazione a raccomandazioni su nutrizione, dieta, integratori o disintossicazione sono puramente a scopo preventivo ed educativo e non sono intesi per diagnosticare i pazienti. Medici, infermieri e infermieri sono gli operatori sanitari che hanno l&#039;autorit\u00e0 di autorizzare i pazienti a interrompere o avviare specifici interventi medici. Incoraggiamo i pazienti a condurre la propria ricerca in quanto riguarda le decisioni che prendono per se stessi. Sosteniamo la ricerca attuale. \u00c8 molto importante che ogni paziente contatti il proprio medico e comunichi eventuali modifiche al proprio regime sanitario. Non apportare modifiche senza consultare il medico pu\u00f2 essere pericoloso. Facendo clic sul pulsante &quot;Accetto&quot;, dichiari di aver compreso queste informazioni.\u00a0<\/p>\r\n<p><strong>Magnete \u2013 Dichiarazione di non responsabilit\u00e0 MagnaHeal<\/strong><\/p>\r\n\r\n\r\n\r\n<p>L&#039;Istituto ASTR non \u00e8 responsabile per qualsiasi lesione, distruzione o danno che il MagnaHeal oi magneti possono causare a seguito del suo utilizzo. Prima di acquistare MagnaHeal, l&#039;acquirente dichiara di aver letto e compreso le seguenti avvertenze:<\/p>\r\n\r\n\r\n\r\n<p><strong>Controindicazioni:<\/strong> MagnaHeal dovrebbe essere evitato se si dispone di uno dei seguenti:<\/p>\r\n\r\n\r\n\r\n<ul class=\"wp-block-list\">\r\n<li>Stimolatore cardiaco<\/li>\r\n<li>Gravidanza<\/li>\r\n<li>Qualsiasi elettronica nel tuo corpo<\/li>\r\n<li>Confisca<\/li>\r\n<\/ul>\r\n\r\n\r\n\r\n<p>L&#039;acquirente dichiara di assumersi la responsabilit\u00e0 di 100% per tutte le lesioni ei danni che il MagnaHeal potrebbe potenzialmente causare. Ci\u00f2 include lesioni personali o altrui, danni alla propriet\u00e0 e danni al MagnaHeal. L&#039;acquirente deve acconsentire a questi termini prima di acquistare MagnaHeal.<\/p>\r\n\r\n\r\n\r\n<p>L&#039;Istituto ASTR fornir\u00e0 una stima della forza di attrazione per il MagnaHeal, ma non siamo responsabili per eventuali discrepanze o imprecisioni della forza di attrazione dei magneti. Si prega di testare la forza di trazione prima di utilizzarla.<\/p>\r\n\r\n\r\n\r\n<p>MagnaHeal \u00e8 molto potente. \u00c8 essenziale maneggiarlo con cura per evitare danni al magnete e lesioni a se stessi o ad altri. I magneti della stessa dimensione o pi\u00f9 grandi di un cubo da 3 pollici possono causare danni molto gravi alle dita se le dita rimangono intrappolate tra i 2 magneti. Le ossa possono rompersi e la punta delle dita pu\u00f2 essere persa.<\/p>\r\n\r\n\r\n\r\n<p>MagnaHeal \u00e8 fragile. Se viene fatto cadere o colpito, pu\u00f2 rompersi o scheggiarsi. Indossare guanti e occhiali protettivi quando si tiene e si utilizza il MagnaHeal poich\u00e9 schegge e\/o distanziatori potrebbero staccarsi e volare via dal MagnaHeal.<\/p>\r\n\r\n\r\n\r\n<ul class=\"wp-block-list\">\r\n<li>Se MagnaHeal viene riscaldato oltre i 175 gradi Fahrenheit o gli 80 gradi Celsius, perder\u00e0 la sua propriet\u00e0 magnetica.<\/li>\r\n<li>MagnaHeal ha un campo magnetico molto potente e pu\u00f2 danneggiare: computer, televisori, monitor di computer, supporti dati, telefoni, dispositivi elettronici, carte di credito, orologi, apparecchi acustici, pacemaker, ecc. I pacemaker sono una controindicazione e possono danneggiarsi se esposti al MagnaHeal. I pazienti con pacemaker devono stare ad almeno 3 piedi di distanza dal MagnaHeal.<\/li>\r\n<li>MagnaHeal is only to be used externally.<\/li>\r\n<li>Il MagnaHeal non dovrebbe essere alterato affatto. Non \u00e8 consentito tagliare, forare o segare il MagnaHeal. Le particelle del MagnaHeal dal taglio possono creare un ambiente molto pericoloso poich\u00e9 le particelle sono altamente infiammabili. Il magnete si rompe se segato, tagliato o forato. MagnaHeal non dovrebbe mai essere bruciato a causa della tossicit\u00e0 che questo creerebbe.<\/li>\r\n<\/ul>","protected":false},"excerpt":{"rendered":"<p>Disclaimer These statements have not been evaluated by the Food and Drug Administration. These products are not intended to diagnose, treat, cure, or prevent any disease. Results may vary with each person and we cannot guarantee that you will experience the same results found in our testimonial and treatment videos. Each individual is different and [&hellip;]<\/p>\n","protected":false},"author":1,"featured_media":0,"parent":0,"menu_order":0,"comment_status":"closed","ping_status":"closed","template":"","meta":{"_analytify_skip_tracking":false,"footnotes":""},"class_list":["post-17080","page","type-page","status-publish","hentry"],"_links":{"self":[{"href":"https:\/\/advancedsofttissuerelease.com\/it\/wp-json\/wp\/v2\/pages\/17080","targetHints":{"allow":["GET"]}}],"collection":[{"href":"https:\/\/advancedsofttissuerelease.com\/it\/wp-json\/wp\/v2\/pages"}],"about":[{"href":"https:\/\/advancedsofttissuerelease.com\/it\/wp-json\/wp\/v2\/types\/page"}],"author":[{"embeddable":true,"href":"https:\/\/advancedsofttissuerelease.com\/it\/wp-json\/wp\/v2\/users\/1"}],"replies":[{"embeddable":true,"href":"https:\/\/advancedsofttissuerelease.com\/it\/wp-json\/wp\/v2\/comments?post=17080"}],"version-history":[{"count":0,"href":"https:\/\/advancedsofttissuerelease.com\/it\/wp-json\/wp\/v2\/pages\/17080\/revisions"}],"wp:attachment":[{"href":"https:\/\/advancedsofttissuerelease.com\/it\/wp-json\/wp\/v2\/media?parent=17080"}],"curies":[{"name":"wp","href":"https:\/\/api.w.org\/{rel}","templated":true}]}}