{"id":194,"date":"2016-05-19T04:53:19","date_gmt":"2016-05-19T04:53:19","guid":{"rendered":"https:\/\/advancedsofttissuerelease.com\/thigh-pain\/"},"modified":"2016-05-19T04:53:19","modified_gmt":"2016-05-19T04:53:19","slug":"dolore-alla-coscia-2","status":"publish","type":"page","link":"https:\/\/advancedsofttissuerelease.com\/it\/thigh-pain\/","title":{"rendered":"Dolore alla coscia"},"content":{"rendered":"<h1 class=\"p1\"> \t<span style=\"color:#696969;\"><span class=\"s1\">Dolore alla coscia&nbsp;<\/span><\/span><\/h1>\n<p class=\"p1\"> \t<span style=\"color:#696969;\"><span class=\"s1\">L&#039;uso costante su muscoli, articolazioni, tendini e legamenti pu\u00f2 causare lesioni alla coscia, che \u00e8 il tipo pi\u00f9 comune di lesione. Il dolore alla coscia pu\u00f2 derivare da un uso eccessivo che provoca infiammazione e dolore, ma pu\u00f2 anche essere causato da strappi di tensione muscolare. Il dolore pu\u00f2 variare da un dolore sordo e doloroso, a intorpidimento e formicolio, a un forte dolore lancinante. Se il dolore persiste per pi\u00f9 di un paio di giorni, \u00e8 necessario consultare un medico.<\/span><\/span><\/p>\n<h2 class=\"p1\"> \t<span style=\"color:#696969;\"><span class=\"s1\">Cause del dolore alla coscia<\/span><\/span><\/h2>\n<ul>\n<li class=\"li1\"> \t\t<span style=\"color:#696969;\"><span class=\"s1\">Strappo da sforzo del muscolo&nbsp;<\/span><\/span><\/li>\n<li class=\"li1\"> \t\t<span style=\"color:#696969;\"><span class=\"s1\">Lesioni da sovraccarico al muscolo (legamento, articolazione, tendine, dei muscoli)<\/span><\/span><\/li>\n<li class=\"li1\"> \t\t<span style=\"color:#696969;\"><span class=\"s1\">Coagulo di sangue&nbsp;<\/span><\/span><\/li>\n<li class=\"li1\"> \t\t<span style=\"color:#696969;\"><span class=\"s1\">Sciatica<\/span><\/span><\/li>\n<li class=\"li1\"> \t\t<span style=\"color:#696969;\"><span class=\"s1\">Merlagia Parentetica&nbsp;<\/span><\/span><\/li>\n<li class=\"li1\"> \t\t<span style=\"color:#696969;\"><span class=\"s1\">Sindrome del dolore trocanterico maggiore&nbsp;<\/span><\/span><\/li>\n<li class=\"li1\"> \t\t<span style=\"color:#696969;\"><span class=\"s1\">Seduto per lunghi periodi di tempo&nbsp;<\/span><\/span><\/li>\n<li class=\"li1\"> \t\t<span style=\"color:#696969;\"><span class=\"s1\">Gravidanza&nbsp;<\/span><\/span><\/li>\n<li class=\"li1\"> \t\t<span style=\"color:#696969;\"><span class=\"s1\">Ernia&nbsp;<\/span><\/span><\/li>\n<li class=\"li1\"> \t\t<span style=\"color:#696969;\"><span class=\"s1\">Vene varicose&nbsp;<\/span><\/span><\/li>\n<li class=\"li1\"> \t\t<span style=\"color:#696969;\"><span class=\"s1\">Obesit\u00e0&nbsp;<\/span><\/span><\/li>\n<\/ul>\n<h3 class=\"p1\"> \t<span style=\"color:#696969;\"><span class=\"s1\">Trattamento per il dolore alla coscia&nbsp;<\/span><\/span><\/h3>\n<ul>\n<li class=\"li1\"> \t\t<span style=\"color:#696969;\"><span class=\"s1\">Strumenti ASTR\u00ae: i nostri medici utilizzano una variet\u00e0 di strumenti ASTR\u00ae per rilasciare il tessuto cicatriziale e la restrizione miofasciale, che possono ridurre il dolore e dare sollievo ai sintomi.<\/span><\/span><\/li>\n<li class=\"li1\"> \t\t<span style=\"color:#696969;\"><span class=\"s1\">Programma di esercizi speciali per ridurre l&#039;infiammazione, rafforzare i muscoli e aiutare il paziente a tornare alle normali funzioni e attivit\u00e0.<\/span><\/span><\/li>\n<li class=\"li1\"> \t\t<span style=\"color:#696969;\"><span class=\"s1\">Istruzioni speciali su come accelerare i tempi di recupero.<\/span><\/span><\/li>\n<\/ul>","protected":false},"excerpt":{"rendered":"<p>Thigh Pain&nbsp; Constant use on the muscles, joints, tendons, and ligaments can cause injuries to the thigh, which is the most common type of injury.&nbsp; Thigh pain can either come from overuse causing inflammation and resulting in pain, but can also be cause by tears of straining of the muscle.&nbsp; Pain can vary from a [&hellip;]<\/p>\n","protected":false},"author":2447,"featured_media":0,"parent":0,"menu_order":158,"comment_status":"closed","ping_status":"closed","template":"","meta":{"_analytify_skip_tracking":false,"footnotes":""},"class_list":["post-194","page","type-page","status-publish","hentry"],"_links":{"self":[{"href":"https:\/\/advancedsofttissuerelease.com\/it\/wp-json\/wp\/v2\/pages\/194","targetHints":{"allow":["GET"]}}],"collection":[{"href":"https:\/\/advancedsofttissuerelease.com\/it\/wp-json\/wp\/v2\/pages"}],"about":[{"href":"https:\/\/advancedsofttissuerelease.com\/it\/wp-json\/wp\/v2\/types\/page"}],"author":[{"embeddable":true,"href":"https:\/\/advancedsofttissuerelease.com\/it\/wp-json\/wp\/v2\/users\/2447"}],"replies":[{"embeddable":true,"href":"https:\/\/advancedsofttissuerelease.com\/it\/wp-json\/wp\/v2\/comments?post=194"}],"version-history":[{"count":0,"href":"https:\/\/advancedsofttissuerelease.com\/it\/wp-json\/wp\/v2\/pages\/194\/revisions"}],"wp:attachment":[{"href":"https:\/\/advancedsofttissuerelease.com\/it\/wp-json\/wp\/v2\/media?parent=194"}],"curies":[{"name":"wp","href":"https:\/\/api.w.org\/{rel}","templated":true}]}}