{"id":200,"date":"2016-05-31T19:09:15","date_gmt":"2016-05-31T19:09:15","guid":{"rendered":"https:\/\/advancedsofttissuerelease.com\/bunion\/"},"modified":"2016-05-31T19:09:15","modified_gmt":"2016-05-31T19:09:15","slug":"borsite-2","status":"publish","type":"page","link":"https:\/\/advancedsofttissuerelease.com\/it\/bunion\/","title":{"rendered":"Bunion"},"content":{"rendered":"<h1 class=\"p1\"> \t<span style=\"color:#696969;\"><span class=\"s1\"><b>Bunion<\/b><\/span><\/span><\/h1>\n<p class=\"p1\"> \t<span style=\"color:#696969;\"><span class=\"s2\">L&#039;alluce \u00e8 una protuberanza che si verifica sulla base dell&#039;articolazione dell&#039;alluce, \u00e8 una crescita ossea innaturale che si forma quando l&#039;alluce si inclina verso il secondo dito costringendo l&#039;articolazione a ingrandirsi. I borsiti possono essere genetici e gli straordinari si sviluppano con artrite e borsiti. Pu\u00f2 formarsi a causa della struttura del piede scarsa o debole o se una gamba \u00e8 pi\u00f9 lunga dell&#039;altra. Nel tempo l&#039;alluce pu\u00f2 eventualmente modificare la struttura del piede anteriore crescendo sempre pi\u00f9 verso l&#039;esterno. Poich\u00e9 le scarpe non possono accogliere la grande crescita dell&#039;alluce, viene esercitata una pressione sull&#039;articolazione disallineata che si infiamma e si irrigidisce. Anche quelli che stanno in piedi o camminano molto possono essere suscettibili.<\/span><\/span><\/p>\n<p class=\"p2\"> \t<span style=\"color:#696969;\"><span style=\"font-family: &quot;Helvetica Neue&quot;, Helvetica, Arial, sans-serif; font-size: 30px; line-height: 1.1;\">Sintomi dell&#039;alluce&nbsp;<\/span><\/span><\/p>\n<ul>\n<li class=\"p1\"> \t\t<span style=\"color:#696969;\"><span class=\"s2\">Infiammazione<\/span><\/span><\/li>\n<li class=\"p1\"> \t\t<span style=\"color:#696969;\"><span class=\"s2\">Dolore&nbsp;<\/span><\/span><\/li>\n<li class=\"p1\"> \t\t<span style=\"color:#696969;\"><span class=\"s2\">Dolore<\/span><\/span><\/li>\n<li class=\"p1\"> \t\t<span style=\"color:#696969;\"><span class=\"s2\">Sensazione di bruciore<\/span><\/span><\/li>\n<li class=\"p1\"> \t\t<span style=\"color:#696969;\"><span class=\"s2\">Intorpidimento<\/span><\/span><\/li>\n<\/ul>\n<h3 class=\"p1\"> \t<span style=\"color:#696969;\"><span class=\"s1\">Trattamento dell&#039;alluce<\/span><\/span><\/h3>\n<p class=\"p1\"> \t<span style=\"color:#696969;\"><span class=\"s2\">ASTR utilizza approcci olistici, non invasivi e indolori per alleviare il dolore senza l&#039;uso di farmaci. I nostri medici hanno brevettato gli strumenti ASTR per abbattere ed eliminare il tessuto cicatriziale esistente e la restrizione miofasica nei pazienti. Ai pazienti vengono somministrati programmi di esercizi speciali specifici che hanno lo scopo di ridurre l&#039;infiammazione e rafforzare la muscolatura per riportare il paziente al normale funzionamento e attivit\u00e0.<\/span><\/span><\/p>","protected":false},"excerpt":{"rendered":"<p>Bunion A bunion is a bump that occurs on the joint base of the big toe, it is an unnatural bony growth that forms when the big toe leans toward the second toe forcing the joint to grow larger.&nbsp; Bunions can be genetic and overtime develops with arthritis and bunions.&nbsp; It can form due to [&hellip;]<\/p>\n","protected":false},"author":2447,"featured_media":0,"parent":0,"menu_order":152,"comment_status":"closed","ping_status":"closed","template":"","meta":{"_analytify_skip_tracking":false,"footnotes":""},"class_list":["post-200","page","type-page","status-publish","hentry"],"_links":{"self":[{"href":"https:\/\/advancedsofttissuerelease.com\/it\/wp-json\/wp\/v2\/pages\/200","targetHints":{"allow":["GET"]}}],"collection":[{"href":"https:\/\/advancedsofttissuerelease.com\/it\/wp-json\/wp\/v2\/pages"}],"about":[{"href":"https:\/\/advancedsofttissuerelease.com\/it\/wp-json\/wp\/v2\/types\/page"}],"author":[{"embeddable":true,"href":"https:\/\/advancedsofttissuerelease.com\/it\/wp-json\/wp\/v2\/users\/2447"}],"replies":[{"embeddable":true,"href":"https:\/\/advancedsofttissuerelease.com\/it\/wp-json\/wp\/v2\/comments?post=200"}],"version-history":[{"count":0,"href":"https:\/\/advancedsofttissuerelease.com\/it\/wp-json\/wp\/v2\/pages\/200\/revisions"}],"wp:attachment":[{"href":"https:\/\/advancedsofttissuerelease.com\/it\/wp-json\/wp\/v2\/media?parent=200"}],"curies":[{"name":"wp","href":"https:\/\/api.w.org\/{rel}","templated":true}]}}