{"id":201,"date":"2016-05-31T19:10:36","date_gmt":"2016-05-31T19:10:36","guid":{"rendered":"https:\/\/advancedsofttissuerelease.com\/heel-spur\/"},"modified":"2016-05-31T19:10:36","modified_gmt":"2016-05-31T19:10:36","slug":"sperone-del-tallone","status":"publish","type":"page","link":"https:\/\/advancedsofttissuerelease.com\/it\/heel-spur\/","title":{"rendered":"Sperone del tallone"},"content":{"rendered":"<h1 class=\"p1\"> \t<span style=\"color:#696969;\"><span class=\"s1\"><b>Sperone del tallone<\/b><\/span><\/span><\/h1>\n<p class=\"p1\"> \t<span style=\"color:#696969;\"><span class=\"s2\">Uno sperone calcaneare \u00e8 quando l&#039;osso cresce sotto o sul lato dell&#039;osso del tallone in un punto e pu\u00f2 causare dolore durante l&#039;esercizio o in piedi per lunghi periodi di tempo. Gli speroni calcaneari si verificano spesso con la fascite plantare, quando l&#039;infiammazione dei tendini dei tessuti molli o della fascia nel tallone, o con l&#039;infiammazione del tendine d&#039;Achille che causa dolorabilit\u00e0 nella parte posteriore del tallone. \u00c8 comune vedere speroni del tallone negli sport che prevedono molte corse o salti. Il dolore cronico che va e viene pu\u00f2 verificarsi con dolore durante l&#039;esercizio e una sensazione lancinante nella parte inferiore del tallone al risveglio. Pu\u00f2 anche tornare dopo essere stato seduto per un lungo periodo di tempo.&nbsp;<\/span><\/span><\/p>\n<h2 class=\"p2\"> \t<span style=\"color:#696969;\"><span style=\"font-family: &quot;Helvetica Neue&quot;, Helvetica, Arial, sans-serif; font-size: 30px; line-height: 1.1;\">Fattori di rischio per speroni calcaneari<\/span><\/span><\/h2>\n<ul>\n<li class=\"p1\"> \t\t<span style=\"color:#696969;\"><span class=\"s2\">Correre o fare jogging su superfici dure<\/span><\/span><\/li>\n<li class=\"p1\"> \t\t<span style=\"color:#696969;\"><span class=\"s2\">Anomalie del piede<\/span><\/span><\/li>\n<li class=\"p1\"> \t\t<span style=\"color:#696969;\"><span class=\"s2\">Obesit\u00e0<\/span><\/span><\/li>\n<li class=\"p1\"> \t\t<span style=\"color:#696969;\"><span class=\"s2\">Mancanza di supporto per l&#039;arco plantare nelle scarpe<\/span><\/span><\/li>\n<\/ul>\n<h3 class=\"p1\"> \t<span style=\"color:#696969;\"><span class=\"s1\">Trattamento sperone calcaneare<\/span><\/span><\/h3>\n<p class=\"p1\"> \t<span style=\"color:#696969;\"><span class=\"s2\">ASTR utilizza approcci olistici, non invasivi e indolori per alleviare il dolore senza l&#039;uso di farmaci. I nostri medici utilizzano strumenti ASTR brevettati per abbattere ed eliminare il tessuto cicatriziale esistente e la restrizione miofasica nei pazienti. Ai pazienti vengono somministrati programmi di esercizi specifici specifici che hanno lo scopo di ridurre l&#039;infiammazione e rafforzare il muscolo per riportare il paziente al normale funzionamento e attivit\u00e0.<\/span><\/span><\/p>","protected":false},"excerpt":{"rendered":"<p>Heel Spur A heel spur is when bone grows underneath or on the side of the heel bone in a point and can cause pain while exercising or standing for long periods of time.&nbsp; Heel spurs often occur with plantar fasciitis, when inflammation of the the soft tissue tendons or fascia in the heel, or [&hellip;]<\/p>\n","protected":false},"author":2447,"featured_media":0,"parent":0,"menu_order":151,"comment_status":"closed","ping_status":"closed","template":"","meta":{"_analytify_skip_tracking":false,"footnotes":""},"class_list":["post-201","page","type-page","status-publish","hentry"],"_links":{"self":[{"href":"https:\/\/advancedsofttissuerelease.com\/it\/wp-json\/wp\/v2\/pages\/201","targetHints":{"allow":["GET"]}}],"collection":[{"href":"https:\/\/advancedsofttissuerelease.com\/it\/wp-json\/wp\/v2\/pages"}],"about":[{"href":"https:\/\/advancedsofttissuerelease.com\/it\/wp-json\/wp\/v2\/types\/page"}],"author":[{"embeddable":true,"href":"https:\/\/advancedsofttissuerelease.com\/it\/wp-json\/wp\/v2\/users\/2447"}],"replies":[{"embeddable":true,"href":"https:\/\/advancedsofttissuerelease.com\/it\/wp-json\/wp\/v2\/comments?post=201"}],"version-history":[{"count":0,"href":"https:\/\/advancedsofttissuerelease.com\/it\/wp-json\/wp\/v2\/pages\/201\/revisions"}],"wp:attachment":[{"href":"https:\/\/advancedsofttissuerelease.com\/it\/wp-json\/wp\/v2\/media?parent=201"}],"curies":[{"name":"wp","href":"https:\/\/api.w.org\/{rel}","templated":true}]}}