{"id":206,"date":"2016-05-31T19:49:56","date_gmt":"2016-05-31T19:49:56","guid":{"rendered":"https:\/\/advancedsofttissuerelease.com\/clavicle-fracture\/"},"modified":"2016-05-31T19:49:56","modified_gmt":"2016-05-31T19:49:56","slug":"frattura-della-clavicola-2","status":"publish","type":"page","link":"https:\/\/advancedsofttissuerelease.com\/it\/clavicle-fracture\/","title":{"rendered":"Frattura della clavicola"},"content":{"rendered":"<h1 class=\"p1\"> \t<span style=\"color:#696969;\"><span class=\"s1\"><b>Frattura della clavicola<\/b><\/span><\/span><\/h1>\n<p class=\"p1\"> \t<span style=\"color:#696969;\"><span class=\"s2\">Le fratture della clavicola sono comunemente note come clavicole rotte e spesso si verificano dopo una caduta o un impatto improvviso sulla spalla. Poich\u00e9 un gesso immobilizzante non pu\u00f2 essere posizionato correttamente sulla clavicola, il processo di guarigione pu\u00f2 essere doloroso e impegnativo e la clavicola impiega circa quattro mesi per guarire completamente.<\/span><\/span><\/p>\n<h2 class=\"p1\"> \t<span style=\"color:#696969;\"><span class=\"s1\">Sintomi di frattura della clavicola<\/span><\/span><\/h2>\n<p class=\"p1\"> \t<span style=\"color:#696969;\"><span class=\"s2\">Incapacit\u00e0 di tenere il braccio lontano dal corpo<\/span><\/span><\/p>\n<p class=\"p1\"> \t<span style=\"color:#696969;\"><span class=\"s2\">La spalla interessata pu\u00f2 essere piegata in avanti\/in basso<\/span><\/span><\/p>\n<p class=\"p1\"> \t<span style=\"color:#696969;\"><span class=\"s2\">Gonfiore\/lividi della clavicola<\/span><\/span><\/p>\n<h3 class=\"p1\"> \t<span style=\"color:#696969;\"><span class=\"s1\">Trattamento della frattura della clavicola<\/span><\/span><\/h3>\n<p class=\"p1\"> \t<span style=\"color:#696969;\"><span class=\"s2\">ASTR utilizza approcci olistici, non invasivi e indolori per alleviare il dolore senza l&#039;uso di farmaci. I nostri medici utilizzano strumenti ASTR brevettati per abbattere ed eliminare il tessuto cicatriziale esistente e la restrizione miofasica nei pazienti. Ai pazienti vengono somministrati programmi di esercizi specifici specifici che hanno lo scopo di ridurre l&#039;infiammazione e rafforzare il muscolo per riportare la clavicola lesa a un livello di normale funzionamento.<\/span><\/span><\/p>","protected":false},"excerpt":{"rendered":"<p>Clavicle Fracture Clavicle fractures are commonly known as broken collarbones and often happens after a fall or sudden impact on the shoulder.&nbsp; Since an immobilizing cast cannot be properly placed on the collarbone, the healing process can be painful and challenging and it takes the clavicle around four month to heal completely. Clavicle Fracture Symptoms [&hellip;]<\/p>\n","protected":false},"author":2447,"featured_media":0,"parent":0,"menu_order":146,"comment_status":"closed","ping_status":"closed","template":"","meta":{"_analytify_skip_tracking":false,"footnotes":""},"class_list":["post-206","page","type-page","status-publish","hentry"],"_links":{"self":[{"href":"https:\/\/advancedsofttissuerelease.com\/it\/wp-json\/wp\/v2\/pages\/206","targetHints":{"allow":["GET"]}}],"collection":[{"href":"https:\/\/advancedsofttissuerelease.com\/it\/wp-json\/wp\/v2\/pages"}],"about":[{"href":"https:\/\/advancedsofttissuerelease.com\/it\/wp-json\/wp\/v2\/types\/page"}],"author":[{"embeddable":true,"href":"https:\/\/advancedsofttissuerelease.com\/it\/wp-json\/wp\/v2\/users\/2447"}],"replies":[{"embeddable":true,"href":"https:\/\/advancedsofttissuerelease.com\/it\/wp-json\/wp\/v2\/comments?post=206"}],"version-history":[{"count":0,"href":"https:\/\/advancedsofttissuerelease.com\/it\/wp-json\/wp\/v2\/pages\/206\/revisions"}],"wp:attachment":[{"href":"https:\/\/advancedsofttissuerelease.com\/it\/wp-json\/wp\/v2\/media?parent=206"}],"curies":[{"name":"wp","href":"https:\/\/api.w.org\/{rel}","templated":true}]}}