{"id":2103,"date":"2019-01-16T17:34:08","date_gmt":"2019-01-16T17:34:08","guid":{"rendered":"https:\/\/advancedsofttissuerelease.com\/?page_id=2103"},"modified":"2020-01-05T18:44:13","modified_gmt":"2020-01-06T02:44:13","slug":"magnete-disclaimer","status":"publish","type":"page","link":"https:\/\/advancedsofttissuerelease.com\/it\/magnet-disclaimer\/","title":{"rendered":"Dichiarazione di non responsabilit\u00e0 sui magneti"},"content":{"rendered":"<p><\/p>\r\n<p>&nbsp;<\/p>\r\n<p><span style=\"font-size: 12pt;\"><strong>Dichiarazione di non responsabilit\u00e0 sui magneti<\/strong><\/span><\/p>\r\n\r\n\r\n\r\n<p>L&#039;Istituto ASTR non \u00e8 responsabile per qualsiasi lesione, distruzione o danno che MagnaHeal potrebbe causare a seguito del suo utilizzo. Prima di acquistare MagnaHeal, l&#039;acquirente dichiara di aver letto e compreso le seguenti avvertenze:<\/p>\r\n<div><strong>Controindicazioni:<\/strong> MagnaHeal dovrebbe essere evitato se si dispone di uno dei seguenti:<\/div>\r\n<ul>\r\n<li>Stimolatore cardiaco<\/li>\r\n<li>Gravidanza<\/li>\r\n<li>Qualsiasi elettronica nel tuo corpo<\/li>\r\n<li>Confisca<\/li>\r\n<\/ul>\r\n\r\n\r\n\r\n<p>L&#039;acquirente dichiara di assumersi la responsabilit\u00e0 di 100% per tutte le lesioni ei danni che il MagnaHeal potrebbe potenzialmente causare. Ci\u00f2 include lesioni personali o altrui, danni alla propriet\u00e0 e danni al MagnaHeal. L&#039;acquirente deve acconsentire a questi termini prima di acquistare MagnaHeal.<\/p>\r\n\r\n\r\n\r\n<p>L&#039;Istituto ASTR fornir\u00e0 una stima della forza di attrazione per il MagnaHeal, ma non siamo responsabili per eventuali discrepanze o imprecisioni della forza di attrazione dei magneti. Si prega di testare la forza di trazione prima di utilizzarla.<\/p>\r\n\r\n\r\n\r\n<p>MagnaHeal \u00e8 molto potente. \u00c8 essenziale maneggiarlo con cura per evitare danni al magnete e lesioni a se stessi o ad altri. I magneti della stessa dimensione o pi\u00f9 grandi di un cubo da 2 pollici possono potenzialmente causare danni molto gravi alle dita se le dita rimangono intrappolate tra i 2 magneti. Le ossa possono rompersi e la punta delle dita pu\u00f2 essere persa.\u00a0<\/p>\r\n\r\n\r\n\r\n<p>MagnaHeal \u00e8 fragile. Se viene fatto cadere o colpito, pu\u00f2 rompersi o scheggiarsi. Indossare guanti e occhiali protettivi quando si tiene e si utilizza il MagnaHeal poich\u00e9 schegge e\/o distanziatori potrebbero staccarsi e volare via dal MagnaHeal.<\/p>\r\n\r\n\r\n\r\n<ul>\r\n<li>Se MagnaHeal viene riscaldato oltre i 175 gradi Fahrenheit o gli 80 gradi Celsius, perder\u00e0 la sua propriet\u00e0 magnetica.\r\n\r\n<\/li>\r\n<li>MagnaHeal ha un campo magnetico molto potente e pu\u00f2 danneggiare: computer, televisori, monitor di computer, supporti dati, telefoni, dispositivi elettronici, carte di credito, orologi, apparecchi acustici, pacemaker, ecc.\r\n\r\n<\/li>\r\n<li>I pacemaker sono una controindicazione e possono essere danneggiati se esposti al MagnaHeal. I pazienti con pacemaker devono stare ad almeno 3 piedi di distanza dal MagnaHeal.\u00a0\r\n\r\n<\/li>\r\n<li>I bambini non devono usare o toccare MagnaHeal in quanto pu\u00f2 essere pericoloso e comportare un rischio di soffocamento. I bambini possono soffocare con il magnete e ci\u00f2 pu\u00f2 causare danni interni. MagnaHeal deve essere utilizzato solo esternamente.\u00a0\r\n\r\n<\/li>\r\n<li>Il MagnaHeal non dovrebbe essere alterato affatto. Non \u00e8 consentito tagliare, forare o segare il MagnaHeal. Le particelle del MagnaHeal dal taglio possono creare un ambiente molto pericoloso poich\u00e9 le particelle sono altamente infiammabili. Il magnete si rompe se segato, tagliato o forato. MagnaHeal non dovrebbe mai essere bruciato a causa della tossicit\u00e0 che questo creerebbe.\u00a0<\/li>\r\n<\/ul>","protected":false},"excerpt":{"rendered":"<p>&nbsp; Magnet Disclaimer ASTR Institute is not liable or responsible for any injury, destruction or harm the MagnaHeal may cause as a result of its use. Before purchasing the MagnaHeal, the purchaser attests that they have read and understand the following warnings: Contraindications: MagnaHeal should be avoided if you have one of the following: Pacemaker [&hellip;]<\/p>\n","protected":false},"author":2447,"featured_media":0,"parent":0,"menu_order":0,"comment_status":"closed","ping_status":"closed","template":"","meta":{"_analytify_skip_tracking":false,"footnotes":""},"class_list":["post-2103","page","type-page","status-publish","hentry"],"_links":{"self":[{"href":"https:\/\/advancedsofttissuerelease.com\/it\/wp-json\/wp\/v2\/pages\/2103","targetHints":{"allow":["GET"]}}],"collection":[{"href":"https:\/\/advancedsofttissuerelease.com\/it\/wp-json\/wp\/v2\/pages"}],"about":[{"href":"https:\/\/advancedsofttissuerelease.com\/it\/wp-json\/wp\/v2\/types\/page"}],"author":[{"embeddable":true,"href":"https:\/\/advancedsofttissuerelease.com\/it\/wp-json\/wp\/v2\/users\/2447"}],"replies":[{"embeddable":true,"href":"https:\/\/advancedsofttissuerelease.com\/it\/wp-json\/wp\/v2\/comments?post=2103"}],"version-history":[{"count":0,"href":"https:\/\/advancedsofttissuerelease.com\/it\/wp-json\/wp\/v2\/pages\/2103\/revisions"}],"wp:attachment":[{"href":"https:\/\/advancedsofttissuerelease.com\/it\/wp-json\/wp\/v2\/media?parent=2103"}],"curies":[{"name":"wp","href":"https:\/\/api.w.org\/{rel}","templated":true}]}}