{"id":228,"date":"2016-06-01T00:42:37","date_gmt":"2016-06-01T00:42:37","guid":{"rendered":"https:\/\/advancedsofttissuerelease.com\/posterior-cruciate-ligament-injury-pcl\/"},"modified":"2016-06-01T00:42:37","modified_gmt":"2016-06-01T00:42:37","slug":"lesione-legamento-crociato-posteriore-pcl","status":"publish","type":"page","link":"https:\/\/advancedsofttissuerelease.com\/it\/posterior-cruciate-ligament-injury-pcl\/","title":{"rendered":"Lesione del legamento crociato posteriore (PCL)"},"content":{"rendered":"<h1 class=\"p1\"> \t<span style=\"color:#696969;\"><span class=\"s1\">Lesione del legamento crociato posteriore (PCL)<\/span><\/span><\/h1>\n<p class=\"p1\"> \t<span style=\"color:#696969;\"><span class=\"s1\">Il legamento crociato posteriore \u00e8 una piccola fascia che collega l&#039;osso alto (femore) allo stinco (tibia). Una lesione del PCL \u00e8 dovuta a un colpo diretto alla parte anteriore del ginocchio (come cadere su un ginocchio piegato negli sport), tirando o allungando il legamento o un passo falso. Una torsione o una sovraestensione del ginocchio pu\u00f2 far s\u00ec che la persona non possa sopportare tutto il peso sul ginocchio. Il PCL \u00e8 il legamento pi\u00f9 forte del ginocchio, il che significa che le lesioni sono generalmente dovute a traumi o piegamenti all&#039;indietro del ginocchio, o una forza sul ginocchio come un incidente d&#039;auto. Una lesione PCL di solito varia da una rottura parziale a una rottura completa. &nbsp;<\/span><\/span><\/p>\n<h2 class=\"p1\"> \t<span style=\"color:#696969;\"><span class=\"s1\">I sintomi di una lesione del PCL<\/span><\/span><\/h2>\n<ul>\n<li class=\"li1\"> \t\t<span style=\"color:#696969;\"><span class=\"s1\">Dolore e gonfiore del ginocchio<\/span><\/span><\/li>\n<li class=\"li1\"> \t\t<span style=\"color:#696969;\"><span class=\"s1\">Il ginocchio \u00e8 instabile<\/span><\/span><\/li>\n<li class=\"li1\"> \t\t<span style=\"color:#696969;\"><span class=\"s1\">Incapacit\u00e0 di sopportare il peso sul ginocchio<\/span><\/span><\/li>\n<\/ul>\n<h3 class=\"p1\"> \t<span style=\"color:#696969;\"><span class=\"s1\">Trattamento per la lesione del PCL&nbsp;<\/span><\/span><\/h3>\n<ul>\n<li class=\"li1\"> \t\t<span style=\"color:#696969;\"><span class=\"s1\">Strumenti ASTR\u00ae: i nostri medici utilizzano una variet\u00e0 di strumenti ASTR\u00ae per rilasciare il tessuto cicatriziale e la restrizione miofasciale, che possono ridurre la flessibilit\u00e0 e aggiungere pi\u00f9 pressione al legamento crociato posteriore.<\/span><\/span><\/li>\n<li class=\"li1\"> \t\t<span style=\"color:#696969;\"><span class=\"s1\">Programma di esercizi speciali per diminuire la pressione sul PCL, rafforzare i muscoli, stabilizzare il ginocchio per aiutare il paziente a tornare alla normale funzione e attivit\u00e0.<\/span><\/span><\/li>\n<li class=\"li1\"> \t\t<span style=\"color:#696969;\"><span class=\"s1\">Istruzioni speciali su come accelerare i tempi di recupero.<\/span><\/span><\/li>\n<\/ul>","protected":false},"excerpt":{"rendered":"<p>Posterior Cruciate Ligament injury (PCL) The posterior cruciate ligament is a small band that connects the high bone (femur) to the shin bone (tibia).&nbsp; A PCL tear is due to a direct blow to the front of the knee (like falling on a bent knee in sports), pulling or stretching of the ligament, or a [&hellip;]<\/p>\n","protected":false},"author":2447,"featured_media":0,"parent":0,"menu_order":124,"comment_status":"closed","ping_status":"closed","template":"","meta":{"_analytify_skip_tracking":false,"footnotes":""},"class_list":["post-228","page","type-page","status-publish","hentry"],"_links":{"self":[{"href":"https:\/\/advancedsofttissuerelease.com\/it\/wp-json\/wp\/v2\/pages\/228","targetHints":{"allow":["GET"]}}],"collection":[{"href":"https:\/\/advancedsofttissuerelease.com\/it\/wp-json\/wp\/v2\/pages"}],"about":[{"href":"https:\/\/advancedsofttissuerelease.com\/it\/wp-json\/wp\/v2\/types\/page"}],"author":[{"embeddable":true,"href":"https:\/\/advancedsofttissuerelease.com\/it\/wp-json\/wp\/v2\/users\/2447"}],"replies":[{"embeddable":true,"href":"https:\/\/advancedsofttissuerelease.com\/it\/wp-json\/wp\/v2\/comments?post=228"}],"version-history":[{"count":0,"href":"https:\/\/advancedsofttissuerelease.com\/it\/wp-json\/wp\/v2\/pages\/228\/revisions"}],"wp:attachment":[{"href":"https:\/\/advancedsofttissuerelease.com\/it\/wp-json\/wp\/v2\/media?parent=228"}],"curies":[{"name":"wp","href":"https:\/\/api.w.org\/{rel}","templated":true}]}}