{"id":292,"date":"2017-02-04T19:25:53","date_gmt":"2017-02-04T19:25:53","guid":{"rendered":"https:\/\/advancedsofttissuerelease.com\/landing-2\/"},"modified":"2017-02-04T19:25:53","modified_gmt":"2017-02-04T19:25:53","slug":"landing-2","status":"publish","type":"page","link":"https:\/\/advancedsofttissuerelease.com\/it\/landing-2\/","title":{"rendered":"Landing 2"},"content":{"rendered":"<p style=\"text-align: center;\"> \t<font color=\"#ff0000\" face=\"lucida sans unicode, lucida grande, sans-serif\"><span style=\"font-size: 26px;\"><b>Darren&#8217;s Chronic Back Pain Was Relieved in 2 ASTR Sessions!<\/b><\/span><\/font><\/p>\n<p style=\"text-align: center;\"> \t<span style=\"font-size: 14px;\">https:\/\/www.youtube.com\/watch?v=UyVCTuUKhvo<\/span><\/p>\n<p style=\"text-align: center;\"> \t&nbsp;<\/p>\n<p style=\"text-align: center;\"> \t<font color=\"#696969\" face=\"lucida sans unicode, lucida grande, sans-serif\"><span style=\"font-size: 26px;\"><b>&#8220;I see these Amazing results daily in my pracice. YOU can achieve these incredible results with your patients!&#8221; <\/b><span style=\"font-size:12px;\">Joseph Jacobs, DPT, ASTR<\/span><\/span><\/font><\/p>\n<p> \t&nbsp;<\/p>\n<p> \t&nbsp;<\/p>\n<p> \t<strong><span style=\"color:#696969;\"><span style=\"font-size:24px;\">Cos&#039;\u00e8 ASTR?<\/span><\/span><\/strong><\/p>\n<p> \t&nbsp;<\/p>\n<p> \t<span style=\"font-family: &quot;lucida sans unicode&quot;, &quot;lucida grande&quot;, sans-serif;\"><span style=\"font-size: 18px;\">Il rilascio avanzato dei tessuti molli (ASTR) sta cambiando il modo in cui vivono i pazienti&nbsp;<\/span><strong style=\"font-family: verdana, geneva, sans-serif; font-size: 18px;\">Lungo termine<\/strong><span style=\"font-size: 18px;\">&nbsp;<\/span><strong style=\"font-family: verdana, geneva, sans-serif; font-size: 18px;\">sollievo dal dolore<\/strong><span style=\"font-size: 18px;\">. Questa specialit\u00e0 affronta il dolore acuto e cronico attraverso l&#039;uso di valutazioni uniche del paziente,&nbsp;<\/span><span style=\"font-size: 18px;\">protocolli di trattamento elaborati tatticamente,<\/span><span style=\"font-size: 18px;\">&nbsp;progettato strategicamente&nbsp;<strong>p<\/strong><\/span><strong><strong style=\"font-family: verdana, geneva, sans-serif; font-size: 18px;\">attentato&nbsp;<\/strong><\/strong><span style=\"font-size: 18px;\">strumenti e oltre 125 manovre uniche. ASTR si rivolge agli alimenti alla loro fonte per ridurre il dolore, aumentare la gamma di movimento e aiutare a migliorare la qualit\u00e0 della vita delle persone.&nbsp;<\/span><\/span><span style=\"font-family: &quot;lucida sans unicode&quot;, &quot;lucida grande&quot;, sans-serif; font-size: 18px;\">I risultati di un recente studio sul collo condotto su pazienti ASTR hanno rilevato che c&#039;era un&nbsp;<\/span><strong style=\"font-family: &quot;lucida sans unicode&quot;, &quot;lucida grande&quot;, sans-serif; font-size: 18px;\"><span style=\"color: rgb(255, 0, 0);\">87% tasso di successo<\/span><\/strong><span style=\"font-family: &quot;lucida sans unicode&quot;, &quot;lucida grande&quot;, sans-serif; font-size: 18px;\">&nbsp;per i pazienti che hanno seguito il nostro programma!<\/span><span style=\"font-size: 18px; font-family: &quot;lucida sans unicode&quot;, &quot;lucida grande&quot;, sans-serif;\">&nbsp;<\/span><\/p>\n<p> \t&nbsp;<\/p>\n<p class=\"p1\" style=\"margin-bottom: 10px; font-size: 12px; color: rgb(0, 0, 0); -webkit-text-stroke: 0px rgb(0, 0, 0); text-align: left;\"> \t<span style=\"font-family: &quot;lucida sans unicode&quot;, &quot;lucida grande&quot;, sans-serif;\"><span style=\"font-size: 18px;\"><span style=\"color: rgb(105, 105, 105);\"><span class=\"s1\" style=\"text-decoration-line: underline;\">In qualit\u00e0 di fornitore ASTR autorizzato beneficerai di:<\/span><\/span><\/span><\/span><\/p>\n<p class=\"p1\" style=\"margin-bottom: 10px; font-size: 12px; color: rgb(0, 0, 0); -webkit-text-stroke: 0px rgb(0, 0, 0); text-align: left;\"> \t&nbsp;<\/p>\n<ul>\n<li class=\"p1\" style=\"text-align: left;\"> \t\t<span style=\"font-family: &quot;lucida sans unicode&quot;, &quot;lucida grande&quot;, sans-serif;\"><span style=\"font-size: 18px;\"><span style=\"color: rgb(105, 105, 105);\"><strong>Tratta condizioni difficili<\/strong>&nbsp;inclusi dolore alla mascella, sciatica, artrite, mal di testa, dolore al collo e alla schiena, sindrome del tunnel carpale, tendinite, borsite e&nbsp;<a href=\"https:\/\/advancedsofttissuerelease.com\/it\/trattamento\/\" target=\"_blank\"><u>molto di pi\u00f9<\/u>!<\/a><\/span><\/span><\/span><\/li>\n<\/ul>\n<ul>\n<li class=\"p1\" style=\"text-align: left;\"> \t\t<strong style=\"color: rgb(105, 105, 105); font-size: 18px; font-family: &quot;lucida sans unicode&quot;, &quot;lucida grande&quot;, sans-serif;\"><a href=\"https:\/\/advancedsofttissuerelease.com\/it\/medical-providers\/ricerca\/\" target=\"_blank\">Pratica basata sulle evidenze<\/a><span style=\"font-size: 14px;\">:&nbsp;<\/span><\/strong><span style=\"font-size: 14px;\">&nbsp;<span style=\"color: rgb(51, 102, 255);\"><strong><span style=\"font-size: 16px;\"><a href=\"https:\/\/advancedsofttissuerelease.com\/it\/medical-providers\/ricerca\/\" target=\"_blank\">Dai un&#039;occhiata alla ricerca che supporta il trattamento ASTR<\/a><\/span><\/strong><\/span><\/span><\/li>\n<li class=\"p1\" style=\"text-align: left;\"> \t\t<strong style=\"color: rgb(105, 105, 105); font-size: 18px; font-family: &quot;lucida sans unicode&quot;, &quot;lucida grande&quot;, sans-serif;\">Fornire sollievo a lungo termine<\/strong><span style=\"color: rgb(105, 105, 105); font-size: 18px; font-family: &quot;lucida sans unicode&quot;, &quot;lucida grande&quot;, sans-serif;\">&nbsp;ai pazienti che soffrono di dolore acuto e cronico e di altre condizioni debilitanti e sono frustrati senza alcun sollievo.<\/span><\/li>\n<li class=\"p1\" style=\"text-align: left;\"> \t\t<span style=\"font-family: &quot;lucida sans unicode&quot;, &quot;lucida grande&quot;, sans-serif;\"><span style=\"font-size: 18px;\"><span style=\"color: rgb(105, 105, 105);\"><strong>Aumenta la soddisfazione del paziente:<\/strong>&nbsp;I pazienti trattati con ASTR spesso sperimentano sollievo dal dolore durante la prima o la seconda sessione di trattamento. Sono spesso stupiti di come questo diverso approccio riesca ad alleviare i loro dolori laddove altre terapie hanno fallito.<\/span><\/span><\/span><\/li>\n<li class=\"p1\" style=\"text-align: left;\"> \t\t<span style=\"font-family: &quot;lucida sans unicode&quot;, &quot;lucida grande&quot;, sans-serif;\"><span style=\"font-size: 18px;\"><span style=\"color: rgb(105, 105, 105);\"><strong>Aumenta le segnalazioni dei pazienti:<\/strong>&nbsp;Il passaparola \u00e8 la migliore fonte di nuovi affari! Quando i pazienti riconoscono i risultati del trattamento con ASTR, ne conseguono soddisfazione, fiducia e lealt\u00e0 nei confronti del fornitore e indirizzano i loro amici<\/span><\/span><\/span><\/li>\n<li class=\"p1\" style=\"text-align: left;\"> \t\t<span style=\"font-family: &quot;lucida sans unicode&quot;, &quot;lucida grande&quot;, sans-serif;\"><span style=\"font-size: 18px;\"><span style=\"color: rgb(105, 105, 105);\"><strong>Aumenta le entrate:<\/strong>&nbsp;ASTR \u00e8 una nuova nicchia per le terapie dei tessuti molli e la certificazione in questa specialit\u00e0 \u00e8 un ottimo strumento per i fornitori di servizi medici che desiderano espandere la propria pratica.<\/span><\/span><\/span><\/li>\n<li class=\"p1\" style=\"text-align: left;\"> \t\t<span style=\"font-family: &quot;lucida sans unicode&quot;, &quot;lucida grande&quot;, sans-serif;\"><span style=\"font-size: 18px;\"><span style=\"color: rgb(105, 105, 105);\"><strong>Spicca tra i tuoi colleghi:<\/strong>&nbsp;I medici ASTR sono membri di una comunit\u00e0 esclusiva di fornitori di servizi medici con licenza ASTR. Il possesso di questa licenza \u00e8 la prova dell&#039;ampia formazione e dell&#039;elevata competenza di un fornitore nel trattamento delle lesioni dei tessuti molli con l&#039;approccio ASTR.<\/span><\/span><\/span><\/li>\n<\/ul>\n<p class=\"p1\" style=\"text-align: left;\"> \t&nbsp;<\/p>\n<p class=\"p3\" style=\"text-align: center; font-stretch: normal; font-size: 14px; line-height: normal; font-family: Verdana; -webkit-text-stroke-color: rgb(0, 0, 0);\"> \t<span style=\"font-family: &quot;lucida sans unicode&quot;, &quot;lucida grande&quot;, sans-serif;\"><span style=\"font-size: 18px;\"><span style=\"color: rgb(105, 105, 105);\"><span class=\"s1\"><b>Le iscrizioni sono quasi al completo per il ns <\/b><\/span><\/span><b style=\"color: rgb(105, 105, 105); font-size: 16px; -webkit-text-stroke-width: initial;\">Certificazione<\/b><\/span><\/span><\/p>\n<p class=\"p3\" style=\"text-align: center; font-stretch: normal; font-size: 14px; line-height: normal; font-family: Verdana; -webkit-text-stroke-color: rgb(0, 0, 0);\"> \t<span style=\"font-size: 24px;\"><span style=\"font-family: &quot;lucida sans unicode&quot;, &quot;lucida grande&quot;, sans-serif;\"><a href=\"https:\/\/shop.advancedsofttissuerelease.com\/ocart2\/Class%20Registration\/Class%20Registration%20Fees\" target=\"_blank\"><strong><span style=\"color: rgb(255, 0, 0);\">Iscriviti ora!<\/span><\/strong><\/a><\/span><\/span><\/p>\n<p class=\"p3\" style=\"text-align: center; font-stretch: normal; font-size: 14px; line-height: normal; font-family: Verdana; -webkit-text-stroke-color: rgb(0, 0, 0);\"> \t&nbsp;<\/p>\n<p class=\"p3\" style=\"font-stretch: normal; font-size: 14px; line-height: normal; font-family: Verdana; -webkit-text-stroke-color: rgb(0, 0, 0);\"> \t&nbsp;<\/p>\n<p class=\"p1\" style=\"text-align: left; font-size: 15px; color: rgb(51, 102, 204); -webkit-text-stroke: 0px rgb(51, 102, 204);\"> \t<span style=\"font-family: &quot;lucida sans unicode&quot;, &quot;lucida grande&quot;, sans-serif;\"><span style=\"font-size: 16px;\"><span style=\"color: rgb(105, 105, 105);\"><span class=\"s1\">Non convinto? Clic&nbsp;<u><strong><a href=\"http:\/\/medcraveonline.com\/MOJOR\/MOJOR-05-00188.pdf\" target=\"_blank\" rel=\"noopener\">Qui<\/a><\/strong><\/u><\/span><\/span><span style=\"color: rgb(105, 105, 105);\"><span class=\"s1\">&nbsp;per saperne di pi\u00f9 sulla scienza dietro ASTR!<\/span><\/span><\/span><\/span><\/p>\n<p class=\"p1\" style=\"text-align: left; font-size: 15px; color: rgb(51, 102, 204); -webkit-text-stroke: 0px rgb(51, 102, 204);\"> \t&nbsp;<\/p>\n<p class=\"p3\" style=\"text-align: center; font-stretch: normal; font-size: 14px; line-height: normal; font-family: Verdana; -webkit-text-stroke-color: rgb(0, 0, 0);\"> \t&nbsp;<\/p>\n<p class=\"p3\" style=\"font-stretch: normal; font-size: 14px; line-height: normal; font-family: Verdana; -webkit-text-stroke-color: rgb(0, 0, 0);\"> \t<strong style=\"font-family: Helvetica; text-align: center; color: rgb(255, 0, 0); font-size: 28px;\"><img fetchpriority=\"high\" decoding=\"async\" class=\"size-full wp-image-540\" alt=\"\" src=\"https:\/\/advancedsofttissuerelease.com\/wp-content\/uploads\/2017\/01\/ASTR-Scoliosis1.jpg\" width=\"1170\" height=\"973\" srcset=\"https:\/\/advancedsofttissuerelease.com\/wp-content\/uploads\/2017\/01\/ASTR-Scoliosis1.jpg 500w, https:\/\/advancedsofttissuerelease.com\/wp-content\/uploads\/2017\/01\/ASTR-Scoliosis1-200x166.jpg 200w, https:\/\/advancedsofttissuerelease.com\/wp-content\/uploads\/2017\/01\/ASTR-Scoliosis1-300x250.jpg 300w\" sizes=\"(max-width: 1170px) 100vw, 1170px\" \/><\/strong><\/p>\n<p class=\"p3\" style=\"font-stretch: normal; font-size: 14px; line-height: normal; font-family: Verdana; -webkit-text-stroke-color: rgb(0, 0, 0);\"> \t&nbsp;<\/p>\n<p class=\"p3\" style=\"-webkit-text-stroke-color: rgb(0, 0, 0); font-stretch: normal; font-size: 14px; line-height: normal; font-family: Verdana; text-align: center;\"> \t<span style=\"font-family: &quot;lucida sans unicode&quot;, &quot;lucida grande&quot;, sans-serif;\"><span class=\"s6\" style=\"font-stretch: normal; font-size: 11px; line-height: normal; font-family: &quot;Trebuchet MS&quot;; font-kerning: none;\">&nbsp;<\/span><strong style=\"font-size: 18px; font-family: Helvetica;\"><span style=\"color: rgb(105, 105, 105);\">Testimonianze<\/span><\/strong><\/span><\/p>\n<p style=\"font-family: Helvetica;\"> \t&nbsp;<\/p>\n<p style=\"font-family: Helvetica;\"> \t<span style=\"font-family: &quot;lucida sans unicode&quot;, &quot;lucida grande&quot;, sans-serif;\"><span style=\"color: rgb(105, 105, 105); font-size: 16px;\"><span style=\"box-sizing: border-box;\"><span style=\"box-sizing: border-box;\"><span style=\"box-sizing: border-box;\"><span style=\"box-sizing: border-box; letter-spacing: 0px;\">\u201cSono stato turbato dal peggioramento degli effetti delle spondiliti anchilosanti. Dopo aver&nbsp;<\/span><strong style=\"box-sizing: border-box; letter-spacing: 0px;\">vissuto con il&nbsp;<\/strong><strong style=\"box-sizing: border-box; letter-spacing: 0px;\">malattia da oltre 40 anni<\/strong><span style=\"box-sizing: border-box; letter-spacing: 0px;\">Ero scettico sul fatto che qualsiasi sollievo sarebbe stato possibile. Con mio grande stupore, ho sperimentato&nbsp;<\/span><b style=\"box-sizing: border-box; letter-spacing: 0px;\">sollievo immediato dopo una sessione<\/b><span style=\"box-sizing: border-box; letter-spacing: 0px;\">. Apprezzo molto il lavoro che fai\u201d.&nbsp;<\/span><\/span><\/span><\/span><\/span><span style=\"color: rgb(105, 105, 105); font-size: 10px;\"><span style=\"box-sizing: border-box;\"><span style=\"box-sizing: border-box;\"><span style=\"box-sizing: border-box;\">William K.B<\/span><\/span><\/span>ack Pain (missione Viejo, CA)<\/span><\/span><\/p>\n<p style=\"box-sizing: border-box; line-height: 1.6em; font-size: small; font-family: arial;\"> \t&nbsp;<\/p>\n<p class=\"p1\" style=\"text-align: left; font-size: 15px; color: rgb(51, 102, 204); -webkit-text-stroke: 0px rgb(51, 102, 204);\"> \t<span style=\"font-family: &quot;lucida sans unicode&quot;, &quot;lucida grande&quot;, sans-serif;\"><span style=\"color: rgb(105, 105, 105);\"><span class=\"s1\"><span style=\"font-size: 16px;\">\u201cDopo aver subito gli effetti di&nbsp;<b>ATM<\/b>&nbsp;e&nbsp;<b>male alla testa<\/b>&nbsp;dolore per quasi&nbsp;<b>5 anni<\/b>, il dottor Jacobs \u00e8 stato in grado di alleviare il mio dolore usando il suo rilascio avanzato dei tessuti molli all&#039;interno&nbsp;<b>pochi minuti<\/b>. La sua tecnica era molto&nbsp;<b>gentile<\/b>&nbsp;e non \u00e8 stato affatto doloroso\u201d.<\/span>&nbsp;<span style=\"font-size: 10px;\">Lindsay J. ATM (Aliso Viejo, CA)<\/span><\/span><\/span><\/span><\/p>\n<p class=\"p1\" style=\"text-align: left; font-size: 15px; color: rgb(51, 102, 204); -webkit-text-stroke: 0px rgb(51, 102, 204);\"> \t&nbsp;<\/p>\n<p style=\"box-sizing: border-box; line-height: 1.6em; font-size: small; font-family: arial; text-align: center;\"> \t<span style=\"font-family: &quot;lucida sans unicode&quot;, &quot;lucida grande&quot;, sans-serif;\"><span style=\"font-size: 26px;\"><strong><span style=\"color: rgb(255, 0, 0);\">Puoi ottenere questi incredibili risultati con i tuoi pazienti!&nbsp;<\/span><\/strong><\/span><\/span><\/p>\n<p style=\"box-sizing: border-box; line-height: 1.6em; font-size: small; font-family: arial;\"> \t&nbsp;<\/p>\n<p class=\"p1\" style=\"font-size: 15px; color: rgb(51, 102, 204); -webkit-text-stroke: 0px rgb(51, 102, 204);\"> \t<span style=\"font-family: &quot;lucida sans unicode&quot;, &quot;lucida grande&quot;, sans-serif;\"><span class=\"s1\">&nbsp;<a href=\"https:\/\/shop.advancedsofttissuerelease.com\/ocart2\/Class%2520Registration\/Class%2520Registration%2520Fees\"><span class=\"s3\" style=\"font-kerning: none; font-stretch: normal; font-size: 20px; line-height: normal; font-family: &quot;Trebuchet MS&quot;; text-decoration: underline; color: rgb(255, 0, 0); -webkit-text-stroke-color: rgb(255, 0, 0);\"><b>Iscriviti ora!<\/b><\/span><span class=\"s4\" style=\"text-decoration: underline; font-kerning: none; color: rgb(0, 0, 255); -webkit-text-stroke-color: rgb(0, 0, 255);\">&nbsp;<\/span><\/a><\/span><\/span><\/p>\n<style type=\"text\/css\"> p.p1 {margin: 0.0px 0.0px 7.5px 0.0px; text-align: center; line-height: 19.2px; font: 15.0px Verdana; color: #3366cc; -webkit-text-stroke: #3366cc} span.s1 {font-kerning: none}<\/style>\n<style type=\"text\/css\"> p.p1 {margin: 0.0px 0.0px 7.5px 0.0px; line-height: 19.2px; font: 11.0px Verdana; color: #696969; -webkit-text-stroke: #696969} span.s1 {font-kerning: none; background-color: #ffffff}<\/style>","protected":false},"excerpt":{"rendered":"<p>Darren&#8217;s Chronic Back Pain Was Relieved in 2 ASTR Sessions! https:\/\/www.youtube.com\/watch?v=UyVCTuUKhvo &nbsp; &#8220;I see these Amazing results daily in my pracice. YOU can achieve these incredible results with your patients!&#8221; Joseph Jacobs, DPT, ASTRs &nbsp; &nbsp; What is ASTR? &nbsp; Advanced Soft Tissue Release (ASTR) is changing the way that patients experience&nbsp;Long-term&nbsp;pain&nbsp;relief. This specialty addresses [&hellip;]<\/p>\n","protected":false},"author":2447,"featured_media":540,"parent":0,"menu_order":91,"comment_status":"closed","ping_status":"closed","template":"","meta":{"_analytify_skip_tracking":false,"footnotes":""},"class_list":["post-292","page","type-page","status-publish","has-post-thumbnail","hentry"],"_links":{"self":[{"href":"https:\/\/advancedsofttissuerelease.com\/it\/wp-json\/wp\/v2\/pages\/292","targetHints":{"allow":["GET"]}}],"collection":[{"href":"https:\/\/advancedsofttissuerelease.com\/it\/wp-json\/wp\/v2\/pages"}],"about":[{"href":"https:\/\/advancedsofttissuerelease.com\/it\/wp-json\/wp\/v2\/types\/page"}],"author":[{"embeddable":true,"href":"https:\/\/advancedsofttissuerelease.com\/it\/wp-json\/wp\/v2\/users\/2447"}],"replies":[{"embeddable":true,"href":"https:\/\/advancedsofttissuerelease.com\/it\/wp-json\/wp\/v2\/comments?post=292"}],"version-history":[{"count":0,"href":"https:\/\/advancedsofttissuerelease.com\/it\/wp-json\/wp\/v2\/pages\/292\/revisions"}],"wp:featuredmedia":[{"embeddable":true,"href":"https:\/\/advancedsofttissuerelease.com\/it\/wp-json\/wp\/v2\/media\/540"}],"wp:attachment":[{"href":"https:\/\/advancedsofttissuerelease.com\/it\/wp-json\/wp\/v2\/media?parent=292"}],"curies":[{"name":"wp","href":"https:\/\/api.w.org\/{rel}","templated":true}]}}