{"id":300,"date":"2017-02-04T19:25:53","date_gmt":"2017-02-04T19:25:53","guid":{"rendered":"https:\/\/advancedsofttissuerelease.com\/landing-8\/"},"modified":"2017-02-04T19:25:53","modified_gmt":"2017-02-04T19:25:53","slug":"atterraggio-8","status":"publish","type":"page","link":"https:\/\/advancedsofttissuerelease.com\/it\/landing-8\/","title":{"rendered":"Atterraggio 7"},"content":{"rendered":"<p style=\"text-align: center;\"> \t<span style=\"font-size:24px;\"><strong><font color=\"#ff0000\" face=\"lato, helvetica neue, helvetica, arial, sans-serif\">Studio pubblicato: 87% Sollievo dal dolore A LUNGO TERMINE con il trattamento ASTR!<\/font><\/strong><\/span><\/p>\n<p style=\"text-align: center;\"> \t&nbsp;<\/p>\n<p style=\"text-align: center;\"> \t<img fetchpriority=\"high\" decoding=\"async\" class=\"size-full wp-image-543\" alt=\"\" src=\"https:\/\/advancedsofttissuerelease.com\/wp-content\/uploads\/2017\/02\/ASTR-advanced-scar-tissue-release.jpg\" width=\"1970\" height=\"974\" srcset=\"https:\/\/advancedsofttissuerelease.com\/wp-content\/uploads\/2017\/02\/ASTR-advanced-scar-tissue-release.jpg 500w, https:\/\/advancedsofttissuerelease.com\/wp-content\/uploads\/2017\/02\/ASTR-advanced-scar-tissue-release-200x99.jpg 200w, https:\/\/advancedsofttissuerelease.com\/wp-content\/uploads\/2017\/02\/ASTR-advanced-scar-tissue-release-300x148.jpg 300w\" sizes=\"(max-width: 1970px) 100vw, 1970px\" \/><\/p>\n<p> \t&nbsp;<\/p>\n<p> \t<strong style=\"color: rgba(0, 0, 0, 0.701961); font-family: inherit; font-size: 21px; orphans: 2; widows: 2; margin: 0px; padding: 0px; border: 0px; font-style: inherit; font-variant-ligatures: inherit; font-variant-position: inherit; font-variant-caps: inherit; font-variant-numeric: inherit; font-variant-alternates: inherit; font-variant-east-asian: inherit; font-stretch: inherit; line-height: inherit; vertical-align: baseline; outline: 0px; background-color: transparent;\">Risultati dello studio<\/strong><\/p>\n<p> \t&nbsp;<\/p>\n<p> \t<span style=\"color: rgba(0, 0, 0, 0.701961); font-family: 'Source Serif Pro', serif; font-size: 21px; font-variant-ligatures: normal; orphans: 2; white-space: pre-wrap; widows: 2;\">Lo studio ha incluso 149 pazienti che sono venuti in clinica di terapia fisica ambulatoriale con diversi tipi di lesioni dei tessuti molli del collo. 32 pazienti non hanno soddisfatto i criteri, 12 hanno interrotto <\/span><a href=\"http:\/\/advancedsofttissuerelease.com\/it\/\" rel=\"noopener nofollow\" style=\"padding: 0px; margin: 0px; font-size: 21px; vertical-align: baseline; background-color: transparent; outline: 0px; border: 0px; color: rgb(140, 104, 203); box-sizing: border-box; word-wrap: break-word; font-family: 'Source Serif Pro', serif; font-variant-ligatures: normal; orphans: 2; white-space: pre-wrap; widows: 2; background-position: 0px 0px; background-repeat: initial initial;\" target=\"_blank\">ASTR<\/a><span style=\"color: rgba(0, 0, 0, 0.701961); font-family: 'Source Serif Pro', serif; font-size: 21px; font-variant-ligatures: normal; orphans: 2; white-space: pre-wrap; widows: 2;\"> trattamento prima del completamento del programma; 105 sono stati inclusi nello studio e solo 47 hanno potuto essere contattati per un questionario di follow-up a lungo termine. I risultati sono stati eccezionali in quanto l&#039;83% dei pazienti ha provato sollievo dal dolore dopo il trattamento e il 97% ha provato sollievo durante i primi due trattamenti. Quasi (44%) la met\u00e0 dei soggetti aveva ricevuto un trattamento precedente che non aveva avuto successo. \u00c8 stato effettuato un follow-up per tutti i pazienti di cui 45% hanno risposto e 87% erano ancora indolori <\/span><u><span style=\"margin: 0px; padding: 0px; border: 0px; outline: 0px; font-size: 21px; vertical-align: baseline; font-weight: 700; box-sizing: border-box; color: rgba(0, 0, 0, 0.701961); font-family: 'Source Serif Pro', serif; font-variant-ligatures: normal; orphans: 2; white-space: pre-wrap; widows: 2; background-position: 0px 0px; background-repeat: initial initial;\">uno o due anni<\/span><\/u><span style=\"color: rgba(0, 0, 0, 0.701961); font-family: 'Source Serif Pro', serif; font-size: 21px; font-variant-ligatures: normal; orphans: 2; white-space: pre-wrap; widows: 2;\">&nbsp;dopo il trattamento. Il 1 settembre 2016 lo studio \u00e8 stato ufficialmente pubblicato nel <\/span><a href=\"http:\/\/medcraveonline.com\/MOJOR\/MOJOR-05-00188.pdf\" rel=\"noopener nofollow\" style=\"padding: 0px; margin: 0px; font-size: 21px; vertical-align: baseline; background-color: transparent; outline: 0px; border: 0px; color: rgb(140, 104, 203); box-sizing: border-box; word-wrap: break-word; font-family: &#039;Source Serif Pro&#039;, serif; font-variant-ligatures: normal; orphans: 2; white-space: pre-wrap; widows: 2; background-position: 0px 0px; background-repeat: initial initial;\" target=\"_blank\">Giornale di ortopedia e reumatologia.<\/a><\/p>\n<p> \t&nbsp;<\/p>\n<p> \t<strong style=\"color: rgb(105, 105, 105); font-size: 24px;\">Cos&#039;\u00e8 ASTR?<\/strong><\/p>\n<p> \t<span style=\"font-family: &quot;lucida sans unicode&quot;, &quot;lucida grande&quot;, sans-serif; font-size: 18px;\">Il rilascio avanzato dei tessuti molli (ASTR) sta cambiando il modo in cui vivono i pazienti&nbsp;<\/span><strong style=\"font-family: verdana, geneva, sans-serif; font-size: 18px;\">Lungo termine<\/strong><span style=\"font-family: &quot;lucida sans unicode&quot;, &quot;lucida grande&quot;, sans-serif; font-size: 18px;\">&nbsp;<\/span><strong style=\"font-family: verdana, geneva, sans-serif; font-size: 18px;\">sollievo dal dolore<\/strong><span style=\"font-family: &quot;lucida sans unicode&quot;, &quot;lucida grande&quot;, sans-serif; font-size: 18px;\">. Questa specialit\u00e0 affronta il dolore acuto e cronico attraverso l&#039;uso di valutazioni uniche del paziente,&nbsp;<\/span><span style=\"font-family: &quot;lucida sans unicode&quot;, &quot;lucida grande&quot;, sans-serif; font-size: 18px;\">protocolli di trattamento elaborati tatticamente,<\/span><span style=\"font-family: &quot;lucida sans unicode&quot;, &quot;lucida grande&quot;, sans-serif; font-size: 18px;\">&nbsp;progettato strategicamente <strong>p<\/strong><\/span><strong style=\"font-family: &quot;lucida sans unicode&quot;, &quot;lucida grande&quot;, sans-serif;\"><strong style=\"font-family: verdana, geneva, sans-serif; font-size: 18px;\">attentato&nbsp;<\/strong><\/strong><span style=\"font-family: &quot;lucida sans unicode&quot;, &quot;lucida grande&quot;, sans-serif; font-size: 18px;\">strumenti e oltre 125 manovre uniche. ASTR si rivolge agli alimenti alla loro fonte per ridurre il dolore, aumentare la gamma di movimento e aiutare a migliorare la qualit\u00e0 della vita delle persone.<\/span><\/p>\n<p> \t<span style=\"font-family:lucida sans unicode,lucida grande,sans-serif;\"><span style=\"font-size: 18px;\">&nbsp;<\/span><\/span><\/p>\n<p class=\"p1\" style=\"margin-bottom: 10px; font-size: 12px; color: rgb(0, 0, 0); -webkit-text-stroke: 0px rgb(0, 0, 0); text-align: left;\"> \t<span style=\"font-family: &quot;lucida sans unicode&quot;, &quot;lucida grande&quot;, sans-serif;\"><span style=\"font-size: 18px;\"><span style=\"color: rgb(105, 105, 105);\"><span class=\"s1\" style=\"text-decoration-line: underline;\">In qualit\u00e0 di fornitore ASTR autorizzato beneficerai di:<\/span><\/span><\/span><\/span><\/p>\n<p class=\"p1\" style=\"margin-bottom: 10px; font-size: 12px; color: rgb(0, 0, 0); -webkit-text-stroke: 0px rgb(0, 0, 0); text-align: left;\"> \t&nbsp;<\/p>\n<ul>\n<li class=\"p1\" style=\"text-align: left;\"> \t\t<span style=\"font-family: &quot;lucida sans unicode&quot;, &quot;lucida grande&quot;, sans-serif;\"><span style=\"font-size: 18px;\"><span style=\"color: rgb(105, 105, 105);\"><strong>Tratta condizioni difficili<\/strong>&nbsp;inclusi dolore alla mascella, sciatica, artrite, mal di testa, dolore al collo e alla schiena, sindrome del tunnel carpale, tendinite, borsite e&nbsp;<a href=\"https:\/\/advancedsofttissuerelease.com\/it\/trattamento\/\" target=\"_blank\"><u>molto di pi\u00f9<\/u>!<\/a><\/span><\/span><\/span><\/li>\n<\/ul>\n<ul>\n<li class=\"p1\" style=\"text-align: left;\"> \t\t<strong style=\"color: rgb(105, 105, 105); font-size: 18px; font-family: &quot;lucida sans unicode&quot;, &quot;lucida grande&quot;, sans-serif;\"><a href=\"https:\/\/advancedsofttissuerelease.com\/it\/medical-providers\/ricerca\/\" target=\"_blank\">Pratica basata sulle evidenze<\/a><span style=\"font-size: 14px;\">:&nbsp;<\/span><\/strong><span style=\"font-size: 14px;\">&nbsp;<span style=\"color: rgb(51, 102, 255);\"><strong><span style=\"font-size: 16px;\"><a href=\"https:\/\/advancedsofttissuerelease.com\/it\/medical-providers\/ricerca\/\" target=\"_blank\">Dai un&#039;occhiata alla ricerca che supporta il trattamento ASTR<\/a><\/span><\/strong><\/span><\/span><\/li>\n<li class=\"p1\" style=\"text-align: left;\"> \t\t<strong style=\"color: rgb(105, 105, 105); font-size: 18px; font-family: &quot;lucida sans unicode&quot;, &quot;lucida grande&quot;, sans-serif;\">Fornire sollievo a lungo termine<\/strong><span style=\"color: rgb(105, 105, 105); font-size: 18px; font-family: &quot;lucida sans unicode&quot;, &quot;lucida grande&quot;, sans-serif;\">&nbsp;ai pazienti che soffrono di dolore acuto e cronico e di altre condizioni debilitanti e sono frustrati senza alcun sollievo.<\/span><\/li>\n<li class=\"p1\" style=\"text-align: left;\"> \t\t<span style=\"font-family: &quot;lucida sans unicode&quot;, &quot;lucida grande&quot;, sans-serif;\"><span style=\"font-size: 18px;\"><span style=\"color: rgb(105, 105, 105);\"><strong>Aumenta la soddisfazione del paziente:<\/strong>&nbsp;I pazienti trattati con ASTR spesso sperimentano sollievo dal dolore durante la prima o la seconda sessione di trattamento. Sono spesso stupiti di come questo diverso approccio riesca ad alleviare i loro dolori laddove altre terapie hanno fallito.<\/span><\/span><\/span><\/li>\n<li class=\"p1\" style=\"text-align: left;\"> \t\t<span style=\"font-family: &quot;lucida sans unicode&quot;, &quot;lucida grande&quot;, sans-serif;\"><span style=\"font-size: 18px;\"><span style=\"color: rgb(105, 105, 105);\"><strong>Aumenta le segnalazioni dei pazienti:<\/strong>&nbsp;Il passaparola \u00e8 la migliore fonte di nuovi affari! Quando i pazienti riconoscono i risultati del trattamento con ASTR, ne conseguono soddisfazione, fiducia e lealt\u00e0 nei confronti del fornitore e indirizzano i loro amici<\/span><\/span><\/span><\/li>\n<li class=\"p1\" style=\"text-align: left;\"> \t\t<span style=\"font-family: &quot;lucida sans unicode&quot;, &quot;lucida grande&quot;, sans-serif;\"><span style=\"font-size: 18px;\"><span style=\"color: rgb(105, 105, 105);\"><strong>Aumenta le entrate:<\/strong>&nbsp;ASTR \u00e8 una nuova nicchia per le terapie dei tessuti molli e la certificazione in questa specialit\u00e0 \u00e8 un ottimo strumento per i fornitori di servizi medici che desiderano espandere la propria pratica.<\/span><\/span><\/span><\/li>\n<li class=\"p1\" style=\"text-align: left;\"> \t\t<span style=\"font-family: &quot;lucida sans unicode&quot;, &quot;lucida grande&quot;, sans-serif;\"><span style=\"font-size: 18px;\"><span style=\"color: rgb(105, 105, 105);\"><strong>Spicca tra i tuoi colleghi:<\/strong>&nbsp;I medici ASTR sono membri di una comunit\u00e0 esclusiva di fornitori di servizi medici con licenza ASTR. Il possesso di questa licenza \u00e8 la prova dell&#039;ampia formazione e dell&#039;elevata competenza di un fornitore nel trattamento delle lesioni dei tessuti molli con l&#039;approccio ASTR.<\/span><\/span><\/span><\/li>\n<\/ul>\n<p class=\"p1\" style=\"text-align: left;\"> \t&nbsp;<\/p>\n<p style=\"font-family: Helvetica; text-align: center;\"> \t<span style=\"font-family:lucida sans unicode,lucida grande,sans-serif;\"><span style=\"font-size:18px;\"><span style=\"color:#696969;\"> \t<\/p>\n<style type=\"text\/css\"> p.p1 {margin: 0.0px 0.0px 10.0px 0.0px; text-align: justify; font: 12.0px Verdana; color: #000000; -webkit-text-stroke: #000000; background-color: #ffffff} p.p3 {margin: 0.0px 0.0px 10.0px 0.0px; text-align: center; font: 14.0px Verdana; color: #000000; -webkit-text-stroke: #000000} li.li2 {margin: 0.0px 0.0px 10.0px 0.0px; text-align: justify; font: 12.0px Verdana; color: #000000; -webkit-text-stroke: #000000} span.s1 {font-kerning: none} span.s2 {font: 12.0px Helvetica; color: #000000} span.s3 {font-kerning: none; background-color: #ffffff} span.s4 {text-decoration: underline ; font-kerning: none} span.s5 {font: 9.3px Verdana; font-kerning: none} span.s6 {font: 11.0px 'Trebuchet MS'; font-kerning: none}\t<\/style>\n<p> \t<\/span><\/span><\/span><\/p>\n<p class=\"p3\"> \t<span style=\"font-family:lucida sans unicode,lucida grande,sans-serif;\"><span style=\"font-size:18px;\"><span style=\"color:#696969;\"><span class=\"s1\"><b>Le iscrizioni sono quasi al completo per il ns <\/b><\/span><span class=\"s5\"><b><sup>&nbsp;<\/sup><\/b><\/span><\/span><b style=\"color: rgb(105, 105, 105); font-size: 16px; -webkit-text-stroke-width: initial;\">Certificazione<\/b><\/span><\/span><\/p>\n<p class=\"p3\"> \t<span style=\"font-size:24px;\"><span style=\"font-family:lucida sans unicode,lucida grande,sans-serif;\"><a href=\"https:\/\/shop.advancedsofttissuerelease.com\/ocart2\/Class%20Registration\/Class%20Registration%20Fees\" target=\"_blank\"><strong><span style=\"color:#ff0000;\">Iscriviti ora!<\/span><\/strong><\/a><\/span><\/span><\/p>\n<p class=\"p3\"> \t&nbsp;<\/p>\n<p class=\"p3\" style=\"text-align: left;\"> \t<span style=\"font-family:lucida sans unicode,lucida grande,sans-serif;\"> \t<\/p>\n<style type=\"text\/css\"> p.p1 {margin: 0.0px 0.0px 10.0px 0.0px; text-align: justify; font: 12.0px Verdana; color: #000000; -webkit-text-stroke: #000000; background-color: #ffffff} span.s1 {font-kerning: none} span.s2 {text-decoration: underline ; font-kerning: none; color: #0000ff; -webkit-text-stroke: 0px #0000ff}\t<\/style>\n<p> \t<\/span><\/p>\n<p class=\"p1\" style=\"text-align: left;\"> \t<span style=\"font-family:lucida sans unicode,lucida grande,sans-serif;\"><span style=\"font-size:16px;\"><span style=\"color:#696969;\"><span class=\"s1\">Non convinto? Clic <u><strong><a href=\"http:\/\/medcraveonline.com\/MOJOR\/MOJOR-05-00188.pdf\" target=\"_blank\" rel=\"noopener\">Qui<\/a><\/strong><\/u><\/span><\/span><span style=\"color:#696969;\"><span class=\"s1\">&nbsp;per saperne di pi\u00f9 sulla scienza dietro ASTR!<\/span><\/span><\/span><\/span><\/p>\n<p class=\"p3\"> \t&nbsp;<\/p>\n<p class=\"p3\"> \t<img decoding=\"async\" class=\"size-full wp-image-542\" alt=\"\" src=\"https:\/\/advancedsofttissuerelease.com\/wp-content\/uploads\/2017\/02\/ASTR-advanced-soft-tissue-release21.jpg\" width=\"625\" height=\"487\" srcset=\"https:\/\/advancedsofttissuerelease.com\/wp-content\/uploads\/2017\/02\/ASTR-advanced-soft-tissue-release21.jpg 500w, https:\/\/advancedsofttissuerelease.com\/wp-content\/uploads\/2017\/02\/ASTR-advanced-soft-tissue-release21-200x156.jpg 200w, https:\/\/advancedsofttissuerelease.com\/wp-content\/uploads\/2017\/02\/ASTR-advanced-soft-tissue-release21-300x234.jpg 300w\" sizes=\"(max-width: 625px) 100vw, 625px\" \/><\/p>\n<p class=\"p3\" style=\"text-align: left;\"> \t&nbsp;<\/p>\n<p style=\"font-family: Helvetica; text-align: center;\"> \t<span style=\"font-size:22px;\"><span style=\"color:#696969;\"><strong>Testimonianze&nbsp;<\/strong><\/span><\/span><\/p>\n<p style=\"font-family: Helvetica;\"> \t<span style=\"font-family:lucida sans unicode,lucida grande,sans-serif;\"><span style=\"color: rgb(105, 105, 105); font-size: 16px;\"><span style=\"box-sizing: border-box;\"><span style=\"box-sizing: border-box;\"><span style=\"box-sizing: border-box;\"><span style=\"box-sizing: border-box; letter-spacing: 0px;\">\u201cSono stato turbato dal peggioramento degli effetti delle spondiliti anchilosanti. Dopo aver&nbsp;<\/span><strong style=\"box-sizing: border-box; letter-spacing: 0px;\">vissuto con il&nbsp;<\/strong><strong style=\"box-sizing: border-box; letter-spacing: 0px;\">malattia da oltre 40 anni<\/strong><span style=\"box-sizing: border-box; letter-spacing: 0px;\">Ero scettico sul fatto che qualsiasi sollievo sarebbe stato possibile. Con mio grande stupore, ho sperimentato&nbsp;<\/span><b style=\"box-sizing: border-box; letter-spacing: 0px;\">sollievo immediato dopo una sessione<\/b><span style=\"box-sizing: border-box; letter-spacing: 0px;\">. Apprezzo molto il lavoro che fai\u201d.&nbsp;<\/span><\/span><\/span><\/span><\/span><span style=\"color: rgb(105, 105, 105); font-size: 10px;\"><span style=\"box-sizing: border-box;\"><span style=\"box-sizing: border-box;\"><span style=\"box-sizing: border-box;\">William K.B<\/span><\/span><\/span>ack Pain (missione Viejo, CA)<\/span><\/span><\/p>\n<p style=\"font-family: Helvetica;\"> \t&nbsp;<\/p>\n<p style=\"box-sizing: border-box; line-height: 1.6em; font-size: small; font-family: arial;\"> \t<span style=\"font-family:lucida sans unicode,lucida grande,sans-serif;\"> \t<\/p>\n<style type=\"text\/css\"> p.p1 {margin: 0.0px 0.0px 7.5px 0.0px; line-height: 19.2px; font: 11.0px Verdana; color: #696969; -webkit-text-stroke: #696969} span.s1 {font-kerning: none; background-color: #ffffff}\t<\/style>\n<p> \t<\/span><\/p>\n<p class=\"p1\" style=\"text-align: left;\"> \t<span style=\"font-family:lucida sans unicode,lucida grande,sans-serif;\"><span style=\"color:#696969;\"><span class=\"s1\"><span style=\"font-size:16px;\">\u201cDopo aver subito gli effetti di&nbsp;<b>ATM<\/b>&nbsp;e&nbsp;<b>male alla testa<\/b>&nbsp;dolore per quasi&nbsp;<b>5 anni<\/b>, il dottor Jacobs \u00e8 stato in grado di alleviare il mio dolore usando il suo rilascio avanzato dei tessuti molli all&#039;interno&nbsp;<b>pochi minuti<\/b>. La sua tecnica era molto&nbsp;<b>gentile<\/b>&nbsp;e non \u00e8 stato affatto doloroso\u201d.<\/span> <span style=\"font-size:10px;\">Lindsay J. ATM (Aliso Viejo, CA)<\/span><\/span><\/span><\/span><\/p>\n<p class=\"p1\" style=\"text-align: left;\"> \t&nbsp;<\/p>\n<p style=\"box-sizing: border-box; line-height: 1.6em; font-size: small; font-family: arial; text-align: center;\"> \t<span style=\"font-family:lucida sans unicode,lucida grande,sans-serif;\"><span style=\"font-size:26px;\"><span style=\"text-align: center;\"><strong><span style=\"color: rgb(255, 0, 0);\">Puoi ottenere questi incredibili risultati con i tuoi pazienti!&nbsp;<\/span><\/strong><\/span><\/span><\/span><\/p>\n<p style=\"box-sizing: border-box; line-height: 1.6em; font-size: small; font-family: arial;\"> \t<span style=\"font-family:lucida sans unicode,lucida grande,sans-serif;\"> \t<\/p>\n<style type=\"text\/css\"> p.p1 {margin: 0.0px 0.0px 10.0px 0.0px; font: 11.0px 'Trebuchet MS'; color: #000000; -webkit-text-stroke: #000000} span.s1 {font-kerning: none} span.s2 {font: 7.3px 'Trebuchet MS'; font-kerning: none} span.s3 {font: 20.0px 'Trebuchet MS'; text-decoration: underline ; font-kerning: none; color: #ff0000; -webkit-text-stroke: 0px #ff0000} span.s4 {text-decoration: underline ; font-kerning: none; color: #0000ff; -webkit-text-stroke: 0px #0000ff}\t<\/style>\n<p> \t<\/span><\/p>\n<p class=\"p1\"> \t<span style=\"font-family:lucida sans unicode,lucida grande,sans-serif;\"><span class=\"s1\"><a href=\"https:\/\/shop.advancedsofttissuerelease.com\/ocart2\/Class%2520Registration\/Class%2520Registration%2520Fees\"><span class=\"s3\"><b>Iscriviti ora!<\/b><\/span><span class=\"s4\">&nbsp;<\/span><\/a><\/span><\/span><\/p>\n<style type=\"text\/css\"> p.p1 {margin: 0.0px 0.0px 7.5px 0.0px; text-align: center; line-height: 19.2px; font: 15.0px Verdana; color: #3366cc; -webkit-text-stroke: #3366cc} span.s1 {font-kerning: none}<\/style>","protected":false},"excerpt":{"rendered":"<p>Published Study: 87% LONG-TERM pain relief with ASTR Treatment! &nbsp; &nbsp; Study Findings &nbsp; The study included 149 patients who came to outpatient physical therapy clinic with several types of soft tissue injuries of the neck. 32 patients didn\u2019t meet the criteria, 12 discontinued ASTR treatment prior to completing the program; 105 were included in [&hellip;]<\/p>\n","protected":false},"author":2447,"featured_media":543,"parent":0,"menu_order":84,"comment_status":"closed","ping_status":"closed","template":"","meta":{"_analytify_skip_tracking":false,"footnotes":""},"class_list":["post-300","page","type-page","status-publish","has-post-thumbnail","hentry"],"_links":{"self":[{"href":"https:\/\/advancedsofttissuerelease.com\/it\/wp-json\/wp\/v2\/pages\/300","targetHints":{"allow":["GET"]}}],"collection":[{"href":"https:\/\/advancedsofttissuerelease.com\/it\/wp-json\/wp\/v2\/pages"}],"about":[{"href":"https:\/\/advancedsofttissuerelease.com\/it\/wp-json\/wp\/v2\/types\/page"}],"author":[{"embeddable":true,"href":"https:\/\/advancedsofttissuerelease.com\/it\/wp-json\/wp\/v2\/users\/2447"}],"replies":[{"embeddable":true,"href":"https:\/\/advancedsofttissuerelease.com\/it\/wp-json\/wp\/v2\/comments?post=300"}],"version-history":[{"count":0,"href":"https:\/\/advancedsofttissuerelease.com\/it\/wp-json\/wp\/v2\/pages\/300\/revisions"}],"wp:featuredmedia":[{"embeddable":true,"href":"https:\/\/advancedsofttissuerelease.com\/it\/wp-json\/wp\/v2\/media\/543"}],"wp:attachment":[{"href":"https:\/\/advancedsofttissuerelease.com\/it\/wp-json\/wp\/v2\/media?parent=300"}],"curies":[{"name":"wp","href":"https:\/\/api.w.org\/{rel}","templated":true}]}}