{"id":326,"date":"2017-02-04T19:25:53","date_gmt":"2017-02-04T19:25:53","guid":{"rendered":"https:\/\/advancedsofttissuerelease.com\/landing-26\/"},"modified":"2017-02-04T19:25:53","modified_gmt":"2017-02-04T19:25:53","slug":"landing-26","status":"publish","type":"page","link":"https:\/\/advancedsofttissuerelease.com\/it\/landing-26\/","title":{"rendered":"Landing 26"},"content":{"rendered":"<p style=\"text-align: center;\"> \t<span style=\"font-size:36px;\"><em><font color=\"#ff0000\"><b>Can 20+ Years of Headaches &amp; Neck Pain be Relieved in 1 Session? <\/b><\/font><\/em><\/span><\/p>\n<p style=\"text-align: center;\"> \t&nbsp;<\/p>\n<p style=\"text-align: center;\"> \t<span style=\"color:#3366cc;\"><em><span style=\"font-size:26px;\"><b>(Watch the Treatment Video)<\/b><\/span><\/em><\/span><\/p>\n<p style=\"text-align: center;\"> \t&nbsp;<\/p>\n<p style=\"text-align: center;\">\n<style type=\"text\/css\"> p.p1 {margin: 0.0px 0.0px 0.0px 0.0px; font: 11.0px 'Helvetica Neue'; color: #000000; -webkit-text-stroke: #000000} span.s1 {text-decoration: underline ; font-kerning: none}\t<\/style>\n<\/p>\n<p class=\"p1\" style=\"text-align: center;\"> \t<iframe title=\"* SEVERE* 20 Years of Migraine Headache &amp; Neck Pain Was Relieved! (REAL RESULTS!!)\" width=\"800\" height=\"450\" src=\"https:\/\/www.youtube.com\/embed\/nldudnh0TTY?start=331&#038;feature=oembed\" frameborder=\"0\" allow=\"accelerometer; autoplay; clipboard-write; encrypted-media; gyroscope; picture-in-picture; web-share\" allowfullscreen><\/iframe><\/p>\n<p class=\"p1\" style=\"text-align: center;\"> \t&nbsp;<\/p>\n<p class=\"p1\" style=\"text-align: center;\"> \t&nbsp;<\/p>\n<p class=\"p1\" style=\"text-align: center;\"> \t<strong style=\"-webkit-text-stroke-width: initial; font-size: 24px; font-family: Arial;\"><span style=\"font-family:lucida sans unicode,lucida grande,sans-serif;\"><span style=\"color:#3366ff;\">\u201cVedo questi fantastici risultati ogni giorno nella mia pratica. Puoi ottenere questi incredibili risultati con i tuoi pazienti!\u201d <\/span><\/span><\/strong><span style=\"-webkit-text-stroke-width: initial; font-size: 24px; font-family: &quot;lucida sans unicode&quot;, &quot;lucida grande&quot;, sans-serif;\"><span style=\"color:#3366ff;\"><span style=\"font-size:16px;\">(Dott. Jacobs)<\/span><\/span><\/span><\/p>\n<p class=\"p1\" style=\"text-align: center;\"> \t&nbsp;<\/p>\n<p style=\"text-align: center;\"> \t&nbsp;<\/p>\n<p style=\"text-align: center;\"> \t<span id=\"cke_bm_111E\" style=\"display: none;\">&nbsp;<\/span><\/p>\n<p> \t<span style=\"display: none;\">&nbsp;<\/span><\/p>\n<p> \t<span style=\"font-size:24px;\"><span style=\"color:#696969;\"><strong>Cos&#039;\u00e8 ASTR?<\/strong><\/span><\/span><\/p>\n<p> \t<span style=\"font-family: &quot;lucida sans unicode&quot;, &quot;lucida grande&quot;, sans-serif; font-size: 18px;\">Il rilascio avanzato dei tessuti molli (ASTR) sta cambiando il modo in cui vivono i pazienti&nbsp;<\/span><strong style=\"font-family: verdana, geneva, sans-serif; font-size: 18px;\">Lungo termine<\/strong><span style=\"font-family: &quot;lucida sans unicode&quot;, &quot;lucida grande&quot;, sans-serif; font-size: 18px;\">&nbsp;<\/span><strong style=\"font-family: verdana, geneva, sans-serif; font-size: 18px;\">sollievo dal dolore<\/strong><span style=\"font-family: &quot;lucida sans unicode&quot;, &quot;lucida grande&quot;, sans-serif; font-size: 18px;\">. Questa specialit\u00e0 affronta il dolore acuto e cronico attraverso l&#039;uso di valutazioni uniche del paziente,&nbsp;<\/span><span style=\"font-family: &quot;lucida sans unicode&quot;, &quot;lucida grande&quot;, sans-serif; font-size: 18px;\">protocolli di trattamento elaborati tatticamente,<\/span><span style=\"font-family: &quot;lucida sans unicode&quot;, &quot;lucida grande&quot;, sans-serif; font-size: 18px;\">&nbsp;progettato strategicamente <strong>p<\/strong><\/span><strong style=\"font-family: &quot;lucida sans unicode&quot;, &quot;lucida grande&quot;, sans-serif;\"><strong style=\"font-family: verdana, geneva, sans-serif; font-size: 18px;\">attentato&nbsp;<\/strong><\/strong><span style=\"font-family: &quot;lucida sans unicode&quot;, &quot;lucida grande&quot;, sans-serif; font-size: 18px;\">strumenti e oltre 125 manovre uniche. ASTR si rivolge agli alimenti alla loro fonte per ridurre il dolore, aumentare la gamma di movimento e aiutare a migliorare la qualit\u00e0 della vita delle persone. I risultati di un recente studio sul collo condotto su pazienti ASTR hanno rilevato che c&#039;era un <strong><span style=\"color:#ff0000;\">87% tasso di successo<\/span><\/strong> per i pazienti che hanno seguito il nostro programma!<\/span><\/p>\n<p> \t<span style=\"font-family:lucida sans unicode,lucida grande,sans-serif;\"><span style=\"font-size: 18px;\">&nbsp;<\/span><\/span><\/p>\n<p class=\"p1\" style=\"text-align: left;\"> \t<span style=\"font-family:lucida sans unicode,lucida grande,sans-serif;\"><span style=\"font-size:18px;\"><span style=\"color:#696969;\"><span class=\"s1\">In qualit\u00e0 di fornitore ASTR autorizzato beneficerai di:<\/span><\/span><\/span><\/span><\/p>\n<p class=\"p1\" style=\"text-align: left;\"> \t&nbsp;<\/p>\n<ul>\n<li class=\"p1\" style=\"text-align: left;\"> \t\t<span style=\"font-family:lucida sans unicode,lucida grande,sans-serif;\"><span style=\"font-size:18px;\"><span style=\"color:#696969;\"><strong>Tratta condizioni difficili<\/strong> inclusi dolore alla mascella, sciatica, artrite, mal di testa, dolore al collo e alla schiena, sindrome del tunnel carpale, tendinite, borsite e <a href=\"https:\/\/advancedsofttissuerelease.com\/it\/trattamento\/\" target=\"_blank\"><u>molto di pi\u00f9<\/u>!<\/a><\/span><\/span><\/span><\/li>\n<\/ul>\n<ul>\n<li class=\"p1\" style=\"text-align: left;\"> \t\t<strong style=\"color: rgb(105, 105, 105); font-size: 18px; font-family: &quot;lucida sans unicode&quot;, &quot;lucida grande&quot;, sans-serif;\"><a href=\"https:\/\/advancedsofttissuerelease.com\/it\/medical-providers\/ricerca\/\" target=\"_blank\">Pratica basata sulle evidenze<\/a><span style=\"font-size:14px;\">:&nbsp;<\/span><\/strong><span style=\"font-size:14px;\">&nbsp;<span style=\"color:#3366ff;\"><strong><span style=\"font-size:16px;\"><a href=\"https:\/\/advancedsofttissuerelease.com\/it\/medical-providers\/ricerca\/\" target=\"_blank\">Dai un&#039;occhiata alla ricerca che supporta il trattamento ASTR<\/a><\/span><\/strong><\/span><\/span><\/li>\n<li class=\"p1\" style=\"text-align: left;\"> \t\t<strong style=\"color: rgb(105, 105, 105); font-size: 18px; font-family: &quot;lucida sans unicode&quot;, &quot;lucida grande&quot;, sans-serif;\">Fornire sollievo a lungo termine<\/strong><span style=\"color: rgb(105, 105, 105); font-size: 18px; font-family: &quot;lucida sans unicode&quot;, &quot;lucida grande&quot;, sans-serif;\"> ai pazienti che soffrono di dolore acuto e cronico e di altre condizioni debilitanti e sono frustrati senza alcun sollievo.<\/span><\/li>\n<li class=\"p1\" style=\"text-align: left;\"> \t\t<span style=\"font-family:lucida sans unicode,lucida grande,sans-serif;\"><span style=\"font-size:18px;\"><span style=\"color:#696969;\"><strong>Aumenta la soddisfazione del paziente:<\/strong> I pazienti trattati con ASTR spesso sperimentano sollievo dal dolore durante la prima o la seconda sessione di trattamento. Sono spesso stupiti di come questo diverso approccio riesca ad alleviare i loro dolori laddove altre terapie hanno fallito.<\/span><\/span><\/span><\/li>\n<li class=\"p1\" style=\"text-align: left;\"> \t\t<span style=\"font-family:lucida sans unicode,lucida grande,sans-serif;\"><span style=\"font-size:18px;\"><span style=\"color:#696969;\"><strong>Aumenta le segnalazioni dei pazienti:<\/strong> Il passaparola \u00e8 la migliore fonte di nuovi affari! Quando i pazienti riconoscono i risultati del trattamento con ASTR, ne conseguono soddisfazione, fiducia e lealt\u00e0 nei confronti del fornitore e indirizzano i loro amici<\/span><\/span><\/span><\/li>\n<li class=\"p1\" style=\"text-align: left;\"> \t\t<span style=\"font-family:lucida sans unicode,lucida grande,sans-serif;\"><span style=\"font-size:18px;\"><span style=\"color:#696969;\"><strong>Aumenta le entrate:<\/strong> ASTR \u00e8 una nuova nicchia per le terapie dei tessuti molli e la certificazione in questa specialit\u00e0 \u00e8 un ottimo strumento per i fornitori di servizi medici che desiderano espandere la propria pratica.<\/span><\/span><\/span><\/li>\n<li class=\"p1\" style=\"text-align: left;\"> \t\t<span style=\"font-family:lucida sans unicode,lucida grande,sans-serif;\"><span style=\"font-size:18px;\"><span style=\"color:#696969;\"><strong>Spicca tra i tuoi colleghi:<\/strong> I medici ASTR sono membri di una comunit\u00e0 esclusiva di fornitori di servizi medici con licenza ASTR. Il possesso di questa licenza \u00e8 la prova dell&#039;ampia formazione e dell&#039;elevata competenza di un fornitore nel trattamento delle lesioni dei tessuti molli con l&#039;approccio ASTR.<\/span><\/span><\/span><\/li>\n<\/ul>\n<p class=\"p1\" style=\"text-align: center;\"> \t&nbsp;<\/p>\n<p class=\"p1\" style=\"text-align: center;\"> \t<b style=\"text-align: center; color: rgb(105, 105, 105); font-size: 18px; font-family: &quot;lucida sans unicode&quot;, &quot;lucida grande&quot;, sans-serif; -webkit-text-stroke: rgb(0, 0, 0);\">La registrazione per la nostra certificazione \u00e8 quasi completa<\/b><\/p>\n<p class=\"p3\"> \t&nbsp;<\/p>\n<p class=\"p3\"> \t<span style=\"color:#ff0000;\"><span style=\"font-size:24px;\"><span style=\"font-family:lucida sans unicode,lucida grande,sans-serif;\"><strong><a href=\"https:\/\/shop.advancedsofttissuerelease.com\/ocart2\/Class%20Registration\/Class%20Registration%20Fees\" target=\"_blank\">Iscriviti ora!<\/a><\/strong><\/span><\/span><\/span><\/p>\n<p class=\"p3\"> \t&nbsp;<\/p>\n<p class=\"p3\"> \t<a href=\"https:\/\/advancedsofttissuerelease.com\/it\/medical-providers\/cose-astr\/\" target=\"_blank\">Non convinto? Fare clic qui per saperne di pi\u00f9 sulla scienza alla base di ASTR<\/a><\/p>\n<p class=\"p3\"> \t&nbsp;<\/p>\n<p style=\"font-family: Helvetica; text-align: center;\"> \t<span style=\"font-size:22px;\"><span style=\"color:#696969;\"><strong>Testimonianze&nbsp;<\/strong><\/span><\/span><\/p>\n<p style=\"font-family: Helvetica;\"> \t<span style=\"font-family:lucida sans unicode,lucida grande,sans-serif;\"><span style=\"color: rgb(105, 105, 105); font-size: 16px;\"><span style=\"box-sizing: border-box;\"><span style=\"box-sizing: border-box;\"><span style=\"box-sizing: border-box;\"><span style=\"box-sizing: border-box; letter-spacing: 0px;\">\u201cSono stato turbato dal peggioramento degli effetti delle spondiliti anchilosanti. Dopo aver&nbsp;<\/span><strong style=\"box-sizing: border-box; letter-spacing: 0px;\">vissuto con il&nbsp;<\/strong><strong style=\"box-sizing: border-box; letter-spacing: 0px;\">malattia da oltre 40 anni<\/strong><span style=\"box-sizing: border-box; letter-spacing: 0px;\">Ero scettico sul fatto che qualsiasi sollievo sarebbe stato possibile. Con mio grande stupore, ho sperimentato&nbsp;<\/span><b style=\"box-sizing: border-box; letter-spacing: 0px;\">sollievo immediato dopo una sessione<\/b><span style=\"box-sizing: border-box; letter-spacing: 0px;\">. Apprezzo molto il lavoro che fai\u201d.&nbsp;<\/span><\/span><\/span><\/span><\/span><span style=\"color: rgb(105, 105, 105); font-size: 10px;\"><span style=\"box-sizing: border-box;\"><span style=\"box-sizing: border-box;\"><span style=\"box-sizing: border-box;\">William K.B<\/span><\/span><\/span>ack Pain (missione Viejo, CA)<\/span><\/span><\/p>\n<p style=\"font-family: Helvetica;\"> \t&nbsp;<\/p>\n<p style=\"font-family: Helvetica;\"> \t<span style=\"color: rgb(105, 105, 105); font-family: &quot;lucida sans unicode&quot;, &quot;lucida grande&quot;, sans-serif; -webkit-text-stroke: rgb(105, 105, 105); font-size: 16px;\">\u201cDopo aver subito gli effetti di&nbsp;<b>ATM<\/b>&nbsp;e&nbsp;<b>male alla testa<\/b>&nbsp;dolore per quasi&nbsp;<b>5 anni<\/b>, il dottor Jacobs \u00e8 stato in grado di alleviare il mio dolore usando il suo rilascio avanzato dei tessuti molli all&#039;interno&nbsp;<b>pochi minuti<\/b>. La sua tecnica era molto&nbsp;<b>gentile<\/b>&nbsp;e non \u00e8 stato affatto doloroso\u201d.<\/span><span style=\"text-decoration-line: underline; color: rgb(105, 105, 105); font-family: &quot;lucida sans unicode&quot;, &quot;lucida grande&quot;, sans-serif; font-size: 11px; -webkit-text-stroke: rgb(105, 105, 105);\"> <\/span><span style=\"color: rgb(105, 105, 105); font-family: &quot;lucida sans unicode&quot;, &quot;lucida grande&quot;, sans-serif; -webkit-text-stroke: rgb(105, 105, 105); font-size: 10px;\">Lindsay J. ATM (Aliso Viejo, CA)<\/span><\/p>\n<p class=\"p1\" style=\"text-align: left;\"> \t&nbsp;<\/p>\n<p style=\"box-sizing: border-box; line-height: 1.6em; font-size: small; font-family: arial; text-align: center;\"> \t<span style=\"font-family:lucida sans unicode,lucida grande,sans-serif;\"><span style=\"font-size:26px;\"><span style=\"text-align: center;\"><strong><span style=\"color: rgb(255, 0, 0);\">Puoi ottenere questi incredibili risultati con i tuoi pazienti!&nbsp;<\/span><\/strong><\/span><\/span><\/span><\/p>\n<p style=\"box-sizing: border-box; line-height: 1.6em; font-size: small; font-family: arial;\"> \t<span style=\"font-family:lucida sans unicode,lucida grande,sans-serif;\"> \t<\/p>\n<style type=\"text\/css\"> p.p1 {margin: 0.0px 0.0px 10.0px 0.0px; font: 11.0px 'Trebuchet MS'; color: #000000; -webkit-text-stroke: #000000} span.s1 {font-kerning: none} span.s2 {font: 7.3px 'Trebuchet MS'; font-kerning: none} span.s3 {font: 20.0px 'Trebuchet MS'; text-decoration: underline ; font-kerning: none; color: #ff0000; -webkit-text-stroke: 0px #ff0000} span.s4 {text-decoration: underline ; font-kerning: none; color: #0000ff; -webkit-text-stroke: 0px #0000ff}\t<\/style>\n<p> \t<\/span><\/p>\n<p class=\"p1\" style=\"text-align: center;\"> \t<span style=\"font-family:lucida sans unicode,lucida grande,sans-serif;\"><span class=\"s1\">&nbsp;<\/span><\/span><\/p>\n<p class=\"p1\" style=\"text-align: center;\"> \t<span style=\"font-family:lucida sans unicode,lucida grande,sans-serif;\"><span class=\"s1\"><a href=\"https:\/\/shop.advancedsofttissuerelease.com\/ocart2\/Class%2520Registration\/Class%2520Registration%2520Fees\"><span class=\"s3\"><b>Iscriviti ora!<\/b><\/span><span class=\"s4\">&nbsp;<\/span><\/a><\/span><\/span><\/p>\n<style type=\"text\/css\"> p.p1 {margin: 0.0px 0.0px 7.5px 0.0px; text-align: center; line-height: 19.2px; font: 15.0px Verdana; color: #3366cc; -webkit-text-stroke: #3366cc} span.s1 {font-kerning: none}<\/style>\n<style type=\"text\/css\"> p.p1 {margin: 0.0px 0.0px 7.5px 0.0px; line-height: 19.2px; font: 11.0px Verdana; color: #696969; -webkit-text-stroke: #696969} span.s1 {font-kerning: none; background-color: #ffffff}<\/style>\n<style type=\"text\/css\"> p.p1 {margin: 0.0px 0.0px 10.0px 0.0px; text-align: justify; font: 12.0px Verdana; color: #000000; -webkit-text-stroke: #000000; background-color: #ffffff} span.s1 {font-kerning: none} span.s2 {text-decoration: underline ; font-kerning: none; color: #0000ff; -webkit-text-stroke: 0px #0000ff}<\/style>\n<style type=\"text\/css\"> p.p1 {margin: 0.0px 0.0px 10.0px 0.0px; text-align: justify; font: 12.0px Verdana; color: #000000; -webkit-text-stroke: #000000; background-color: #ffffff} p.p3 {margin: 0.0px 0.0px 10.0px 0.0px; text-align: center; font: 14.0px Verdana; color: #000000; -webkit-text-stroke: #000000} li.li2 {margin: 0.0px 0.0px 10.0px 0.0px; text-align: justify; font: 12.0px Verdana; color: #000000; -webkit-text-stroke: #000000} span.s1 {font-kerning: none} span.s2 {font: 12.0px Helvetica; color: #000000} span.s3 {font-kerning: none; background-color: #ffffff} span.s4 {text-decoration: underline ; font-kerning: none} span.s5 {font: 9.3px Verdana; font-kerning: none} span.s6 {font: 11.0px 'Trebuchet MS'; font-kerning: none}<\/style>","protected":false},"excerpt":{"rendered":"<p>Can 20+ Years of Headaches &amp; Neck Pain be Relieved in 1 Session? &nbsp; (Watch the Treatment Video) &nbsp; &nbsp; &nbsp; &#8220;I see these Amazing results daily in my practice. YOU can achieve these incredible results with your patients!&#8221; (Dr.Jacobs) &nbsp; &nbsp; &nbsp; &nbsp; What is ASTR? Advanced Soft Tissue Release (ASTR) is changing the [&hellip;]<\/p>\n","protected":false},"author":2447,"featured_media":0,"parent":0,"menu_order":58,"comment_status":"closed","ping_status":"closed","template":"","meta":{"_analytify_skip_tracking":false,"footnotes":""},"class_list":["post-326","page","type-page","status-publish","hentry"],"_links":{"self":[{"href":"https:\/\/advancedsofttissuerelease.com\/it\/wp-json\/wp\/v2\/pages\/326","targetHints":{"allow":["GET"]}}],"collection":[{"href":"https:\/\/advancedsofttissuerelease.com\/it\/wp-json\/wp\/v2\/pages"}],"about":[{"href":"https:\/\/advancedsofttissuerelease.com\/it\/wp-json\/wp\/v2\/types\/page"}],"author":[{"embeddable":true,"href":"https:\/\/advancedsofttissuerelease.com\/it\/wp-json\/wp\/v2\/users\/2447"}],"replies":[{"embeddable":true,"href":"https:\/\/advancedsofttissuerelease.com\/it\/wp-json\/wp\/v2\/comments?post=326"}],"version-history":[{"count":0,"href":"https:\/\/advancedsofttissuerelease.com\/it\/wp-json\/wp\/v2\/pages\/326\/revisions"}],"wp:attachment":[{"href":"https:\/\/advancedsofttissuerelease.com\/it\/wp-json\/wp\/v2\/media?parent=326"}],"curies":[{"name":"wp","href":"https:\/\/api.w.org\/{rel}","templated":true}]}}