{"id":387,"date":"2018-09-03T15:05:07","date_gmt":"2018-09-03T15:05:07","guid":{"rendered":"https:\/\/advancedsofttissuerelease.com\/my-story\/"},"modified":"2022-03-06T10:16:16","modified_gmt":"2022-03-06T17:16:16","slug":"dr-joseph-jacobs-storia-del-cancro-2","status":"publish","type":"page","link":"https:\/\/advancedsofttissuerelease.com\/it\/dr-joseph-jacobs-cancer-story\/","title":{"rendered":"Storia del cancro del dottor Joseph Jacobs"},"content":{"rendered":"<div data-elementor-type=\"wp-page\" data-elementor-id=\"387\" class=\"elementor elementor-387\" data-elementor-post-type=\"page\">\n\t\t\t\t\t\t<section class=\"elementor-section elementor-top-section elementor-element elementor-element-72fc8ad elementor-section-stretched elementor-section-boxed elementor-section-height-default elementor-section-height-default\" data-id=\"72fc8ad\" data-element_type=\"section\" data-e-type=\"section\" data-settings=\"{&quot;stretch_section&quot;:&quot;section-stretched&quot;}\">\n\t\t\t\t\t\t<div class=\"elementor-container elementor-column-gap-default\">\n\t\t\t\t\t<div class=\"elementor-column elementor-col-100 elementor-top-column elementor-element elementor-element-72a958c\" data-id=\"72a958c\" data-element_type=\"column\" data-e-type=\"column\">\n\t\t\t<div class=\"elementor-widget-wrap elementor-element-populated\">\n\t\t\t\t\t\t<div class=\"elementor-element elementor-element-ab1d866 elementor-widget elementor-widget-heading\" data-id=\"ab1d866\" data-element_type=\"widget\" data-e-type=\"widget\" data-widget_type=\"heading.default\">\n\t\t\t\t<div class=\"elementor-widget-container\">\n\t\t\t\t\t<h1 class=\"elementor-heading-title elementor-size-default\">Storia del cancro del dottor Joseph Jacobs<\/h1>\t\t\t\t<\/div>\n\t\t\t\t<\/div>\n\t\t\t\t<div class=\"elementor-element elementor-element-af369df elementor-widget elementor-widget-image\" data-id=\"af369df\" data-element_type=\"widget\" data-e-type=\"widget\" data-widget_type=\"image.default\">\n\t\t\t\t<div class=\"elementor-widget-container\">\n\t\t\t\t\t\t\t\t\t\t\t\t\t\t\t<img fetchpriority=\"high\" decoding=\"async\" width=\"455\" height=\"500\" src=\"https:\/\/advancedsofttissuerelease.com\/wp-content\/uploads\/2020\/01\/Joseph-Jacobs-scaled.jpeg\" class=\"attachment-full size-full wp-image-9149\" alt=\"\" srcset=\"https:\/\/advancedsofttissuerelease.com\/wp-content\/uploads\/2020\/01\/Joseph-Jacobs-scaled.jpeg 455w, https:\/\/advancedsofttissuerelease.com\/wp-content\/uploads\/2020\/01\/Joseph-Jacobs-scaled-200x220.jpeg 200w, https:\/\/advancedsofttissuerelease.com\/wp-content\/uploads\/2020\/01\/Joseph-Jacobs-scaled-300x330.jpeg 300w\" sizes=\"(max-width: 455px) 100vw, 455px\" \/>\t\t\t\t\t\t\t\t\t\t\t\t\t\t\t<\/div>\n\t\t\t\t<\/div>\n\t\t\t\t\t<\/div>\n\t\t<\/div>\n\t\t\t\t\t<\/div>\n\t\t<\/section>\n\t\t\t\t<section class=\"elementor-section elementor-top-section elementor-element elementor-element-48239340 elementor-section-stretched elementor-section-boxed elementor-section-height-default elementor-section-height-default\" data-id=\"48239340\" data-element_type=\"section\" data-e-type=\"section\" data-settings=\"{&quot;stretch_section&quot;:&quot;section-stretched&quot;}\">\n\t\t\t\t\t\t<div class=\"elementor-container elementor-column-gap-default\">\n\t\t\t\t\t<div class=\"elementor-column elementor-col-100 elementor-top-column elementor-element elementor-element-1f17e08e\" data-id=\"1f17e08e\" data-element_type=\"column\" data-e-type=\"column\">\n\t\t\t<div class=\"elementor-widget-wrap elementor-element-populated\">\n\t\t\t\t\t\t<div class=\"elementor-element elementor-element-1e51ad51 elementor-widget elementor-widget-text-editor\" data-id=\"1e51ad51\" data-element_type=\"widget\" data-e-type=\"widget\" data-widget_type=\"text-editor.default\">\n\t\t\t\t<div class=\"elementor-widget-container\">\n\t\t\t\t\t\t\t\t\t<p class=\"p1\"><span style=\"color: #333333; font-family: verdana, geneva, sans-serif;\"><span style=\"font-size: 16px;\"><span class=\"s1\">Sono cresciuto in una casa modesta con entrambi i miei genitori che facevano pi\u00f9 lavori per sostenere me e mia sorella. Ho affrontato persecuzioni e discriminazioni sin dalla nascita come minoranza in Egitto e mi \u00e8 stato detto che non sarei mai stato molto. Il mio governo mi ha detto cosa mi era permesso studiare poich\u00e9 non facevo parte della maggioranza.<\/span><\/span><\/span><\/p>\n<p><\/p>\n<p class=\"p1\"><span style=\"font-family: verdana, geneva, sans-serif; color: #333333;\">All&#039;et\u00e0 di 7 anni mi \u00e8 stato diagnosticato <b>cancro<\/b>. Per grazia di Dio, un anno dopo ero libero dal cancro. A 18 anni, ho fatto domanda e alla fine ho vinto la lotteria per venire negli Stati Uniti tra grandi difficolt\u00e0. Sono arrivata negli Stati Uniti a 19 anni parlando solo arabo e ho lavorato come guardia di sicurezza senza alcuna conoscenza della lingua inglese, mentre finivo il mio programma di laurea e dottorato.<\/span><\/p>\n<p><span style=\"font-family: verdana, geneva, sans-serif; color: #333333;\">ho combattuto <b>cancro<\/b> ancora durante il mio ultimo anno di corso e per grazia di Dio, ho superato gli esami di maturit\u00e0. Soffrivo di cronico <strong>emicranie<\/strong>, <strong>mal di testa<\/strong>, <strong>fatica<\/strong>, e <strong>dolore&nbsp;<\/strong>ed ero molto frustrato dai risultati che stavo vedendo usando le modalit\u00e0 tradizionali che avevo imparato a scuola. Questo \u00e8 ci\u00f2 che mi ha portato a sviluppare ASTR. Ho trascorso gli ultimi dieci anni a studiare, ricercare, sviluppare e brevettare nuove tecniche e strumenti con l&#039;obiettivo di fornire sollievo dal dolore a lungo termine a pazienti come me che hanno provato qualsiasi cosa senza successo.<\/span><\/p>\n<p><span style=\"font-family: verdana, geneva, sans-serif; color: #333333;\">Questo \u00e8 un grido a tutti voi sognatori che ancora aspettate di vedere realizzati i vostri sogni! Potrebbe non accadere oggi, il prossimo anno o anche entro questo decennio. Ma&nbsp;<strong><span class=\"s2\">non mollare mai! Non perdere la speranza! Persistere!<\/span><\/strong><\/span><\/p>\n<p><span style=\"font-family: verdana, geneva, sans-serif; color: #333333;\"><strong style=\"font-size: 16px; -webkit-text-stroke-width: initial; -webkit-text-stroke-color: #696969;\"><br><\/strong><\/span><\/p>\n<p><span style=\"font-family: verdana, geneva, sans-serif; color: #333333;\"><strong style=\"font-size: 16px; -webkit-text-stroke-width: initial; -webkit-text-stroke-color: #696969;\">Giuseppe Jacobs<\/strong><span style=\"font-size: 16px; -webkit-text-stroke-width: initial; -webkit-text-stroke-color: #696969;\">, DPT, ACN, ASTR<\/span><\/span><\/p>\n<p><span style=\"font-family: verdana, geneva, sans-serif; font-size: 16px; color: #333333; -webkit-text-stroke-width: initial; -webkit-text-stroke-color: #696969;\">Dottore in Fisioterapia<\/span><\/p>\n<p><span style=\"font-family: verdana, geneva, sans-serif; font-size: 16px; color: #333333; -webkit-text-stroke-width: initial; -webkit-text-stroke-color: #696969;\">Nutrizionista clinico avanzato<\/span><\/p>\n<p class=\"p1\"><span style=\"color: #333333; font-family: verdana, geneva, sans-serif;\"><span style=\"font-size: 16px;\">Inventore di ASTR<\/span><\/span><span style=\"color: var( --e-global-color-text ); font-family: var( --e-global-typography-text-font-family ), verdana; font-size: 16.00160026550293px; -webkit-text-stroke-color: #202020; -webkit-text-stroke-width: initial;\">&nbsp;<\/span><\/p>\t\t\t\t\t\t\t\t<\/div>\n\t\t\t\t<\/div>\n\t\t\t\t\t<\/div>\n\t\t<\/div>\n\t\t\t\t\t<\/div>\n\t\t<\/section>\n\t\t\t\t<\/div>","protected":false},"excerpt":{"rendered":"<p>Dr. Joseph Jacobs Cancer Story I grew up in a modest home with both of my parents working multiple jobs to support me and my sister. I faced persecution and discrimination from birth as a minority in Egypt and was told I would never amount to much. My government told me what I was allowed [&hellip;]<\/p>\n","protected":false},"author":2447,"featured_media":0,"parent":0,"menu_order":5,"comment_status":"closed","ping_status":"closed","template":"","meta":{"_analytify_skip_tracking":false,"footnotes":""},"class_list":["post-387","page","type-page","status-publish","hentry"],"_links":{"self":[{"href":"https:\/\/advancedsofttissuerelease.com\/it\/wp-json\/wp\/v2\/pages\/387","targetHints":{"allow":["GET"]}}],"collection":[{"href":"https:\/\/advancedsofttissuerelease.com\/it\/wp-json\/wp\/v2\/pages"}],"about":[{"href":"https:\/\/advancedsofttissuerelease.com\/it\/wp-json\/wp\/v2\/types\/page"}],"author":[{"embeddable":true,"href":"https:\/\/advancedsofttissuerelease.com\/it\/wp-json\/wp\/v2\/users\/2447"}],"replies":[{"embeddable":true,"href":"https:\/\/advancedsofttissuerelease.com\/it\/wp-json\/wp\/v2\/comments?post=387"}],"version-history":[{"count":0,"href":"https:\/\/advancedsofttissuerelease.com\/it\/wp-json\/wp\/v2\/pages\/387\/revisions"}],"wp:attachment":[{"href":"https:\/\/advancedsofttissuerelease.com\/it\/wp-json\/wp\/v2\/media?parent=387"}],"curies":[{"name":"wp","href":"https:\/\/api.w.org\/{rel}","templated":true}]}}