{"id":75,"date":"2015-07-06T00:39:44","date_gmt":"2015-07-06T00:39:44","guid":{"rendered":"https:\/\/advancedsofttissuerelease.com\/testimonials\/"},"modified":"2018-12-26T03:24:37","modified_gmt":"2018-12-26T03:24:37","slug":"testimonianze","status":"publish","type":"page","link":"https:\/\/advancedsofttissuerelease.com\/it\/what-is-astr\/testimonials\/","title":{"rendered":"Testimonianze"},"content":{"rendered":"<p style=\"text-align: center;\"> \t<iframe title=\"Back Pain Relieved After 2 ASTR treatments!\" width=\"800\" height=\"450\" src=\"https:\/\/www.youtube.com\/embed\/UyVCTuUKhvo?feature=oembed\" frameborder=\"0\" allow=\"accelerometer; autoplay; clipboard-write; encrypted-media; gyroscope; picture-in-picture; web-share\" allowfullscreen><\/iframe><\/p>\n<p style=\"text-align: center;\"> \t<iframe title=\"Back &amp; Hip Pain Relieved Without Surgery After 2 ASTR Treatments\" width=\"800\" height=\"450\" src=\"https:\/\/www.youtube.com\/embed\/qcCzOO3CPwU?feature=oembed\" frameborder=\"0\" allow=\"accelerometer; autoplay; clipboard-write; encrypted-media; gyroscope; picture-in-picture; web-share\" allowfullscreen><\/iframe><\/p>\n<p style=\"text-align: center;\"> \t<iframe title=\"Chronic Shoulder Restriction Was Relieved in Just Minutes!\" width=\"800\" height=\"450\" src=\"https:\/\/www.youtube.com\/embed\/YIwqsd5LWWQ?feature=oembed\" frameborder=\"0\" allow=\"accelerometer; autoplay; clipboard-write; encrypted-media; gyroscope; picture-in-picture; web-share\" allowfullscreen><\/iframe><\/p>\n<p style=\"text-align: center;\"> \t<iframe title=\"Chronic Shoulder Pain Relieved in Minutes With ASTR! (SAFE, REAL RELIEF!!)\" width=\"800\" height=\"450\" src=\"https:\/\/www.youtube.com\/embed\/-nzEn6EXdLg?feature=oembed\" frameborder=\"0\" allow=\"accelerometer; autoplay; clipboard-write; encrypted-media; gyroscope; picture-in-picture; web-share\" allowfullscreen><\/iframe><\/p>\n<p style=\"text-align: center;\"> \t<iframe title=\"Chronic Knee Pain Relieved After 2 ASTR treatments!\" width=\"800\" height=\"450\" src=\"https:\/\/www.youtube.com\/embed\/VfFs2JiM2uI?feature=oembed\" frameborder=\"0\" allow=\"accelerometer; autoplay; clipboard-write; encrypted-media; gyroscope; picture-in-picture; web-share\" allowfullscreen><\/iframe><\/p>\n<p style=\"text-align: center;\"> \t<iframe title=\"Jaw Pain Relieved in Minutes! (SAFE AND PROVEN!!)\" width=\"800\" height=\"450\" src=\"https:\/\/www.youtube.com\/embed\/zGJodacqH2Y?feature=oembed\" frameborder=\"0\" allow=\"accelerometer; autoplay; clipboard-write; encrypted-media; gyroscope; picture-in-picture; web-share\" allowfullscreen><\/iframe><\/p>\n<p style=\"text-align: center;\"> \t<iframe title=\"Unbelievable Chronic Shoulder Pain Relief! (REAL RESULTS)\" width=\"800\" height=\"450\" src=\"https:\/\/www.youtube.com\/embed\/_8w5qTyRVb0?feature=oembed\" frameborder=\"0\" allow=\"accelerometer; autoplay; clipboard-write; encrypted-media; gyroscope; picture-in-picture; web-share\" allowfullscreen><\/iframe><\/p>\n<p style=\"text-align: center;\"> \t<iframe title=\"Back &amp; Neck Pain Relieved in Just 1 ASTR Treatment\" width=\"800\" height=\"450\" src=\"https:\/\/www.youtube.com\/embed\/l6h0G1y52g4?feature=oembed\" frameborder=\"0\" allow=\"accelerometer; autoplay; clipboard-write; encrypted-media; gyroscope; picture-in-picture; web-share\" allowfullscreen><\/iframe><\/p>\n<p style=\"text-align: center;\"> \t<iframe title=\"Chronic Knee Pain Relieved in Minutes with ASTR!\" width=\"800\" height=\"450\" src=\"https:\/\/www.youtube.com\/embed\/Iu7J9aCRhqU?feature=oembed\" frameborder=\"0\" allow=\"accelerometer; autoplay; clipboard-write; encrypted-media; gyroscope; picture-in-picture; web-share\" allowfullscreen><\/iframe><\/p>\n<p style=\"text-align: center;\"> \t<iframe title=\"Cos&#039;\u00e8 ASTR?\" width=\"800\" height=\"450\" src=\"https:\/\/www.youtube.com\/embed\/e5zGCWidWm0?feature=oembed\" frameborder=\"0\" allow=\"accelerometer; autoplay; clipboard-write; encrypted-media; gyroscope; picture-in-picture; web-share\" allowfullscreen><\/iframe><\/p>\n<p style=\"text-align: center;\"> \t<iframe title=\"Chronic Back &amp; Neck Pain Relieved After 1 ASTR Treatment! (SHOCKING RESULTS!!)\" width=\"800\" height=\"450\" src=\"https:\/\/www.youtube.com\/embed\/WTwFLCjh1iQ?feature=oembed\" frameborder=\"0\" allow=\"accelerometer; autoplay; clipboard-write; encrypted-media; gyroscope; picture-in-picture; web-share\" allowfullscreen><\/iframe><\/p>\n<p> \t<span style=\"color: rgb(105, 105, 105); font-family: verdana, geneva, sans-serif;\">Scopri di pi\u00f9 sul rilascio avanzato dei tessuti molli dai pazienti che hanno provato sollievo dal dolore attraverso questa nuova specialit\u00e0 rivoluzionaria! \u00c8 possibile trovare testimonianze basate sul problema di presentazione del paziente, ma di seguito sono riportati alcuni punti salienti.<\/span><\/p>\n<p> \t&nbsp;<\/p>\n<hr \/>\n<p> \t&nbsp;<\/p>\n<p style=\"box-sizing: border-box; line-height: 1.6em; color: rgb(34, 34, 34); font-family: Arial, Verdana, sans-serif; font-size: 12px;\"> \t<span style=\"font-family:verdana,geneva,sans-serif;\"><span style=\"color:#696969;\"><span style=\"box-sizing: border-box;\"><span style=\"box-sizing: border-box;\"><span style=\"box-sizing: border-box; font-size: 14px;\"><span style=\"box-sizing: border-box; line-height: 16px;\">\u201cDopo il mio primo appuntamento con il dottor Jacobs,&nbsp;<strong style=\"box-sizing: border-box;\">Mi sono sentito molto meglio<\/strong>. Le tecniche che ha usato su di me non erano &quot;tipiche&quot;. Ma hanno funzionato davvero. Dopo molte sessioni con il Dr. Jacobs, insieme a un cambiamento nella mia dieta verso cibi pi\u00f9 naturali e biologici, sono un&nbsp;<strong style=\"box-sizing: border-box;\">persona completamente diversa<\/strong>. Anche se la celiachia e l&#039;artrite sono qualcosa che non posso cambiare, tante altre cose sono cambiate in meglio. La mia ultima scintigrafia ossea \u00e8 tornata praticamente normale. I miei sintomi di fibromialgia sono 80% scomparsi. I miei sintomi del tunnel carpale sono 100% scomparsi. E ultimo, ma non meno importante, sono 100% fuori dalle pillole narcotiche. Ho guadagnato quasi 40 sterline e ora sto lavorando 3 lavori per un totale di circa 60 ore a settimana.&nbsp;<\/span><\/span><\/span><\/span><\/span><\/span><\/p>\n<p style=\"box-sizing: border-box; line-height: 1.6em; color: rgb(34, 34, 34); font-family: Arial, Verdana, sans-serif; font-size: 12px;\"> \t<span style=\"font-family:verdana,geneva,sans-serif;\"><span style=\"color:#696969;\"><span style=\"box-sizing: border-box;\"><span style=\"box-sizing: border-box;\"><span style=\"box-sizing: border-box; font-size: 14px;\"><span style=\"box-sizing: border-box; line-height: 16px;\"><strong style=\"box-sizing: border-box;\">Il dottor Jacobs \u00e8 assolutamente incredibile<\/strong>&nbsp;e le sue tecniche sono rivoluzionarie. Affidati a lui e starai meglio. Questo \u00e8 qualcosa che posso prometterti. A 23 anni, sono cos\u00ec grato di riavere la mia vita. Grazie, dottor Jacobs, per aver reso quella qualit\u00e0 della vita incredibilmente migliore di prima.&nbsp;<strong style=\"box-sizing: border-box;\">Nessuna somma di denaro potrebbe mai ripagarti per tutto ci\u00f2 che hai fatto.<\/strong>&#8221;&nbsp;<\/span><\/span><\/span><\/span><\/span><\/span><\/p>\n<p style=\"box-sizing: border-box; line-height: 1.6em; color: rgb(34, 34, 34); font-family: Arial, Verdana, sans-serif; font-size: 12px; text-align: right;\"> \t<span style=\"font-family:verdana,geneva,sans-serif;\"><span style=\"color:#696969;\"><span style=\"box-sizing: border-box;\"><span style=\"box-sizing: border-box;\"><span style=\"box-sizing: border-box; font-size: 14px;\">Un cliente riconoscente<\/span><\/span><\/span><\/span><\/span><\/p>\n<p style=\"box-sizing: border-box; line-height: 1.6em; color: rgb(34, 34, 34); font-family: Arial, Verdana, sans-serif; font-size: 12px; text-align: right;\"> \t<span style=\"font-family:verdana,geneva,sans-serif;\"><span style=\"color:#696969;\"><span style=\"box-sizing: border-box;\"><strong style=\"box-sizing: border-box;\"><span style=\"box-sizing: border-box; font-size: 14px; line-height: 16px;\">Fibromialgia<\/span><\/strong><span style=\"box-sizing: border-box; font-size: 14px;\">&nbsp;<\/span><\/span><\/span><\/span><\/p>\n<hr \/>\n<p style=\"box-sizing: border-box; line-height: 1.6em; font-size: small; font-family: arial;\"> \t<span style=\"font-family:verdana,geneva,sans-serif;\"><span style=\"color:#696969;\"><span style=\"box-sizing: border-box;\"><span style=\"box-sizing: border-box;\"><span style=\"box-sizing: border-box; font-size: 14px;\"><span style=\"box-sizing: border-box; line-height: 16px;\">\u201cDopo 18 mesi di terapia fisica tradizionale dopo due interventi chirurgici al ginocchio per sostituire il mio ACL, ero scettico sul fatto che si potesse fare di pi\u00f9 per alleviare il dolore e la rigidit\u00e0 del ginocchio.<strong style=\"box-sizing: border-box;\">&nbsp;Dopo una sola visita<\/strong>, sono rimasto sbalordito dai risultati che il dottor Jacobs \u00e8 stato in grado di produrre con la sua tecnica Advanced Soft Tissue Release! \u00c8 stato molto preciso, cortese e disponibile durante tutta la visita. Si \u00e8 preso il tempo di spiegarmi la tecnica e come funziona. Sono rimasto molto colpito dal modo in cui il mio ginocchio ha risposto e si \u00e8 allentato, soprattutto perch\u00e9 sono passati due anni dal mio intervento chirurgico originale.&nbsp;<strong style=\"box-sizing: border-box;\">Ero scettico e ora sono credente!&nbsp;<\/strong><\/span><\/span><\/span><\/span><\/span><\/span><\/p>\n<p style=\"box-sizing: border-box; line-height: 1.6em; font-size: small; text-align: right; font-family: arial;\"> \t<span style=\"font-family:verdana,geneva,sans-serif;\"><span style=\"color:#696969;\"><span style=\"box-sizing: border-box;\"><span style=\"box-sizing: border-box;\"><span style=\"box-sizing: border-box; font-size: 14px;\">Mychal T.<\/span><\/span><\/span><\/span><\/span><\/p>\n<p style=\"box-sizing: border-box; line-height: 1.6em; font-size: small; text-align: right; font-family: arial;\"> \t<span style=\"font-family:verdana,geneva,sans-serif;\"><span style=\"color:#696969;\"><span style=\"box-sizing: border-box;\"><strong style=\"box-sizing: border-box;\"><span style=\"box-sizing: border-box;\"><span style=\"box-sizing: border-box; font-size: 14px;\">Dolore al ginocchio<\/span><\/span><\/strong><\/span><\/span><\/span><\/p>\n<p style=\"box-sizing: border-box; line-height: 1.6em; font-size: small; text-align: right; font-family: arial;\"> \t<span style=\"font-family:verdana,geneva,sans-serif;\"><span style=\"color:#696969;\"><span style=\"box-sizing: border-box;\"><span style=\"box-sizing: border-box;\"><span style=\"box-sizing: border-box; font-size: 14px;\">(Pheonix, AZ)<\/span><\/span><\/span><\/span><\/span><\/p>\n<hr \/>\n<p style=\"box-sizing: border-box; line-height: 1.6em; font-size: small; font-family: arial;\"> \t<span style=\"font-family:verdana,geneva,sans-serif;\"><span style=\"color:#696969;\"><span style=\"box-sizing: border-box;\"><span style=\"box-sizing: border-box;\"><span style=\"box-sizing: border-box; font-size: 14px;\">\u201cNon solo il dottor Jacobs ha aiutato i miei disturbi, ma mi ha anche insegnato come aiutare me stesso. Inizialmente ho iniziato il trattamento con il dottor Jacobs per l&#039;emicrania. Insieme a<strong style=\"box-sizing: border-box;\">&nbsp;l&#039;eliminazione dei farmaci<\/strong>, la sua&nbsp;<strong style=\"box-sizing: border-box;\">La tecnica ASTR ha ridotto enormemente la frequenza e l'intensit\u00e0 delle mie emicranie<\/strong>. Oltre all&#039;appuntamento con il dottor Jacobs, ho fatto gli esercizi assegnati a casa. La combinazione \u00e8 stata molto efficace. Ha ascoltato attivamente le mie preoccupazioni e mi ha trattato di conseguenza. \u00c8 stato fantastico con feedback e ben informato sul mio dolore e le mie condizioni. Durante la mia terapia fisica, il dottor Jacobs mi ha aiutato con fibromialgia, dolori muscolari ai piedi, gambe, schiena e spalle ed emicrania. Mi ha dato informazioni per aiutarmi ad aiutare me stesso. Utilizzer\u00f2 sicuramente il programma Wellness del dottor Jacobs anche in futuro\u201d.<\/span><\/span><\/span><\/span><\/span><\/p>\n<p style=\"box-sizing: border-box; line-height: 1.6em; font-size: small; text-align: right; font-family: arial;\"> \t<span style=\"font-family:verdana,geneva,sans-serif;\"><span style=\"color:#696969;\"><span style=\"box-sizing: border-box;\"><span style=\"box-sizing: border-box;\"><span style=\"box-sizing: border-box; font-size: 14px;\">Jessica Y.<\/span><\/span><\/span><\/span><\/span><\/p>\n<p style=\"box-sizing: border-box; line-height: 1.6em; font-size: small; text-align: right; font-family: arial;\"> \t<span style=\"font-family:verdana,geneva,sans-serif;\"><span style=\"color:#696969;\"><span style=\"box-sizing: border-box;\"><strong style=\"box-sizing: border-box;\"><span style=\"box-sizing: border-box;\"><span style=\"box-sizing: border-box; font-size: 14px;\">Emicranie<\/span><\/span><\/strong><\/span><\/span><\/span><\/p>\n<p style=\"box-sizing: border-box; line-height: 1.6em; font-size: small; text-align: right; font-family: arial;\"> \t<span style=\"font-family:verdana,geneva,sans-serif;\"><span style=\"color:#696969;\"><span style=\"box-sizing: border-box;\"><span style=\"box-sizing: border-box;\"><span style=\"box-sizing: border-box; font-size: 14px;\">(Trabuco Canyon, CA)<\/span><\/span><\/span><\/span><\/span><\/p>\n<hr \/>\n<div style=\"box-sizing: border-box; color: rgb(69, 68, 68); font-family: 'Open Sans', sans-serif; font-size: 14px; line-height: 20px;\"> \t<span style=\"font-family:verdana,geneva,sans-serif;\"><span style=\"color:#696969;\"><span style=\"box-sizing: border-box;\">\u201cHo portato mia figlia, Daisy, perch\u00e9 aveva diverse radiografie che mostravano che la sua curva di scoliosi era di 53 gradi. Era molto sbilenca. I medici hanno detto che non c&#039;era speranza, che fosse un intervento chirurgico o niente. Sono venuto dal dottor Jacobs per vedere se c&#039;era qualcosa che potessimo fare. <strong>Daisy ha fatto progressi incredibili!<\/strong> Me ne accorgo a malapena quando cammina davanti a me. \u00c8 molto pi\u00f9 etero. Lei cammina in modo completamente diverso. <strong>Sembra 90% meglio di prima che venissimo qui!<\/strong> Il dottor Jacob ha rilasciato la tensione del suo tessuto cicatriziale in modo che la sua spina dorsale non venisse pi\u00f9 tirata. Le sessioni sono indolori e non si lamenta mai del trattamento!<\/span><\/span><\/span><\/div>\n<div style=\"box-sizing: border-box; color: rgb(69, 68, 68); font-family: 'Open Sans', sans-serif; font-size: 14px; line-height: 20px; text-align: right;\"> \t<span style=\"font-family:verdana,geneva,sans-serif;\"><span style=\"color:#696969;\"><span style=\"box-sizing: border-box;\">Celeste<\/span><\/span><\/span><\/div>\n<div style=\"box-sizing: border-box; color: rgb(69, 68, 68); font-family: 'Open Sans', sans-serif; font-size: 14px; line-height: 20px; text-align: right;\">\n<p> \t\t<span style=\"font-family:verdana,geneva,sans-serif;\"><span style=\"color:#696969;\"><span style=\"box-sizing: border-box;\"><strong style=\"box-sizing: border-box;\">La figlia ha la scoliosi<\/strong><\/span><\/span><\/span><\/p>\n<hr \/>\n<p style=\"text-align: left;\"> \t\t<span style=\"font-family:verdana,geneva,sans-serif;\"><span style=\"color:#696969;\">\u201cVolevo solo dire che ottima esperienza ho avuto. Il dottor Jacobs ha usato la tecnica ASTR su di me per aiutarmi con la cuffia dei rotatori, che \u00e8 stato davvero molto doloroso quando sono arrivato qui. Ho anche la scoliosi e ho avuto un dolore costante. Il dolore alla cuffia dei rotatori \u00e8 scomparso subito. Direi che entro i primi due o tre appuntamenti, <strong>Mi sentivo molto meglio e ora ho una completa flessibilit\u00e0, il che \u00e8 fantastico!<\/strong> Il mio dolore da scoliosi sta scomparendo. \u00c8 quasi completamente placato e questo \u00e8 solo entro un mese e mezzo.! Grazie, dottor Jacobs. Apprezzo davvero tutto quello che hai fatto!\u201d<\/span><\/span><\/p>\n<div style=\"box-sizing: border-box;\"> \t\t&nbsp;<\/div>\n<div style=\"box-sizing: border-box;\"> \t\t<span style=\"font-family:verdana,geneva,sans-serif;\"><span style=\"color:#696969;\"><span style=\"box-sizing: border-box;\"><span style=\"box-sizing: border-box;\">Gioia H.<\/span><\/span><\/span><\/span><\/div>\n<div style=\"box-sizing: border-box;\"> \t\t<span style=\"font-family:verdana,geneva,sans-serif;\"><span style=\"color:#696969;\"><span style=\"box-sizing: border-box;\"><strong style=\"box-sizing: border-box;\"><span style=\"box-sizing: border-box;\">Dolore alla spalla\/scoliosi<\/span><\/strong><\/span><\/span><\/span><\/div>\n<div style=\"box-sizing: border-box; font-size: small; line-height: 25.6px; font-family: arial;\"> \t\t<span style=\"font-family:verdana,geneva,sans-serif;\"><span style=\"color:#696969;\"><span style=\"box-sizing: border-box;\"><span style=\"box-sizing: border-box;\"><span style=\"box-sizing: border-box;\"><span style=\"box-sizing: border-box; font-size: 14px;\">(Missione Viejo, CA)<\/span><\/span><\/span><\/span><\/span><\/span> \t\t<\/p>\n<hr \/><\/div>\n<p style=\"text-align: left;\"> \t\t&nbsp;<\/p>\n<div style=\"box-sizing: border-box; text-align: left;\"> \t\t<span style=\"font-family:verdana,geneva,sans-serif;\"><span style=\"color:#696969;\">\u201cSono un sopravvissuto a un ictus. Ho avuto un ictus nel dicembre del 2010 e negli ultimi 4 anni sono entrato e uscito da numerose strutture di terapia\/riabilitazione. Quando sono venuto dal dottor Jacobs, avevo ancora qualche paralisi alla mano e al braccio sinistro. <strong>Attraverso il programma ASTR del Dr. Jacob, \u00e8 stato in grado di rompere il tessuto cicatriziale e far s\u00ec che le mie dita iniziassero a muoversi <\/strong>entro due mesi da quando sono qui\u201d.&nbsp;<\/span><\/span><\/div>\n<div style=\"box-sizing: border-box;\"> \t\t<span style=\"font-family:verdana,geneva,sans-serif;\"><span style=\"color:#696969;\">Chris<\/span><\/span><\/div>\n<div style=\"box-sizing: border-box;\"> \t\t<span style=\"font-family:verdana,geneva,sans-serif;\"><span style=\"color:#696969;\"><strong style=\"box-sizing: border-box;\">Sopravvissuto all&#039;ictus con paralisi della mano<\/strong><\/span><\/span><\/div>\n<hr \/><\/div>","protected":false},"excerpt":{"rendered":"<p>Learn more about Advanced Soft Tissue Release from patients who experienced pain relief through this revolutionary new specialty! You can find testimonials based on the patient&#8217;s presenting issue, but below are a few highlights. &nbsp; &nbsp; &#8220;After my first appointment with Doctor Jacobs,&nbsp;I felt so much better. The techniques he used on me weren&#8217;t &#8220;typical.&#8221; [&hellip;]<\/p>\n","protected":false},"author":2447,"featured_media":0,"parent":73,"menu_order":257,"comment_status":"closed","ping_status":"closed","template":"","meta":{"_analytify_skip_tracking":false,"footnotes":""},"class_list":["post-75","page","type-page","status-publish","hentry"],"_links":{"self":[{"href":"https:\/\/advancedsofttissuerelease.com\/it\/wp-json\/wp\/v2\/pages\/75","targetHints":{"allow":["GET"]}}],"collection":[{"href":"https:\/\/advancedsofttissuerelease.com\/it\/wp-json\/wp\/v2\/pages"}],"about":[{"href":"https:\/\/advancedsofttissuerelease.com\/it\/wp-json\/wp\/v2\/types\/page"}],"author":[{"embeddable":true,"href":"https:\/\/advancedsofttissuerelease.com\/it\/wp-json\/wp\/v2\/users\/2447"}],"replies":[{"embeddable":true,"href":"https:\/\/advancedsofttissuerelease.com\/it\/wp-json\/wp\/v2\/comments?post=75"}],"version-history":[{"count":0,"href":"https:\/\/advancedsofttissuerelease.com\/it\/wp-json\/wp\/v2\/pages\/75\/revisions"}],"up":[{"embeddable":true,"href":"https:\/\/advancedsofttissuerelease.com\/it\/wp-json\/wp\/v2\/pages\/73"}],"wp:attachment":[{"href":"https:\/\/advancedsofttissuerelease.com\/it\/wp-json\/wp\/v2\/media?parent=75"}],"curies":[{"name":"wp","href":"https:\/\/api.w.org\/{rel}","templated":true}]}}