{"id":79,"date":"2015-07-06T07:14:41","date_gmt":"2015-07-06T07:14:41","guid":{"rendered":"https:\/\/advancedsofttissuerelease.com\/privacy-policy\/"},"modified":"2021-01-05T14:26:58","modified_gmt":"2021-01-05T21:26:58","slug":"disclaimer-privacy-policy","status":"publish","type":"page","link":"https:\/\/advancedsofttissuerelease.com\/it\/disclaimer-privacy-policy\/","title":{"rendered":"Politica sulla privacy"},"content":{"rendered":"<p><b>Politica sulla privacy<span class=\"Apple-converted-space\">\u00a0<\/span><\/b><\/p>\n<p>https:\/\/advancedsofttissuerelease.com<b> <\/b>comprende l&#039;importanza della tua privacy personale. Pertanto, abbiamo creato questa Informativa sulla privacy in modo che tu sappia come utilizziamo e divulghiamo le tue informazioni quando ce le metti a disposizione. L&#039;Informativa sulla privacy di seguito illustra le nostre pratiche relative alla raccolta di informazioni e all&#039;utilizzo del sito Web situato a Idaho, USA, il relativo sito Web mobile e l&#039;applicazione mobile (collettivamente, i &quot;Siti Web&quot;) e il servizio ivi fornito (il &quot;Servizio&quot;).<span class=\"Apple-converted-space\">\u00a0<\/span><\/p>\n<p>Utilizzando o accedendo ai Siti Web e al Servizio, accetti di essere vincolato dalla presente Informativa sulla privacy.<span class=\"Apple-converted-space\">\u00a0<\/span><\/p>\n<p>SE NON SI ACCETTA LA PRESENTE INFORMATIVA SULLA PRIVACY, NON \u00c8 POSSIBILE ACCEDERE O ALTRIMENTI UTILIZZARE IL NOSTRO SERVIZIO O PARTECIPARE AI NOSTRI SERVIZI.<span class=\"Apple-converted-space\">\u00a0<\/span><\/p>\n<p>Gli aspetti chiave delle nostre pratiche sulla privacy descritte nella presente Informativa sulla privacy includono le seguenti spiegazioni:<span class=\"Apple-converted-space\">\u00a0<\/span><\/p>\n<ul>\n<li>Le informazioni che raccogliamo e perch\u00e9 le raccogliamo;<span class=\"Apple-converted-space\">\u00a0<\/span><\/li>\n<li>Come utilizziamo tali informazioni;<span class=\"Apple-converted-space\">\u00a0<\/span><\/li>\n<li>Come condividiamo le informazioni; e<span class=\"Apple-converted-space\">\u00a0<\/span><\/li>\n<li>Le scelte che offriamo.<br \/>\n<b>Informazioni di identificazione personale che raccogliamo: <\/b><br \/>\nPotremmo chiederti o inviare volontariamente informazioni di identificazione personale quando utilizzi il Servizio. Le informazioni di identificazione personale che potresti fornirci potrebbero includere, ma non sono limitate a:<span class=\"Apple-converted-space\">\u00a0<\/span><\/li>\n<li>\u00a0Il tuo nome<span class=\"Apple-converted-space\">\u00a0<\/span><\/li>\n<li>\u00a0Le tue informazioni di contatto (inclusi, a titolo esemplificativo, indirizzo e indirizzo e-mail);<span class=\"Apple-converted-space\">\u00a0<\/span><\/li>\n<li>\u00a0Il tuo indirizzo IP; e<span class=\"Apple-converted-space\">\u00a0<\/span><\/li>\n<li>Altre informazioni personali.<br \/>\n<b>Informazioni non personali o aggregate che raccogliamo: <\/b><br \/>\nQuando accedi al nostro Servizio, potremmo raccogliere automaticamente da te informazioni non di identificazione personale, come l&#039;indirizzo IP dell&#039;host, le pagine Web visualizzate, il tipo di browser, il sistema operativo, il servizio di riferimento, le informazioni di ricerca, il tipo di dispositivo, le visualizzazioni di pagina, le abitudini di utilizzo e di navigazione sul Servizio e dati simili. Possiamo anche aggregare le informazioni demografiche raccolte dai nostri utenti (come il numero di utenti in una particolare posizione geografica) in un modo che non identifica un individuo. Possiamo anche aggregare le informazioni raccolte offline in connessione con il Servizio, ottenere informazioni non di identificazione personale da fonti di terze parti e sviluppare informazioni aggregate rendendo anonime le informazioni di identificazione personale precedentemente raccolte.<\/li>\n<\/ul>\n<p>A volte, quando si raccolgono informazioni non di identificazione personale tramite mezzi automatici, \u00e8 possibile che raccogliamo o riceviamo involontariamente informazioni di identificazione personale che si mescolano con le informazioni non di identificazione personale. Sebbene faremo ogni ragionevole sforzo per prevenire tale raccolta di dati accidentali, la possibilit\u00e0 esiste ancora. Se ritieni che abbiamo inavvertitamente raccolto le tue informazioni personali, ti preghiamo di avvisarci all&#039;indirizzo support@astrinstitute.com.<span class=\"Apple-converted-space\">\u00a0<\/span><\/p>\n<p><b>Utilizzo delle informazioni:<span class=\"Apple-converted-space\">\u00a0<\/span><\/b><\/p>\n<p>Utilizzeremo le tue informazioni di identificazione personale solo come descritto di seguito, a meno che tu non abbia espressamente acconsentito a un altro tipo di utilizzo, nel momento in cui le informazioni di identificazione personale vengono raccolte da te o tramite qualche altra forma di consenso da parte tua o notifica a te:<span class=\"Apple-converted-space\">\u00a0<\/span><\/p>\n<p>\u00b7Potremmo condividere le tue informazioni di identificazione personale raccolte in relazione alla fornitura del Servizio.<br \/>\n\u00b7Possiamo utilizzare le tue informazioni di identificazione personale per rispondere alle tue domande o richieste. \u00b7Potremmo utilizzare le tue informazioni di identificazione personale per inviarti e-mail di volta in volta sui nostri servizi, ma non forniremo le tue informazioni di identificazione personale a terzi affinch\u00e9 possano contattarti direttamente se non diversamente consentito dalla presente Informativa sulla privacy o fornisci il tuo consenso .<span class=\"Apple-converted-space\">\u00a0<\/span><\/p>\n<p>\u00b7Potremmo condividere le tue informazioni di identificazione personale con terze parti (collettivamente, i &quot;fornitori di terze parti&quot;) per promuovere lo scopo per il quale ci hai fornito tali informazioni. Ad esempio, potremmo condividere le tue informazioni con Elastic Email, allo scopo di inviare e-mail. <b>Ti invitiamo a leggere le pratiche sulla privacy di tutti i nostri fornitori di terze parti prima di inviare qualsiasi informazione di identificazione personale tramite il Servizio.<span class=\"Apple-converted-space\">\u00a0<\/span><\/b><\/p>\n<p>\u00b7Potremmo divulgare informazioni di identificazione personale come richiesto dalla legge o da procedimenti legali.<br \/>\n\u00b7Potremmo divulgare informazioni di identificazione personale per indagare su sospette frodi, molestie o altre violazioni di qualsiasi legge, norma o regolamento, o i termini o le politiche per i nostri servizi o i nostri sponsor.<br \/>\n\u00b7Potremmo trasferire le tue informazioni di identificazione personale in relazione alla vendita o fusione o cambio di controllo di https:\/\/advancedsofttissuerelease.com o della divisione responsabile dei servizi a cui sono associate le tue informazioni di identificazione personale.<br \/>\n\u00b7Potremmo condividere le tue informazioni di identificazione personale con un affiliato di https:\/\/advancedsofttissuerelease.com che appartiene alla nostra stessa famiglia aziendale purch\u00e9 le loro pratiche sulla privacy siano sostanzialmente simili alle nostre.<span class=\"Apple-converted-space\">\u00a0<\/span><\/p>\n<p>Le informazioni non personali o aggregate possono essere utilizzate da noi per qualsiasi scopo consentito dalla legge e possono essere condivise con un numero qualsiasi di parti, a condizione che tali informazioni non ti identifichino in modo specifico.<span class=\"Apple-converted-space\">\u00a0<\/span><\/p>\n<p><b>Cookie e tecnologie simili:<span class=\"Apple-converted-space\">\u00a0<\/span><\/b><\/p>\n<p>I &quot;cookie&quot; sono informazioni che possono essere inserite sul tuo computer da un servizio allo scopo di facilitare e migliorare la tua comunicazione e interazione con quel servizio. Molti servizi utilizzano i cookie per questi scopi. Possiamo utilizzare i cookie (ed elementi simili come gif trasparenti, web beacon, tag, ecc.) sul nostro Servizio per personalizzare la tua visita e per altri scopi per rendere la tua visita pi\u00f9 conveniente o per consentirci di migliorare il nostro Servizio. Potremmo anche utilizzare e inserire cookie (e elementi simili) sul tuo computer dai nostri fornitori di servizi di terze parti in relazione al Servizio, come un fornitore di analisi che ci aiuta a gestire e analizzare l&#039;utilizzo del Servizio, come descritto pi\u00f9 completamente di seguito. Inoltre, i nostri inserzionisti e partner commerciali possono impostare cookie ed elementi simili sul tuo computer quando utilizzi il nostro Servizio. Puoi interrompere o limitare il posizionamento dei cookie sul tuo computer o cancellarli dal tuo browser modificando le preferenze del tuo browser web, nel qual caso puoi comunque utilizzare il nostro Servizio, ma potrebbe interferire con alcune delle sue funzionalit\u00e0. I cookie e elementi simili non vengono utilizzati da noi per recuperare automaticamente informazioni di identificazione personale dal tuo computer a tua insaputa.<span class=\"Apple-converted-space\">\u00a0<\/span><\/p>\n<p>Se elimini i cookie, modifichi il browser o utilizzi un cookie diverso, il nostro cookie (o un cookie di opt-out) potrebbe non funzionare pi\u00f9 e dovrai reinserirlo (o disattivare nuovamente).<span class=\"Apple-converted-space\">\u00a0<\/span><\/p>\n<p><b>Analisi e monitoraggio delle conversioni:<span class=\"Apple-converted-space\">\u00a0<\/span><\/b><\/p>\n<p>Possiamo utilizzare servizi di analisi che utilizzano cookie, javascript e tecnologie simili per aiutarci ad analizzare come gli utenti utilizzano il Servizio. Le informazioni generate da questi servizi sull&#039;utilizzo del Servizio (incluso il tuo indirizzo IP o una versione troncata del tuo indirizzo IP) vengono trasmesse e archiviate dai fornitori di servizi di analisi sui loro server. Tali fornitori di servizi utilizzeranno queste informazioni allo scopo di valutare l&#039;utilizzo del Servizio da parte dell&#039;utente e di altri utenti, compilare report per noi sull&#039;attivit\u00e0 del sito Web e fornire altri servizi relativi all&#039;attivit\u00e0 del sito Web e all&#039;utilizzo di Internet.<span class=\"Apple-converted-space\">\u00a0<\/span><\/p>\n<p>Potremmo raccogliere informazioni sul tuo computer, incluso il tuo indirizzo IP, sistema operativo e tipo di browser, per l&#039;amministrazione del sistema e per creare rapporti. Si tratta di dati statistici sulle azioni e sui modelli di navigazione dei nostri utenti e non identificano alcun individuo.<span class=\"Apple-converted-space\">\u00a0<\/span><\/p>\n<p>Ad esempio, utilizziamo i cookie sul nostro sito per Google Analytics (il &quot;Servizio di analisi&quot;). Il servizio di analisi \u00e8 uno strumento di analisi basato sul Web che aiuta i proprietari di siti Web a capire come i visitatori interagiscono con il loro sito Web. I clienti del servizio di analisi possono visualizzare una serie di rapporti su come i visitatori interagiscono con il loro sito Web in modo da poterlo migliorare.<span class=\"Apple-converted-space\">\u00a0<\/span><\/p>\n<p>Come molti servizi, il Servizio Analytics utilizza cookie proprietari per tracciare le interazioni dei visitatori come nel nostro caso, dove vengono utilizzati per raccogliere informazioni su come i visitatori utilizzano il nostro sito. Utilizziamo quindi le informazioni per compilare report e per aiutarci a migliorare il nostro sito.<span class=\"Apple-converted-space\">\u00a0<\/span><\/p>\n<p>I cookie contengono informazioni che vengono trasferite sul disco rigido del tuo computer. Questi cookie vengono utilizzati per memorizzare informazioni, come l&#039;ora in cui si \u00e8 verificata la visita in corso, se il visitatore \u00e8 gi\u00e0 stato sul sito e quale sito ha indirizzato il visitatore alla pagina web.<span class=\"Apple-converted-space\">\u00a0<\/span><\/p>\n<p>Il servizio di analisi raccoglie informazioni in forma anonima. Riportano le tendenze del sito Web senza identificare i singoli visitatori. Puoi disattivare il servizio di analisi senza influire sul modo in cui visiti il nostro sito. Per ulteriori informazioni sulla disattivazione del monitoraggio da parte di Google Analytics su tutti i siti Web utilizzati, visitare https:\/\/tools.google.com\/dlpage\/gaoptout.<span class=\"Apple-converted-space\">\u00a0<\/span><\/p>\n<p>Potremmo anche utilizzare il monitoraggio delle conversioni di Google e\/o servizi simili per aiutarci a comprendere l&#039;utilizzo del Servizio da parte tua e di altri utenti.<span class=\"Apple-converted-space\">\u00a0<\/span><\/p>\n<p><b>Informazioni raccolte automaticamente<\/b>:<span class=\"Apple-converted-space\">\u00a0<\/span><\/p>\n<p>Quando accedi al Servizio o apri una delle nostre e-mail HTML, potremmo registrare automaticamente determinate informazioni dal tuo sistema utilizzando cookie e altri tipi di tecnologie di tracciamento. Queste informazioni &quot;raccolte automaticamente&quot; possono includere l&#039;indirizzo del protocollo Internet (&quot;Indirizzo IP&quot;), un ID utente univoco, il tipo di dispositivo, gli identificatori del dispositivo, i tipi di browser e la lingua, le pagine di riferimento e di uscita, il tipo di piattaforma, la versione del software installato, il tipo di sistema, il contenuto e le pagine a cui accedi sul Servizio, il numero di clic, la quantit\u00e0 di tempo trascorso sulle pagine, le date e gli orari in cui visiti il Servizio e altre informazioni simili. A seconda della legge del tuo paese di residenza, il tuo indirizzo IP pu\u00f2 essere legalmente considerato un&#039;informazione di identificazione personale.<span class=\"Apple-converted-space\">\u00a0<\/span><\/p>\n<p><b>Sicurezza:<span class=\"Apple-converted-space\">\u00a0<\/span><\/b><\/p>\n<p>La sicurezza delle tue informazioni di identificazione personale \u00e8 molto importante per noi. Quando raccogliamo le tue informazioni di identificazione personale online, facciamo ogni ragionevole sforzo per proteggerle da accessi non autorizzati. Tuttavia, a causa della natura intrinseca dell&#039;apertura di Internet, non possiamo garantire che le tue informazioni di identificazione personale siano completamente prive di accesso non autorizzato da parte di terzi come hacker e l&#039;utilizzo del nostro Servizio dimostra la tua assunzione di questo rischio. Abbiamo messo in atto procedure fisiche, elettroniche e gestionali ragionevoli per salvaguardare le informazioni che raccogliamo. Solo quei dipendenti che hanno bisogno di accedere alle tue informazioni per svolgere i loro compiti sono autorizzati ad avere accesso alle tue informazioni di identificazione personale. Per ulteriori informazioni sulla protezione della privacy, visitare www.ftc.gov\/privacy.<span class=\"Apple-converted-space\">\u00a0<\/span><\/p>\n<p><b>Le tue rivelazioni nei blog e in altri social media:<span class=\"Apple-converted-space\">\u00a0<\/span><\/b><\/p>\n<p>Dovresti essere consapevole che le informazioni di identificazione personale che includi e trasmetti volontariamente online sul Servizio o in un blog, chat room, piattaforma di social media pubblicamente accessibili o in altro modo online, o che condividi in un forum aperto come un panel di persona o sondaggio, possono essere visualizzati e utilizzati da altri senza alcuna restrizione. Non siamo in grado di controllare tali usi delle tue informazioni di identificazione personale e utilizzando il Servizio o qualsiasi altro servizio online ti assumi il rischio che le informazioni di identificazione personale da te fornite possano essere visualizzate e utilizzate da terzi per qualsiasi numero di scopi.<span class=\"Apple-converted-space\">\u00a0<\/span><\/p>\n<p>Se accedi ai Siti Web e\/o al Servizio tramite il tuo account Facebook, ti connetti a un servizio di terze parti come Facebook o Twitter tramite un&#039;icona o un collegamento sul Servizio o collega in altro modo il tuo account https:\/\/advancedsofttissuerelease.com a una terza parte servizio, potremmo condividere il contenuto del tuo post e le informazioni associate (come il tuo nome utente, il fatto che la tua connessione abbia avuto origine dal Servizio e altre informazioni utili e diagnostiche pertinenti) con tali terze parti. Con il tuo consenso una tantum, potremmo anche inviare informazioni sui contenuti che guardi e le tue attivit\u00e0 sul Servizio a tali terze parti. Una volta che tali informazioni sono state condivise, l&#039;uso delle tue informazioni sar\u00e0 soggetto all&#039;informativa sulla privacy di quel servizio e la presente Informativa sulla privacy non si applicher\u00e0.<span class=\"Apple-converted-space\">\u00a0<\/span><\/p>\n<p><b>Protezione per i bambini:<span class=\"Apple-converted-space\">\u00a0<\/span><\/b><\/p>\n<p>In genere non raccogliamo informazioni di identificazione personale da bambini di et\u00e0 inferiore a 13 anni. Se in futuro prevediamo di raccogliere informazioni di identificazione personale da bambini di et\u00e0 inferiore a 13 anni, tale raccolta e utilizzo, nella misura applicabile, dovr\u00e0, quando richiesto, essere fatto in conformit\u00e0 con il Children&#039;s Online Privacy Protection Act (&quot;COPPA&quot;) e il consenso appropriato del genitore o tutore del bambino sar\u00e0 richiesto ove richiesto dal COPPA. Quando veniamo a conoscenza che le informazioni di identificazione personale di un bambino di et\u00e0 inferiore ai 13 anni sono state raccolte senza il consenso del genitore o tutore di tale bambino, faremo tutto il possibile per eliminare tali informazioni dal nostro database.<span class=\"Apple-converted-space\">\u00a0<\/span><\/p>\n<p><b>Altri servizi:<span class=\"Apple-converted-space\">\u00a0<\/span><\/b><\/p>\n<p>Per comodit\u00e0 dell&#039;utente, possiamo fornire collegamenti a Servizi di terze parti all&#039;interno del nostro Servizio. Non siamo responsabili per le pratiche sulla privacy o il contenuto di questi siti di terze parti. Quando ti colleghi lontano dal nostro Servizio, lo fai a tuo rischio.<span class=\"Apple-converted-space\">\u00a0<\/span><\/p>\n<p><b>Modifiche alla presente Informativa sulla privacy:<span class=\"Apple-converted-space\">\u00a0<\/span><\/b><\/p>\n<p>Ci riserviamo il diritto, a nostra discrezione, di cambiare, modificare, aggiungere o rimuovere parti della presente Informativa sulla privacy in qualsiasi momento. Tuttavia, se in qualsiasi momento in futuro prevediamo di utilizzare le informazioni di identificazione personale in un modo sostanzialmente diverso dalla presente Informativa sulla privacy, inclusa la condivisione di tali informazioni con pi\u00f9 terze parti, pubblicheremo tali modifiche qui e ti forniremo l&#039;opportunit\u00e0 di optare per da tali usi diversi. L&#039;uso continuato del Servizio e dei nostri servizi in seguito alla pubblicazione di eventuali modifiche alla presente Informativa sulla privacy implica l&#039;accettazione di tali modifiche.<span class=\"Apple-converted-space\">\u00a0<\/span><\/p>\n<p><b>Processo di rinuncia:<span class=\"Apple-converted-space\">\u00a0<\/span><\/b><\/p>\n<p>Tutte le richieste di annullamento dell&#039;iscrizione o di rinuncia possono essere effettuate facendo clic sul collegamento &quot;annulla iscrizione&quot; in fondo all&#039;e-mail pertinente. Elaboreremo la tua richiesta entro un tempo ragionevole dal ricevimento. Tuttavia, non siamo responsabili e in alcuni casi non siamo in grado di rimuovere le tue informazioni di identificazione personale dagli elenchi di terze parti a cui sono state precedentemente fornite le tue informazioni in conformit\u00e0 con questa Informativa sulla privacy o il tuo consenso. \u00c8 necessario contattare direttamente tali terze parti. Se desideri aggiornare o correggere qualsiasi informazione di identificazione personale che ci hai fornito, inviaci un&#039;e-mail all&#039;indirizzo https:\/\/advancedsofttissuerelease.com e una volta che avremo confermato le tue informazioni, aggiorneremo tali informazioni entro un ragionevole lasso di tempo.<span class=\"Apple-converted-space\">\u00a0<\/span><\/p>\n<p><b>Comunicazioni con <\/b>https:\/\/advancedsofttissuerelease.com<b>:<span class=\"Apple-converted-space\">\u00a0<\/span><\/b><\/p>\n<p>Fornendoci le tue informazioni di contatto (inclusi, a titolo esemplificativo, il tuo indirizzo e-mail, indirizzo fisico e numero di telefono) (collettivamente i &quot;Canali&quot;), acconsenti espressamente a ricevere comunicazioni da noi. Potremmo utilizzare i Canali per comunicare con te, per inviare informazioni che hai richiesto o per inviare informazioni su altri prodotti o servizi sviluppati o forniti da noi o dai nostri partner commerciali, a condizione che non forniremo le tue informazioni di contatto a terzi per promuovere i loro prodotti o servizi direttamente a te senza il tuo consenso o come stabilito nella presente Informativa sulla privacy.<span class=\"Apple-converted-space\">\u00a0<\/span><\/p>\n<p>Utilizzando il Servizio, acconsenti espressamente a ricevere da noi comunicazioni interne al prodotto (incluse, a titolo esemplificativo, le notifiche push sull&#039;App).<span class=\"Apple-converted-space\">\u00a0<\/span><\/p>\n<p>Fornendoci il tuo numero di telefono, acconsenti espressamente a ricevere telefonate e\/o SMS da parte nostra. Non forniremo il tuo numero di telefono a terzi per promuovere i loro prodotti o servizi direttamente a te senza il tuo consenso o come stabilito nella presente Informativa sulla privacy.<span class=\"Apple-converted-space\">\u00a0<\/span><\/p>\n<p>Eventuali telefonate e\/o messaggi di testo inviati al telefono o al dispositivo potrebbero comportare costi aggiuntivi per dati, messaggi di testo o altri da parte del gestore wireless. POSSONO APPLICARE TARIFFE MESSAGGI E DATI. L&#039;utente \u00e8 l&#039;unico responsabile per eventuali addebiti del vettore sostenuti a seguito di comunicazioni telefoniche e\/o di testo da https:\/\/advancedsofttissuerelease.com.<span class=\"Apple-converted-space\">\u00a0<\/span><\/p>\n<p>Qualsiasi comunicazione o materiale che ci trasmetti via e-mail o in altro modo, inclusi dati, domande, commenti, suggerimenti o simili \u00e8 e sar\u00e0 trattato come non confidenziale e non di propriet\u00e0. Ad eccezione della misura espressamente coperta dalla presente Informativa sulla privacy, qualsiasi cosa trasmetti o pubblichi pu\u00f2 essere utilizzata da noi per qualsiasi scopo, inclusi, a titolo esemplificativo, riproduzione, divulgazione, trasmissione, pubblicazione, trasmissione e pubblicazione. Inoltre, accetti espressamente che siamo liberi di utilizzare qualsiasi idea, concetto, know-how o tecnica contenuta in qualsiasi comunicazione che ci invii, nonch\u00e9 qualsiasi dato sviluppato utilizzando il contenuto di tale comunicazione, senza compenso e per qualsiasi scopo qualsiasi cosa, incluso, a titolo esemplificativo, lo sviluppo, la produzione e la commercializzazione di prodotti e servizi utilizzando tali informazioni.<span class=\"Apple-converted-space\">\u00a0<\/span><\/p>\n<p><b>Nessun diritto di terzi:<span class=\"Apple-converted-space\">\u00a0<\/span><\/b><\/p>\n<p>La presente Privacy Policy non crea diritti opponibili a terzi, n\u00e9 richiede la divulgazione di alcuna informazione personale relativa agli utenti del Servizio.<span class=\"Apple-converted-space\">\u00a0<\/span><\/p>\n<p><b>Condizioni d&#039;uso del sito:<span class=\"Apple-converted-space\">\u00a0<\/span><\/b><\/p>\n<p>L&#039;uso di questo Servizio \u00e8 regolato e soggetto alle Condizioni d&#039;uso che si trovano all&#039;indirizzo<span class=\"Apple-converted-space\">\u00a0 <\/span>https:\/\/advancedsofttissuerelease.com\/terms-of-service-agreement\/ (i \u201cTermini\u201d). La presente Informativa sulla privacy \u00e8 incorporata nei Termini. L&#039;utilizzo o l&#039;accesso al Servizio costituisce l&#039;accettazione da parte dell&#039;utente di essere vincolato da tali disposizioni. SE NON SI ACCETTANO I TERMINI E LA PRESENTE INFORMATIVA SULLA PRIVACY NON \u00c8 POSSIBILE ACCEDERE O ALTRIMENTI UTILIZZARE IL SERVIZIO.<span class=\"Apple-converted-space\">\u00a0<\/span><\/p>\n<p><b>Server:<span class=\"Apple-converted-space\">\u00a0<\/span><\/b><\/p>\n<p>I nostri server sono mantenuti negli Stati Uniti. Utilizzando il Servizio, ci dai il tuo consenso liberamente e in modo specifico per esportare le tue informazioni di identificazione personale negli Stati Uniti e per archiviarle e utilizzarle negli Stati Uniti come specificato nella presente Informativa sulla privacy. L&#039;utente comprende che i dati archiviati negli Stati Uniti possono essere soggetti a richieste legittime da parte dei tribunali o delle forze dell&#039;ordine negli Stati Uniti.<span class=\"Apple-converted-space\">\u00a0<\/span><\/p>\n<p><b>Legge governativa:<span class=\"Apple-converted-space\">\u00a0<\/span><\/b><\/p>\n<p>La presente Informativa sulla privacy e i nostri obblighi legali qui di seguito sono soggetti alle leggi dello Stato dell&#039;Idaho, indipendentemente dalla tua posizione. Con la presente acconsenti alla giurisdizione esclusiva e alla sede dei tribunali situati nello Stato dell&#039;Idaho, Contea di ADA, in tutte le controversie derivanti da o relative ai Servizi.<span class=\"Apple-converted-space\">\u00a0<\/span><\/p>\n<p><b>Contatto:<span class=\"Apple-converted-space\">\u00a0<\/span><\/b><\/p>\n<p>Per domande o dubbi relativi alla privacy, possiamo essere contattati a<span class=\"Apple-converted-space\">\u00a0<\/span><\/p>\n<p><b>Istituto ASTR<\/b><\/p>\n<p>1577 N Linder Rd MB # 199<\/p>\n<p>Kuna, ID 83634<\/p>\n<p>E-mail: support@atrinstitute.com<span class=\"Apple-converted-space\">\u00a0<\/span><\/p>\n<p>Tel: 888-210-2787<\/p>\n<p><b>Data effettiva:<span class=\"Apple-converted-space\">\u00a0<\/span><\/b><\/p>\n<p>La presente Informativa sulla privacy \u00e8 stata aggiornata l&#039;ultima volta nel 2020.<span class=\"Apple-converted-space\">\u00a0<\/span><\/p>","protected":false},"excerpt":{"rendered":"<p>Privacy Policy\u00a0 https:\/\/advancedsofttissuerelease.com understands the importance of your personal privacy. Therefore, we have created this Privacy Policy so that you know how we use and disclose your information when you make it available to us. The Privacy Policy below discloses our practices regarding information collection and usage website located at Idaho, USA, the related mobile [&hellip;]<\/p>\n","protected":false},"author":2447,"featured_media":0,"parent":0,"menu_order":16,"comment_status":"closed","ping_status":"closed","template":"","meta":{"_analytify_skip_tracking":false,"footnotes":""},"class_list":["post-79","page","type-page","status-publish","hentry"],"_links":{"self":[{"href":"https:\/\/advancedsofttissuerelease.com\/it\/wp-json\/wp\/v2\/pages\/79","targetHints":{"allow":["GET"]}}],"collection":[{"href":"https:\/\/advancedsofttissuerelease.com\/it\/wp-json\/wp\/v2\/pages"}],"about":[{"href":"https:\/\/advancedsofttissuerelease.com\/it\/wp-json\/wp\/v2\/types\/page"}],"author":[{"embeddable":true,"href":"https:\/\/advancedsofttissuerelease.com\/it\/wp-json\/wp\/v2\/users\/2447"}],"replies":[{"embeddable":true,"href":"https:\/\/advancedsofttissuerelease.com\/it\/wp-json\/wp\/v2\/comments?post=79"}],"version-history":[{"count":0,"href":"https:\/\/advancedsofttissuerelease.com\/it\/wp-json\/wp\/v2\/pages\/79\/revisions"}],"wp:attachment":[{"href":"https:\/\/advancedsofttissuerelease.com\/it\/wp-json\/wp\/v2\/media?parent=79"}],"curies":[{"name":"wp","href":"https:\/\/api.w.org\/{rel}","templated":true}]}}