{"id":10119,"date":"2020-03-07T19:02:33","date_gmt":"2020-03-08T03:02:33","guid":{"rendered":"https:\/\/advancedsofttissuerelease.com\/?post_type=product&#038;p=10119"},"modified":"2025-09-23T20:11:35","modified_gmt":"2025-09-24T00:11:35","slug":"pressione-sanguigna-colesterolo","status":"publish","type":"product","link":"https:\/\/advancedsofttissuerelease.com\/it\/product\/blood-pressure-cholesterol\/","title":{"rendered":"Kit per la pressione sanguigna e il colesterolo"},"content":{"rendered":"<h1><span style=\"font-size: 12pt; color: #333333;\"><strong>Kit integratore per pressione sanguigna e colesterolo<\/strong><\/span><\/h1>\n<p><span style=\"color: #333333;\">In questo programma passo passo, il Dr. Jacobs ti mostrer\u00e0 come ridurre in modo rapido ed efficace la pressione sanguigna e il livello di colesterolo implementando la dieta antinfiammatoria di ASTR con il nostro kit di integratori per la pressione sanguigna e il colesterolo. Se stai riscontrando ipertensione o livello di colesterolo a breve termine o cronico, questo kit inizier\u00e0 il tuo viaggio per ridurre la pressione sanguigna e il livello di colesterolo in modo naturale ed efficace!<\/span><\/p>\n<p><span style=\"color: #333333;\"><strong>Include il kit di integratori per la pressione sanguigna e il colesterolo<\/strong><\/span><\/p>\n<ol>\n<li><span style=\"color: #333333;\">B Attivo<\/span><\/li>\n<li><span style=\"color: #333333;\">Magnesio attivo<\/span><\/li>\n<li><span style=\"color: #333333;\">K2 e D3 completi<\/span><\/li>\n<li><span style=\"color: #333333;\">CoQ 10 attivo<\/span><\/li>\n<li>Omega attivo<\/li>\n<li><span style=\"color: #333333;\">niacina<\/span><\/li>\n<li><span style=\"color: #333333;\">ASTR diet, including recipes<\/span><\/li>\n<\/ol>\n<p><span style=\"color: #0000ff;\"><a style=\"color: #0000ff;\" href=\"https:\/\/advancedsofttissuerelease.com\/it\/prodotto\/b-attivo-2\/\"><strong>B Attivo &gt;<\/strong><\/a><\/span><\/p>\n<ul>\n<li><span style=\"color: #333333;\">Supporta il metabolismo dei carboidrati<\/span><\/li>\n<li><span style=\"color: #333333;\">Supporta il funzionamento del sistema nervoso<\/span><\/li>\n<li><span style=\"color: #333333;\">Supporta il funzionamento del sistema surrenale<\/span><\/li>\n<li><span style=\"color: #333333;\">Supporta il funzionamento del sistema immunitario<\/span><\/li>\n<li><span style=\"color: #333333;\">Supporta la salute cardiovascolare<\/span><\/li>\n<li><span style=\"color: #333333;\">Protegge dalle carenze alimentari<\/span><\/li>\n<li><span style=\"color: #333333;\">Protegge dall&#039;esaurimento dei nutrienti indotto dallo stress<\/span><\/li>\n<li><span style=\"color: #333333;\">Supporta una sana funzione mentale e umore<\/span><\/li>\n<\/ul>\n<p><span style=\"color: #333333;\">L&#039;integratore attivo ASTR B aiuta a supportare il metabolismo dei carboidrati, il funzionamento del sistema nervoso\/surrenale\/immunitario, la salute cardiovascolare e il funzionamento mentale e l&#039;umore sani. B Active contiene l&#039;intero spettro delle vitamine del gruppo B; forme attivate di B2, B6 e B12; e folato.*<\/span><\/p>\n<p><span style=\"color: #0000ff;\"><a style=\"color: #0000ff;\" href=\"https:\/\/advancedsofttissuerelease.com\/it\/prodotto\/magnesio-attivo-2\/\"><strong><span style=\"font-size: 12pt;\">Magnesio Attivo &gt;<\/span><\/strong><\/a><\/span><\/p>\n<ul>\n<li><span style=\"color: #333333;\">Fornisce 3 forme di magnesio altamente assorbito<\/span><\/li>\n<li><span style=\"color: #333333;\">Magnesio ad alta concentrazione per il supporto cardiovascolare<\/span><\/li>\n<li><span style=\"color: #333333;\">Il magnesio svolge un ruolo fondamentale in centinaia di attivit\u00e0 metaboliche<\/span><\/li>\n<li><span style=\"color: #333333;\">Aiuta a mantenere una pressione sanguigna sana<\/span><\/li>\n<li><span style=\"color: #333333;\">Aiuta a mantenere sani livelli di glucosio<\/span><\/li>\n<li><span style=\"color: #333333;\">Promuove la produzione di energia<\/span><\/li>\n<li><span style=\"color: #333333;\">Favorisce il rilassamento muscolare<\/span><\/li>\n<li><span style=\"color: #333333;\">Supporta la funzione muscolare<\/span><\/li>\n<li><span style=\"color: #333333;\">Supporta la funzione nervosa<\/span><\/li>\n<\/ul>\n<p><span style=\"color: #0000ff;\"><a style=\"color: #0000ff;\" href=\"https:\/\/advancedsofttissuerelease.com\/it\/prodotto\/omega-attivo-2\/\"><strong><span style=\"font-size: 12pt;\">Omega Attivo &gt;<\/span><\/strong><\/a><\/span><\/p>\n<ul>\n<li>Supporta la salute cardiovascolare<\/li>\n<li>Supporta il metabolismo della glicemia<\/li>\n<li>Supporta la funzione cognitiva<\/li>\n<li>Supporta lo sviluppo cognitivo<\/li>\n<li>Supporta una pelle sana<\/li>\n<li>Supporta articolazioni sane<\/li>\n<li>Supporta tessuti connettivi sani<\/li>\n<li>Aumenta la salute visiva e oculare<\/li>\n<li>Mantiene il normale equilibrio infiammatorio<\/li>\n<\/ul>\n<p><span style=\"color: #0000ff;\"><a style=\"color: #0000ff;\" href=\"https:\/\/advancedsofttissuerelease.com\/it\/prodotto\/a-rilascio-sostenuto-da-niacina-2\/\"><strong>Niacin Active &gt;<\/strong><\/a><\/span><\/p>\n<ul>\n<li><span style=\"color: #333333;\">Supporta i lipidi nel sangue sani<\/span><\/li>\n<li><span style=\"color: #333333;\">Supporta la salute del colesterolo lipoproteico ad alta densit\u00e0 (HDL)<\/span><\/li>\n<li><span style=\"color: #333333;\">Formula di rilascio a tempo che si completa in sette-otto ore<\/span><\/li>\n<li><span style=\"color: #333333;\">Supporta il normale spessore intima-media carotideo (CIMT)<\/span><\/li>\n<li><span style=\"color: #333333;\">Ha un effetto arrossante inferiore rispetto alla niacina a rilascio istantaneo<\/span><\/li>\n<\/ul>\n<p><span style=\"color: #0000ff;\"><a style=\"color: #0000ff;\" href=\"https:\/\/advancedsofttissuerelease.com\/it\/prodotto\/k2-d3-completo-2\/\"><strong>K2 e D3 completi &gt;<\/strong><\/a><\/span><\/p>\n<ul>\n<li><span style=\"color: #333333;\">Supporta una sana circolazione sanguigna<\/span><\/li>\n<li><span style=\"color: #333333;\">Promuove la salute ottimale delle ossa<\/span><\/li>\n<li><span style=\"color: #333333;\">Favorisce la corretta conservazione del calcio<\/span><\/li>\n<li><span style=\"color: #333333;\">Mantiene una sana funzione cardiometabolica<\/span><\/li>\n<li><span style=\"color: #333333;\">Supporta l&#039;elasticit\u00e0 arteriosa<\/span><\/li>\n<li><span style=\"color: #333333;\">Stimola la funzione immunitaria<\/span><\/li>\n<li><span style=\"color: #333333;\">Supporta un sano equilibrio di calcio<\/span><\/li>\n<li><span style=\"color: #333333;\">Supporta l&#039;equilibrio della glicemia<\/span><\/li>\n<\/ul>\n<div class=\"page\" title=\"Pagina 1\">\n<div class=\"section\">\n<div class=\"layoutArea\">\n<div class=\"column\">\n<p><span style=\"color: #333333;\">La ricerca attuale ha rilevato che l&#039;integrazione ad alta concentrazione di K2, a 180 mcg\/die, si traduce in risultati clinici migliori rispetto all&#039;integrazione a dose inferiore*. K2 &amp; D3 complete fornisce 180 mcg di MenaQ7\u00ae PRO, la forma di vitamina K2 pi\u00f9 studiata come MK-7, insieme a 5.000 UI di vitamina D3 per un supporto ottimale delle ossa e della salute cardiovascolare.<\/span><\/p>\n<p><span style=\"color: #0000ff;\"><a style=\"color: #0000ff;\" href=\"https:\/\/advancedsofttissuerelease.com\/it\/prodotto\/coq-10-attivo\/\"><strong>CoQ 10 Attivo &gt;<\/strong><\/a><\/span><\/p>\n<ul>\n<li><span style=\"color: #333333;\">Supporta la generazione naturale di energia<\/span><\/li>\n<li><span style=\"color: #333333;\">Supporta il funzionamento mitocondriale<\/span><\/li>\n<li><span style=\"color: #333333;\">Supporta la salute del plasma e dei tessuti<\/span><\/li>\n<li><span style=\"color: #333333;\">Supporta la salute e il funzionamento del sistema cardiovascolare<\/span><\/li>\n<li><span style=\"color: #333333;\">Supporta la salute neuromuscolare<\/span><\/li>\n<li><span style=\"color: #333333;\">Supporta il funzionamento del sistema nervoso centrale<\/span><\/li>\n<\/ul>\n<p><span style=\"color: #333333;\">L&#039;integratore ASTR CoQ 10 supporta la generazione naturale di energia e la salute mitocondriale, il funzionamento sano del sistema cardiovascolare e la salute del sistema nervoso centrale e neuromuscolare. \u00c8 stato clinicamente dimostrato che ASTR CoQ 10 \u00e8 pi\u00f9 assorbibile per un utilizzo ottimale a sostegno delle esigenze di salute cardiovascolare e basate sull&#039;energia.*<\/span><\/p>\n<\/div>\n<\/div>\n<\/div>\n<\/div>\n<p style=\"text-align: center;\"><span style=\"font-size: 8pt; color: #333333;\">*Queste affermazioni non sono state valutate dalla Food and Drug Administration. Questo prodotto non ha lo scopo di diagnosticare, trattare, curare o prevenire alcuna malattia.\u00a0<\/span><\/p>","protected":false},"excerpt":{"rendered":"<p><span class=\"\">Programma passo-passo che include consigli per la salute di pressione sanguigna e colesterolo,\u00a0<\/span><span class=\"\">piano nutrizionale, <\/span><span class=\"\">ricette, liste della spesa e integratori che ti aiuteranno ad affrontare l&#039;origine dei tuoi problemi di salute di base.<\/span><\/p>","protected":false},"featured_media":36741,"template":"","meta":{"_analytify_skip_tracking":false},"product_brand":[],"product_cat":[1782],"product_tag":[1799,1830,604,1809,1808,1792,1831,1408],"woo-feed-brand":[],"class_list":{"0":"post-10119","1":"product","2":"type-product","3":"status-publish","4":"has-post-thumbnail","6":"product_cat-health-supplement-kits","7":"product_tag-b-complex","8":"product_tag-blood-pressure-cholesterol-supplements","9":"product_tag-coq-10","10":"product_tag-d3-vitamin","11":"product_tag-k2-vitamin","12":"product_tag-magnesium-active","13":"product_tag-niacin","14":"product_tag-omega-3","15":"product_shipping_class-regular-shipping","17":"first","18":"instock","19":"sale","20":"taxable","21":"shipping-taxable","22":"purchasable","23":"product-type-simple"},"exclude_global_add_ons":[],"addons":[],"_links":{"self":[{"href":"https:\/\/advancedsofttissuerelease.com\/it\/wp-json\/wp\/v2\/product\/10119","targetHints":{"allow":["GET"]}}],"collection":[{"href":"https:\/\/advancedsofttissuerelease.com\/it\/wp-json\/wp\/v2\/product"}],"about":[{"href":"https:\/\/advancedsofttissuerelease.com\/it\/wp-json\/wp\/v2\/types\/product"}],"version-history":[{"count":0,"href":"https:\/\/advancedsofttissuerelease.com\/it\/wp-json\/wp\/v2\/product\/10119\/revisions"}],"wp:featuredmedia":[{"embeddable":true,"href":"https:\/\/advancedsofttissuerelease.com\/it\/wp-json\/wp\/v2\/media\/36741"}],"wp:attachment":[{"href":"https:\/\/advancedsofttissuerelease.com\/it\/wp-json\/wp\/v2\/media?parent=10119"}],"wp:term":[{"taxonomy":"product_brand","embeddable":true,"href":"https:\/\/advancedsofttissuerelease.com\/it\/wp-json\/wp\/v2\/product_brand?post=10119"},{"taxonomy":"product_cat","embeddable":true,"href":"https:\/\/advancedsofttissuerelease.com\/it\/wp-json\/wp\/v2\/product_cat?post=10119"},{"taxonomy":"product_tag","embeddable":true,"href":"https:\/\/advancedsofttissuerelease.com\/it\/wp-json\/wp\/v2\/product_tag?post=10119"},{"taxonomy":"woo-feed-brand","embeddable":true,"href":"https:\/\/advancedsofttissuerelease.com\/it\/wp-json\/wp\/v2\/woo-feed-brand?post=10119"}],"curies":[{"name":"wp","href":"https:\/\/api.w.org\/{rel}","templated":true}]}}