{"id":10509,"date":"2020-03-16T12:44:48","date_gmt":"2020-03-16T18:44:48","guid":{"rendered":"https:\/\/advancedsofttissuerelease.com\/?post_type=product&#038;p=10509"},"modified":"2025-09-22T22:05:03","modified_gmt":"2025-09-23T02:05:03","slug":"kit-antistress","status":"publish","type":"product","link":"https:\/\/advancedsofttissuerelease.com\/it\/product\/stress-relief-kit\/","title":{"rendered":"Kit antistress"},"content":{"rendered":"<h1><span style=\"font-size: 12pt; color: #333333;\"><strong>Kit integratore antistress<\/strong><\/span><\/h1>\n<p>In questo programma passo passo, il Dr. Jacobs ti mostrer\u00e0 come controllare e alleviare lo stress in modo rapido ed efficace implementando la dieta di ASTR con il nostro kit di integratori antistress. Se stai vivendo uno stress a breve termine o cronico, questo kit ti far\u00e0 iniziare il tuo viaggio per vivere senza stress!<\/p>\n<p><span style=\"color: #333333;\"><strong>Include il kit di integratori antistress<\/strong><\/span><\/p>\n<ol>\n<li><span style=\"color: #333333;\">B Attivo<\/span><\/li>\n<li><span style=\"color: #333333;\">Magnesio attivo<\/span><\/li>\n<li>Niacina a rilascio prolungato<\/li>\n<li>Omega attivo<\/li>\n<li>NAC<\/li>\n<li>Vitamina C e bioflavonoidi<\/li>\n<li>Coq 10 attivo<\/li>\n<li><span style=\"color: #333333;\">ASTR diet, including recipes<\/span><\/li>\n<\/ol>\n<p><span style=\"color: #0000ff;\"><a style=\"color: #0000ff;\" href=\"https:\/\/advancedsofttissuerelease.com\/it\/prodotto\/b-attivo-2\/\"><strong>B Attivo &gt;<\/strong><\/a><\/span><\/p>\n<ul>\n<li><span style=\"color: #333333;\">Supporta il metabolismo dei carboidrati<\/span><\/li>\n<li><span style=\"color: #333333;\">Supporta il funzionamento del sistema nervoso<\/span><\/li>\n<li><span style=\"color: #333333;\">Supporta il funzionamento del sistema surrenale<\/span><\/li>\n<li><span style=\"color: #333333;\">Supporta il funzionamento del sistema immunitario<\/span><\/li>\n<li><span style=\"color: #333333;\">Supporta la salute cardiovascolare<\/span><\/li>\n<li><span style=\"color: #333333;\">Protegge dalle carenze alimentari<\/span><\/li>\n<li><span style=\"color: #333333;\">Protegge dall&#039;esaurimento dei nutrienti indotto dallo stress<\/span><\/li>\n<li><span style=\"color: #333333;\">Supporta una sana funzione mentale e umore<\/span><\/li>\n<\/ul>\n<p><span style=\"color: #333333;\">L&#039;integratore attivo ASTR B aiuta a supportare il metabolismo dei carboidrati, il funzionamento del sistema nervoso\/surrenale\/immunitario, la salute cardiovascolare e il funzionamento mentale e l&#039;umore sani. B Active contiene l&#039;intero spettro delle vitamine del gruppo B; forme attivate di B2, B6 e B12; e folato.*<\/span><\/p>\n<p><span style=\"color: #0000ff;\"><a style=\"color: #0000ff;\" href=\"https:\/\/advancedsofttissuerelease.com\/it\/prodotto\/omega-attivo-2\/\"><strong><span style=\"font-size: 12pt;\">Omega Attivo &gt;<\/span><\/strong><\/a><\/span><\/p>\n<ul>\n<li>Supporta la salute cardiovascolare<\/li>\n<li>Supporta il metabolismo della glicemia<\/li>\n<li>Supporta la funzione cognitiva<\/li>\n<li>Supporta lo sviluppo cognitivo<\/li>\n<li>Supporta una pelle sana<\/li>\n<li>Supporta articolazioni sane<\/li>\n<li>Supporta tessuti connettivi sani<\/li>\n<li>Aumenta la salute visiva e oculare<\/li>\n<li>Mantiene il normale equilibrio infiammatorio<\/li>\n<\/ul>\n<p><span style=\"color: #0000ff;\"><a style=\"color: #0000ff;\" href=\"https:\/\/advancedsofttissuerelease.com\/it\/prodotto\/a-rilascio-sostenuto-da-niacina-3\/\"><strong>niacina<\/strong><strong>\u00a0Active &gt;<\/strong><\/a><\/span><\/p>\n<ul>\n<li>Supporta i lipidi nel sangue sani<\/li>\n<li>Supporta la salute del colesterolo lipoproteico ad alta densit\u00e0 (HDL)<\/li>\n<li>Formula di rilascio a tempo che si completa in sette-otto ore<\/li>\n<li>Supporta il normale spessore intima-media carotideo (CIMT)<\/li>\n<li>Ha un effetto arrossante inferiore rispetto alla niacina a rilascio istantaneo<\/li>\n<\/ul>\n<p><span style=\"color: #0000ff;\"><a style=\"color: #0000ff;\" href=\"https:\/\/advancedsofttissuerelease.com\/it\/prodotto\/magnesio-attivo-2\/\"><strong>Magnesio Attivo &gt;<\/strong><\/a><\/span><\/p>\n<ul>\n<li><span style=\"color: #333333;\">Fornisce 3 forme di magnesio altamente assorbito<\/span><\/li>\n<li><span style=\"color: #333333;\">Magnesio ad alta concentrazione per il supporto cardiovascolare<\/span><\/li>\n<li><span style=\"color: #333333;\">Il magnesio svolge un ruolo fondamentale in centinaia di attivit\u00e0 metaboliche<\/span><\/li>\n<li><span style=\"color: #333333;\">Aiuta a mantenere una pressione sanguigna sana<\/span><\/li>\n<li><span style=\"color: #333333;\">Aiuta a mantenere sani livelli di glucosio<\/span><\/li>\n<li><span style=\"color: #333333;\">Promuove la produzione di energia<\/span><\/li>\n<li><span style=\"color: #333333;\">Favorisce il rilassamento muscolare<\/span><\/li>\n<li><span style=\"color: #333333;\">Supporta la funzione muscolare<\/span><\/li>\n<li><span style=\"color: #333333;\">Supporta la funzione nervosa<\/span><\/li>\n<\/ul>\n<p><a href=\"https:\/\/advancedsofttissuerelease.com\/it\/prodotto\/vitamina-c-e-bioflavonoidi-2\/\"><strong><span style=\"color: #0000ff;\">Vitamina C &amp;\u00a0<span style=\"caret-color: #0000ff;\">Bioflavonoidi<\/span>\u00a0 &gt;\u00a0<\/span><\/strong><\/a><\/p>\n<ul>\n<li>Formula di vitamina C ad alta potenza<\/li>\n<li>Supporta il sistema immunitario<\/li>\n<li>Supporta i sistemi antiossidanti<\/li>\n<li>Supporta la sintesi dei vasi sanguigni<\/li>\n<li>Supporta la produzione di collagene<\/li>\n<li>Supporta la produzione di carnitina<\/li>\n<li>Supporta la produzione di neurotrasmettitori<\/li>\n<\/ul>\n<p>La vitamina C e i bioflavonoidi combinano la vitamina C ad alta potenza con un complesso di bioflavonoidi di agrumi standardizzato a spettro completo. Sia la vitamina C che i bioflavonoidi sono stati ampiamente studiati per i loro ruoli nel supporto della funzione antiossidante e immunitaria. Inoltre, la ricerca indica che la vitamina C \u00e8 necessaria per la sintesi di collagene, neurotrasmettitori e carnitina. I bioflavonoidi sembrano supportare il metabolismo e la cognizione sani funzionando come agenti di segnalazione cellulare.*<\/p>\n<div class=\"page\" title=\"Pagina 1\">\n<div class=\"section\">\n<div class=\"layoutArea\">\n<div class=\"column\">\n<p><span style=\"color: #0000ff;\"><a style=\"color: #0000ff;\" href=\"https:\/\/advancedsofttissuerelease.com\/it\/prodotto\/nac-n-acetyl-l-cysteine\/\"><strong>NAC &gt;<\/strong><\/a><\/span><\/p>\n<div class=\"page\" title=\"Pagina 1\">\n<div class=\"section\">\n<div class=\"layoutArea\">\n<div class=\"column\">\n<ul>\n<li>Supporta la sintesi del glutatione<\/li>\n<li>Supporta la disintossicazione delle tossine e degli inquinanti ambientali<\/li>\n<li>Supporta l&#039;attivit\u00e0 antiossidante in tutte le cellule del corpo<\/li>\n<li>Supporta una sana funzione respiratoria<\/li>\n<\/ul>\n<p><a href=\"https:\/\/advancedsofttissuerelease.com\/it\/prodotto\/coq-10-attivo\/\"><strong>CoQ 10 Attivo &gt;<\/strong><\/a><\/p>\n<ul>\n<li>Supporta la generazione naturale di energia<\/li>\n<li>Supporta il funzionamento mitocondriale<\/li>\n<li>Supporta la salute del plasma e dei tessuti<\/li>\n<li>Supporta la salute e il funzionamento del sistema cardiovascolare<\/li>\n<li>Supporta la salute neuromuscolare<\/li>\n<li>Supporta il funzionamento del sistema nervoso centrale<\/li>\n<\/ul>\n<p>L&#039;integratore ASTR CoQ 10 supporta la generazione naturale di energia e la salute mitocondriale, il funzionamento sano del sistema cardiovascolare e la salute del sistema nervoso centrale e neuromuscolare. \u00c8 stato clinicamente dimostrato che ASTR CoQ 10 \u00e8 pi\u00f9 assorbibile per un utilizzo ottimale a sostegno delle esigenze di salute cardiovascolare e basate sull&#039;energia.*<\/p>\n<\/div>\n<\/div>\n<\/div>\n<\/div>\n<\/div>\n<\/div>\n<\/div>\n<\/div>\n<p style=\"text-align: center;\"><span style=\"font-size: 8pt; color: #333333;\">*Queste affermazioni non sono state valutate dalla Food and Drug Administration. Questo prodotto non ha lo scopo di diagnosticare, trattare, curare o prevenire alcuna malattia.\u00a0<\/span><\/p>","protected":false},"excerpt":{"rendered":"<p><span class=\"\">Programma passo passo che include consigli per alleviare lo stress, meditazione,\u00a0<\/span><span class=\"\">piano nutrizionale, <\/span><span class=\"\">ricette, liste della spesa e integratori che ti aiuteranno ad affrontare l&#039;origine dei tuoi problemi di salute di base.<\/span><\/p>","protected":false},"featured_media":48276,"template":"","meta":{"_analytify_skip_tracking":false},"product_brand":[],"product_cat":[1782],"product_tag":[1934,1799,1935,1792,1933,1831,1883,1884],"woo-feed-brand":[],"class_list":{"0":"post-10509","1":"product","2":"type-product","3":"status-publish","4":"has-post-thumbnail","6":"product_cat-health-supplement-kits","7":"product_tag-anxiety-relief","8":"product_tag-b-complex","9":"product_tag-depression-relief","10":"product_tag-magnesium-active","11":"product_tag-n-acetyl-l-cysteine","12":"product_tag-niacin","13":"product_tag-stress-relief","14":"product_tag-stress-relief-supplements","15":"product_shipping_class-regular-shipping","17":"first","18":"instock","19":"sale","20":"taxable","21":"shipping-taxable","22":"purchasable","23":"product-type-simple"},"exclude_global_add_ons":[],"addons":[],"_links":{"self":[{"href":"https:\/\/advancedsofttissuerelease.com\/it\/wp-json\/wp\/v2\/product\/10509","targetHints":{"allow":["GET"]}}],"collection":[{"href":"https:\/\/advancedsofttissuerelease.com\/it\/wp-json\/wp\/v2\/product"}],"about":[{"href":"https:\/\/advancedsofttissuerelease.com\/it\/wp-json\/wp\/v2\/types\/product"}],"version-history":[{"count":0,"href":"https:\/\/advancedsofttissuerelease.com\/it\/wp-json\/wp\/v2\/product\/10509\/revisions"}],"wp:featuredmedia":[{"embeddable":true,"href":"https:\/\/advancedsofttissuerelease.com\/it\/wp-json\/wp\/v2\/media\/48276"}],"wp:attachment":[{"href":"https:\/\/advancedsofttissuerelease.com\/it\/wp-json\/wp\/v2\/media?parent=10509"}],"wp:term":[{"taxonomy":"product_brand","embeddable":true,"href":"https:\/\/advancedsofttissuerelease.com\/it\/wp-json\/wp\/v2\/product_brand?post=10509"},{"taxonomy":"product_cat","embeddable":true,"href":"https:\/\/advancedsofttissuerelease.com\/it\/wp-json\/wp\/v2\/product_cat?post=10509"},{"taxonomy":"product_tag","embeddable":true,"href":"https:\/\/advancedsofttissuerelease.com\/it\/wp-json\/wp\/v2\/product_tag?post=10509"},{"taxonomy":"woo-feed-brand","embeddable":true,"href":"https:\/\/advancedsofttissuerelease.com\/it\/wp-json\/wp\/v2\/woo-feed-brand?post=10509"}],"curies":[{"name":"wp","href":"https:\/\/api.w.org\/{rel}","templated":true}]}}