{"id":10512,"date":"2020-03-16T12:57:43","date_gmt":"2020-03-16T18:57:43","guid":{"rendered":"https:\/\/advancedsofttissuerelease.com\/?post_type=product&#038;p=10512"},"modified":"2025-09-23T20:35:00","modified_gmt":"2025-09-24T00:35:00","slug":"kit-di-integratori-giornalieri-2","status":"publish","type":"product","link":"https:\/\/advancedsofttissuerelease.com\/it\/product\/daily-supplement-kit\/","title":{"rendered":"Kit Supplemento Giornaliero"},"content":{"rendered":"<h1><span style=\"font-size: 12pt; color: #333333;\"><strong>Kit Supplemento Giornaliero<\/strong><\/span><\/h1>\n<p>In questo programma passo dopo passo, il Dr. Jacobs ti mostrer\u00e0 come implementare in modo rapido ed efficace la dieta di ASTR con il nostro kit di integratori quotidiani per una salute, energia e benessere ottimali. Se desideri mantenere una salute ottimale, questo kit \u00e8 un ottimo inizio!<\/p>\n<p><span style=\"color: #333333;\"><strong>Kit Supplemento Giornaliero Include<\/strong><\/span><\/p>\n<ol>\n<li><span style=\"color: #333333;\">B Attivo<\/span><\/li>\n<li><span style=\"color: #333333;\">Magnesio attivo<\/span><\/li>\n<li>Coq 10 attivo<\/li>\n<li>K2 e D3 completi<\/li>\n<li>Omega attivo<\/li>\n<li><span style=\"color: #333333;\">ASTR diet, including recipes<\/span><\/li>\n<\/ol>\n<p><a href=\"https:\/\/advancedsofttissuerelease.com\/it\/prodotto\/b-attivo-2\/\"><strong>B Attivo &gt;<\/strong><\/a><\/p>\n<ul>\n<li>Supporta il metabolismo dei carboidrati<\/li>\n<li>Supporta il funzionamento del sistema nervoso<\/li>\n<li>Supporta il funzionamento del sistema surrenale<\/li>\n<li>Supporta il funzionamento del sistema immunitario<\/li>\n<li>Supporta la salute cardiovascolare<\/li>\n<li>Protegge dalle carenze alimentari<\/li>\n<li>Protegge dall&#039;esaurimento dei nutrienti indotto dallo stress<\/li>\n<li>Supporta una sana funzione mentale e umore<\/li>\n<\/ul>\n<p>L&#039;integratore attivo ASTR B aiuta a supportare il metabolismo dei carboidrati, il funzionamento del sistema nervoso\/surrenale\/immunitario, la salute cardiovascolare e il funzionamento mentale e l&#039;umore sani. B Active contiene l&#039;intero spettro delle vitamine del gruppo B; forme attivate di B2, B6 e B12; e folato.*<\/p>\n<p><span style=\"color: #0000ff;\"><a style=\"color: #0000ff;\" href=\"https:\/\/advancedsofttissuerelease.com\/it\/prodotto\/magnesio-attivo-2\/\"><strong>Magnesio Attivo &gt;<\/strong><\/a><\/span><\/p>\n<ul>\n<li><span style=\"color: #333333;\">Fornisce 3 forme di magnesio altamente assorbito<\/span><\/li>\n<li><span style=\"color: #333333;\">Magnesio ad alta concentrazione per il supporto cardiovascolare<\/span><\/li>\n<li><span style=\"color: #333333;\">Il magnesio svolge un ruolo fondamentale in centinaia di attivit\u00e0 metaboliche<\/span><\/li>\n<li><span style=\"color: #333333;\">Aiuta a mantenere una pressione sanguigna sana<\/span><\/li>\n<li><span style=\"color: #333333;\">Aiuta a mantenere sani livelli di glucosio<\/span><\/li>\n<li><span style=\"color: #333333;\">Promuove la produzione di energia<\/span><\/li>\n<li><span style=\"color: #333333;\">Favorisce il rilassamento muscolare<\/span><\/li>\n<li><span style=\"color: #333333;\">Supporta la funzione muscolare<\/span><\/li>\n<li><span style=\"color: #333333;\">Supporta la funzione nervosa<\/span><\/li>\n<\/ul>\n<p><span style=\"color: #0000ff;\"><a style=\"color: #0000ff;\" href=\"https:\/\/advancedsofttissuerelease.com\/it\/prodotto\/coq-10-attivo\/\"><strong>CoQ 10 Attivo &gt;<\/strong><\/a><\/span><\/p>\n<ul>\n<li>Supporta la generazione naturale di energia<\/li>\n<li>Supporta il funzionamento mitocondriale<\/li>\n<li>Supporta la salute del plasma e dei tessuti<\/li>\n<li>Supporta la salute e il funzionamento del sistema cardiovascolare<\/li>\n<li>Supporta la salute neuromuscolare<\/li>\n<li>Supporta il funzionamento del sistema nervoso centrale<\/li>\n<\/ul>\n<p>L&#039;integratore ASTR CoQ 10 supporta la generazione naturale di energia e la salute mitocondriale, il funzionamento sano del sistema cardiovascolare e la salute del sistema nervoso centrale e neuromuscolare. \u00c8 stato clinicamente dimostrato che ASTR CoQ 10 \u00e8 pi\u00f9 assorbibile per un utilizzo ottimale a sostegno delle esigenze di salute cardiovascolare e basate sull&#039;energia.<\/p>\n<p><span style=\"color: #0000ff;\"><a style=\"color: #0000ff;\" href=\"https:\/\/advancedsofttissuerelease.com\/it\/prodotto\/k2-d3-completo-2\/\"><strong>K2 e D3 completi &gt;<\/strong><\/a><\/span><\/p>\n<ul>\n<li>Supporta una sana circolazione sanguigna<\/li>\n<li>Promuove la salute ottimale delle ossa<\/li>\n<li>Favorisce la corretta conservazione del calcio<\/li>\n<li>Mantiene una sana funzione cardiometabolica<\/li>\n<li>Supporta l&#039;elasticit\u00e0 arteriosa<\/li>\n<li>Stimola la funzione immunitaria<\/li>\n<li>Supporta un sano equilibrio di calcio<\/li>\n<li>Supporta l&#039;equilibrio della glicemia<\/li>\n<\/ul>\n<div class=\"page\" title=\"Pagina 1\">\n<div class=\"section\">\n<div class=\"layoutArea\">\n<div class=\"column\">\n<p>La ricerca attuale ha rilevato che l&#039;integrazione ad alta concentrazione di K2, a 180 mcg\/die, si traduce in risultati clinici migliori rispetto all&#039;integrazione a dose inferiore*. K2 &amp; D3 complete fornisce 180 mcg di MenaQ7\u00ae PRO, la forma di vitamina K2 pi\u00f9 studiata come MK-7, insieme a 5.000 UI di vitamina D3 per un supporto ottimale delle ossa e della salute cardiovascolare.<\/p>\n<\/div>\n<\/div>\n<\/div>\n<\/div>\n<p><span style=\"color: #0000ff;\"><a style=\"color: #0000ff;\" href=\"https:\/\/advancedsofttissuerelease.com\/it\/prodotto\/omega-attivo-2\/\"><strong><span style=\"font-size: 12pt;\">Omega Attivo &gt;<\/span><\/strong><\/a><\/span><\/p>\n<ul>\n<li>Supporta la salute cardiovascolare<\/li>\n<li>Supporta il metabolismo della glicemia<\/li>\n<li>Supporta la funzione cognitiva<\/li>\n<li>Supporta lo sviluppo cognitivo<\/li>\n<li>Supporta una pelle sana<\/li>\n<li>Supporta articolazioni sane<\/li>\n<li>Supporta tessuti connettivi sani<\/li>\n<li>Aumenta la salute visiva e oculare<\/li>\n<li>Mantiene il normale equilibrio infiammatorio<\/li>\n<\/ul>\n<p style=\"text-align: center;\"><span style=\"font-size: 8pt; color: #333333;\">*Queste affermazioni non sono state valutate dalla Food and Drug Administration. Questo prodotto non ha lo scopo di diagnosticare, trattare, curare o prevenire alcuna malattia.\u00a0<\/span><\/p>","protected":false},"excerpt":{"rendered":"<p>Programma passo passo che include consigli per la salute, piano nutrizionale, ricette, liste della spesa e integratori che ti aiuteranno ad affrontare l&#039;origine dei tuoi problemi di salute sottostanti.<\/p>","protected":false},"featured_media":47787,"template":"","meta":{"_analytify_skip_tracking":false},"product_brand":[],"product_cat":[1782],"product_tag":[604,1809,1890,1808,1792,1891],"woo-feed-brand":[],"class_list":{"0":"post-10512","1":"product","2":"type-product","3":"status-publish","4":"has-post-thumbnail","6":"product_cat-health-supplement-kits","7":"product_tag-coq-10","8":"product_tag-d3-vitamin","9":"product_tag-daily-vitamins","10":"product_tag-k2-vitamin","11":"product_tag-magnesium-active","12":"product_tag-multivitamins","13":"product_shipping_class-regular-shipping","15":"first","16":"instock","17":"sale","18":"taxable","19":"shipping-taxable","20":"purchasable","21":"product-type-simple"},"exclude_global_add_ons":[],"addons":[],"_links":{"self":[{"href":"https:\/\/advancedsofttissuerelease.com\/it\/wp-json\/wp\/v2\/product\/10512","targetHints":{"allow":["GET"]}}],"collection":[{"href":"https:\/\/advancedsofttissuerelease.com\/it\/wp-json\/wp\/v2\/product"}],"about":[{"href":"https:\/\/advancedsofttissuerelease.com\/it\/wp-json\/wp\/v2\/types\/product"}],"version-history":[{"count":0,"href":"https:\/\/advancedsofttissuerelease.com\/it\/wp-json\/wp\/v2\/product\/10512\/revisions"}],"wp:featuredmedia":[{"embeddable":true,"href":"https:\/\/advancedsofttissuerelease.com\/it\/wp-json\/wp\/v2\/media\/47787"}],"wp:attachment":[{"href":"https:\/\/advancedsofttissuerelease.com\/it\/wp-json\/wp\/v2\/media?parent=10512"}],"wp:term":[{"taxonomy":"product_brand","embeddable":true,"href":"https:\/\/advancedsofttissuerelease.com\/it\/wp-json\/wp\/v2\/product_brand?post=10512"},{"taxonomy":"product_cat","embeddable":true,"href":"https:\/\/advancedsofttissuerelease.com\/it\/wp-json\/wp\/v2\/product_cat?post=10512"},{"taxonomy":"product_tag","embeddable":true,"href":"https:\/\/advancedsofttissuerelease.com\/it\/wp-json\/wp\/v2\/product_tag?post=10512"},{"taxonomy":"woo-feed-brand","embeddable":true,"href":"https:\/\/advancedsofttissuerelease.com\/it\/wp-json\/wp\/v2\/woo-feed-brand?post=10512"}],"curies":[{"name":"wp","href":"https:\/\/api.w.org\/{rel}","templated":true}]}}