{"id":10516,"date":"2020-03-16T13:26:44","date_gmt":"2020-03-16T19:26:44","guid":{"rendered":"https:\/\/advancedsofttissuerelease.com\/?post_type=product&#038;p=10516"},"modified":"2025-09-23T20:00:30","modified_gmt":"2025-09-24T00:00:30","slug":"kit-per-la-salute-dellintestino","status":"publish","type":"product","link":"https:\/\/advancedsofttissuerelease.com\/it\/product\/gut-health-kit\/","title":{"rendered":"Kit per la salute dell'intestino"},"content":{"rendered":"<h1><span style=\"font-size: 12pt; color: #333333;\"><strong>Kit di integratori per la salute dell&#039;intestino<\/strong><\/span><\/h1>\n<p>In questo programma passo passo, il Dr. Jacobs ti mostrer\u00e0 come ridurre in modo rapido ed efficace i problemi intestinali (gastrointestinali) implementando la dieta antinfiammatoria di ASTR con il nostro kit di integratori per la salute dell&#039;intestino. Se stai riscontrando problemi gastrointestinali a breve termine o cronici, questo kit ti aiuter\u00e0 a vivere senza i disagi quotidiani che stai attualmente vivendo!<\/p>\n<p><span style=\"color: #333333;\"><strong>Include il kit di integratori per la salute dell&#039;intestino<\/strong><\/span><\/p>\n<ol>\n<li><span style=\"color: #333333;\">GI<\/span><\/li>\n<li><span style=\"color: #333333;\">GI &amp; Immune<\/span><\/li>\n<li>Probiotico Max<\/li>\n<li>Enzimi<\/li>\n<li><span style=\"color: #333333;\">ASTR diet, including recipes<\/span><\/li>\n<\/ol>\n<p><span style=\"color: #0000ff;\"><strong><a style=\"color: #0000ff;\" href=\"https:\/\/advancedsofttissuerelease.com\/it\/prodotto\/gi-2\/\">GI &gt;<\/a><\/strong><\/span><\/p>\n<ul>\n<li>Supporta l&#039;integrit\u00e0 e il funzionamento ottimale del tratto gastrointestinale<\/li>\n<li>Supporta la mucosa gastrointestinale<\/li>\n<li>Supporta l&#039;inulina prebiotica<\/li>\n<\/ul>\n<p>L&#039;integratore ASTR GI supporta l&#039;integrit\u00e0 e il funzionamento ottimale del tratto gastrointestinale. GI contiene L-glutammina, zinco e acido pantotenico per supportare la mucosa gastrointestinale e l&#039;inulina prebiotica per fornire nutrimento alle cellule della mucosa. Contiene anche l&#039;estratto di foglie di aloe, che \u00e8 stato tradizionalmente utilizzato per una funzione gastrointestinale ottimale.*<\/p>\n<p><span style=\"color: #0000ff;\"><a style=\"color: #0000ff;\" href=\"https:\/\/advancedsofttissuerelease.com\/it\/prodotto\/gi-immune-2\/\"><strong>GI &amp; Immunit\u00e0 &gt;<\/strong><\/a><\/span><\/p>\n<ul>\n<li>Favorisce l&#039;equilibrio microbico<\/li>\n<li>Aiuta a mantenere il comfort gastrointestinale<\/li>\n<li>Supporta un sano funzionamento immunitario<\/li>\n<li>Fornisce nutrienti che aumentano la protezione antiossidante<\/li>\n<li>Migliora la funzione immunitaria<\/li>\n<li>Supporta la risposta immunitaria naturale<\/li>\n<\/ul>\n<p><span style=\"color: #0000ff;\"><strong><a style=\"color: #0000ff;\" href=\"https:\/\/advancedsofttissuerelease.com\/it\/prodotto\/probiotico-max-2\/\">Probiotico Max \u2013 18 Ceppi&gt;<\/a><\/strong><\/span><\/p>\n<ul>\n<li>Supporta un microbiota sano<\/li>\n<li>Supporta la risposta immunitaria naturale<\/li>\n<li>Supporta la digestione del lattosio<\/li>\n<li>Supporta la regolarit\u00e0 intestinale<\/li>\n<li>Supporta un microbioma intestinale sano<\/li>\n<li>Selezionato per la sua vitalit\u00e0 e stabilit\u00e0<\/li>\n<\/ul>\n<p>L&#039;integratore ASTR Probiotic Max supporta un microbiota sano, la risposta immunitaria naturale, la digestione del lattosio e la regolarit\u00e0 intestinale. Probiotic Max Strain presenta diversi ceppi probiotici per supportare un microbioma intestinale sano. Questi ceppi non sono stati selezionati solo per i loro benefici per la salute e le azioni complementari, ma anche per la loro vitalit\u00e0 e stabilit\u00e0. Per proteggere i batteri dalla luce e dall&#039;umidit\u00e0, per entrambe le formule viene utilizzata una confezione opaca e foderata di alluminio.*<\/p>\n<p><span style=\"color: #0000ff;\"><a style=\"color: #0000ff;\" href=\"https:\/\/advancedsofttissuerelease.com\/it\/prodotto\/enzimi-2\/\"><strong>Enzimi &gt;<\/strong><\/a><\/span><\/p>\n<ul>\n<li>Supporta una sana digestione dei macronutrienti<\/li>\n<li>Migliora l&#039;assorbimento dei nutrienti<\/li>\n<li>Supporta la decomposizione dei polisaccaridi<\/li>\n<li>Supporta il funzionamento del pancreas<\/li>\n<li>Supporta la scomposizione del lattosio<\/li>\n<\/ul>\n<p>Gli integratori di enzimi ASTR supportano sia una sana digestione che l&#039;assorbimento dei macronutrienti. Gli enzimi sono progettati per favorire la digestione di grassi, proteine, carboidrati, fibre e lattosio. ASTR ha creato Enzimi utilizzando una miriade di diversi enzimi digestivi chiave per funzionare all&#039;interno di un ampio intervallo di pH.*<\/p>\n<p><strong>NON CONTIENE:<\/strong>\u00a0 glutine, coloranti artificiali, conservanti artificiali o dolcificanti artificiali.<\/p>\n<p style=\"text-align: center;\"><span style=\"font-size: 8pt; color: #333333;\">*Queste affermazioni non sono state valutate dalla Food and Drug Administration. Questo prodotto non ha lo scopo di diagnosticare, trattare, curare o prevenire alcuna malattia.\u00a0<\/span><\/p>","protected":false},"excerpt":{"rendered":"<p><span class=\"\">Programma passo passo che include consigli per la salute dell&#039;intestino,\u00a0<\/span><span class=\"\">piano nutrizionale, <\/span><span class=\"\">ricette, liste della spesa e integratori che ti aiuteranno ad affrontare l&#039;origine dei tuoi problemi di salute di base.<\/span><\/p>","protected":false},"featured_media":37354,"template":"","meta":{"_analytify_skip_tracking":false},"product_brand":[],"product_cat":[1782],"product_tag":[644,1898,662,1895,1896,1897],"woo-feed-brand":[],"class_list":{"0":"post-10516","1":"product","2":"type-product","3":"status-publish","4":"has-post-thumbnail","6":"product_cat-health-supplement-kits","7":"product_tag-enzymes","8":"product_tag-fiber","9":"product_tag-gi","10":"product_tag-gut-supplements","11":"product_tag-leaky-gut-supplements","12":"product_tag-probiotics","13":"product_shipping_class-regular-shipping","15":"first","16":"instock","17":"sale","18":"taxable","19":"shipping-taxable","20":"purchasable","21":"product-type-simple"},"exclude_global_add_ons":[],"addons":[],"_links":{"self":[{"href":"https:\/\/advancedsofttissuerelease.com\/it\/wp-json\/wp\/v2\/product\/10516","targetHints":{"allow":["GET"]}}],"collection":[{"href":"https:\/\/advancedsofttissuerelease.com\/it\/wp-json\/wp\/v2\/product"}],"about":[{"href":"https:\/\/advancedsofttissuerelease.com\/it\/wp-json\/wp\/v2\/types\/product"}],"version-history":[{"count":0,"href":"https:\/\/advancedsofttissuerelease.com\/it\/wp-json\/wp\/v2\/product\/10516\/revisions"}],"wp:featuredmedia":[{"embeddable":true,"href":"https:\/\/advancedsofttissuerelease.com\/it\/wp-json\/wp\/v2\/media\/37354"}],"wp:attachment":[{"href":"https:\/\/advancedsofttissuerelease.com\/it\/wp-json\/wp\/v2\/media?parent=10516"}],"wp:term":[{"taxonomy":"product_brand","embeddable":true,"href":"https:\/\/advancedsofttissuerelease.com\/it\/wp-json\/wp\/v2\/product_brand?post=10516"},{"taxonomy":"product_cat","embeddable":true,"href":"https:\/\/advancedsofttissuerelease.com\/it\/wp-json\/wp\/v2\/product_cat?post=10516"},{"taxonomy":"product_tag","embeddable":true,"href":"https:\/\/advancedsofttissuerelease.com\/it\/wp-json\/wp\/v2\/product_tag?post=10516"},{"taxonomy":"woo-feed-brand","embeddable":true,"href":"https:\/\/advancedsofttissuerelease.com\/it\/wp-json\/wp\/v2\/woo-feed-brand?post=10516"}],"curies":[{"name":"wp","href":"https:\/\/api.w.org\/{rel}","templated":true}]}}