{"id":14504,"date":"2020-06-24T19:18:16","date_gmt":"2020-06-25T01:18:16","guid":{"rendered":"https:\/\/advancedsofttissuerelease.com\/?post_type=product&#038;p=14504"},"modified":"2025-09-23T20:18:41","modified_gmt":"2025-09-24T00:18:41","slug":"kit-sportivo-prestazioni","status":"publish","type":"product","link":"https:\/\/advancedsofttissuerelease.com\/it\/product\/sport-performance-kit\/","title":{"rendered":"Kit prestazioni sportive"},"content":{"rendered":"<p>In questo programma passo dopo passo, il Dr. Jacobs ti mostrer\u00e0 come implementare in modo rapido ed efficace la dieta di ASTR con il nostro kit per prestazioni sportive per una salute, energia, benessere e prestazioni sportive ottimali. Se desideri mantenere prestazioni sportive ottimali, questo kit \u00e8 un ottimo inizio!<\/p>\n<p><strong>Il kit per le prestazioni sportive include<\/strong><\/p>\n<ol>\n<li>Joint &amp; Muscle Repair<\/li>\n<li>Collagene attivo<\/li>\n<li>Niacin Active<\/li>\n<li>B Attivo<\/li>\n<li>Magnesio attivo<\/li>\n<li>Coq 10 attivo<\/li>\n<li>Omega attivo<\/li>\n<li>ASTR diet, including recipes<\/li>\n<\/ol>\n<p><span style=\"color: #0000ff;\"><a style=\"color: #0000ff;\" href=\"https:\/\/advancedsofttissuerelease.com\/it\/prodotto\/facilita-di-gonfiaggio-3\/\"><strong><span style=\"font-size: 12pt;\">Joint &amp; Muscle Repair Pack &gt;<\/span><\/strong><\/a><\/span><\/p>\n<ul>\n<li>Supports joint and muscle repair<\/li>\n<li>Supporta una sana risposta infiammatoria<\/li>\n<li>Migliora la salute muscolo-scheletrica<\/li>\n<li>Vanta la salute delle articolazioni<\/li>\n<li>Aumenta il movimento articolare<\/li>\n<li>Aumenta la funzione fisica<\/li>\n<li>Migliora il tempo di recupero dell&#039;allenamento<\/li>\n<\/ul>\n<p><a href=\"https:\/\/advancedsofttissuerelease.com\/it\/prodotto\/a-rilascio-sostenuto-da-niacina-3\/\"><strong>niacina<\/strong><strong>\u00a0Active &gt;<\/strong><\/a><\/p>\n<ul>\n<li>Supporta i lipidi nel sangue sani<\/li>\n<li>Supporta la salute del colesterolo lipoproteico ad alta densit\u00e0 (HDL)<\/li>\n<li>Formula di rilascio a tempo che si completa in sette-otto ore<\/li>\n<li>Supporta il normale spessore intima-media carotideo (CIMT)<\/li>\n<li>Ha un effetto arrossante inferiore rispetto alla niacina a rilascio istantaneo<\/li>\n<\/ul>\n<p><a href=\"https:\/\/advancedsofttissuerelease.com\/it\/prodotto\/b-attivo-2\/\"><strong>B Attivo &gt;<\/strong><\/a><\/p>\n<ul>\n<li>Supporta il metabolismo dei carboidrati<\/li>\n<li>Supporta il funzionamento del sistema nervoso<\/li>\n<li>Supporta il funzionamento del sistema surrenale<\/li>\n<li>Supporta il funzionamento del sistema immunitario<\/li>\n<li>Supporta la salute cardiovascolare<\/li>\n<li>Protegge dalle carenze alimentari<\/li>\n<li>Protegge dall&#039;esaurimento dei nutrienti indotto dallo stress<\/li>\n<li>Supporta una sana funzione mentale e umore<\/li>\n<\/ul>\n<p>L&#039;integratore attivo ASTR B aiuta a supportare il metabolismo dei carboidrati, il funzionamento del sistema nervoso\/surrenale\/immunitario, la salute cardiovascolare e il funzionamento mentale e l&#039;umore sani. B Active contiene l&#039;intero spettro delle vitamine del gruppo B; forme attivate di B2, B6 e B12; e folato.*<\/p>\n<p><span style=\"color: #0000ff;\"><a style=\"color: #0000ff;\" href=\"https:\/\/advancedsofttissuerelease.com\/it\/prodotto\/collagene-attivo-2\/\"><strong>Collagene Attivo &gt;<\/strong><\/a><\/span><\/p>\n<ul>\n<li>Supporta il processo di autoriparazione della cartilagine<\/li>\n<li>Supporta il processo di autoriparazione del tendine<\/li>\n<li>Supporta il processo di autoriparazione dei legamenti<\/li>\n<li>Supporta il processo di autoriparazione della fascia<\/li>\n<li>Supporta capelli sani<\/li>\n<li>Supporta una pelle sana<\/li>\n<li>Supporta unghie sane<\/li>\n<li>Supporta la lubrificazione articolare<\/li>\n<li>Supporta l&#039;ammortizzazione articolare<\/li>\n<li>Promuove la biosintesi del tessuto connettivo<\/li>\n<\/ul>\n<div class=\"page\" title=\"Pagina 1\">\n<div class=\"section\">\n<div class=\"layoutArea\">\n<div class=\"column\">\n<p>Il collagene \u00e8 un elemento cruciale di pelle, capelli, unghie, articolazioni e tessuto connettivo. Collagene Contenuti attivi: vitamina c, magnesio, collagene di tipo 1, acido ialuronico, idrolizzato di gelatina. Il collagene attivo supporta la funzionalit\u00e0 sana della cartilagine, dei tendini, dei legamenti, della fascia e delle articolazioni.<\/p>\n<\/div>\n<\/div>\n<\/div>\n<\/div>\n<p><span style=\"color: #3366ff;\"><a style=\"color: #3366ff;\" href=\"https:\/\/advancedsofttissuerelease.com\/it\/prodotto\/magnesio-attivo-2\/\"><strong>Magnesio Attivo &gt;<\/strong><\/a><\/span><\/p>\n<ul>\n<li>Fornisce 3 forme di magnesio altamente assorbito<\/li>\n<li>Magnesio ad alta concentrazione per il supporto cardiovascolare<\/li>\n<li>Il magnesio svolge un ruolo fondamentale in centinaia di attivit\u00e0 metaboliche<\/li>\n<li>Aiuta a mantenere una pressione sanguigna sana<\/li>\n<li>Aiuta a mantenere sani livelli di glucosio<\/li>\n<li>Promuove la produzione di energia<\/li>\n<li>Favorisce il rilassamento muscolare<\/li>\n<li>Supporta la funzione muscolare<\/li>\n<li>Supporta la funzione nervosa<\/li>\n<\/ul>\n<p><span style=\"color: #3366ff;\"><a style=\"color: #3366ff;\" href=\"https:\/\/advancedsofttissuerelease.com\/it\/prodotto\/coq-10-attivo\/\"><strong>CoQ 10 Attivo &gt;<\/strong><\/a><\/span><\/p>\n<ul>\n<li>Supporta la generazione naturale di energia<\/li>\n<li>Supporta il funzionamento mitocondriale<\/li>\n<li>Supporta la salute del plasma e dei tessuti<\/li>\n<li>Supporta la salute e il funzionamento del sistema cardiovascolare<\/li>\n<li>Supporta la salute neuromuscolare<\/li>\n<li>Supporta il funzionamento del sistema nervoso centrale<\/li>\n<\/ul>\n<p>L&#039;integratore ASTR CoQ 10 supporta la generazione naturale di energia e la salute mitocondriale, il funzionamento sano del sistema cardiovascolare e la salute del sistema nervoso centrale e neuromuscolare. \u00c8 stato clinicamente dimostrato che ASTR CoQ 10 \u00e8 pi\u00f9 assorbibile per un utilizzo ottimale a sostegno delle esigenze di salute cardiovascolare e basate sull&#039;energia.<\/p>\n<p><span style=\"color: #0000ff;\"><a style=\"color: #0000ff;\" href=\"https:\/\/advancedsofttissuerelease.com\/it\/prodotto\/omega-attivo-2\/\"><strong><span style=\"font-size: 12pt;\">Omega Attivo &gt;<\/span><\/strong><\/a><\/span><\/p>\n<ul>\n<li>Supporta la salute cardiovascolare<\/li>\n<li>Supporta il metabolismo della glicemia<\/li>\n<li>Supporta la funzione cognitiva<\/li>\n<li>Supporta lo sviluppo cognitivo<\/li>\n<li>Supporta una pelle sana<\/li>\n<li>Supporta articolazioni sane<\/li>\n<li>Supporta tessuti connettivi sani<\/li>\n<li>Aumenta la salute visiva e oculare<\/li>\n<li>Mantiene il normale equilibrio infiammatorio<\/li>\n<\/ul>\n<p><span style=\"color: #0000ff;\"><a style=\"color: #0000ff;\" href=\"https:\/\/advancedsofttissuerelease.com\/it\/prodotto\/crema-antidolorifica-2\/\"><strong><span style=\"font-size: 12pt;\">Crema antidolorifica &gt;<\/span><\/strong><\/a><\/span><\/p>\n<div class=\"page\" title=\"Pagina 1\">\n<div class=\"section\">\n<p><strong>Per adulti e bambini<\/strong><\/p>\n<ul>\n<li>Supporta il sollievo dal dolore muscolare e articolare<\/li>\n<li>Supporta la guarigione delle ferite<\/li>\n<li>Supporta la normale salute della pelle e delle unghie<\/li>\n<li>Supporta una sana risposta infiammatoria<\/li>\n<li>Migliora la salute muscolo-scheletrica<\/li>\n<li>Vanta la salute delle articolazioni<\/li>\n<li>Aumenta il movimento articolare<\/li>\n<\/ul>\n<p><strong>La crema antidolorifica \u00e8 usata per:<\/strong><\/p>\n<ul>\n<li>Sollievo dal dolore<\/li>\n<li>Diminuire l&#039;infiammazione<\/li>\n<li>Artrite<\/li>\n<li>Cura delle ferite<\/li>\n<li>Eczema<\/li>\n<li>Acne<\/li>\n<li>Dermatite<\/li>\n<li>Psoriasi<\/li>\n<\/ul>\n<\/div>\n<\/div>\n<p style=\"text-align: center;\"><span style=\"font-size: 8pt;\">*Queste affermazioni non sono state valutate dalla Food and Drug Administration. Questo prodotto non ha lo scopo di diagnosticare, trattare, curare o prevenire alcuna malattia.<\/span><\/p>","protected":false},"excerpt":{"rendered":"<p><span class=\"\">Programma passo-passo che include suggerimenti per migliorare le prestazioni sportive,\u00a0<\/span><span class=\"\">piano nutrizionale, <\/span><span class=\"\">ricette, liste della spesa e integratori che ti aiuteranno ad affrontare l&#039;origine dei tuoi problemi di salute di base.<\/span><\/p>","protected":false},"featured_media":41491,"template":"","meta":{"_analytify_skip_tracking":false},"product_brand":[],"product_cat":[1782],"product_tag":[2252,2326,2253,1329,2250],"woo-feed-brand":[],"class_list":{"0":"post-14504","1":"product","2":"type-product","3":"status-publish","4":"has-post-thumbnail","6":"product_cat-health-supplement-kits","7":"product_tag-boosts-physical-function","8":"product_tag-collagen","9":"product_tag-enhances-workout-recovery-time","10":"product_tag-magnesium","11":"product_tag-sport-performance-kit","13":"first","14":"instock","15":"sale","16":"taxable","17":"shipping-taxable","18":"purchasable","19":"product-type-simple"},"exclude_global_add_ons":false,"addons":[{"name":"Crema antidolorifica per dolore, infiammazione e accelerare la guarigione","type":"checkbox","position":0,"required":true,"title_format":"heading","default":"","description_enable":false,"description":"","placeholder_enable":false,"placeholder":"","display":"select","restrictions_type":"any_text","adjust_price":false,"price":"","price_type":"flat_fee","restrictions":false,"min":"0","max":"0","options":[{"label":"Yes (save $10)","price":"39","price_type":"flat_fee","image":0,"visibility":true},{"label":"No","price":"","price_type":"flat_fee","image":0,"visibility":true}],"id":1714237321},{"name":"Do you own our tool kit? (A1, A2, A3, A4 & A5)","type":"multiple_choice","position":0,"required":true,"title_format":"heading","default":"","description_enable":false,"description":"","placeholder_enable":false,"placeholder":"","display":"radiobutton","restrictions_type":"any_text","adjust_price":false,"price":"","price_type":"flat_fee","restrictions":false,"min":"0","max":"0","options":[{"label":"Yes","price":"0","price_type":"flat_fee","image":0,"visibility":true},{"label":"No","price":"399","price_type":"flat_fee","image":0,"visibility":true}]}],"_links":{"self":[{"href":"https:\/\/advancedsofttissuerelease.com\/it\/wp-json\/wp\/v2\/product\/14504","targetHints":{"allow":["GET"]}}],"collection":[{"href":"https:\/\/advancedsofttissuerelease.com\/it\/wp-json\/wp\/v2\/product"}],"about":[{"href":"https:\/\/advancedsofttissuerelease.com\/it\/wp-json\/wp\/v2\/types\/product"}],"version-history":[{"count":0,"href":"https:\/\/advancedsofttissuerelease.com\/it\/wp-json\/wp\/v2\/product\/14504\/revisions"}],"wp:featuredmedia":[{"embeddable":true,"href":"https:\/\/advancedsofttissuerelease.com\/it\/wp-json\/wp\/v2\/media\/41491"}],"wp:attachment":[{"href":"https:\/\/advancedsofttissuerelease.com\/it\/wp-json\/wp\/v2\/media?parent=14504"}],"wp:term":[{"taxonomy":"product_brand","embeddable":true,"href":"https:\/\/advancedsofttissuerelease.com\/it\/wp-json\/wp\/v2\/product_brand?post=14504"},{"taxonomy":"product_cat","embeddable":true,"href":"https:\/\/advancedsofttissuerelease.com\/it\/wp-json\/wp\/v2\/product_cat?post=14504"},{"taxonomy":"product_tag","embeddable":true,"href":"https:\/\/advancedsofttissuerelease.com\/it\/wp-json\/wp\/v2\/product_tag?post=14504"},{"taxonomy":"woo-feed-brand","embeddable":true,"href":"https:\/\/advancedsofttissuerelease.com\/it\/wp-json\/wp\/v2\/woo-feed-brand?post=14504"}],"curies":[{"name":"wp","href":"https:\/\/api.w.org\/{rel}","templated":true}]}}