{"id":26026,"date":"2021-07-10T16:09:22","date_gmt":"2021-07-10T22:09:22","guid":{"rendered":"https:\/\/advancedsofttissuerelease.com\/?post_type=product&#038;p=26026"},"modified":"2026-01-16T15:01:11","modified_gmt":"2026-01-16T20:01:11","slug":"acn-certificazione-di-appartenenza-2","status":"publish","type":"product","link":"https:\/\/advancedsofttissuerelease.com\/it\/product\/acn-membership-certification\/","title":{"rendered":"Adesione e certificazione ACN"},"content":{"rendered":"<h1 style=\"text-align: center;\"><span style=\"color: #000000;\"><b>Abbonamento annuale del fornitore:<\/b><\/span><\/h1>\n<h2><span style=\"color: #000000;\"><b>Perch\u00e9 diventare un membro?<\/b><\/span><\/h2>\n<p>Il corso di ACN \u00e8 dinamico ed \u00e8 in continua evoluzione e avanza per soddisfare al meglio l&#039;esigenza della societ\u00e0 di alleviare il dolore in modo rapido, non invasivo ea lungo termine.<\/p>\n<p>In ASTR, il nostro team lavora instancabilmente per mantenere la sua posizione di specialit\u00e0 pi\u00f9 all&#039;avanguardia nel settore sanitario. Attraverso la ricerca e la sperimentazione, il nostro team sviluppa costantemente nuove teorie, metodologie, strumenti e dispositivi in modo che gli operatori sanitari possano apprendere gli approcci pi\u00f9 rapidi ed efficaci per il trattamento del dolore dei pazienti.<\/p>\n<h2><span style=\"color: #000000;\"><b>Vantaggi dell&#039;abbonamento annuale:<\/b><\/span><\/h2>\n<ul>\n<li>Accesso al Corso ACN: video, modulistica, protocolli e dispense<\/li>\n<li>Accesso a nuovi aggiornamenti sui corsi, ricerche e protocolli<\/li>\n<li>Accesso a 18.5 \u2013 27 CEU annuali<\/li>\n<li>Ricevi sconti extra <strong>fino a 15% spento<\/strong> per l&#039;acquisto di prodotti ASTR quali: strumenti, dispositivi, integratori, corsi, ecc.<\/li>\n<\/ul>\n<h2><span style=\"color: #000000;\"><b>Vantaggi della certificazione:<\/b><\/span><\/h2>\n<ul>\n<li>Potrai utilizzare il titolo di ACN accanto al tuo nome.<\/li>\n<li>Potrai commercializzare la tua certificazione ACN.<\/li>\n<li>Riceverai un certificato ACN wall da esporre nella tua clinica.<\/li>\n<\/ul>\n<h2><span style=\"color: #000000;\"><b>Prerequisiti:<\/b><\/span><\/h2>\n<p style=\"padding-left: 40px;\"><span style=\"color: #000000;\"><b>Adesione<\/b>:<\/span> Acquisto precedente di un corso online ACN o corso fisico frequentato.<\/p>\n<p style=\"padding-left: 40px;\"><span style=\"color: #000000;\"><b>Certificazione<\/b>:<\/span><\/p>\n<ul>\n<li style=\"list-style-type: none;\">\n<ul>\n<li>Completato e superato il test di ACN<\/li>\n<li>Ha frequentato il corso fisico o ricevuto <a href=\"https:\/\/advancedsofttissuerelease.com\/it\/prodotto\/formazione-privata-2\/\"><span style=\"color: #0000ff;\">1 ora<\/span> <\/a><a href=\"https:\/\/advancedsofttissuerelease.com\/it\/prodotto\/formazione-privata-2\/\"><span style=\"color: #0000ff;\">formazione privata &gt;<\/span><\/a><\/li>\n<li><a href=\"https:\/\/advancedsofttissuerelease.com\/it\/requisiti-certificato-acn-clinico-avanzato-nutrizionista-2\/\"><span style=\"color: #0000ff;\">Requisiti &gt;<\/span><\/a><\/li>\n<\/ul>\n<\/li>\n<\/ul>","protected":false},"excerpt":{"rendered":"<p>Annual Provider Subscription: Why Become a Member? ACN\u2019s Course is dynamic and is constantly changing and advancing to better meet society&#8217;s need for fast, non-invasive, long-term pain relief. At ASTR, our team works tirelessly to maintain its position as the most cutting-edge specialty in the healthcare industry. Through research and experimentation, our team is constantly [&hellip;]<\/p>\n","protected":false},"featured_media":7678,"template":"","meta":{"_analytify_skip_tracking":false},"product_brand":[],"product_cat":[221],"product_tag":[256,386,414,388,389,2010,387,247],"woo-feed-brand":[],"class_list":{"0":"post-26026","1":"product","2":"type-product","3":"status-publish","4":"has-post-thumbnail","6":"product_cat-provider-courses-tools","7":"product_tag-advanced-soft-tissue-release","8":"product_tag-astr-online-course","9":"product_tag-astr-tools","10":"product_tag-ceus","11":"product_tag-continue-education-course","12":"product_tag-diy-home-pain-relief","13":"product_tag-online-certification","14":"product_tag-online-courses","15":"product_shipping_class-no-shipping","17":"first","18":"instock","19":"featured","20":"purchasable","21":"product-type-variable-subscription"},"exclude_global_add_ons":[],"addons":[],"_links":{"self":[{"href":"https:\/\/advancedsofttissuerelease.com\/it\/wp-json\/wp\/v2\/product\/26026","targetHints":{"allow":["GET"]}}],"collection":[{"href":"https:\/\/advancedsofttissuerelease.com\/it\/wp-json\/wp\/v2\/product"}],"about":[{"href":"https:\/\/advancedsofttissuerelease.com\/it\/wp-json\/wp\/v2\/types\/product"}],"version-history":[{"count":0,"href":"https:\/\/advancedsofttissuerelease.com\/it\/wp-json\/wp\/v2\/product\/26026\/revisions"}],"wp:featuredmedia":[{"embeddable":true,"href":"https:\/\/advancedsofttissuerelease.com\/it\/wp-json\/wp\/v2\/media\/7678"}],"wp:attachment":[{"href":"https:\/\/advancedsofttissuerelease.com\/it\/wp-json\/wp\/v2\/media?parent=26026"}],"wp:term":[{"taxonomy":"product_brand","embeddable":true,"href":"https:\/\/advancedsofttissuerelease.com\/it\/wp-json\/wp\/v2\/product_brand?post=26026"},{"taxonomy":"product_cat","embeddable":true,"href":"https:\/\/advancedsofttissuerelease.com\/it\/wp-json\/wp\/v2\/product_cat?post=26026"},{"taxonomy":"product_tag","embeddable":true,"href":"https:\/\/advancedsofttissuerelease.com\/it\/wp-json\/wp\/v2\/product_tag?post=26026"},{"taxonomy":"woo-feed-brand","embeddable":true,"href":"https:\/\/advancedsofttissuerelease.com\/it\/wp-json\/wp\/v2\/woo-feed-brand?post=26026"}],"curies":[{"name":"wp","href":"https:\/\/api.w.org\/{rel}","templated":true}]}}