{"id":2671,"date":"2019-02-04T18:37:51","date_gmt":"2019-02-05T01:37:51","guid":{"rendered":"https:\/\/advancedsofttissuerelease.com\/?post_type=product&#038;p=2671"},"modified":"2026-01-16T14:59:53","modified_gmt":"2026-01-16T19:59:53","slug":"astr-certificazione-di-appartenenza-2","status":"publish","type":"product","link":"https:\/\/advancedsofttissuerelease.com\/it\/product\/astr-membership-certification\/","title":{"rendered":"Iscrizione e certificazione ASTR"},"content":{"rendered":"<h1 style=\"text-align: center;\"><span style=\"color: #000000;\"><b>Abbonamento annuale del fornitore:<\/b><\/span><\/h1>\n<h2><span style=\"color: #000000;\"><b>Perch\u00e9 diventare un membro?<\/b><\/span><\/h2>\n<p>La specialit\u00e0 di ASTR \u00e8 dinamica ed \u00e8 in continua evoluzione e avanza per soddisfare meglio l&#039;esigenza della societ\u00e0 di alleviare il dolore in modo rapido, non invasivo ea lungo termine.<\/p>\n<p>In ASTR, il nostro team lavora instancabilmente per mantenere la sua posizione di specialit\u00e0 pi\u00f9 all&#039;avanguardia nel settore sanitario. Attraverso la ricerca e la sperimentazione, il nostro team sviluppa costantemente nuove teorie, metodologie, strumenti e dispositivi in modo che gli operatori sanitari possano apprendere gli approcci pi\u00f9 rapidi ed efficaci per il trattamento del dolore dei pazienti.<\/p>\n<h2><span style=\"color: #000000;\"><b>Vantaggi dell&#039;abbonamento annuale:<\/b><\/span><\/h2>\n<ul>\n<li>Accesso al corso online completo di ASTR: video, modulistica, protocolli e dispense<\/li>\n<li>Accesso a nuovi prodotti, ricerche e protocolli<\/li>\n<li>Accesso a 18.5 \u2013 27 CEU annuali<\/li>\n<li>Ricevi sconti extra <strong>fino a 15% spento<\/strong> per l&#039;acquisto di prodotti ASTR quali: strumenti, dispositivi, integratori, corsi, ecc.<\/li>\n<\/ul>\n<h2><span style=\"color: #000000;\"><b>Vantaggi della certificazione:<\/b><\/span><\/h2>\n<ul>\n<li>Potrai utilizzare il titolo di ASTR accanto al tuo nome.<\/li>\n<li>Sarai in grado di commercializzare che sei certificato in ASTR.<\/li>\n<li>Riceverai un certificato ASTR wall da esporre nella tua clinica.<\/li>\n<\/ul>\n<h2><span style=\"color: #000000;\"><b>Prerequisiti:<\/b><\/span><\/h2>\n<p style=\"padding-left: 40px;\"><span style=\"color: #000000;\"><b>Adesione<\/b>:<\/span> Acquisto precedente del corso online completo ASTR o corso fisico frequentato e set di strumenti acquistato.<\/p>\n<p style=\"padding-left: 40px;\"><span style=\"color: #000000;\"><b>Certificazione<\/b>:<\/span><\/p>\n<ul>\n<li style=\"list-style-type: none;\">\n<ul>\n<li>Acquisto precedente di set di strumenti completo e MagnaHeal<\/li>\n<li>Completato e superato il test del corso completo di ASTR<\/li>\n<li>Ha frequentato il corso fisico o ricevuto <a href=\"https:\/\/advancedsofttissuerelease.com\/it\/prodotto\/formazione-privata-2\/\"><span style=\"color: #0000ff;\">1 ora<\/span> <\/a><a href=\"https:\/\/advancedsofttissuerelease.com\/it\/prodotto\/formazione-privata-2\/\"><span style=\"color: #0000ff;\">formazione privata &gt;<\/span><\/a><\/li>\n<li><span style=\"color: #0000ff;\"><a style=\"color: #0000ff;\" href=\"https:\/\/advancedsofttissuerelease.com\/it\/what-is-astr-provider\/eleggibilita-2\/\" target=\"_blank\" rel=\"noopener\">Requisiti &gt;<\/a><\/span><\/li>\n<\/ul>\n<\/li>\n<\/ul>","protected":false},"excerpt":{"rendered":"<p>Annual Provider Subscription: Why Become a Member? ASTR\u2019s specialty is dynamic and is constantly changing and advancing to better meet society&#8217;s need for fast, non-invasive, long-term pain relief. At ASTR, our team works tirelessly to maintain its position as the most cutting-edge specialty in the healthcare industry. Through research and experimentation, our team is constantly [&hellip;]<\/p>\n","protected":false},"featured_media":3330,"template":"","meta":{"_analytify_skip_tracking":false},"product_brand":[],"product_cat":[221],"product_tag":[256,386,414,388,389,2010,387,247],"woo-feed-brand":[],"class_list":{"0":"post-2671","1":"product","2":"type-product","3":"status-publish","4":"has-post-thumbnail","6":"product_cat-provider-courses-tools","7":"product_tag-advanced-soft-tissue-release","8":"product_tag-astr-online-course","9":"product_tag-astr-tools","10":"product_tag-ceus","11":"product_tag-continue-education-course","12":"product_tag-diy-home-pain-relief","13":"product_tag-online-certification","14":"product_tag-online-courses","15":"product_shipping_class-no-shipping","17":"first","18":"instock","19":"featured","20":"purchasable","21":"product-type-variable-subscription"},"exclude_global_add_ons":[],"addons":[],"_links":{"self":[{"href":"https:\/\/advancedsofttissuerelease.com\/it\/wp-json\/wp\/v2\/product\/2671","targetHints":{"allow":["GET"]}}],"collection":[{"href":"https:\/\/advancedsofttissuerelease.com\/it\/wp-json\/wp\/v2\/product"}],"about":[{"href":"https:\/\/advancedsofttissuerelease.com\/it\/wp-json\/wp\/v2\/types\/product"}],"version-history":[{"count":0,"href":"https:\/\/advancedsofttissuerelease.com\/it\/wp-json\/wp\/v2\/product\/2671\/revisions"}],"wp:featuredmedia":[{"embeddable":true,"href":"https:\/\/advancedsofttissuerelease.com\/it\/wp-json\/wp\/v2\/media\/3330"}],"wp:attachment":[{"href":"https:\/\/advancedsofttissuerelease.com\/it\/wp-json\/wp\/v2\/media?parent=2671"}],"wp:term":[{"taxonomy":"product_brand","embeddable":true,"href":"https:\/\/advancedsofttissuerelease.com\/it\/wp-json\/wp\/v2\/product_brand?post=2671"},{"taxonomy":"product_cat","embeddable":true,"href":"https:\/\/advancedsofttissuerelease.com\/it\/wp-json\/wp\/v2\/product_cat?post=2671"},{"taxonomy":"product_tag","embeddable":true,"href":"https:\/\/advancedsofttissuerelease.com\/it\/wp-json\/wp\/v2\/product_tag?post=2671"},{"taxonomy":"woo-feed-brand","embeddable":true,"href":"https:\/\/advancedsofttissuerelease.com\/it\/wp-json\/wp\/v2\/woo-feed-brand?post=2671"}],"curies":[{"name":"wp","href":"https:\/\/api.w.org\/{rel}","templated":true}]}}