{"id":2940,"date":"2019-02-26T22:37:23","date_gmt":"2019-02-27T06:37:23","guid":{"rendered":"https:\/\/advancedsofttissuerelease.com\/?post_type=product&#038;p=2940"},"modified":"2024-11-06T21:28:03","modified_gmt":"2024-11-07T02:28:03","slug":"pro-enzima-2","status":"publish","type":"product","link":"https:\/\/advancedsofttissuerelease.com\/it\/product\/pro-enzyme\/","title":{"rendered":"Pro-enzima"},"content":{"rendered":"<h1>Pro-enzima<\/h1>\n<ul>\n<li>Supporta il normale equilibrio infiammatorio<\/li>\n<li>Supporta il recupero dall&#039;esercizio e dallo stress fisico<\/li>\n<li>Supporta la salute dei vasi sanguigni<\/li>\n<li>Supporta la salute cardiovascolare<\/li>\n<li>Supporta la salute e la mobilit\u00e0 delle articolazioni<\/li>\n<li>Supporta un sano equilibrio del sistema immunitario<\/li>\n<li>Supporta la capacit\u00e0 di guarire e mantenere l&#039;integrit\u00e0 dei tessuti<\/li>\n<\/ul>\n<p>L&#039;integratore ASTR Pro-Enzymes supporta la salute e la mobilit\u00e0 delle articolazioni, un sano equilibrio del sistema immunitario e la capacit\u00e0 di guarire e mantenere l&#039;integrit\u00e0 dei tessuti. I pro-enzimi influenzano l&#039;equilibrio delle citochine e degli eicosanoidi e possono scomporre proteine e complessi che derivano da lesioni e danni ai tessuti; aiutando nella fornitura di nutrienti e ossigeno al fine di accelerare il recupero.*<\/p>\n<p><strong>NON CONTIENE:\u00a0<\/strong>coloranti artificiali, dolcificanti artificiali o conservanti artificiali.<\/p>\n<p style=\"text-align: center;\"><span style=\"font-size: 8pt;\">*Queste affermazioni non sono state valutate dalla Food and Drug Administration. Questo prodotto non ha lo scopo di diagnosticare, trattare, curare o prevenire alcuna malattia.\u00a0<\/span><\/p>","protected":false},"excerpt":{"rendered":"<p>Pro-Enzyme Supports normal inflammatory balance Supports recovery from exercise and physical stress Support blood vessel health Support cardiovascular health Supports joint health and mobility Supports healthy immune system balance Supports ability to heal and maintain tissue integrity The ASTR Pro-Enzymes Supplement supports joint health and mobility, healthy immune system balance, and the ability to heal [&hellip;]<\/p>\n","protected":false},"featured_media":9643,"template":"","meta":{"_analytify_skip_tracking":false},"product_brand":[],"product_cat":[515],"product_tag":[521,564,565,534,562,560,561,567,559,566,563],"woo-feed-brand":[],"class_list":{"0":"post-2940","1":"product","2":"type-product","3":"status-publish","4":"has-post-thumbnail","6":"product_cat-supplements","7":"product_tag-astr-supplement","8":"product_tag-cytokine","9":"product_tag-eicosanoid","10":"product_tag-immune-system","11":"product_tag-immune-system-balance","12":"product_tag-joint-health","13":"product_tag-joint-mobility","14":"product_tag-nutrient-delivery","15":"product_tag-pro-enzyme","16":"product_tag-tissue-damage","17":"product_tag-tissue-integrity","18":"product_shipping_class-regular-shipping","20":"first","21":"instock","22":"taxable","23":"shipping-taxable","24":"purchasable","25":"product-type-variable-subscription"},"exclude_global_add_ons":[],"addons":[],"_links":{"self":[{"href":"https:\/\/advancedsofttissuerelease.com\/it\/wp-json\/wp\/v2\/product\/2940","targetHints":{"allow":["GET"]}}],"collection":[{"href":"https:\/\/advancedsofttissuerelease.com\/it\/wp-json\/wp\/v2\/product"}],"about":[{"href":"https:\/\/advancedsofttissuerelease.com\/it\/wp-json\/wp\/v2\/types\/product"}],"version-history":[{"count":0,"href":"https:\/\/advancedsofttissuerelease.com\/it\/wp-json\/wp\/v2\/product\/2940\/revisions"}],"wp:featuredmedia":[{"embeddable":true,"href":"https:\/\/advancedsofttissuerelease.com\/it\/wp-json\/wp\/v2\/media\/9643"}],"wp:attachment":[{"href":"https:\/\/advancedsofttissuerelease.com\/it\/wp-json\/wp\/v2\/media?parent=2940"}],"wp:term":[{"taxonomy":"product_brand","embeddable":true,"href":"https:\/\/advancedsofttissuerelease.com\/it\/wp-json\/wp\/v2\/product_brand?post=2940"},{"taxonomy":"product_cat","embeddable":true,"href":"https:\/\/advancedsofttissuerelease.com\/it\/wp-json\/wp\/v2\/product_cat?post=2940"},{"taxonomy":"product_tag","embeddable":true,"href":"https:\/\/advancedsofttissuerelease.com\/it\/wp-json\/wp\/v2\/product_tag?post=2940"},{"taxonomy":"woo-feed-brand","embeddable":true,"href":"https:\/\/advancedsofttissuerelease.com\/it\/wp-json\/wp\/v2\/woo-feed-brand?post=2940"}],"curies":[{"name":"wp","href":"https:\/\/api.w.org\/{rel}","templated":true}]}}