{"id":37804,"date":"2022-04-25T11:56:52","date_gmt":"2022-04-25T17:56:52","guid":{"rendered":"https:\/\/advancedsofttissuerelease.com\/?post_type=product&#038;p=37804"},"modified":"2024-10-05T12:08:17","modified_gmt":"2024-10-05T16:08:17","slug":"kit-di-supporto-alla-fertilita-2","status":"publish","type":"product","link":"https:\/\/advancedsofttissuerelease.com\/it\/product\/fertility-support-kit\/","title":{"rendered":"Kit di supporto per la fertilit\u00e0"},"content":{"rendered":"<h1><span style=\"font-size: 12pt; color: #333333;\"><strong>Kit integratore di supporto alla fertilit\u00e0<\/strong><\/span><\/h1>\n<p>In questo programma passo passo, il Dr. Jacobs ti mostrer\u00e0 come implementare in modo rapido ed efficace la dieta di ASTR con il nostro kit di integratori per il supporto della fertilit\u00e0 per un supporto ottimale della fertilit\u00e0 per uomini e donne. Se desideri mantenere una salute e una fertilit\u00e0 ottimali, questo kit \u00e8 un ottimo inizio!<\/p>\n<h2><span style=\"color: #333333;\"><strong>Include il kit di integratori per il supporto della fertilit\u00e0<\/strong><\/span><\/h2>\n<ol>\n<li><span style=\"color: #333333;\">B Attivo<\/span><\/li>\n<li>Coq 10 attivo<\/li>\n<li>K2 e D3 completi<\/li>\n<li>Omega attivo<\/li>\n<li>Vitamina C e bioflavonoidi<\/li>\n<li>Iodio attivo<\/li>\n<li><span style=\"color: #333333;\">Dieta antinfiammatoria, comprese le ricette<\/span><\/li>\n<\/ol>\n<p><span style=\"color: #0000ff;\"><a style=\"color: #0000ff;\" href=\"https:\/\/advancedsofttissuerelease.com\/it\/prodotto\/b-attivo-2\/\"><strong>B Attivo &gt;<\/strong><\/a><\/span><\/p>\n<ul>\n<li><span style=\"color: #333333;\">Supporta il metabolismo dei carboidrati<\/span><\/li>\n<li><span style=\"color: #333333;\">Supporta il funzionamento del sistema nervoso<\/span><\/li>\n<li><span style=\"color: #333333;\">Supporta il funzionamento del sistema surrenale<\/span><\/li>\n<li><span style=\"color: #333333;\">Supporta il funzionamento del sistema immunitario<\/span><\/li>\n<li><span style=\"color: #333333;\">Supporta la salute cardiovascolare<\/span><\/li>\n<li><span style=\"color: #333333;\">Protegge dalle carenze alimentari<\/span><\/li>\n<li><span style=\"color: #333333;\">Protegge dall&#039;esaurimento dei nutrienti indotto dallo stress<\/span><\/li>\n<li><span style=\"color: #333333;\">Supporta una sana funzione mentale e umore<\/span><\/li>\n<\/ul>\n<p><span style=\"color: #333333;\">L&#039;integratore attivo ASTR B aiuta a supportare il metabolismo dei carboidrati, il funzionamento del sistema nervoso\/surrenale\/immunitario, la salute cardiovascolare e il funzionamento mentale e l&#039;umore sani. B Active contiene l&#039;intero spettro delle vitamine del gruppo B; forme attivate di B2, B6 e B12; e folato.*<\/span><\/p>\n<p><a href=\"https:\/\/advancedsofttissuerelease.com\/it\/prodotto\/vitamina-c-e-bioflavonoidi-2\/\"><strong><span style=\"color: #0000ff;\">Vitamina C &amp;\u00a0<span style=\"caret-color: #0000ff;\">Bioflavonoidi<\/span>\u00a0 &gt;\u00a0<\/span><\/strong><\/a><\/p>\n<ul>\n<li>Formula di vitamina C ad alta potenza<\/li>\n<li>Supporta il sistema immunitario<\/li>\n<li>Supporta i sistemi antiossidanti<\/li>\n<li>Supporta la sintesi dei vasi sanguigni<\/li>\n<li>Supporta la produzione di collagene<\/li>\n<li>Supporta la produzione di carnitina<\/li>\n<li>Supporta la produzione di neurotrasmettitori<\/li>\n<\/ul>\n<p>La vitamina C e i bioflavonoidi combinano la vitamina C ad alta potenza con un complesso di bioflavonoidi di agrumi standardizzato a spettro completo. Sia la vitamina C che i bioflavonoidi sono stati ampiamente studiati per i loro ruoli nel supporto della funzione antiossidante e immunitaria. Inoltre, la ricerca indica che la vitamina C \u00e8 necessaria per la sintesi di collagene, neurotrasmettitori e carnitina. I bioflavonoidi sembrano supportare il metabolismo e la cognizione sani funzionando come agenti di segnalazione cellulare.*<\/p>\n<p><span style=\"color: #0000ff;\"><a style=\"color: #0000ff;\" href=\"https:\/\/advancedsofttissuerelease.com\/it\/prodotto\/coq-10-attivo\/\"><strong>CoQ 10 Attivo &gt;<\/strong><\/a><\/span><\/p>\n<ul>\n<li>Supporta la generazione naturale di energia<\/li>\n<li>Supporta il funzionamento mitocondriale<\/li>\n<li>Supporta la salute del plasma e dei tessuti<\/li>\n<li>Supporta la salute e il funzionamento del sistema cardiovascolare<\/li>\n<li>Supporta la salute neuromuscolare<\/li>\n<li>Supporta il funzionamento del sistema nervoso centrale<\/li>\n<\/ul>\n<p>L&#039;integratore ASTR CoQ 10 supporta la generazione naturale di energia e la salute mitocondriale, il funzionamento sano del sistema cardiovascolare e la salute del sistema nervoso centrale e neuromuscolare. \u00c8 stato clinicamente dimostrato che ASTR CoQ 10 \u00e8 pi\u00f9 assorbibile per un utilizzo ottimale a sostegno delle esigenze di salute cardiovascolare e basate sull&#039;energia.<\/p>\n<p><span style=\"color: #0000ff;\"><a style=\"color: #0000ff;\" href=\"https:\/\/advancedsofttissuerelease.com\/it\/prodotto\/k2-d3-completo-2\/\"><strong>K2 e D3 completi &gt;<\/strong><\/a><\/span><\/p>\n<ul>\n<li>Supporta una sana circolazione sanguigna<\/li>\n<li>Promuove la salute ottimale delle ossa<\/li>\n<li>Favorisce la corretta conservazione del calcio<\/li>\n<li>Mantiene una sana funzione cardiometabolica<\/li>\n<li>Supporta l&#039;elasticit\u00e0 arteriosa<\/li>\n<li>Stimola la funzione immunitaria<\/li>\n<li>Supporta un sano equilibrio di calcio<\/li>\n<li>Supporta l&#039;equilibrio della glicemia<\/li>\n<\/ul>\n<div class=\"page\" title=\"Pagina 1\">\n<div class=\"section\">\n<div class=\"layoutArea\">\n<div class=\"column\">\n<p>La ricerca attuale ha rilevato che l&#039;integrazione ad alta concentrazione di K2, a 180 mcg\/die, si traduce in risultati clinici migliori rispetto all&#039;integrazione a dose inferiore*. K2 &amp; D3 complete fornisce 180 mcg di MenaQ7\u00ae PRO, la forma di vitamina K2 pi\u00f9 studiata come MK-7, insieme a 5.000 UI di vitamina D3 per un supporto ottimale delle ossa e della salute cardiovascolare.<\/p>\n<\/div>\n<\/div>\n<\/div>\n<\/div>\n<p><span style=\"color: #0000ff;\"><a style=\"color: #0000ff;\" href=\"https:\/\/advancedsofttissuerelease.com\/it\/prodotto\/omega-attivo-2\/\"><strong><span style=\"font-size: 12pt;\">Omega Attivo &gt;<\/span><\/strong><\/a><\/span><\/p>\n<ul>\n<li>Supporta la salute cardiovascolare<\/li>\n<li>Supporta il metabolismo della glicemia<\/li>\n<li>Supporta la funzione cognitiva<\/li>\n<li>Supporta lo sviluppo cognitivo<\/li>\n<li>Supporta una pelle sana<\/li>\n<li>Supporta articolazioni sane<\/li>\n<li>Supporta tessuti connettivi sani<\/li>\n<li>Aumenta la salute visiva e oculare<\/li>\n<li>Mantiene il normale equilibrio infiammatorio<\/li>\n<\/ul>\n<p><span style=\"color: #0000ff;\"><a style=\"color: #0000ff;\" href=\"https:\/\/advancedsofttissuerelease.com\/it\/prodotto\/iodio-attivo\/\"><strong><span style=\"font-size: 12pt;\">Iodio Attivo &gt;<\/span><\/strong><\/a><\/span><\/p>\n<ul>\n<li>Supporta la salute della tiroide<\/li>\n<li>Aiuta a mantenere sano il tessuto mammario<\/li>\n<li>Supporta la sintesi sana degli ormoni tiroidei<\/li>\n<li>Ridurre lo stress ossidativo<\/li>\n<li>Supporta occhi sani<\/li>\n<li>Supporta un sano rivestimento gastrointestinale<\/li>\n<li>Antiossidante<\/li>\n<\/ul>\n<div class=\"page\" title=\"Pagina 1\">\n<div class=\"section\">\n<div class=\"layoutArea\">\n<div class=\"column\">\n<p>Formula di iodio e selenio per una funzione ottimale della ghiandola tiroidea<\/p>\n<\/div>\n<\/div>\n<\/div>\n<\/div>\n<p style=\"text-align: center;\"><span style=\"font-size: 8pt; color: #333333;\">*Queste affermazioni non sono state valutate dalla Food and Drug Administration. Questo prodotto non ha lo scopo di diagnosticare, trattare, curare o prevenire alcuna malattia.\u00a0<\/span><\/p>","protected":false},"excerpt":{"rendered":"<p>Programma passo passo che include consigli per la salute, piano nutrizionale, ricette, liste della spesa e integratori che ti aiuteranno ad affrontare l&#039;origine dei tuoi problemi di salute sottostanti.<\/p>","protected":false},"featured_media":37810,"template":"","meta":{"_analytify_skip_tracking":false},"product_brand":[],"product_cat":[1782],"product_tag":[604,2344,2342,2341,2343],"woo-feed-brand":[],"class_list":{"0":"post-37804","1":"product","2":"type-product","3":"status-publish","4":"has-post-thumbnail","6":"product_cat-health-supplement-kits","7":"product_tag-coq-10","8":"product_tag-fertility-diet","9":"product_tag-fertility-suplements","10":"product_tag-fertility-support","11":"product_tag-fertility-vitamins","12":"product_shipping_class-regular-shipping","14":"first","15":"instock","16":"sale","17":"taxable","18":"shipping-taxable","19":"purchasable","20":"product-type-simple"},"exclude_global_add_ons":[],"addons":[],"_links":{"self":[{"href":"https:\/\/advancedsofttissuerelease.com\/it\/wp-json\/wp\/v2\/product\/37804","targetHints":{"allow":["GET"]}}],"collection":[{"href":"https:\/\/advancedsofttissuerelease.com\/it\/wp-json\/wp\/v2\/product"}],"about":[{"href":"https:\/\/advancedsofttissuerelease.com\/it\/wp-json\/wp\/v2\/types\/product"}],"version-history":[{"count":0,"href":"https:\/\/advancedsofttissuerelease.com\/it\/wp-json\/wp\/v2\/product\/37804\/revisions"}],"wp:featuredmedia":[{"embeddable":true,"href":"https:\/\/advancedsofttissuerelease.com\/it\/wp-json\/wp\/v2\/media\/37810"}],"wp:attachment":[{"href":"https:\/\/advancedsofttissuerelease.com\/it\/wp-json\/wp\/v2\/media?parent=37804"}],"wp:term":[{"taxonomy":"product_brand","embeddable":true,"href":"https:\/\/advancedsofttissuerelease.com\/it\/wp-json\/wp\/v2\/product_brand?post=37804"},{"taxonomy":"product_cat","embeddable":true,"href":"https:\/\/advancedsofttissuerelease.com\/it\/wp-json\/wp\/v2\/product_cat?post=37804"},{"taxonomy":"product_tag","embeddable":true,"href":"https:\/\/advancedsofttissuerelease.com\/it\/wp-json\/wp\/v2\/product_tag?post=37804"},{"taxonomy":"woo-feed-brand","embeddable":true,"href":"https:\/\/advancedsofttissuerelease.com\/it\/wp-json\/wp\/v2\/woo-feed-brand?post=37804"}],"curies":[{"name":"wp","href":"https:\/\/api.w.org\/{rel}","templated":true}]}}