{"id":4733,"date":"2019-06-12T11:34:29","date_gmt":"2019-06-12T17:34:29","guid":{"rendered":"https:\/\/advancedsofttissuerelease.com\/?post_type=product&#038;p=4733"},"modified":"2025-09-23T20:47:35","modified_gmt":"2025-09-24T00:47:35","slug":"programma-snello-2","status":"publish","type":"product","link":"https:\/\/advancedsofttissuerelease.com\/it\/product\/lean-program\/","title":{"rendered":"Programma e integratori Lean"},"content":{"rendered":"<div dir=\"ltr\">\n<h1><strong><span class=\"\" style=\"font-size: 12pt; color: #333333;\">Programma Lean &amp; Integratori<\/span><\/strong><\/h1>\n<p><span class=\"\" style=\"color: #333333;\">Il programma Lean di ASTR \u00e8 un approccio scientifico aggiornato basato su centinaia di studi incentrati sul modo migliore per perdere peso attraverso l&#039;integrazione, la dieta e la modifica del comportamento. Questo \u00e8 un piano dietetico passo dopo passo che include la creazione di una lista della spesa, campioni di ricette, ricette per la cura di s\u00e9, istruzioni video su come implementare il programma magro e un manuale passo dopo passo.<\/span><\/p>\n<\/div>\n<h2><span class=\"\" style=\"font-size: 12pt; color: #333333;\"><b class=\"\">Quali condizioni\/pazienti trarrebbero maggior beneficio dal programma Lean di ASTR?<\/b><\/span><\/h2>\n<ul>\n<li><span class=\"\" style=\"color: #333333;\">Diabetici\/prediabetici\/insulino-resistenti<\/span><\/li>\n<li><span class=\"\" style=\"color: #333333;\">Stanchezza cronica\/bassa energia<\/span><\/li>\n<li><span class=\"\" style=\"color: #333333;\">Peso in eccesso<\/span><\/li>\n<li><span class=\"\" style=\"color: #333333;\">Alta pressione sanguigna<\/span><\/li>\n<li><span class=\"\" style=\"color: #333333;\">Alti livelli di trigliceridi<\/span><\/li>\n<li><span class=\"\" style=\"color: #333333;\">Colesterolo alto<\/span><\/li>\n<li><span style=\"color: #333333;\">Sindrome X<\/span><\/li>\n<\/ul>\n<p><span style=\"color: #333333;\"><b>Cosa \u00e8 incluso:<\/b><\/span><\/p>\n<ul>\n<li><span style=\"color: #333333;\">Video di istruzioni<\/span><\/li>\n<li><span style=\"color: #333333;\">Esempi di ricette<span class=\"Apple-converted-space\">\u00a0<\/span><\/span><\/li>\n<li><span style=\"color: #333333;\">Piani dei pasti<\/span><\/li>\n<li><span style=\"color: #333333;\">Manuale snello ASTR<\/span><\/li>\n<li><span style=\"color: #333333;\">Integratori<\/span>\n<ul>\n<li><span style=\"color: #333333;\">Collagene attivo<\/span><\/li>\n<li><span style=\"color: #333333;\">B-attivo<\/span><\/li>\n<li><span style=\"color: #333333;\">Iodio attivo<\/span><\/li>\n<li><span style=\"color: #333333;\">Probiotico Max<\/span><\/li>\n<\/ul>\n<\/li>\n<\/ul>\n<p><span style=\"color: #333333;\"><b>Supplementi:<span class=\"Apple-converted-space\">\u00a0<\/span><\/b><\/span><\/p>\n<p><a href=\"https:\/\/advancedsofttissuerelease.com\/it\/prodotto\/collagene-attivo-2\/\"><strong>Collagene Attivo &gt;<\/strong><\/a><\/p>\n<ul>\n<li>Supporta il processo di autoriparazione della cartilagine<\/li>\n<li>Supporta il processo di autoriparazione del tendine<\/li>\n<li>Supporta il processo di autoriparazione dei legamenti<\/li>\n<li>Supporta il processo di autoriparazione della fascia<\/li>\n<li>Supporta capelli sani<\/li>\n<li>Supporta una pelle sana<\/li>\n<li>Supporta unghie sane<\/li>\n<li>Supporta la lubrificazione articolare<\/li>\n<li>Supporta l&#039;ammortizzazione articolare<\/li>\n<li>Promuove la biosintesi del tessuto connettivo<\/li>\n<\/ul>\n<div class=\"page\" title=\"Pagina 1\">\n<div class=\"section\">\n<div class=\"layoutArea\">\n<div class=\"column\">\n<p>Il collagene \u00e8 un elemento cruciale di pelle, capelli, unghie, articolazioni e tessuto connettivo. Collagene Contenuti attivi: vitamina c, magnesio, collagene di tipo 1, acido ialuronico, idrolizzato di gelatina. Il collagene attivo supporta la funzionalit\u00e0 sana della cartilagine, dei tendini, dei legamenti, della fascia e delle articolazioni.<\/p>\n<\/div>\n<\/div>\n<\/div>\n<\/div>\n<p><a href=\"https:\/\/advancedsofttissuerelease.com\/it\/prodotto\/b-attivo-2\/\"><strong>B Attivo &gt;<\/strong><\/a><\/p>\n<ul>\n<li><span style=\"color: #333333;\">Supporta il metabolismo dei carboidrati<\/span><\/li>\n<li><span style=\"color: #333333;\">Supporta il funzionamento del sistema nervoso<\/span><\/li>\n<li><span style=\"color: #333333;\">Supporta il funzionamento del sistema surrenale<\/span><\/li>\n<li><span style=\"color: #333333;\">Supporta il funzionamento del sistema immunitario<\/span><\/li>\n<li><span style=\"color: #333333;\">Supporta la salute cardiovascolare<\/span><\/li>\n<li><span style=\"color: #333333;\">Supporta una sana funzione mentale e umore<\/span><\/li>\n<\/ul>\n<p><span style=\"color: #333333;\">L&#039;integratore attivo ASTR B aiuta a supportare il metabolismo dei carboidrati, il funzionamento del sistema nervoso\/surrenale\/immunitario, la salute cardiovascolare e il funzionamento mentale e l&#039;umore sani. B Active contiene l&#039;intero spettro delle vitamine del gruppo B; forme attivate di B2, B6 e B12; benfotiamina; e folato.*<\/span><\/p>\n<p><a href=\"https:\/\/advancedsofttissuerelease.com\/it\/prodotto\/iodio-attivo\/\"><strong>Iodio Attivo &gt;<\/strong><\/a><\/p>\n<ul>\n<li>Supporta la salute della tiroide<\/li>\n<li>Aiuta a mantenere sano il tessuto mammario<\/li>\n<li>Supporta la sintesi sana degli ormoni tiroidei<\/li>\n<li>Ridurre lo stress ossidativo<\/li>\n<li>Supporta occhi sani<\/li>\n<li>Supporta il sistema immunitario<\/li>\n<li>Supporta il processo di disintossicazione<\/li>\n<li>Supporta un sano rivestimento gastrointestinale<\/li>\n<li>Antiossidante<\/li>\n<\/ul>\n<p><a href=\"https:\/\/advancedsofttissuerelease.com\/it\/prodotto\/probiotico-max-2\/\"><strong>Probiotico Max \u2013 18 Ceppi&gt;<\/strong><\/a><\/p>\n<ul>\n<li><span style=\"color: #333333;\">Supporta un microbiota sano<\/span><\/li>\n<li><span style=\"color: #333333;\">Supporta la risposta immunitaria naturale<\/span><\/li>\n<li><span style=\"color: #333333;\">Supporta la digestione del lattosio<\/span><\/li>\n<li><span style=\"color: #333333;\">Supporta la regolarit\u00e0 intestinale<\/span><\/li>\n<li><span style=\"color: #333333;\">Supporta un microbioma intestinale sano<\/span><\/li>\n<li><span style=\"color: #333333;\">Selezionato per la sua vitalit\u00e0 e stabilit\u00e0<\/span><\/li>\n<\/ul>\n<p><span style=\"color: #333333;\">L&#039;integratore ASTR Probiotic Max supporta un microbiota sano, la risposta immunitaria naturale, la digestione del lattosio e la regolarit\u00e0 intestinale. Probiotic Max Strain presenta diversi ceppi probiotici per supportare un microbioma intestinale sano. Questi ceppi non sono stati selezionati solo per i loro benefici per la salute e le azioni complementari, ma anche per la loro vitalit\u00e0 e stabilit\u00e0. Per proteggere i batteri dalla luce e dall&#039;umidit\u00e0, per entrambe le formule viene utilizzata una confezione opaca e foderata di alluminio.*<\/span><\/p>\n<p style=\"text-align: center;\"><span style=\"color: #333333; font-size: 8pt;\">Queste affermazioni non sono state valutate dalla Food and Drug Administration. Questo prodotto non ha lo scopo di diagnosticare, trattare, curare o prevenire alcuna malattia.<\/span><\/p>","protected":false},"excerpt":{"rendered":"<p><span class=\"\">Programma passo-passo che include suggerimenti per il supporto snello,\u00a0<\/span><span class=\"\">piano nutrizionale, <\/span><span class=\"\">ricette, liste della spesa e integratori che ti aiuteranno ad affrontare l&#039;origine dei tuoi problemi di salute di base.<\/span><\/p>","protected":false},"featured_media":44089,"template":"","meta":{"_analytify_skip_tracking":false},"product_brand":[],"product_cat":[1782],"product_tag":[1247,1246,1938,1939],"woo-feed-brand":[],"class_list":{"0":"post-4733","1":"product","2":"type-product","3":"status-publish","4":"has-post-thumbnail","6":"product_cat-health-supplement-kits","7":"product_tag-lean-program","8":"product_tag-weight-loss","9":"product_tag-weight-loss-supplements","10":"product_tag-weight-management-program","11":"product_shipping_class-regular-shipping","13":"first","14":"instock","15":"sale","16":"featured","17":"taxable","18":"shipping-taxable","19":"purchasable","20":"product-type-simple"},"exclude_global_add_ons":[],"addons":[],"_links":{"self":[{"href":"https:\/\/advancedsofttissuerelease.com\/it\/wp-json\/wp\/v2\/product\/4733","targetHints":{"allow":["GET"]}}],"collection":[{"href":"https:\/\/advancedsofttissuerelease.com\/it\/wp-json\/wp\/v2\/product"}],"about":[{"href":"https:\/\/advancedsofttissuerelease.com\/it\/wp-json\/wp\/v2\/types\/product"}],"version-history":[{"count":0,"href":"https:\/\/advancedsofttissuerelease.com\/it\/wp-json\/wp\/v2\/product\/4733\/revisions"}],"wp:featuredmedia":[{"embeddable":true,"href":"https:\/\/advancedsofttissuerelease.com\/it\/wp-json\/wp\/v2\/media\/44089"}],"wp:attachment":[{"href":"https:\/\/advancedsofttissuerelease.com\/it\/wp-json\/wp\/v2\/media?parent=4733"}],"wp:term":[{"taxonomy":"product_brand","embeddable":true,"href":"https:\/\/advancedsofttissuerelease.com\/it\/wp-json\/wp\/v2\/product_brand?post=4733"},{"taxonomy":"product_cat","embeddable":true,"href":"https:\/\/advancedsofttissuerelease.com\/it\/wp-json\/wp\/v2\/product_cat?post=4733"},{"taxonomy":"product_tag","embeddable":true,"href":"https:\/\/advancedsofttissuerelease.com\/it\/wp-json\/wp\/v2\/product_tag?post=4733"},{"taxonomy":"woo-feed-brand","embeddable":true,"href":"https:\/\/advancedsofttissuerelease.com\/it\/wp-json\/wp\/v2\/woo-feed-brand?post=4733"}],"curies":[{"name":"wp","href":"https:\/\/api.w.org\/{rel}","templated":true}]}}