{"id":11130,"date":"2020-03-27T14:42:18","date_gmt":"2020-03-27T21:42:18","guid":{"rendered":"https:\/\/advancedsofttissuerelease.com\/?page_id=11130"},"modified":"2020-04-16T10:19:05","modified_gmt":"2020-04-16T17:19:05","slug":"provider-leer-meer-over-astr","status":"publish","type":"page","link":"https:\/\/advancedsofttissuerelease.com\/nl\/provider-learn-more-about-astr\/","title":{"rendered":"provider \u2013 Meer informatie over ASTR"},"content":{"rendered":"<div data-elementor-type=\"wp-page\" data-elementor-id=\"11130\" class=\"elementor elementor-11130\" data-elementor-post-type=\"page\">\n\t\t\t\t\t\t<section class=\"elementor-section elementor-top-section elementor-element elementor-element-4b8af0d elementor-section-stretched elementor-section-boxed elementor-section-height-default elementor-section-height-default\" data-id=\"4b8af0d\" data-element_type=\"section\" data-e-type=\"section\" data-settings=\"{&quot;stretch_section&quot;:&quot;section-stretched&quot;}\">\n\t\t\t\t\t\t<div class=\"elementor-container elementor-column-gap-default\">\n\t\t\t\t\t<div class=\"elementor-column elementor-col-100 elementor-top-column elementor-element elementor-element-9a90ae3\" data-id=\"9a90ae3\" data-element_type=\"column\" data-e-type=\"column\">\n\t\t\t<div class=\"elementor-widget-wrap elementor-element-populated\">\n\t\t\t\t\t\t<div class=\"elementor-element elementor-element-f56a20c elementor-widget elementor-widget-heading\" data-id=\"f56a20c\" data-element_type=\"widget\" data-e-type=\"widget\" data-widget_type=\"heading.default\">\n\t\t\t\t<div class=\"elementor-widget-container\">\n\t\t\t\t\t<h2 class=\"elementor-heading-title elementor-size-default\"><a href=\"https:\/\/advancedsofttissuerelease.com\/nl\/product\/astr-online-cursus-toolset\/\">Cursussen en hulpmiddelen voor aanbieders<\/a><\/h2>\t\t\t\t<\/div>\n\t\t\t\t<\/div>\n\t\t\t\t\t<\/div>\n\t\t<\/div>\n\t\t\t\t\t<\/div>\n\t\t<\/section>\n\t\t\t\t<section class=\"elementor-section elementor-top-section elementor-element elementor-element-1b7a4e9 elementor-section-stretched elementor-section-boxed elementor-section-height-default elementor-section-height-default\" data-id=\"1b7a4e9\" data-element_type=\"section\" data-e-type=\"section\" data-settings=\"{&quot;stretch_section&quot;:&quot;section-stretched&quot;}\">\n\t\t\t\t\t\t<div class=\"elementor-container elementor-column-gap-default\">\n\t\t\t\t\t<div class=\"elementor-column elementor-col-100 elementor-top-column elementor-element elementor-element-bc495b7\" data-id=\"bc495b7\" data-element_type=\"column\" data-e-type=\"column\">\n\t\t\t<div class=\"elementor-widget-wrap elementor-element-populated\">\n\t\t\t\t\t\t<div class=\"elementor-element elementor-element-6878304 elementor-widget elementor-widget-text-editor\" data-id=\"6878304\" data-element_type=\"widget\" data-e-type=\"widget\" data-widget_type=\"text-editor.default\">\n\t\t\t\t<div class=\"elementor-widget-container\">\n\t\t\t\t\t\t\t\t\t<p style=\"text-align: center;\"><span style=\"font-size: 12pt; color: #000000;\"><a style=\"color: #000000;\" href=\"https:\/\/advancedsofttissuerelease.com\/nl\/product\/astr-online-cursus-toolset\/\">Minimaliseer energie. Maximaliseer resultaten.<\/a><\/span><\/p>\t\t\t\t\t\t\t\t<\/div>\n\t\t\t\t<\/div>\n\t\t\t\t\t<\/div>\n\t\t<\/div>\n\t\t\t\t\t<\/div>\n\t\t<\/section>\n\t\t\t\t<section class=\"elementor-section elementor-top-section elementor-element elementor-element-db60a9a elementor-section-stretched elementor-section-boxed elementor-section-height-default elementor-section-height-default\" data-id=\"db60a9a\" data-element_type=\"section\" data-e-type=\"section\" data-settings=\"{&quot;stretch_section&quot;:&quot;section-stretched&quot;}\">\n\t\t\t\t\t\t<div class=\"elementor-container elementor-column-gap-default\">\n\t\t\t\t\t<div class=\"elementor-column elementor-col-100 elementor-top-column elementor-element elementor-element-2f450f2\" data-id=\"2f450f2\" data-element_type=\"column\" data-e-type=\"column\">\n\t\t\t<div class=\"elementor-widget-wrap elementor-element-populated\">\n\t\t\t\t\t\t<div class=\"elementor-element elementor-element-210ee5b elementor-widget elementor-widget-video\" data-id=\"210ee5b\" data-element_type=\"widget\" data-e-type=\"widget\" data-settings=\"{&quot;youtube_url&quot;:&quot;https:\\\/\\\/www.youtube.com\\\/watch?v=sLYyz5FjT88&quot;,&quot;video_type&quot;:&quot;youtube&quot;,&quot;controls&quot;:&quot;yes&quot;}\" data-widget_type=\"video.default\">\n\t\t\t\t<div class=\"elementor-widget-container\">\n\t\t\t\t\t\t\t<div class=\"elementor-wrapper elementor-open-inline\">\n\t\t\t<div class=\"elementor-video\"><\/div>\t\t<\/div>\n\t\t\t\t\t\t<\/div>\n\t\t\t\t<\/div>\n\t\t\t\t\t<\/div>\n\t\t<\/div>\n\t\t\t\t\t<\/div>\n\t\t<\/section>\n\t\t\t\t<section class=\"elementor-section elementor-top-section elementor-element elementor-element-6413530f elementor-section-stretched elementor-section-boxed elementor-section-height-default elementor-section-height-default\" data-id=\"6413530f\" data-element_type=\"section\" data-e-type=\"section\" data-settings=\"{&quot;stretch_section&quot;:&quot;section-stretched&quot;}\">\n\t\t\t\t\t\t<div class=\"elementor-container elementor-column-gap-default\">\n\t\t\t\t\t<div class=\"elementor-column elementor-col-100 elementor-top-column elementor-element elementor-element-3f1b7b5e\" data-id=\"3f1b7b5e\" data-element_type=\"column\" data-e-type=\"column\">\n\t\t\t<div class=\"elementor-widget-wrap elementor-element-populated\">\n\t\t\t\t\t\t<div class=\"elementor-element elementor-element-13bddaed elementor-widget elementor-widget-text-editor\" data-id=\"13bddaed\" data-element_type=\"widget\" data-e-type=\"widget\" data-widget_type=\"text-editor.default\">\n\t\t\t\t<div class=\"elementor-widget-container\">\n\t\t\t\t\t\t\t\t\t<p><span style=\"color: #000000;\"><strong>Wat is ASTR? <span class=\"Apple-converted-space\">\u00a0<\/span><\/strong><\/span><\/p><p>ASTR is een biopsychosociaal behandelmodel dat gebruik maakt van unieke gepatenteerde instrumenten, manoeuvres en methodologie\u00ebn om pijn snel bij de bron te behandelen. ASTR-behandeling richt zich op ontstekingen, door te kijken naar de voeding en het bloedwerk van de pati\u00ebnt, het vrijkomen van littekenweefsel en fascia, triggerpoints en spierspasmen, ergonomie en houding, lichaamsmechanica, lopen, lichaamsbeweging en gedragsverandering.<\/p><hr \/><p><strong>\u00a0<\/strong><\/p><p><span style=\"color: #000000;\"><strong>Waarom kiezen aanbieders voor ASTR?<\/strong><\/span><\/p><div class=\"\"><span class=\"\">Er zijn 3 belangrijke redenen waarom zorgverleners voor ASTR . kiezen\u00a0<\/span><span class=\"\"><br \/><\/span><\/div><div class=\"\">\u00a0<\/div><div class=\"\"><p><span class=\"\"><span class=\"\">1.\u00a0<\/span><\/span>Onze tools werken <span style=\"color: #000000;\"><b>snel en ergonomisch ontworpen met providers in gedachten:\u00a0<\/b><\/span><\/p><p>V\u00f3\u00f3r ASTR was ik uitgeput door elke dag tientallen pati\u00ebnten te behandelen, waarbij ik 20 minuten manuele therapie per pati\u00ebnt deed om maar 1 LICHAAMSDEEL te behandelen! Ik begon te lijden aan carpale tunnel en chronische schouderpijn door al het werk dat ik in elke pati\u00ebnt stak. Met ASTR-tools gebruiken zorgverleners minimale energie en kunnen meerdere lichaamsdelen binnen 5-10 minuten worden behandeld!<\/p><\/div><div class=\"\"><span class=\"\"><b class=\"\">\u00a0<\/b><\/span><\/div><div class=\"\"><p><span class=\"\"><span class=\"\">2.\u00a0<\/span><\/span>Onze tools werken <span style=\"color: #000000;\"><b>effectief<\/b><\/span>:\u00a0<\/p><p>V\u00f3\u00f3r ASTR zag ik pati\u00ebnten 3-6 maanden voordat ze werden ontslagen en velen kwamen later terug met hetzelfde probleem. Op basis van een recent nekonderzoek met ASTR ervoeren 83% van de pati\u00ebnten significante pijnverlichting en een groter bewegingsbereik tijdens hun eerste ASTR-behandeling en 87% was nog steeds pijnvrij van de oorspronkelijke diagnose toen we ze 1-2 jaar later opvolgden.<\/p><\/div><div>\u00a0<\/div><div class=\"\"><p><span class=\"\"><span class=\"\">3.\u00a0<\/span><\/span>Onze tools werken <b><span style=\"color: #000000;\">voorzichtig<\/span>:<\/b><\/p><p>Helaas zijn pati\u00ebnten geconditioneerd om te geloven dat om een behandeling effectief te laten zijn, deze pijnlijk en invasief moet zijn. Bij ASTR is onze benadering van behandeling altijd virtueel<b> pijnloos. <\/b>Wij geloven dat pijn het beschermende mechanisme van het lichaam is om ons te beschermen. De instrumenten van ASTR glijden zacht over de huid en veroorzaken geen trauma of blauwe plekken. Pati\u00ebnten beschrijven de behandeling als zachtaardig en ontspannend en ze kijken echt uit naar de behandeling! Als gevolg hiervan groeit de pati\u00ebnttevredenheid en het vertrouwen in hun zorgverlener en worden ze loyale klanten.<\/p><\/div><div class=\"\"><hr \/><\/div><p><strong>\u00a0<\/strong><\/p><p><span style=\"color: #000000;\"><strong>Wie kan de online cursus van ASTR volgen?<\/strong><\/span><\/p><p><strong>Iedereen<\/strong>! Fysiotherapeuten, chiropractoren, massagetherapeuten, natuurgeneeskundige artsen en verpleegkundigen noemen maar een paar van de zorgprofessionals die onze online cursussen volgen en hulpmiddelen kopen!<\/p><hr \/><p><strong>\u00a0<\/strong><\/p><p><span style=\"color: #000000;\"><strong>Hoe bereik ik de beste resultaten met mijn pati\u00ebnten die ASTR gebruiken?<\/strong><\/span><\/p><p>Voor de beste resultaten raden we aan de online cursus met de toolkit te volgen en twee Magnaheals toe te voegen. Dit is alles wat je nodig hebt om te beginnen!<\/p><hr \/><p><strong>\u00a0<\/strong><\/p><p><span style=\"color: #000000;\"><strong>Hoe lang heb ik toegang tot de cursus?<\/strong><\/span><\/p><p><strong>Een jaar<\/strong>. Er zijn verlengingskosten nadat deze is verlopen.<\/p><hr \/><p><strong>\u00a0<\/strong><\/p><p><span style=\"color: #000000;\"><strong>Hoe lang duurt het om de cursus af te ronden?<\/strong><\/span><\/p><p>De meeste aanbieders ronden onze online cursus binnen \u00e9\u00e9n weekend af, maar u kunt de tijd nemen en in uw eigen tempo leren. U kunt naar de secties springen die u interesseren of u kunt van begin tot eind leren. Wat voor jou werkt! Met meer dan 14 uur aan opgenomen inhoud heb je alles wat je nodig hebt om de basis van ASTR te leren, inclusief uitgebreid oefenen van het manuele therapiegedeelte van ons behandelmodel.<span class=\"Apple-converted-space\">\u00a0<\/span><\/p><hr \/><p><strong>\u00a0<\/strong><\/p><p><span style=\"color: #000000;\"><strong>Is testen inbegrepen?<\/strong><\/span><\/p><p><strong>Ja<\/strong>. Aan het einde van elk cursusonderdeel heb je de mogelijkheid om de online test voor elk onderdeel af te leggen. De online video&#039;s bereiden je voor op de tests en we brengen geen kosten in rekening bij providers voor het testen.<span class=\"Apple-converted-space\">\u00a0<\/span><\/p><hr \/><p><strong>\u00a0<\/strong><\/p><p><span style=\"color: #000000;\"><strong>Krijg ik CEU&#039;s?<\/strong><\/span><\/p><p><strong>Ja<\/strong>, na voltooiing van de online cursus en online tests, kunt u uw CEU-certificaat gratis afdrukken.<\/p><p style=\"text-align: center;\"><span style=\"font-size: 14pt;\"><a href=\"https:\/\/advancedsofttissuerelease.com\/nl\/product\/astr-online-cursus-toolset\/\"><span style=\"color: #0000ff;\">Aanbieder-toolset kopen &gt;<\/span><\/a><\/span><\/p>\t\t\t\t\t\t\t\t<\/div>\n\t\t\t\t<\/div>\n\t\t\t\t\t<\/div>\n\t\t<\/div>\n\t\t\t\t\t<\/div>\n\t\t<\/section>\n\t\t\t\t<\/div>","protected":false},"excerpt":{"rendered":"<p>Provider Courses &amp; Tools Minimize Energy. Maximize Outcomes. https:\/\/www.youtube.com\/watch?v=sLYyz5FjT88 What is ASTR? \u00a0 ASTR is a biopsychosocial treatment model that uses unique patented tools, maneuvers and methodologies to quickly treat pain at its source. ASTR treatment addresses inflammation, by looking at patients nutrition and bloodwork, scar tissue and fascia release, trigger points and muscle spasms, [&hellip;]<\/p>\n","protected":false},"author":1,"featured_media":0,"parent":0,"menu_order":0,"comment_status":"closed","ping_status":"closed","template":"","meta":{"_analytify_skip_tracking":false,"footnotes":""},"class_list":["post-11130","page","type-page","status-publish","hentry"],"_links":{"self":[{"href":"https:\/\/advancedsofttissuerelease.com\/nl\/wp-json\/wp\/v2\/pages\/11130","targetHints":{"allow":["GET"]}}],"collection":[{"href":"https:\/\/advancedsofttissuerelease.com\/nl\/wp-json\/wp\/v2\/pages"}],"about":[{"href":"https:\/\/advancedsofttissuerelease.com\/nl\/wp-json\/wp\/v2\/types\/page"}],"author":[{"embeddable":true,"href":"https:\/\/advancedsofttissuerelease.com\/nl\/wp-json\/wp\/v2\/users\/1"}],"replies":[{"embeddable":true,"href":"https:\/\/advancedsofttissuerelease.com\/nl\/wp-json\/wp\/v2\/comments?post=11130"}],"version-history":[{"count":0,"href":"https:\/\/advancedsofttissuerelease.com\/nl\/wp-json\/wp\/v2\/pages\/11130\/revisions"}],"wp:attachment":[{"href":"https:\/\/advancedsofttissuerelease.com\/nl\/wp-json\/wp\/v2\/media?parent=11130"}],"curies":[{"name":"wp","href":"https:\/\/api.w.org\/{rel}","templated":true}]}}