{"id":120,"date":"2015-09-15T19:32:08","date_gmt":"2015-09-16T01:32:08","guid":{"rendered":"https:\/\/advancedsofttissuerelease.com\/manual-therapy\/"},"modified":"2022-02-20T18:59:15","modified_gmt":"2022-02-21T01:59:15","slug":"manuele-therapie-definitie-types-doeleinden-stijlen","status":"publish","type":"page","link":"https:\/\/advancedsofttissuerelease.com\/nl\/manual-therapy-definition-types-purposes-styles\/","title":{"rendered":"Manuele therapie: definitie, typen, doeleinden en stijlen"},"content":{"rendered":"<h1 style=\"text-align: left;\"><strong>Manuele therapie: definitie, typen, doeleinden en stijlen<\/strong><\/h1>\n<h2><strong>Wat is manuele therapie?<\/strong><\/h2>\n<p>Manuele therapie is een vorm van fysieke, hands-on behandeling die door vele soorten medische professionals wordt gebruikt om musculoskeletale aandoeningen en verwondingen aan te pakken. De drie belangrijkste vormen van manuele therapie zijn manipulatie, mobilisatie en massage. Medische professionals die manuele therapie gebruiken, zijn onder meer massagetherapeuten, fysiotherapeuten, ergotherapeuten, osteopaten en osteopathische artsen.<\/p>\n<h3><strong><u>1. Manipulatie:<\/u><\/strong><\/h3>\n<p>Snelle toepassing van kracht in een rotatie-, afschuif- of afleidingsrichting op een gewrichtsgewricht. Dit gebeurt vaak met een ploffend geluid.<\/p>\n<h3><strong><u>2. Mobilisatie:<\/u><\/strong><\/h3>\n<p>Langzame, gecontroleerde passieve beweging van een gewricht om een therapeutisch effect te bereiken.<\/p>\n<h3><strong><u>3. Massagetherapie:<\/u><\/strong><\/h3>\n<p>Herhaaldelijk kneden, wrijven of strippen van myofasciale weefsels om de dynamiek van de interstiti\u00eble vloeistof te verbeteren.<\/p>\n<h2 style=\"text-align: left;\">Doeleinden voor manuele therapie in fysiotherapie<\/h2>\n<p>Doeleinden voor manuele therapie in de fysiotherapie zijn onder meer:<\/p>\n<ol style=\"margin-left: 120px;\">\n<li>pijn verminderen<\/li>\n<li>Vergroot het bewegingsbereik<\/li>\n<li>Ontsteking van weke delen verminderen<\/li>\n<li>Ontspanning opwekken<\/li>\n<li>Verbetering van herstel, rekbaarheid en\/of stabiliteit van contractiel en niet-contractiel weefsel<\/li>\n<li>Beweging faciliteren<\/li>\n<li>Functie verbeteren:<\/li>\n<\/ol>\n<h2 style=\"text-align: left;\"><strong>Stijlen van manuele therapie\u00a0<\/strong><\/h2>\n<table style=\"width: 750px;\" border=\"1\" cellspacing=\"1\" cellpadding=\"1\">\n<tbody>\n<tr>\n<td style=\"width: 215px;\">Acupressuur<\/td>\n<td style=\"width: 264px;\">Gezamenlijke mobilisatie<\/td>\n<td style=\"width: 253px;\">Fysiotherapie<\/td>\n<\/tr>\n<tr>\n<td style=\"width: 215px;\">Anma<\/td>\n<td style=\"width: 264px;\">Massage therapie<\/td>\n<td style=\"width: 253px;\">Polariteitstherapie<\/td>\n<\/tr>\n<tr>\n<td style=\"width: 215px;\">ASTR<\/td>\n<td style=\"width: 264px;\">Matrix Energetica<\/td>\n<td style=\"width: 253px;\">Rolfing structurele integratie<\/td>\n<\/tr>\n<tr>\n<td style=\"width: 215px;\">Carrosserie<\/td>\n<td style=\"width: 264px;\">Manuele Lymfedrainage<\/td>\n<td style=\"width: 253px;\">Seitai<\/td>\n<\/tr>\n<tr>\n<td style=\"width: 215px;\">Bot instelling<\/td>\n<td style=\"width: 264px;\">Medische acupunctuur<\/td>\n<td style=\"width: 253px;\">Spinale manipulatie<\/td>\n<\/tr>\n<tr>\n<td style=\"width: 215px;\">Bowen-techniek<\/td>\n<td style=\"width: 264px;\">Spier Energie Technieken<\/td>\n<td style=\"width: 253px;\">Spinale mobilisatie<\/td>\n<\/tr>\n<tr>\n<td style=\"width: 215px;\">Chiropractie<\/td>\n<td style=\"width: 264px;\">Myofasciale release<\/td>\n<td style=\"width: 253px;\">Sotai<\/td>\n<\/tr>\n<tr>\n<td style=\"width: 215px;\">Cranio-sacraal therapie<\/td>\n<td style=\"width: 264px;\">Myotherapie<\/td>\n<td style=\"width: 253px;\">Shiatsu<\/td>\n<\/tr>\n<tr>\n<td style=\"width: 215px;\">Dorn-methode<\/td>\n<td style=\"width: 264px;\">Naprapathie<\/td>\n<td style=\"width: 253px;\">Tractie<\/td>\n<\/tr>\n<tr>\n<td style=\"width: 215px;\">Integratieve manuele therapie<\/td>\n<td style=\"width: 264px;\">Osteopathische manipulatieve geneeskunde<\/td>\n<td style=\"width: 253px;\">Tui Na<\/td>\n<\/tr>\n<tr>\n<td style=\"width: 215px;\">Gezamenlijke manipulatie<\/td>\n<td style=\"width: 264px;\">osteopathie<\/td>\n<td style=\"width: 253px;\">Nulbalancering<\/td>\n<\/tr>\n<\/tbody>\n<\/table>\n<h1 style=\"text-align: left;\"><strong>Manuele Therapie en ASTR<\/strong><\/h1>\n<p>ASTR behandelt pijn op een zachte, effectieve en natuurlijke manier door littekenweefsel, triggerpoints en fascia-restrictie vrij te maken. ASTR hanteert een holistische benadering om de grondoorzaken van pijn aan te pakken, niet alleen de symptomen. ASTR manuele therapie kan thuis worden gedaan.<\/p>\n<h1>Online cursus manuele therapie<\/h1>\n<p><iframe title=\"Top 3 redenen waarom artsen voor ASTR-behandeling kiezen\" width=\"800\" height=\"450\" src=\"https:\/\/www.youtube.com\/embed\/2tVG_3-t9_Q?feature=oembed\" frameborder=\"0\" allow=\"accelerometer; autoplay; clipboard-write; encrypted-media; gyroscope; picture-in-picture; web-share\" allowfullscreen><\/iframe><\/p>\n<h3>Horloge<\/h3>\n<p>Pak de oorzaak van het probleem aan!<\/p>\n<h2><a href=\"https:\/\/advancedsofttissuerelease.com\/nl\/astr-zorgverlener-cursus\/\">Minimaliseer energie. Maximaliseer resultaten.<\/a><\/h2>\n<ul>\n<li>Snelle resultaten<\/li>\n<li>Makkelijk te gebruiken<\/li>\n<li>Ergonomisch ontworpen<\/li>\n<li>Natuurlijke holistische benadering<\/li>\n<li>Pak de oorzaak van het probleem aan<\/li>\n<li>Online training in eigen tempo<\/li>\n<li>Uitgevonden door een arts met chronische pijn<\/li>\n<li>Ondersteund door meer dan 45 onderzoeken<\/li>\n<\/ul>\n<p><a role=\"button\" href=\"https:\/\/advancedsofttissuerelease.com\/nl\/astr-zorgverlener-cursus\/\"><br \/>\nASTR-aanbieder worden<br \/>\n<\/a><\/p>\n<h2>Artsen bevelen ASTR . aan<\/h2>\n<p><i>\ue934<\/i><i>\ue934<\/i><i>\ue934<\/i><i>\ue934<\/i><i>\ue934<\/i> 5\/5<br \/>\n<a role=\"button\" href=\"https:\/\/advancedsofttissuerelease.com\/nl\/dokter-reviews-2\/\"><br \/>\nBekijk video&#039;s die artsen beoordelen<br \/>\n<\/a><br \/>\n&#8220;<b>Meestal zag ik pati\u00ebnten v\u00f3\u00f3r ASTR 2-3 maanden per keer om de resultaten te krijgen die ik met ASTR krijg. Met ASTR-behandeling krijg ik de resultaten in minder dan 5 bezoeken<\/b>&#8221;<br \/>\n<img decoding=\"async\" src=\"https:\/\/advancedsofttissuerelease.com\/wp-content\/uploads\/2021\/05\/mq2-1.jpg\" alt=\"Derek Biesheuvel, PT\" \/><br \/>\n<cite>Derek Biesheuvel, PTfysiotherapeut \u2013 20 jaar praktijk<\/cite><br \/>\n\u201cHet is anders dan andere lessen die ik heb gevolgd omdat het het hele lichaam omvat en <b>het wordt ondersteund door onderzoek en het is effectief, u zult onmiddellijk resultaten zien<\/b>&#8221;<br \/>\n<img decoding=\"async\" src=\"https:\/\/advancedsofttissuerelease.com\/wp-content\/uploads\/2021\/05\/LisaKwan.jpg\" alt=\"Lisa Kwan, PT\" \/><br \/>\n<cite>Lisa Kwan, PTfysiotherapeut \u2013 18 jaar praktijk<\/cite><br \/>\n&#8220;<b>ASTR-klasse is solide en de behandeling zal uw praktijk veranderen ... Ik vind dat elke fysiotherapeut over ASTR zou moeten weten<\/b>\u2026 Fysiotherapeut, chiropractoren en wellnessprofessionals nemen deel aan ASTR-lessen.\u201d<br \/>\n<img decoding=\"async\" src=\"https:\/\/advancedsofttissuerelease.com\/wp-content\/uploads\/2021\/05\/mq3.jpg\" alt=\"Dr. Roland Samaniego, DPT\" \/><br \/>\n<cite>Dr. Roland Samaniego, DPTDoctor Fysiotherapie \u2013 16 jaar praktijk<\/cite><br \/>\n&#8220;<b>Als u op zoek bent naar iets dat pati\u00ebnten snelle resultaten en bevredigende resultaten oplevert, dan is dit zeker de cursus die u moet volgen<\/b>, leer het en gebruik het meteen op uw pati\u00ebnten. Ik raad het zeker aan\u201d<br \/>\n<img decoding=\"async\" src=\"https:\/\/advancedsofttissuerelease.com\/wp-content\/uploads\/2021\/05\/mq1.jpg\" alt=\"Dr. Amin Nia, DC\" \/><br \/>\n<cite>Dr. Amin Nia, DCDoctor of Chiropractic \u2013 28 jaar praktijk<\/cite><br \/>\n&#8220;<b>Ik ben sindsdien al 32 jaar op zoek naar zoiets als ASTR!\u2026.Je moet deze les volgen<\/b> van Dr. Jacobs, <b>dit zijn de beste resultaten<\/b> en ik heb naar al het andere gekeken en geprobeerd en uiteindelijk werkte niets en <b>dit is prachtig<\/b>!&#8221;<br \/>\n<img decoding=\"async\" src=\"https:\/\/advancedsofttissuerelease.com\/wp-content\/uploads\/2021\/05\/mq2.jpg\" alt=\"Dr. Charles Hough, DC\" \/><br \/>\n<cite>Dr. Charles Hough, DCDoctor of Chiropractic \u2013 32 jaar praktijk<\/cite><br \/>\n\u201cVanaf de chiropractische school hebben we geleerd om het hele lichaam te behandelen en dit is een systeem (ASTR) dat dat op een zeer effici\u00ebnte manier doet met <b>onmiddellijke resultaten<\/b>&#8221;<br \/>\n<img decoding=\"async\" src=\"https:\/\/advancedsofttissuerelease.com\/wp-content\/uploads\/2021\/05\/mq2-2.jpg\" alt=\"Dr. Gary Wat, DC\" \/><br \/>\n<cite>Dr. Gary Wat, DCDoctor of Chiropractic \u2013 14 jaar praktijk<\/cite><br \/>\n\u201cIk werk nu ruim 3 jaar in de fysiotherapie-industrie. 6 maanden geleden begon ik te werken met Dr.Jacobs en ik moet zeggen dat <b>Ik heb nog nooit zo&#039;n succesvol herstel van pati\u00ebnten meegemaakt als hier<\/b>. Dr. Joseph Jacobs weet absoluut hoe hij de oorzaak van de aandoening van de pati\u00ebnt moet doorgronden door zijn gepatenteerde hulpmiddelen en methoden van fysiotherapie. <b>Ik was eerst sceptisch, maar na herhaaldelijk getuige te zijn geweest van het herstel van pati\u00ebnten, ben ik in zijn praktijk gaan geloven<\/b>. Ik ben er trots op deel uit te maken van het helpen van pati\u00ebnten bij hun herstel.\u201d<br \/>\n<img decoding=\"async\" src=\"https:\/\/advancedsofttissuerelease.com\/wp-content\/uploads\/2021\/05\/148B0148-70-scaled.jpg\" alt=\"DeeAnn Pop\" \/><br \/>\n<cite>DeeAnn PopPreviews Collega<\/cite><br \/>\n\u201cDr. Jacobs is zeer goed ge\u00efnformeerd, ik heb veel respect voor hem\u2026.<b>Als je je beoefening wilt verbeteren, moet je ASTR-les volgen<\/b>. Dit iets zal in de toekomst groter en groter worden\u201d<br \/>\n<img decoding=\"async\" src=\"https:\/\/advancedsofttissuerelease.com\/wp-content\/uploads\/2021\/05\/mq3-1.jpg\" alt=\"Dr. Niklas Fougner, DC\" \/><br \/>\n<cite>Dr. Niklas Fougner, DCDoctor of Chiropractic \u2013 20 jaar praktijk<\/cite><br \/>\n\u201cASTR is een heel uniek concept en discipline op zich, dit kun je nergens anders leren. Ik heb nog nooit zoiets unieks gezien of geoefend als ASTR. Je kunt niet zeggen dat ik ben afgestudeerd en alle kennis heb gekregen die ik nodig heb, <b>je moet ASTR proberen omdat het werkt en ik raad het ten zeerste aan<\/b>&#8221;<br \/>\n<img decoding=\"async\" src=\"https:\/\/advancedsofttissuerelease.com\/wp-content\/uploads\/2021\/05\/mq3-2.jpg\" alt=\"Rabih Mezher, Oregon\" \/><br \/>\n<cite>Rabih Mezher, OTO-beroepstherapeut<\/cite><br \/>\n\u201cDr. Jacobs is pionier, hij kwam met veel eenvoudigere toepassingen die een zeer snelle myofasciale release doen. Het is heel gemakkelijk voor de pati\u00ebnt en voor de behandelaar die het toepast. <b>Ik ben enorm enthousiast over de ASTR-techniek. Ik hoop dat alle beoefenaars van fysieke geneeskunde hiernaar zullen kijken.<\/b>&#8221;<br \/>\n<img decoding=\"async\" src=\"https:\/\/advancedsofttissuerelease.com\/wp-content\/uploads\/2021\/05\/mq3-1-1.jpg\" alt=\"Dr. Maria Angle, DC\" \/><br \/>\n<cite>Dr. Maria Angle, DCChiropractor en arts voor oosterse geneeskunde \u2013 18 jaar praktijk<\/cite><br \/>\n\u201cIk moedig (zorgverleners) zeker aan om dit programma te controleren en in te schrijven en <b>maak deel uit van deze revolutionaire behandeling. Dit is de beste cursus manuele therapie die ik ooit heb gevolgd<\/b>&#8221;<br \/>\n<img decoding=\"async\" src=\"https:\/\/advancedsofttissuerelease.com\/wp-content\/uploads\/2021\/05\/mq3-3.jpg\" alt=\"Sherwin Gagatam, PT\" \/><br \/>\n<cite>Sherwin Gagatam, PTfysiotherapeut \u2013 15 jaar praktijk<\/cite><br \/>\nVorig<br \/>\nVolgende<br \/>\n<iframe title=\"Verlicht chronische pijn direct en gemakkelijk!\" width=\"800\" height=\"450\" src=\"https:\/\/www.youtube.com\/embed\/07mLKtiiyBc?start=2&#038;feature=oembed\" frameborder=\"0\" allow=\"accelerometer; autoplay; clipboard-write; encrypted-media; gyroscope; picture-in-picture; web-share\" allowfullscreen><\/iframe><\/p>","protected":false},"excerpt":{"rendered":"<p>Manual Therapy: Definition, Types, Purposes &amp; Styles What is Manual Therapy? Manual therapy is a form of physical, hands-on treatment that is used by many types of medical professionals to address musculoskeletal ailments and injuries. The three main types of manual therapy are manipulation, mobilization, and massage. Medical professionals that utilize manual therapy include massage [&hellip;]<\/p>\n","protected":false},"author":1,"featured_media":0,"parent":0,"menu_order":227,"comment_status":"closed","ping_status":"closed","template":"","meta":{"_analytify_skip_tracking":false,"footnotes":""},"class_list":["post-120","page","type-page","status-publish","hentry"],"_links":{"self":[{"href":"https:\/\/advancedsofttissuerelease.com\/nl\/wp-json\/wp\/v2\/pages\/120","targetHints":{"allow":["GET"]}}],"collection":[{"href":"https:\/\/advancedsofttissuerelease.com\/nl\/wp-json\/wp\/v2\/pages"}],"about":[{"href":"https:\/\/advancedsofttissuerelease.com\/nl\/wp-json\/wp\/v2\/types\/page"}],"author":[{"embeddable":true,"href":"https:\/\/advancedsofttissuerelease.com\/nl\/wp-json\/wp\/v2\/users\/1"}],"replies":[{"embeddable":true,"href":"https:\/\/advancedsofttissuerelease.com\/nl\/wp-json\/wp\/v2\/comments?post=120"}],"version-history":[{"count":0,"href":"https:\/\/advancedsofttissuerelease.com\/nl\/wp-json\/wp\/v2\/pages\/120\/revisions"}],"wp:attachment":[{"href":"https:\/\/advancedsofttissuerelease.com\/nl\/wp-json\/wp\/v2\/media?parent=120"}],"curies":[{"name":"wp","href":"https:\/\/api.w.org\/{rel}","templated":true}]}}