{"id":196,"date":"2016-05-31T18:58:29","date_gmt":"2016-05-31T18:58:29","guid":{"rendered":"https:\/\/advancedsofttissuerelease.com\/drop-foot\/"},"modified":"2016-05-31T18:58:29","modified_gmt":"2016-05-31T18:58:29","slug":"drop-foot","status":"publish","type":"page","link":"https:\/\/advancedsofttissuerelease.com\/nl\/drop-foot\/","title":{"rendered":"Voet laten vallen"},"content":{"rendered":"<h1 class=\"p1\"> \t<span style=\"color:#696969;\"><span class=\"s1\"><b>Voet laten vallen<\/b><\/span><\/span><\/h1>\n<p class=\"p1\"> \t<span style=\"color:#696969;\"><span class=\"s2\">Drop foot treedt op wanneer de voet een zwakte of verlamming in de spieren heeft en kan een teken zijn van een onderliggende neurologische aandoening of zenuwbeschadiging. Het veroorzaakt een onvermogen om het voorste deel van de voet op te pakken tijdens het lopen, waardoor de tenen soms gaan slepen. Vaak compenseren mensen dit door hun been hoger op te tillen als ze lopen. Drop foot kan bij iedereen in \u00e9\u00e9n of beide voeten voorkomen. &nbsp;<\/span><\/span><\/p>\n<p class=\"p2\"> \t<span style=\"color:#696969;\"><span style=\"font-family: &quot;Helvetica Neue&quot;, Helvetica, Arial, sans-serif; font-size: 30px; line-height: 1.1;\">Drop Foot Mogelijke oorzaken<\/span><\/span><\/p>\n<ul>\n<li class=\"p1\"> \t\t<span style=\"color:#696969;\"><span class=\"s2\">Zenuwletsel (bekneld of gecomprimeerd)<\/span><\/span><\/li>\n<li class=\"p1\"> \t\t<span style=\"color:#696969;\"><span class=\"s2\">Sportblessure<\/span><\/span><\/li>\n<li class=\"p1\"> \t\t<span style=\"color:#696969;\"><span class=\"s2\">Bevalling<\/span><\/span><\/li>\n<li class=\"p1\"> \t\t<span style=\"color:#696969;\"><span class=\"s2\">MEVROUW<\/span><\/span><\/li>\n<li class=\"p1\"> \t\t<span style=\"color:#696969;\"><span class=\"s2\">Ziekte van Charcot-Marie-Tooth<\/span><\/span><\/li>\n<li class=\"p1\"> \t\t<span style=\"color:#696969;\"><span class=\"s2\">Heup- of knievervangende operatie<\/span><\/span><\/li>\n<li class=\"p1\"> \t\t<span style=\"color:#696969;\"><span class=\"s2\">Spierdystrofie<\/span><\/span><\/li>\n<\/ul>\n<h3 class=\"p1\"> \t<span style=\"color:#696969;\"><span class=\"s1\">Drop voet behandeling<\/span><\/span><\/h3>\n<p class=\"p1\"> \t<span style=\"color:#696969;\"><span class=\"s2\">ASTR gebruikt holistische, niet-invasieve en pijnvrije benaderingen om pijn te verlichten zonder het gebruik van medicatie. Onze artsen gebruiken gepatenteerde ASTR-tools om het bestaande littekenweefsel en de myofasciale restrictie bij pati\u00ebnten af te breken en te verwijderen. Er worden specifieke speciale oefenprogramma&#039;s gegeven aan pati\u00ebnten die zijn ontworpen om ontstekingen te verminderen en de spier te versterken om de pati\u00ebnt weer normaal te laten functioneren en actief te maken.<\/span><\/span><\/p>","protected":false},"excerpt":{"rendered":"<p>Drop Foot Drop foot occurs when the foot has a weakness or paralysis in the muscles and can be a sign of an underlying neurological disorder or nerve damage.&nbsp; It causes an inability to pick up the front part of the foot when walking, sometimes causing the toes to drag.&nbsp; Often times people compensate by [&hellip;]<\/p>\n","protected":false},"author":2447,"featured_media":0,"parent":0,"menu_order":156,"comment_status":"closed","ping_status":"closed","template":"","meta":{"_analytify_skip_tracking":false,"footnotes":""},"class_list":["post-196","page","type-page","status-publish","hentry"],"_links":{"self":[{"href":"https:\/\/advancedsofttissuerelease.com\/nl\/wp-json\/wp\/v2\/pages\/196","targetHints":{"allow":["GET"]}}],"collection":[{"href":"https:\/\/advancedsofttissuerelease.com\/nl\/wp-json\/wp\/v2\/pages"}],"about":[{"href":"https:\/\/advancedsofttissuerelease.com\/nl\/wp-json\/wp\/v2\/types\/page"}],"author":[{"embeddable":true,"href":"https:\/\/advancedsofttissuerelease.com\/nl\/wp-json\/wp\/v2\/users\/2447"}],"replies":[{"embeddable":true,"href":"https:\/\/advancedsofttissuerelease.com\/nl\/wp-json\/wp\/v2\/comments?post=196"}],"version-history":[{"count":0,"href":"https:\/\/advancedsofttissuerelease.com\/nl\/wp-json\/wp\/v2\/pages\/196\/revisions"}],"wp:attachment":[{"href":"https:\/\/advancedsofttissuerelease.com\/nl\/wp-json\/wp\/v2\/media?parent=196"}],"curies":[{"name":"wp","href":"https:\/\/api.w.org\/{rel}","templated":true}]}}